{"id":79,"date":"2018-06-14T13:54:41","date_gmt":"2018-06-14T11:54:41","guid":{"rendered":"https:\/\/wp.uni-koblenz.de\/auslandsstudium\/?page_id=79"},"modified":"2019-03-19T18:47:21","modified_gmt":"2019-03-19T17:47:21","slug":"infos-fuer-autoren","status":"publish","type":"page","link":"https:\/\/wp.uni-koblenz.de\/auslandsstudium\/infos-fuer-autoren\/","title":{"rendered":"Infos f\u00fcr Autoren"},"content":{"rendered":"<h2>Ihr ERASMUS-Bericht als Blogartikel<\/h2>\n<p>Studierende, die f\u00fcr ihr Auslandssemester \u00fcber ERASMUS gef\u00f6rdert werden, m\u00fcssen nach dem Auslandsaufenthalt einen pers\u00f6nlichen Erfahrungsbericht in elektronischer Form einreichen (vgl. <a href=\"https:\/\/www.uni-koblenz-landau.de\/de\/international\/medien-ordner\/documente\/erasmus\/ERASMUSMerkblatt\">Merkblatt, Punkt B.4<\/a>).<\/p>\n<p>Warum nicht gleich auch als Blogbeitrag in unserem Erfahrungsberichte-Blog? F\u00fcr Sie als Studierende bedeutet das fast keinen Mehraufwand, f\u00fcr k\u00fcnftige Auslandsreisende aber einen gro\u00dfen Mehrwert!<\/p>\n<p>Folgen Sie einfach diesem Leitfaden und reichen Sie nach Ihrem Auslandsaufenthalt einen pdf-Ausdruck Ihres Blogbeitrags unter erasmus@uni-koblenz-landau.de de ein.<\/p>\n<h2>Schritt 1: Registrierung<\/h2>\n<p>Registrieren Sie sich, am besten noch vor Beginn Ihres ERASMUS-Auslandaufenthalts, im Blognetzwerk der Universit\u00e4t mit der Uni-Kennung. Details dazu finden Sie unter <a class=\"\" href=\"http:\/\/wp.uni-koblenz.de\">wp.uni-koblenz.de<\/a> unter dem Punkt Nutzungshinweise.<\/p>\n<p>Danach informieren Sie Ihren ERASMUS-Fachkoordinator des Fachbereichs 4: Informatik per E-Mail an <a href=\"mailto:intfb4@uni-koblenz.de\">intfb4@uni-koblenz.de<\/a>, dass Sie sich registriert haben. Er\/sie wird Sie daraufhin zum Auslandssemester-Blog einladen und Sie werden eine E-Mail mit dem Betreff &#8222;[Auslandsstudium] Beitritt best\u00e4tigen&#8220;\u00a0 erhalten. Folgen Sie dem Link in der E-Mail, um die Einladung zu best\u00e4tigen.<\/p>\n<p>Nun sind Sie als Autor auf dem Auslandssemester-Blog registriert und k\u00f6nnen sich <a href=\"https:\/\/wp.uni-koblenz.de\/auslandsstudium\/wp-login.php\">mit Ihrer Uni-Kennung einloggen<\/a>.<\/p>\n<h2>Schritt 2: Erfahrungsbericht verfassen<\/h2>\n<p>Die folgende Grafik veranschaulicht mit den farbig hervorgeobenen Nummern die Lage der Elemente, auf die wir weiter unten im Text Bezug nehmen.<\/p>\n<figure id=\"attachment_572\" aria-describedby=\"caption-attachment-572\" style=\"width: 525px\" class=\"wp-caption alignnone\"><a href=\"https:\/\/wp.uni-koblenz.de\/auslandsstudium\/wp-content\/uploads\/sites\/50\/2019\/03\/beitragsinfo.png\" target=\"_blank\" rel=\"noopener noreferrer\"><img loading=\"lazy\" decoding=\"async\" class=\"wp-image-572 size-large\" src=\"https:\/\/wp.uni-koblenz.de\/auslandsstudium\/wp-content\/uploads\/sites\/50\/2019\/03\/beitragsinfo-1017x1024.png\" alt=\"\" width=\"525\" height=\"529\" srcset=\"https:\/\/wp.uni-koblenz.de\/auslandsstudium\/wp-content\/uploads\/sites\/50\/2019\/03\/beitragsinfo-1017x1024.png 1017w, https:\/\/wp.uni-koblenz.de\/auslandsstudium\/wp-content\/uploads\/sites\/50\/2019\/03\/beitragsinfo-150x150.png 150w, https:\/\/wp.uni-koblenz.de\/auslandsstudium\/wp-content\/uploads\/sites\/50\/2019\/03\/beitragsinfo-298x300.png 298w, https:\/\/wp.uni-koblenz.de\/auslandsstudium\/wp-content\/uploads\/sites\/50\/2019\/03\/beitragsinfo-768x773.png 768w, https:\/\/wp.uni-koblenz.de\/auslandsstudium\/wp-content\/uploads\/sites\/50\/2019\/03\/beitragsinfo-100x100.png 100w, https:\/\/wp.uni-koblenz.de\/auslandsstudium\/wp-content\/uploads\/sites\/50\/2019\/03\/beitragsinfo.png 1852w\" sizes=\"auto, (max-width: 525px) 100vw, 525px\" \/><\/a><figcaption id=\"caption-attachment-572\" class=\"wp-caption-text\">Einstellungen f\u00fcr Ihren Beitrag &#8211; klicken zum Vergr\u00f6\u00dfern<\/figcaption><\/figure>\n<h3>Neuen Beitrag erstellen<\/h3>\n<p>Starten Sie im <a href=\"https:\/\/wp.uni-koblenz.de\/auslandsstudium\/wp-admin\">Back-End<\/a> einen neuen Blogbeitrag unter &#8222;Beitr\u00e4ge&#8220; \u2192 &#8222;Erstellen&#8220; (1). Ignorieren Sie den ggf. auftauchenden Hinweis, dass der Block Editor verwendet werden kann (2) und bleiben Sie unbedingt beim Classic Editor.<\/p>\n<h3>Metadaten<\/h3>\n<p>Als Beitragsformat w\u00e4hlen Sie Standard (3), als Kategorie Allgemein (4) und Schlagw\u00f6rter (5) brauchen Sie nicht zu vergeben. Tippen Sie aber bitte den Namen der Partneruniversit\u00e4t &#8211; am besten ohne &#8222;University of&#8220; &#8211; (6),\u00a0 Ihren Studiengang (7) und das das Zielland (8) ein, damit Ihr Beitrag sp\u00e4ter besser \u00fcber Filter auffindbar ist.<\/p>\n<h3>Beitragsinhalt<\/h3>\n<p>Bitte beginnen Sie Ihren Beitrag mit einem &#8222;- by Vorname Nachname&#8220; (hier nat\u00fcrlich Ihren Namen eintragen), nach denen Sie unbedingt einen &#8222;Weiterlesen&#8220;-Tag einf\u00fcgen (9).<\/p>\n<p>Der Bericht soll an einem Auslandsaufenthalt interessierten Studierenden Anregungen und Hinweise geben, wie man sich auf ein Studium im Ausland vorbereitet und warum es lohnend sein kann, einen Auslandsaufenthalt zu absolvieren.<\/p>\n<p>Beschreiben Sie in Ihrem Bericht dann folgende Themenpunkte:<\/p>\n<ul>\n<li>Vorbereitung (Planung, Organisation und Bewerbung bei der Gasthochschule)<\/li>\n<li>Unterkunft (Wohnungssituation und \u2013tipps)<\/li>\n<li>Themen der Kurse, die besucht wurden<\/li>\n<li>Unterschiede zum Studiensystem in Deutschland<\/li>\n<li>pers\u00f6nliches Fazit<\/li>\n<li>f\u00fcr den Auslandsaufenthalt n\u00fctzliche Webseiten<\/li>\n<\/ul>\n<p>Der Text darf nicht l\u00e4nger als drei DIN-A4-Seiten sein.<\/p>\n<p>Schm\u00fccken Sie Ihren Text gern mit Ihren Bildern, sowohl im Text als auch als Header-Bild (10). Sie d\u00fcrfen nat\u00fcrlich nur jene Bilder benutzen, f\u00fcr die Sie auch die n\u00f6tigen Nutzungsrechte besitzen und die nicht gegen die Pers\u00f6nlichkeitsrechte Dritter versto\u00dfen. Idealerweise geben Sie auch die Bildlizenz an (z.B. <a href=\"https:\/\/creativecommons.org\/share-your-work\/\">Creative Commons<\/a>).<\/p>\n<p>Achten Sie darauf, dass der Text keine Daten enth\u00e4lt, die Sie nicht im Internet ver\u00f6ffentlichen m\u00f6chten. Ihre Email-Adresse wird nicht im Internet ver\u00f6ffentlicht, sondern nur auf Anfrage weitergegeben.<\/p>\n<h2>Speichern, Ver\u00f6ffentlichen und Abgeben<\/h2>\n<p>Sie k\u00f6nnen Ihren Beitrag immer wieder zwischenspeichern (11) und zu einem anderen Zeitpunkt weiterbearbeiten. Wenn Sie fertig sind, ver\u00f6ffentlichen Sie den Beitrag durch Klick auf den entsprechenden Button auf dem Auslandssemester-Blog (12).<\/p>\n<p>Um Ihren Beitrag als den erforderlichen Erfahrungsbericht im Rahmen Ihrer ERASMUS-F\u00f6rderung abzugenben, \u00f6ffnen Sie ihn im Front-End des\u00a0 Blogs und speichern Sie ihn \u00fcber die Druckfunktionen Ihres Webbrowsers als pdf. Das pdf senden Sie ihn per E-Mail an <a href=\"mailto:erasmus@uni-koblenz-landau.de\">erasmus@uni-koblenz-landau.de<\/a> an das Akademische Auslandsamt. Bitte reichen Sie auch eine <a href=\"https:\/\/www.uni-koblenz-landau.de\/de\/international\/medien-ordner\/documente\/erasmus\/erasmplerkl\">Einverst\u00e4ndniserkl\u00e4rung<\/a> zur Ver\u00f6ffentlichung auf der Uni-Homepage im Original mit ihrer Unterschrift an die darauf angegebene Postadresse\u00a0 (nicht per E-Mail) ein<\/p>\n","protected":false},"excerpt":{"rendered":"<p>Ihr ERASMUS-Bericht als Blogartikel Studierende, die f\u00fcr ihr Auslandssemester \u00fcber ERASMUS gef\u00f6rdert werden, m\u00fcssen nach dem Auslandsaufenthalt einen pers\u00f6nlichen Erfahrungsbericht in elektronischer Form einreichen (vgl. Merkblatt, Punkt B.4). Warum nicht gleich auch als Blogbeitrag in unserem Erfahrungsberichte-Blog? F\u00fcr Sie als Studierende bedeutet das fast keinen Mehraufwand, f\u00fcr k\u00fcnftige Auslandsreisende aber einen gro\u00dfen Mehrwert! Folgen Sie &hellip; <\/p>\n<p class=\"link-more\"><a href=\"https:\/\/wp.uni-koblenz.de\/auslandsstudium\/infos-fuer-autoren\/\" class=\"more-link\"><span class=\"screen-reader-text\">\u201eInfos f\u00fcr Autoren\u201c <\/span>weiterlesen<\/a><\/p>\n","protected":false},"author":11,"featured_media":0,"parent":0,"menu_order":0,"comment_status":"closed","ping_status":"closed","template":"","meta":{"footnotes":""},"class_list":["post-79","page","type-page","status-publish","hentry"],"_links":{"self":[{"href":"https:\/\/wp.uni-koblenz.de\/auslandsstudium\/wp-json\/wp\/v2\/pages\/79","targetHints":{"allow":["GET"]}}],"collection":[{"href":"https:\/\/wp.uni-koblenz.de\/auslandsstudium\/wp-json\/wp\/v2\/pages"}],"about":[{"href":"https:\/\/wp.uni-koblenz.de\/auslandsstudium\/wp-json\/wp\/v2\/types\/page"}],"author":[{"embeddable":true,"href":"https:\/\/wp.uni-koblenz.de\/auslandsstudium\/wp-json\/wp\/v2\/users\/11"}],"replies":[{"embeddable":true,"href":"https:\/\/wp.uni-koblenz.de\/auslandsstudium\/wp-json\/wp\/v2\/comments?post=79"}],"version-history":[{"count":14,"href":"https:\/\/wp.uni-koblenz.de\/auslandsstudium\/wp-json\/wp\/v2\/pages\/79\/revisions"}],"predecessor-version":[{"id":575,"href":"https:\/\/wp.uni-koblenz.de\/auslandsstudium\/wp-json\/wp\/v2\/pages\/79\/revisions\/575"}],"wp:attachment":[{"href":"https:\/\/wp.uni-koblenz.de\/auslandsstudium\/wp-json\/wp\/v2\/media?parent=79"}],"curies":[{"name":"wp","href":"https:\/\/api.w.org\/{rel}","templated":true}]}}