{"id":91,"date":"2018-06-14T14:07:44","date_gmt":"2018-06-14T12:07:44","guid":{"rendered":"https:\/\/wp.uni-koblenz.de\/auslandsstudium\/?page_id=91"},"modified":"2018-10-24T12:43:30","modified_gmt":"2018-10-24T10:43:30","slug":"ueber-diesen-blog","status":"publish","type":"page","link":"https:\/\/wp.uni-koblenz.de\/auslandsstudium\/ueber-diesen-blog\/","title":{"rendered":"\u00dcber diesen Blog"},"content":{"rendered":"<h3>Liebe Studentinnen und Studenten!<\/h3>\n<p>Vielleicht k\u00f6nnen Sie sich nicht so recht vorstellen, wie es ist, ein Semester ins Ausland zu gehen. Vielleicht wirkt das alles zu abstrakt und fern. Aber jedes Jahr reisen Ihre Kommilitoninnen und Kommilitonen an eine unserer Partneruniversit\u00e4ten und sammeln viele Erfahrungen. Diese Eindr\u00fccke werden in diesem Blog gesammelt. So k\u00f6nnen Sie sich ein Bild davon machen, wie Ihr Auslandsaufenthalt aussehen k\u00f6nnte, und gleichzeitig erhalten Sie von Ihren aktuellen und ehemaligen Mitstudierenden den einen oder anderen Insidertipp.<\/p>\n<p>Alle Beitr\u00e4ge sind mit Land, Partneruniversit\u00e4t und Studiengang getaggt, damit Sie sie nach Ihren Suchkriterien filtern k\u00f6nnen. Da sich dieser Blog vorrang aus den Berichten von Studierenden aus dem Fachbereich Informatik speist, finden Sie bei den Studieng\u00e4ngen auch nur die Angebote dieses Fachbereichs. Die Erfahrungen zu Land und Partneruni gelten aber sicher auch f\u00fcr andere Studieng\u00e4nge.<\/p>\n<p>Wir laden Sie herzlichen ein, diesen Blog mit einem Bericht Ihres eigenen (anstehenden oder bereits absolvierten) Auslandaufenthalts zu erweitern! F\u00fcr die ERASMUS-F\u00f6rderung m\u00fcssen Sie ohnehin einen Erfahrungsbericht anfertigen, warum also nicht gleich online, wo Ihre Mitstudierenden auch etwas davon haben? Details zur Vorgehensweise finden Sie bei den <a href=\"https:\/\/wp.uni-koblenz.de\/auslandsstudium\/infos-fuer-autoren\/\">Infos f\u00fcr Autoren<\/a>.<\/p>\n<p><a href=\"https:\/\/wp.uni-koblenz.de\/auslandsstudium\/wp-content\/uploads\/sites\/50\/2018\/10\/Uli-sw-kleiner.jpg\"><img loading=\"lazy\" decoding=\"async\" class=\" wp-image-532 alignleft\" src=\"https:\/\/wp.uni-koblenz.de\/auslandsstudium\/wp-content\/uploads\/sites\/50\/2018\/10\/Uli-sw-kleiner-300x300.jpg\" alt=\"\" width=\"135\" height=\"135\" srcset=\"https:\/\/wp.uni-koblenz.de\/auslandsstudium\/wp-content\/uploads\/sites\/50\/2018\/10\/Uli-sw-kleiner-300x300.jpg 300w, https:\/\/wp.uni-koblenz.de\/auslandsstudium\/wp-content\/uploads\/sites\/50\/2018\/10\/Uli-sw-kleiner-150x150.jpg 150w, https:\/\/wp.uni-koblenz.de\/auslandsstudium\/wp-content\/uploads\/sites\/50\/2018\/10\/Uli-sw-kleiner-100x100.jpg 100w, https:\/\/wp.uni-koblenz.de\/auslandsstudium\/wp-content\/uploads\/sites\/50\/2018\/10\/Uli-sw-kleiner.jpg 586w\" sizes=\"auto, (max-width: 135px) 100vw, 135px\" \/><\/a><strong>Ihr Ansprechpartner im FB Informatik:<\/strong><\/p>\n<p><a href=\"https:\/\/www.uni-koblenz-landau.de\/de\/koblenz\/fb4\/international\/kontakt\">Dr. Ulrich Wechselberger<\/a><br \/>ERASMUS-Fachkoordinator <br \/><a href=\"mailto:intfb4@uni-koblenz.de\">intfb4@uni-koblenz.de<\/a><\/p>\n\n\n<p><\/p>\n","protected":false},"excerpt":{"rendered":"<p>Liebe Studentinnen und Studenten! Vielleicht k\u00f6nnen Sie sich nicht so recht vorstellen, wie es ist, ein Semester ins Ausland zu gehen. Vielleicht wirkt das alles zu abstrakt und fern. Aber jedes Jahr reisen Ihre Kommilitoninnen und Kommilitonen an eine unserer Partneruniversit\u00e4ten und sammeln viele Erfahrungen. Diese Eindr\u00fccke werden in diesem Blog gesammelt. So k\u00f6nnen Sie &hellip; <\/p>\n<p class=\"link-more\"><a href=\"https:\/\/wp.uni-koblenz.de\/auslandsstudium\/ueber-diesen-blog\/\" class=\"more-link\"><span class=\"screen-reader-text\">\u201e\u00dcber diesen Blog\u201c <\/span>weiterlesen<\/a><\/p>\n","protected":false},"author":11,"featured_media":0,"parent":0,"menu_order":0,"comment_status":"closed","ping_status":"closed","template":"","meta":{"footnotes":""},"class_list":["post-91","page","type-page","status-publish","hentry"],"_links":{"self":[{"href":"https:\/\/wp.uni-koblenz.de\/auslandsstudium\/wp-json\/wp\/v2\/pages\/91","targetHints":{"allow":["GET"]}}],"collection":[{"href":"https:\/\/wp.uni-koblenz.de\/auslandsstudium\/wp-json\/wp\/v2\/pages"}],"about":[{"href":"https:\/\/wp.uni-koblenz.de\/auslandsstudium\/wp-json\/wp\/v2\/types\/page"}],"author":[{"embeddable":true,"href":"https:\/\/wp.uni-koblenz.de\/auslandsstudium\/wp-json\/wp\/v2\/users\/11"}],"replies":[{"embeddable":true,"href":"https:\/\/wp.uni-koblenz.de\/auslandsstudium\/wp-json\/wp\/v2\/comments?post=91"}],"version-history":[{"count":6,"href":"https:\/\/wp.uni-koblenz.de\/auslandsstudium\/wp-json\/wp\/v2\/pages\/91\/revisions"}],"predecessor-version":[{"id":536,"href":"https:\/\/wp.uni-koblenz.de\/auslandsstudium\/wp-json\/wp\/v2\/pages\/91\/revisions\/536"}],"wp:attachment":[{"href":"https:\/\/wp.uni-koblenz.de\/auslandsstudium\/wp-json\/wp\/v2\/media?parent=91"}],"curies":[{"name":"wp","href":"https:\/\/api.w.org\/{rel}","templated":true}]}}