{"id":105,"date":"2024-11-04T19:40:31","date_gmt":"2024-11-04T18:40:31","guid":{"rendered":"https:\/\/wp.uni-koblenz.de\/cssbibb\/?page_id=105"},"modified":"2025-03-29T09:47:55","modified_gmt":"2025-03-29T08:47:55","slug":"startseite-2","status":"publish","type":"page","link":"https:\/\/wp.uni-koblenz.de\/cssbibb\/","title":{"rendered":"Startseite"},"content":{"rendered":"\n<p><strong>Herzlich willkommen!<\/strong><\/p>\n\n\n\n<p>Herzlichen Dank f\u00fcr Ihr Interesse. Hier stellen wir unsere Aktivit\u00e4ten im Rahmen der Lehre an der Universit\u00e4t Koblenz im Bereich der Computational Social Sciences vor. Wir sind ein interdisziplin\u00e4res Team von Forschenden aus universit\u00e4ren und au\u00dferuniversit\u00e4ren Einrichtungen.<\/p>\n\n\n\n<figure class=\"wp-block-image aligncenter size-full is-resized\"><img decoding=\"async\" src=\"https:\/\/wp.uni-koblenz.de\/cssbibb\/wp-content\/uploads\/sites\/232\/2024\/11\/cssbibb-1.jpeg\" alt=\"\" class=\"wp-image-245\" style=\"width:335px;height:auto\" \/><\/figure>\n\n\n\n<p>Unsere Forschung hat einen Schwerpunkt in der Berufsbildungsforschung und l\u00e4sst sich in drei Hauptbereiche unterteilen, die sich oft \u00fcberschneiden:<\/p>\n\n\n\n<div class=\"wp-block-columns is-layout-flex wp-container-core-columns-is-layout-9d6595d7 wp-block-columns-is-layout-flex\">\n<div class=\"wp-block-column is-layout-flow wp-block-column-is-layout-flow\" style=\"flex-basis:33.33%\">\n<figure class=\"wp-block-image size-full\"><a href=\"https:\/\/www.bibb.de\/de\/187874.php\"><img decoding=\"async\" src=\"https:\/\/wp.uni-koblenz.de\/cssbibb\/wp-content\/uploads\/sites\/232\/2024\/11\/grafik-3.png\" alt=\"\" class=\"wp-image-56\" \/><\/a><\/figure>\n<\/div>\n\n\n\n<div class=\"wp-block-column is-layout-flow wp-block-column-is-layout-flow\" style=\"flex-basis:66.66%\">\n<p><strong>KI f\u00fcr und in CSS<\/strong><\/p>\n\n\n\n<p>Ein gro\u00dfer Teil unserer Forschung besch\u00e4ftigt sich mit KI f\u00fcr Data Science Ans\u00e4tze in CSS oder mit KI in CSS, z. B. dem Einsatz von KI in Gesellschaft und Bildung sowie deren kritischer Reflexion.<\/p>\n<\/div>\n<\/div>\n\n\n\n<hr class=\"wp-block-separator has-alpha-channel-opacity\" \/>\n\n\n\n<div class=\"wp-block-columns is-layout-flex wp-container-core-columns-is-layout-9d6595d7 wp-block-columns-is-layout-flex\">\n<div class=\"wp-block-column is-layout-flow wp-block-column-is-layout-flow\" style=\"flex-basis:33.33%\">\n<figure class=\"wp-block-image size-full\"><a href=\"https:\/\/www.bibb.de\/de\/187874.php\"><img decoding=\"async\" src=\"https:\/\/wp.uni-koblenz.de\/cssbibb\/wp-content\/uploads\/sites\/232\/2024\/11\/grafik-4.png\" alt=\"\" class=\"wp-image-57\" \/><\/a><\/figure>\n<\/div>\n\n\n\n<div class=\"wp-block-column is-layout-flow wp-block-column-is-layout-flow\" style=\"flex-basis:66.66%\">\n<p><strong>Data Science f\u00fcr CSS<\/strong><\/p>\n\n\n\n<p>In diesem Bereich geht es nicht nur um Big-Data-Analysen (Big Data), verkn\u00fcpfte Daten und Workflows, z. B. f\u00fcr geografische oder temporale Daten, sondern auch um deren Einbettung in sozialwissenschaftliche Theoriebildung und Experimente.<\/p>\n<\/div>\n<\/div>\n\n\n\n<hr class=\"wp-block-separator has-alpha-channel-opacity\" \/>\n\n\n\n<div class=\"wp-block-columns is-layout-flex wp-container-core-columns-is-layout-9d6595d7 wp-block-columns-is-layout-flex\">\n<div class=\"wp-block-column is-layout-flow wp-block-column-is-layout-flow\" style=\"flex-basis:33.33%\">\n<figure class=\"wp-block-image size-full\"><a href=\"https:\/\/www.bibb.de\/de\/187874.php\"><img decoding=\"async\" src=\"https:\/\/wp.uni-koblenz.de\/cssbibb\/wp-content\/uploads\/sites\/232\/2024\/11\/grafik-5.png\" alt=\"\" class=\"wp-image-60\" \/><\/a><\/figure>\n<\/div>\n\n\n\n<div class=\"wp-block-column is-layout-flow wp-block-column-is-layout-flow\" style=\"flex-basis:66.66%\">\n<p><strong>Complex Networks<\/strong><\/p>\n\n\n\n<p>Dieser Bereich beinhaltet soziale und historische Netzwerkanalyse, Wissensgraphen, Ontologien, aber auch Datenverkn\u00fcpfungen und die Analyse von Netzwerken mittels Algorithmen, KI und Visualisierung.<\/p>\n<\/div>\n<\/div>\n\n\n\n<hr class=\"wp-block-separator has-alpha-channel-opacity\" \/>\n\n\n\n<div class=\"wp-block-columns is-layout-flex wp-container-core-columns-is-layout-9d6595d7 wp-block-columns-is-layout-flex\">\n<div class=\"wp-block-column is-layout-flow wp-block-column-is-layout-flow\">\n<figure class=\"wp-block-image aligncenter is-resized\"><a href=\"https:\/\/www.bibb.de\/de\/187874.php\"><img decoding=\"async\" src=\"https:\/\/www.ueberaus.de\/wws\/pics\/24816798-24817566-1-bibb-wortmarke_rgb_280.png\" alt=\"\u00dcber \u00fcberaus - ueberaus.de\" style=\"width:124px;height:auto\" \/><\/a><\/figure>\n<\/div>\n\n\n\n<div class=\"wp-block-column is-layout-flow wp-block-column-is-layout-flow\">\n<figure class=\"wp-block-image\"><img decoding=\"async\" src=\"https:\/\/www.uni-koblenz.de\/static\/media\/LogoDE.fba475fd.svg\" alt=\"Logo\" \/><\/figure>\n<\/div>\n\n\n\n<div class=\"wp-block-column is-layout-flow wp-block-column-is-layout-flow\">\n<figure class=\"wp-block-image size-full\"><img decoding=\"async\" src=\"https:\/\/wp.uni-koblenz.de\/cssbibb\/wp-content\/uploads\/sites\/232\/2024\/11\/grafik-1.png\" alt=\"\" class=\"wp-image-35\" \/><\/figure>\n<\/div>\n<\/div>\n","protected":false},"excerpt":{"rendered":"<p>Herzlich willkommen! Herzlichen Dank f\u00fcr Ihr Interesse. Hier stellen wir unsere Aktivit\u00e4ten im Rahmen der Lehre an der Universit\u00e4t Koblenz im Bereich der Computational Social Sciences vor. Wir sind ein interdisziplin\u00e4res Team von Forschenden aus universit\u00e4ren und au\u00dferuniversit\u00e4ren Einrichtungen. Unsere &hellip;<\/p>\n<p class=\"read-more\"> <a class=\"more-link\" href=\"https:\/\/wp.uni-koblenz.de\/cssbibb\/\"> <span class=\"screen-reader-text\">Startseite<\/span> Weiterlesen &raquo;<\/a><\/p>\n","protected":false},"author":760,"featured_media":0,"parent":0,"menu_order":0,"comment_status":"closed","ping_status":"closed","template":"","meta":{"_bbp_topic_count":0,"_bbp_reply_count":0,"_bbp_total_topic_count":0,"_bbp_total_reply_count":0,"_bbp_voice_count":0,"_bbp_anonymous_reply_count":0,"_bbp_topic_count_hidden":0,"_bbp_reply_count_hidden":0,"_bbp_forum_subforum_count":0,"footnotes":""},"class_list":["post-105","page","type-page","status-publish","hentry"],"_links":{"self":[{"href":"https:\/\/wp.uni-koblenz.de\/cssbibb\/wp-json\/wp\/v2\/pages\/105","targetHints":{"allow":["GET"]}}],"collection":[{"href":"https:\/\/wp.uni-koblenz.de\/cssbibb\/wp-json\/wp\/v2\/pages"}],"about":[{"href":"https:\/\/wp.uni-koblenz.de\/cssbibb\/wp-json\/wp\/v2\/types\/page"}],"author":[{"embeddable":true,"href":"https:\/\/wp.uni-koblenz.de\/cssbibb\/wp-json\/wp\/v2\/users\/760"}],"replies":[{"embeddable":true,"href":"https:\/\/wp.uni-koblenz.de\/cssbibb\/wp-json\/wp\/v2\/comments?post=105"}],"version-history":[{"count":1,"href":"https:\/\/wp.uni-koblenz.de\/cssbibb\/wp-json\/wp\/v2\/pages\/105\/revisions"}],"predecessor-version":[{"id":424,"href":"https:\/\/wp.uni-koblenz.de\/cssbibb\/wp-json\/wp\/v2\/pages\/105\/revisions\/424"}],"wp:attachment":[{"href":"https:\/\/wp.uni-koblenz.de\/cssbibb\/wp-json\/wp\/v2\/media?parent=105"}],"curies":[{"name":"wp","href":"https:\/\/api.w.org\/{rel}","templated":true}]}}