{"id":129,"date":"2024-11-04T20:13:01","date_gmt":"2024-11-04T19:13:01","guid":{"rendered":"https:\/\/wp.uni-koblenz.de\/cssbibb\/?page_id=129"},"modified":"2026-02-12T18:59:38","modified_gmt":"2026-02-12T17:59:38","slug":"events-and-cfp","status":"publish","type":"page","link":"https:\/\/wp.uni-koblenz.de\/cssbibb\/en\/research\/events-and-cfp\/","title":{"rendered":"Events and CfP"},"content":{"rendered":"\n<p>The events of the workgroup Data Science will be announced separately.<\/p>\n\n\n\n<h2 class=\"wp-block-heading\">Upcoming events and CfP<\/h2>\n\n\n\n<figure class=\"wp-block-table\"><table class=\"has-fixed-layout\"><tbody><tr><td><strong>Name<\/strong><\/td><td><strong>Deadline<\/strong><\/td><td><strong>Conference Date<\/strong><\/td><td><strong>Primary Audience<\/strong><\/td><td><strong>Location<\/strong><\/td><td><strong>CfP<\/strong><\/td><\/tr><tr><td>DAI-EaR&#8217;26<\/td><td>07.05.2026<\/td><td>22.09. \u2013 25.09.2026.<\/td><td>CS, CSS, DT, DH,<\/td><td>Dresden<\/td><td><a href=\"https:\/\/wp.uni-koblenz.de\/cssbibb\/4th-workshop-on-digitalization-and-ai-for-society-in-education-and-educational-research-dai-ear26\/\" data-type=\"page\" data-id=\"718\">Link<\/a><\/td><\/tr><tr><td>AI-HuSo @ FedCSIS<\/td><td>15.04.2026<\/td><td><span class=\"node node--type-event-date-location node--view-mode-default ds-1col clearfix\">23-26.9.2026<\/span><\/td><td>CS, CSS, DH, DT<\/td><td>Riga<\/td><td><a href=\"https:\/\/2026.fedcsis.org\/thematic\/ai-huso\">Link<\/a><\/td><\/tr><\/tbody><\/table><\/figure>\n\n\n\n<p>CS = Computer Science; CSS = Computational Social Sciences; DH = Digital Humanities; DT = Digital Theology; SoS = Social Sciences; ES = Educational Sciences.<\/p>\n\n\n\n<h2 class=\"wp-block-heading\">Past events and CfP<\/h2>\n\n\n\n<figure class=\"wp-block-table\"><table class=\"has-fixed-layout\"><tbody><tr><td><strong>Name<\/strong><\/td><td><strong>Deadline<\/strong><\/td><td><strong>Conference Date<\/strong><\/td><td><strong>Primary Audience<\/strong><\/td><td><strong>Location<\/strong><\/td><td><strong>CfP<\/strong><\/td><\/tr><tr><td>Integrating Data Sources for Smarter Interdisciplinary AI Solutions: Challenges and Opportunities<\/td><td>15.1.2026<\/td><td>Special Issue<\/td><td>&nbsp;<\/td><td>AI<\/td><td><a href=\"https:\/\/www.mdpi.com\/journal\/ai\/special_issues\/8041R35370\">Link<\/a><\/td><\/tr><tr><td>2nd International Workshop on AI in Society, Education and Educational Research (AISEER)<\/td><td>3.6.2025<\/td><td><span class=\"node node--type-event-date-location node--view-mode-default ds-1col clearfix\">25-30.10.2025<br><\/span><\/td><td>CS, CSS, SoS, ES<\/td><td>Bologna<\/td><td><a href=\"https:\/\/wp.uni-koblenz.de\/cssbibb\/en\/international-workshop-on-ai-in-society-education-and-educational-research-aiseer\/\">Link<\/a><\/td><\/tr><tr><td>AI-HuSo @ FedCSIS<\/td><td>25.05.2025<\/td><td><span class=\"node node--type-event-date-location node--view-mode-default ds-1col clearfix\">14-17.9.2025<\/span><\/td><td>CS, CSS, DH, DT<\/td><td>Krakow<\/td><td><a href=\"https:\/\/2025.fedcsis.org\/thematic\/ai-huso\">Link<\/a><\/td><\/tr><tr><td>DAI-EaR\u201925 @ Informatik2025<\/td><td>15.4.2024<\/td><td>16.-19.9.2025<\/td><td>CS, CSS, SoS, ES<\/td><td>Potsdam<\/td><td><a href=\"https:\/\/wp.uni-koblenz.de\/cssbibb\/en\/digitalization-and-ai-for-society-in-education-and-educational-research-dai-ear25\/\">Link<\/a><\/td><\/tr><tr><td>Sammelband \u201cAdvcances in CSS\u201d<\/td><td>28.11.2024<\/td><td>\u2014<\/td><td>CS, CSS<\/td><td>\u2014<\/td><td><a href=\"https:\/\/wp.uni-koblenz.de\/cssbibb\/en\/call-for-submission-of-chapters-in-edited-book-springer\/\">Link<\/a><\/td><\/tr><tr><td>AI-HuSo @ FedCSIS<\/td><td>28.5.2024<\/td><td>8\u2013\u206011.9.2024<\/td><td>CS, CSS, DH, DT<\/td><td>Belgrad<\/td><td><a href=\"https:\/\/2024.fedcsis.org\/thematic\/ai-huso\" target=\"_blank\" rel=\"noopener\">AI-HuSo<\/a><\/td><\/tr><tr><td>AIEER @ ECAI24<\/td><td>31.5.2024<\/td><td>19-20.10.2024<\/td><td>CS, CSS, SoS, ES<\/td><td>Santiago de Compostela<\/td><td><a href=\"https:\/\/www.bibb.de\/dokumente\/pdf\/cfp_ecai2024.pdf\" target=\"_blank\" rel=\"noopener\">AIEER<\/a><\/td><\/tr><tr><td>DAI-EaR\u201924 @ Informatik2024<\/td><td>15.5.2024<\/td><td>24.-26.9.2024<\/td><td>CS, CSS, SoS, ES<\/td><td>Wiesbaden<\/td><td><a href=\"https:\/\/www.bibb.de\/dokumente\/pdf\/a12_cfp_informatik2024.pdf\" target=\"_blank\" rel=\"noopener\">Link<\/a><\/td><\/tr><tr><td>Eine Klasse f\u00fcr sich, ein klasse Werkzeug oder klassisch \u00fcbersch\u00e4tzt?<\/td><td>15.3.2024<\/td><td>23.-25.09.2024<\/td><td>SoS, CSS<\/td><td>Osnabr\u00fcck<\/td><td><a href=\"https:\/\/soziologie.de\/fileadmin\/user_upload\/konferenz\/2024\/Calls\/02_-_Ontologien.pdf\" target=\"_blank\" rel=\"noopener\">Link<\/a><\/td><\/tr><\/tbody><\/table><\/figure>\n\n\n\n<p><\/p>\n","protected":false},"excerpt":{"rendered":"<p>The events of the workgroup Data Science will be announced separately. Upcoming events and CfP Name Deadline Conference Date Primary Audience Location CfP DAI-EaR&#8217;26 07.05.2026 22.09. \u2013 25.09.2026. CS, CSS, DT, DH, Dresden Link AI-HuSo @ FedCSIS 15.04.2026 23-26.9.2026 CS, &hellip;<\/p>\n<p class=\"read-more\"> <a class=\"more-link\" href=\"https:\/\/wp.uni-koblenz.de\/cssbibb\/en\/research\/events-and-cfp\/\"> <span class=\"screen-reader-text\">Events and CfP<\/span> Weiterlesen &raquo;<\/a><\/p>\n","protected":false},"author":760,"featured_media":0,"parent":121,"menu_order":0,"comment_status":"closed","ping_status":"closed","template":"","meta":{"_bbp_topic_count":0,"_bbp_reply_count":0,"_bbp_total_topic_count":0,"_bbp_total_reply_count":0,"_bbp_voice_count":0,"_bbp_anonymous_reply_count":0,"_bbp_topic_count_hidden":0,"_bbp_reply_count_hidden":0,"_bbp_forum_subforum_count":0,"footnotes":""},"class_list":["post-129","page","type-page","status-publish","hentry"],"_links":{"self":[{"href":"https:\/\/wp.uni-koblenz.de\/cssbibb\/wp-json\/wp\/v2\/pages\/129","targetHints":{"allow":["GET"]}}],"collection":[{"href":"https:\/\/wp.uni-koblenz.de\/cssbibb\/wp-json\/wp\/v2\/pages"}],"about":[{"href":"https:\/\/wp.uni-koblenz.de\/cssbibb\/wp-json\/wp\/v2\/types\/page"}],"author":[{"embeddable":true,"href":"https:\/\/wp.uni-koblenz.de\/cssbibb\/wp-json\/wp\/v2\/users\/760"}],"replies":[{"embeddable":true,"href":"https:\/\/wp.uni-koblenz.de\/cssbibb\/wp-json\/wp\/v2\/comments?post=129"}],"version-history":[{"count":9,"href":"https:\/\/wp.uni-koblenz.de\/cssbibb\/wp-json\/wp\/v2\/pages\/129\/revisions"}],"predecessor-version":[{"id":763,"href":"https:\/\/wp.uni-koblenz.de\/cssbibb\/wp-json\/wp\/v2\/pages\/129\/revisions\/763"}],"up":[{"embeddable":true,"href":"https:\/\/wp.uni-koblenz.de\/cssbibb\/wp-json\/wp\/v2\/pages\/121"}],"wp:attachment":[{"href":"https:\/\/wp.uni-koblenz.de\/cssbibb\/wp-json\/wp\/v2\/media?parent=129"}],"curies":[{"name":"wp","href":"https:\/\/api.w.org\/{rel}","templated":true}]}}