{"id":25,"date":"2024-11-04T08:13:27","date_gmt":"2024-11-04T07:13:27","guid":{"rendered":"https:\/\/wp.uni-koblenz.de\/cssbibb\/?page_id=25"},"modified":"2025-03-29T09:49:34","modified_gmt":"2025-03-29T08:49:34","slug":"jobs-praktika-und-abschlussarbeiten","status":"publish","type":"page","link":"https:\/\/wp.uni-koblenz.de\/cssbibb\/jobs-praktika-und-abschlussarbeiten\/","title":{"rendered":"Jobs, Praktika und Abschlussarbeiten"},"content":{"rendered":"<h1>Jobs<\/h1>\n<p>Wir haben immer wieder SHK Stellen am BIBB oder ggf. an der Universit\u00e4t Koblenz zu besetzen. Diese werden wir hier ver\u00f6ffentlichen.<\/p>\n<h1>Praktika<\/h1>\n<p>Am BIBB haben wir immer die M\u00f6glichkeit Praktikantinnen und Praktikanten, z. B. f\u00fcr Praxissemester, zu betreuen. Schreiben Sie in diesem Fall gerne eine kurze Mail.<\/p>\n<h1>Abschlussarbeiten<\/h1>\n<p>Hierzu bitte <a href=\"https:\/\/wp.uni-koblenz.de\/cssbibb\/forschung\/abschlussarbeiten\/\">hier<\/a> entlang.<\/p>\n","protected":false},"excerpt":{"rendered":"<p>Jobs Wir haben immer wieder SHK Stellen am BIBB oder ggf. an der Universit\u00e4t Koblenz zu besetzen. Diese werden wir hier ver\u00f6ffentlichen. Praktika Am BIBB haben wir immer die M\u00f6glichkeit Praktikantinnen und Praktikanten, z. B. f\u00fcr Praxissemester, zu betreuen. Schreiben &hellip;<\/p>\n<p class=\"read-more\"> <a class=\"more-link\" href=\"https:\/\/wp.uni-koblenz.de\/cssbibb\/jobs-praktika-und-abschlussarbeiten\/\"> <span class=\"screen-reader-text\">Jobs, Praktika und Abschlussarbeiten<\/span> Weiterlesen &raquo;<\/a><\/p>\n","protected":false},"author":760,"featured_media":0,"parent":0,"menu_order":4,"comment_status":"closed","ping_status":"closed","template":"","meta":{"_bbp_topic_count":0,"_bbp_reply_count":0,"_bbp_total_topic_count":0,"_bbp_total_reply_count":0,"_bbp_voice_count":0,"_bbp_anonymous_reply_count":0,"_bbp_topic_count_hidden":0,"_bbp_reply_count_hidden":0,"_bbp_forum_subforum_count":0,"footnotes":""},"class_list":["post-25","page","type-page","status-publish","hentry"],"_links":{"self":[{"href":"https:\/\/wp.uni-koblenz.de\/cssbibb\/wp-json\/wp\/v2\/pages\/25","targetHints":{"allow":["GET"]}}],"collection":[{"href":"https:\/\/wp.uni-koblenz.de\/cssbibb\/wp-json\/wp\/v2\/pages"}],"about":[{"href":"https:\/\/wp.uni-koblenz.de\/cssbibb\/wp-json\/wp\/v2\/types\/page"}],"author":[{"embeddable":true,"href":"https:\/\/wp.uni-koblenz.de\/cssbibb\/wp-json\/wp\/v2\/users\/760"}],"replies":[{"embeddable":true,"href":"https:\/\/wp.uni-koblenz.de\/cssbibb\/wp-json\/wp\/v2\/comments?post=25"}],"version-history":[{"count":1,"href":"https:\/\/wp.uni-koblenz.de\/cssbibb\/wp-json\/wp\/v2\/pages\/25\/revisions"}],"predecessor-version":[{"id":437,"href":"https:\/\/wp.uni-koblenz.de\/cssbibb\/wp-json\/wp\/v2\/pages\/25\/revisions\/437"}],"wp:attachment":[{"href":"https:\/\/wp.uni-koblenz.de\/cssbibb\/wp-json\/wp\/v2\/media?parent=25"}],"curies":[{"name":"wp","href":"https:\/\/api.w.org\/{rel}","templated":true}]}}