{"id":271,"date":"2024-11-27T14:24:28","date_gmt":"2024-11-27T13:24:28","guid":{"rendered":"https:\/\/wp.uni-koblenz.de\/cssbibb\/?page_id=271"},"modified":"2025-05-20T15:04:28","modified_gmt":"2025-05-20T13:04:28","slug":"dr-michael-tiemann","status":"publish","type":"page","link":"https:\/\/wp.uni-koblenz.de\/cssbibb\/dr-michael-tiemann\/","title":{"rendered":"Dr. Michael Tiemann"},"content":{"rendered":"\n<div class=\"wp-block-columns is-layout-flex wp-container-core-columns-is-layout-9d6595d7 wp-block-columns-is-layout-flex\">\n<div class=\"wp-block-column is-layout-flow wp-block-column-is-layout-flow\">\n<p><strong>Bundesinstitut f\u00fcr Berufsbildung (BIBB)<br><\/strong>Friedrich-Ebert-Allee 114-116<br>53113 Bonn<\/p>\n\n\n\n<p>Phone: 0228 107-1235<br>E-Mail: <a href=\"mailto:tiemann@bibb.de\">tiemann@bibb.de<\/a><br>Web: <a href=\"mailto:tiemann@bibb.de\">https:\/\/www.bibb.de\/de\/26480_michael_tiemann.php<\/a><\/p>\n<\/div>\n\n\n\n<div class=\"wp-block-column is-layout-flow wp-block-column-is-layout-flow\">\n<p><strong>Universit\u00e4t Koblenz<br><\/strong><em>Raum B 110<\/em><br>D-56016 Koblenz<\/p>\n\n\n\n<p>E-Mail: <a href=\"mailto:mtiemann@uni-koblenz.de\">mtiemann@uni-koblenz.de<\/a><br>Web: <a href=\"https:\/\/wp.uni-koblenz.de\/cssbibb\/\" target=\"_blank\" rel=\"noreferrer noopener\">https:\/\/wp.uni-koblenz.de\/cssbibb\/<\/a><\/p>\n<\/div>\n<\/div>\n\n\n<blockquote class=\"wp-block-quote is-layout-flow wp-block-quote-is-layout-flow\">\n<div class=\"wp-block-columns is-layout-flex wp-container-core-columns-is-layout-1 wp-block-columns-is-layout-flex\">\n<div class=\"wp-block-column is-layout-flow wp-block-column-is-layout-flow\">\n<div class=\"wp-block-image\">\n<figure class=\"alignright size-full is-resized\"><img loading=\"lazy\" decoding=\"async\" class=\"wp-image-234 alignright\" src=\"https:\/\/wp.uni-koblenz.de\/cssbibb\/wp-content\/uploads\/sites\/232\/2024\/11\/image.png\" alt=\"\" width=\"480\" height=\"612\" \/><\/figure>\n<\/div>\n<\/div>\n<div class=\"wp-block-column is-layout-flow wp-block-column-is-layout-flow\">\n<p><strong>Soziologe und Philosoph<\/strong><\/p>\n<\/div>\n<\/div>\n<ul class=\"wp-block-list\">\n<li>2022: Co-Leiter des Arbeitsbereichs 1.2 \u201cQuailfikation, berufliche Integration und Erwerbst\u00e4tigkeit\u201d (Mit der Wahrung der Gesch\u00e4fte beauftragt)<\/li>\n<li>2014: Promotion zum Dr. rer. pol., WISO-Fakult\u00e4t der Universit\u00e4t zu K\u00f6ln, Gutachter: Prof. Dr. Michael Wagner, Prof. Dr. Matthias Pilz<\/li>\n<li>2006: Magister Artium Soziologie, Universit\u00e4t D\u00fcsseldorf<\/li>\n<li>2000: Master of Arts Philosophy, University of Leeds, GB<\/li>\n<li>Seit 2007: Wissenschaftlicher Mitarbeiter im Arbeitsbereich 2.2 \u201eQualifikation, berufliche Integration, Erwerbst\u00e4tigkeit\u201c<\/li>\n<li>2003-2007: Wissenschaftlicher Mitarbeiter im Institut f\u00fcr p\u00e4dagogische Diagnostik<\/li>\n<\/ul>\n<p><strong>Mitgliedschaften<\/strong>: Deutsche Gesellschaft f\u00fcr Soziologie (DGS), Sektion Arbeits- und Industriesoziologie in der DGS, Sektion Wissenssoziologie in der DGS<\/p>\n<\/blockquote>\n<p>Mehr auf<\/p>\n<ul>\n<li><a href=\"https:\/\/dblp.org\/pid\/90\/3409.html\"><img loading=\"lazy\" decoding=\"async\" class=\"\" src=\"https:\/\/doerpinghaus.org\/jens\/bl-content\/uploads\/pages\/0fa01ac60c404d4e2fa627cef82df35d\/dblp.icon.192x192.png\" alt=\"\" width=\"34\" height=\"34\" \/><\/a><\/li>\n<li><a href=\"https:\/\/scholar.google.com\/citations?user=OQfzJzwAAAAJ&amp;hl=en&amp;oi=ao\"><img loading=\"lazy\" decoding=\"async\" class=\"\" src=\"https:\/\/doerpinghaus.org\/jens\/bl-content\/uploads\/pages\/0fa01ac60c404d4e2fa627cef82df35d\/1024px-Google_Scholar_logo.svg.png\" alt=\"\" width=\"31\" height=\"31\" \/><\/a><\/li>\n<li>ResearchGate<\/li>\n<\/ul>","protected":false},"excerpt":{"rendered":"<p>Bundesinstitut f\u00fcr Berufsbildung (BIBB)Friedrich-Ebert-Allee 114-11653113 Bonn Phone: 0228 107-1235E-Mail: tiemann@bibb.deWeb: https:\/\/www.bibb.de\/de\/26480_michael_tiemann.php Universit\u00e4t KoblenzRaum B 110D-56016 Koblenz E-Mail: mtiemann@uni-koblenz.deWeb: https:\/\/wp.uni-koblenz.de\/cssbibb\/ Soziologe und Philosoph 2022: Co-Leiter des Arbeitsbereichs 1.2 \u201cQuailfikation, berufliche Integration und Erwerbst\u00e4tigkeit\u201d (Mit der Wahrung der Gesch\u00e4fte beauftragt) 2014: Promotion &hellip;<\/p>\n<p class=\"read-more\"> <a class=\"more-link\" href=\"https:\/\/wp.uni-koblenz.de\/cssbibb\/dr-michael-tiemann\/\"> <span class=\"screen-reader-text\">Dr. Michael Tiemann<\/span> Weiterlesen &raquo;<\/a><\/p>\n","protected":false},"author":760,"featured_media":0,"parent":0,"menu_order":0,"comment_status":"closed","ping_status":"closed","template":"","meta":{"_bbp_topic_count":0,"_bbp_reply_count":0,"_bbp_total_topic_count":0,"_bbp_total_reply_count":0,"_bbp_voice_count":0,"_bbp_anonymous_reply_count":0,"_bbp_topic_count_hidden":0,"_bbp_reply_count_hidden":0,"_bbp_forum_subforum_count":0,"footnotes":""},"class_list":["post-271","page","type-page","status-publish","hentry"],"_links":{"self":[{"href":"https:\/\/wp.uni-koblenz.de\/cssbibb\/wp-json\/wp\/v2\/pages\/271","targetHints":{"allow":["GET"]}}],"collection":[{"href":"https:\/\/wp.uni-koblenz.de\/cssbibb\/wp-json\/wp\/v2\/pages"}],"about":[{"href":"https:\/\/wp.uni-koblenz.de\/cssbibb\/wp-json\/wp\/v2\/types\/page"}],"author":[{"embeddable":true,"href":"https:\/\/wp.uni-koblenz.de\/cssbibb\/wp-json\/wp\/v2\/users\/760"}],"replies":[{"embeddable":true,"href":"https:\/\/wp.uni-koblenz.de\/cssbibb\/wp-json\/wp\/v2\/comments?post=271"}],"version-history":[{"count":3,"href":"https:\/\/wp.uni-koblenz.de\/cssbibb\/wp-json\/wp\/v2\/pages\/271\/revisions"}],"predecessor-version":[{"id":564,"href":"https:\/\/wp.uni-koblenz.de\/cssbibb\/wp-json\/wp\/v2\/pages\/271\/revisions\/564"}],"wp:attachment":[{"href":"https:\/\/wp.uni-koblenz.de\/cssbibb\/wp-json\/wp\/v2\/media?parent=271"}],"curies":[{"name":"wp","href":"https:\/\/api.w.org\/{rel}","templated":true}]}}