{"id":282,"date":"2024-11-27T14:49:40","date_gmt":"2024-11-27T13:49:40","guid":{"rendered":"https:\/\/wp.uni-koblenz.de\/cssbibb\/?page_id=282"},"modified":"2026-02-24T08:15:14","modified_gmt":"2026-02-24T07:15:14","slug":"dr-jens-doerpinghaus","status":"publish","type":"page","link":"https:\/\/wp.uni-koblenz.de\/cssbibb\/dr-jens-doerpinghaus\/","title":{"rendered":"PD Dr. Jens D\u00f6rpinghaus"},"content":{"rendered":"\n<div class=\"wp-block-columns is-layout-flex wp-container-core-columns-is-layout-9d6595d7 wp-block-columns-is-layout-flex\">\n<div class=\"wp-block-column is-layout-flow wp-block-column-is-layout-flow\">\n<p><strong>Bundesinstitut f\u00fcr Berufsbildung (BIBB)<br><\/strong>Friedrich-Ebert-Allee 114-116<br>53113 Bonn<\/p>\n\n\n\n<p>Phone: 0228 107-1887<br>E-Mail: <a href=\"mailto:jens.doerpinghaus@bibb.de\">jens.doerpinghaus@bibb.de<\/a><br>Web: <a href=\"https:\/\/www.bibb.de\/de\/26480_jens_doerpinghaus.php\" target=\"_blank\" rel=\"noreferrer noopener\">https:\/\/www.bibb.de\/de\/26480_jens_doerpinghaus.php<\/a><\/p>\n<\/div>\n\n\n\n<div class=\"wp-block-column is-layout-flow wp-block-column-is-layout-flow\">\n<p><strong>Linnaeus Universit\u00e4t<br><\/strong>Department of Computer Science and Media Technology<br><em>Raum B3052<\/em><br>V\u00e4xj\u00f6, Schweden<\/p>\n\n\n\n<p>E-Mail: <a href=\"mailto:jens.dorpinghaus@lnu.se\">jens.dorpinghaus@lnu.se<\/a><br>Web: <a href=\"https:\/\/lnu.se\/en\/staff\/jens.dorpinghaus\/\" target=\"_blank\" rel=\"noreferrer noopener\">https:\/\/lnu.se\/en\/staff\/jens.dorpinghaus\/<\/a><\/p>\n\n\n\n<p><strong>Universit\u00e4t Koblenz<br><\/strong><em>Raum B 110<\/em><br>D-56016 Koblenz<\/p>\n\n\n\n<p>E-Mail: <a href=\"mailto:doerpinghaus@uni-koblenz.de\">doerpinghaus@uni-koblenz.de<\/a><br>Web: <a href=\"https:\/\/wp.uni-koblenz.de\/cssbibb\/\" target=\"_blank\" rel=\"noreferrer noopener\">https:\/\/wp.uni-koblenz.de\/cssbibb\/<\/a><\/p>\n<\/div>\n<\/div>\n\n\n<blockquote class=\"wp-block-quote is-layout-flow wp-block-quote-is-layout-flow\">\n<ul class=\"wp-block-list\">\n<li>Lehrbeauftragter f\u00fcr Informatik\/CSS an der LNU in V\u00e4xj\u00f6 (seit 2024), Universit\u00e4t Bonn (2017-2020; 2023) und der Universit\u00e4t Koblenz (seit 2022).<\/li>\n<li>Seit 2026 research associate an der University of Pretoria, Department of New Testament and Related Texts\u00a0<\/li>\n<li>2025 Habilitation an der Universit\u00e4t Koblenz, FB 4 Informatik<\/li>\n<li>2024 PhD, University of Pretoria, Faculty of Theology and Religion<\/li>\n<li>2020 Master of Theology (MTh), University of South Africa.<\/li>\n<li>2018 Dr. rer. nat. (Informatik), Universit\u00e4t zu K\u00f6ln<\/li>\n<li>2012 Diplom-Mathematiker, Universit\u00e4t zu K\u00f6ln<\/li>\n<li>Seit 2021 am BIBB, davor am Fraunhofer SCAI und am DZNE<\/li>\n<\/ul>\n<p><strong>Mitgliedschaften<\/strong>: <a href=\"https:\/\/dig-hum.de\/\" target=\"_blank\" rel=\"noreferrer noopener\">digital humanities im deutschsprachigen raum<\/a> (DHd), <a href=\"https:\/\/gi.de\/\" target=\"_blank\" rel=\"noreferrer noopener\">Gesellschaft f\u00fcr Informatik<\/a> (GI), <a href=\"https:\/\/www.mathematik.de\/\" target=\"_blank\" rel=\"noreferrer noopener\">Deutsche Mathematiker-Vereinigung<\/a> (DMV, bis 2026), European Association of Digital Humanities (EADH), International Association for Ontology and its Applications<\/p>\n<p><a href=\"https:\/\/dblp.org\/pid\/206\/3321.html\" target=\"_blank\" rel=\"noopener\"><strong><img loading=\"lazy\" decoding=\"async\" src=\"https:\/\/doerpinghaus.org\/jens\/bl-content\/uploads\/pages\/0fa01ac60c404d4e2fa627cef82df35d\/dblp.icon.192x192.png\" alt=\"\" width=\"32\" height=\"32\" \/><\/strong><\/a> <strong><a href=\"https:\/\/scholar.google.com\/citations?user=zFBW3dkAAAAJ&amp;hl=en\" target=\"_blank\" rel=\"noopener\"><img loading=\"lazy\" decoding=\"async\" src=\"https:\/\/doerpinghaus.org\/jens\/bl-content\/uploads\/pages\/0fa01ac60c404d4e2fa627cef82df35d\/1024px-Google_Scholar_logo.svg.png\" alt=\"\" width=\"32\" height=\"32\" \/><\/a> <a href=\"https:\/\/www.researchgate.net\/profile\/Jens_Doerpinghaus\" target=\"_blank\" rel=\"noopener\"><img loading=\"lazy\" decoding=\"async\" src=\"https:\/\/doerpinghaus.org\/jens\/bl-content\/uploads\/pages\/0fa01ac60c404d4e2fa627cef82df35d\/1200px-ResearchGate_icon_SVG.svg.png\" alt=\"\" width=\"32\" height=\"32\" \/><\/a> \u00a0<a href=\"https:\/\/github.com\/jd-s\/\" target=\"_blank\" rel=\"noopener\"><img loading=\"lazy\" decoding=\"async\" src=\"https:\/\/doerpinghaus.org\/jens\/bl-content\/uploads\/pages\/0fa01ac60c404d4e2fa627cef82df35d\/25231.png\" alt=\"\" width=\"32\" height=\"32\" \/><\/a>\u00a0 <a href=\"https:\/\/www.scopus.com\/authid\/detail.uri?authorId=57200138039\">Scopus<\/a><\/strong><\/p>\n<\/blockquote>\n<div class=\"wp-block-columns is-layout-flex wp-container-core-columns-is-layout-3 wp-block-columns-is-layout-flex\">\n<div class=\"wp-block-column is-layout-flow wp-block-column-is-layout-flow\">\n<div class=\"wp-block-image\">\u00a0<\/div>\n<\/div>\n<div class=\"wp-block-column is-layout-flow wp-block-column-is-layout-flow\">\n<div class=\"wp-block-image\">\u00a0<\/div>\n<\/div>\n<div class=\"wp-block-column is-layout-flow wp-block-column-is-layout-flow\">\n<div class=\"wp-block-image\">\u00a0<\/div>\n<\/div>\n<\/div>","protected":false},"excerpt":{"rendered":"<p>Bundesinstitut f\u00fcr Berufsbildung (BIBB)Friedrich-Ebert-Allee 114-11653113 Bonn Phone: 0228 107-1887E-Mail: jens.doerpinghaus@bibb.deWeb: https:\/\/www.bibb.de\/de\/26480_jens_doerpinghaus.php Linnaeus Universit\u00e4tDepartment of Computer Science and Media TechnologyRaum B3052V\u00e4xj\u00f6, Schweden E-Mail: jens.dorpinghaus@lnu.seWeb: https:\/\/lnu.se\/en\/staff\/jens.dorpinghaus\/ Universit\u00e4t KoblenzRaum B 110D-56016 Koblenz E-Mail: doerpinghaus@uni-koblenz.deWeb: https:\/\/wp.uni-koblenz.de\/cssbibb\/ Lehrbeauftragter f\u00fcr Informatik\/CSS an der LNU in V\u00e4xj\u00f6 &hellip;<\/p>\n<p class=\"read-more\"> <a class=\"more-link\" href=\"https:\/\/wp.uni-koblenz.de\/cssbibb\/dr-jens-doerpinghaus\/\"> <span class=\"screen-reader-text\">PD Dr. Jens D\u00f6rpinghaus<\/span> Weiterlesen &raquo;<\/a><\/p>\n","protected":false},"author":760,"featured_media":0,"parent":0,"menu_order":0,"comment_status":"closed","ping_status":"closed","template":"","meta":{"_bbp_topic_count":0,"_bbp_reply_count":0,"_bbp_total_topic_count":0,"_bbp_total_reply_count":0,"_bbp_voice_count":0,"_bbp_anonymous_reply_count":0,"_bbp_topic_count_hidden":0,"_bbp_reply_count_hidden":0,"_bbp_forum_subforum_count":0,"footnotes":""},"class_list":["post-282","page","type-page","status-publish","hentry"],"_links":{"self":[{"href":"https:\/\/wp.uni-koblenz.de\/cssbibb\/wp-json\/wp\/v2\/pages\/282","targetHints":{"allow":["GET"]}}],"collection":[{"href":"https:\/\/wp.uni-koblenz.de\/cssbibb\/wp-json\/wp\/v2\/pages"}],"about":[{"href":"https:\/\/wp.uni-koblenz.de\/cssbibb\/wp-json\/wp\/v2\/types\/page"}],"author":[{"embeddable":true,"href":"https:\/\/wp.uni-koblenz.de\/cssbibb\/wp-json\/wp\/v2\/users\/760"}],"replies":[{"embeddable":true,"href":"https:\/\/wp.uni-koblenz.de\/cssbibb\/wp-json\/wp\/v2\/comments?post=282"}],"version-history":[{"count":4,"href":"https:\/\/wp.uni-koblenz.de\/cssbibb\/wp-json\/wp\/v2\/pages\/282\/revisions"}],"predecessor-version":[{"id":781,"href":"https:\/\/wp.uni-koblenz.de\/cssbibb\/wp-json\/wp\/v2\/pages\/282\/revisions\/781"}],"wp:attachment":[{"href":"https:\/\/wp.uni-koblenz.de\/cssbibb\/wp-json\/wp\/v2\/media?parent=282"}],"curies":[{"name":"wp","href":"https:\/\/api.w.org\/{rel}","templated":true}]}}