{"id":4,"date":"2024-10-31T13:17:38","date_gmt":"2024-10-31T12:17:38","guid":{"rendered":"https:\/\/wp.uni-koblenz.de\/cssbibb\/veranstaltungen\/veranstaltungsorte\/"},"modified":"2026-03-27T08:59:56","modified_gmt":"2026-03-27T07:59:56","slug":"lehrveranstaltungen","status":"publish","type":"page","link":"https:\/\/wp.uni-koblenz.de\/cssbibb\/forschung\/lehrveranstaltungen\/","title":{"rendered":"Lehrveranstaltungen"},"content":{"rendered":"<h2>Vorlesungen<\/h2>\n\n\n<ul class=\"wp-block-list\">\n<li><em>Sommer 2027: Einf\u00fchrung in die Digital Humanities (University of Koblenz, planned<em>, JD<\/em>)<\/em><\/li>\n\n\n\n<li><em>Winter 2026\/27: Complex Networks (University of Koblenz, planned<em>, JD<\/em>)<\/em><\/li>\n\n\n\n<li><em>Winter 2026\/27: Einf\u00fchrung in Computational Social Science I (University of Koblenz, MT+JD, planned)<\/em><\/li>\n\n\n\n<li><strong>Sommer 2026: Einf\u00fchrung in Computational Social Science II (University of Koblenz, MT+JD, planned)<\/strong><\/li>\n\n\n\n<li>Winter 2025\/26: Einf\u00fchrung in Computational Social Science I (University of Koblenz, MT+JD, planned)<\/li>\n\n\n\n<li>Sommer 2025: Einf\u00fchrung in Computational Social Science II (University of Koblenz, MT+JD)<\/li>\n\n\n\n<li>Winter 2024\/25: Algorithms and Advanced Data Structures (Linnaeus University, V\u00e4xj\u00f6, Sweden, JD)<\/li>\n\n\n\n<li>Winter 2024\/25: Einf\u00fchrung in Computational Social Science I (University of Koblenz, MT+JD)<\/li>\n\n\n\n<li>Sommer 2024: Einf\u00fchrung in R (Fortgeschrittene Methoden der Datenanalyse (FDMA)), Institut f\u00fcr Politische Wissenschaft und Soziologie, Universit\u00e4t Bonn (MT)<\/li>\n\n\n\n<li>Winter 2023\/24: Transformatory Times &#8211; Technischer Wandel und soziologische Theorie (Vertiefungsmodul Allgemeine Soziologie (VMAS)), Institut f\u00fcr Politische Wissenschaft und Soziologie, Universit\u00e4t Bonn (MT)<\/li>\n\n\n\n<li>Sommer 2023: Graph Theory (University of Koblenz, JD)<\/li>\n\n\n\n<li>Sommer 2023: Einf\u00fchrung in R (Fortgeschrittene Methoden der Datenanalyse (FDMA)), Institut f\u00fcr Politische Wissenschaft und Soziologie, Universit\u00e4t Bonn (MT)<\/li>\n\n\n\n<li>Sommer 2022: Graph Theory (University of Koblenz-Landau, JD)<\/li>\n\n\n\n<li>Sommer 2022: Einf\u00fchrung in R (Fortgeschrittene Methoden der Datenanalyse (FDMA)), Institut f\u00fcr Politische Wissenschaft und Soziologie, Universit\u00e4t Bonn (MT)<\/li>\n\n\n\n<li>Sommer 2021: Einf\u00fchrung in R (Fortgeschrittene Methoden der Datenanalyse (FDMA)), Institut f\u00fcr Politische Wissenschaft und Soziologie, Universit\u00e4t Bonn (MT)<\/li>\n\n\n\n<li>Sommer 2018: Einf\u00fchrung in R (Fortgeschrittene Methoden der Datenanalyse (FDMA)), Institut f\u00fcr Politische Wissenschaft und Soziologie, Universit\u00e4t Bonn (MT)<\/li>\n<\/ul>\n\n\n\n<h2 class=\"wp-block-heading\">Seminare<\/h2>\n\n\n\n<ul class=\"wp-block-list\">\n<li>Winter 2023\/24: Open und Linked Data in der sozialwissenschaftlichen Forschung (University of Bonn).<\/li>\n\n\n\n<li>Winter 2022\/23: Algorithmen auf Knowledge Graphen (University of Koblenz, JD).<\/li>\n\n\n\n<li>Sommer 2020: Knowledge Graphs and their Applications in Life Sciences (University of Bonn, JD)<\/li>\n\n\n\n<li>Winter 2017\/18: Proseminar: Empirische Forschung und Politikberatung (VMM), Institut f\u00fcr Politische Wissenschaft und Soziologie, Universit\u00e4t Bonn (MT)<\/li>\n\n\n\n<li>Winter 2016\/11: Proseminar: Empirische Forschung und Politikberatung (VMM), Institut f\u00fcr Politische Wissenschaft und Soziologie, Universit\u00e4t Bonn (MT)<\/li>\n\n\n\n<li>Winter 2015\/16: Proseminar: Empirische Forschung und Politikberatung (VMM), Institut f\u00fcr Politische Wissenschaft und Soziologie, Universit\u00e4t Bonn (MT)<\/li>\n<\/ul>\n\n\n\n<h2 class=\"wp-block-heading\">Praktika<\/h2>\n\n\n\n<ul class=\"wp-block-list\">\n<li>Summer 2025: Projektpraktikum in CSS (University of Koblenz)<\/li>\n\n\n\n<li>Summer 2025: Computational Social Sciences, Forschungspraktikum (University of Koblenz, together with Thomas Reiser)<\/li>\n\n\n\n<li>Winter 2024\/25: Projektpraktikum in CSS (University of Koblenz)<\/li>\n\n\n\n<li>Winter 2024\/25: Computational Social Sciences, Forschungspraktikum (University of Koblenz, together with Thomas Reiser) <\/li>\n\n\n\n<li>Summer 2024: Computational Social Sciences, Forschungspraktikum (University of Koblenz, JD)<\/li>\n\n\n\n<li>Winter 2023\/24: Computational Social Sciences, Forschungspraktikum (University of Koblenz, JD)<\/li>\n\n\n\n<li>Summer 2023: Computational Social Sciences, Forschungspraktikum (University of Koblenz, JD)<\/li>\n\n\n\n<li>Winter 2022\/23: Forschungspraktikum (University of Koblenz, JD)<\/li>\n\n\n\n<li>Winter 2019\/20: Programming Lab II (University of Bonn, JD)<\/li>\n\n\n\n<li>Winter 2018\/19: Programming Lab II (University of Bonn, JD)<\/li>\n\n\n\n<li>Winter 2017\/18: Programming Lab III (University of Bonn, JD)<\/li>\n\n\n\n<li>Winter 2016\/17: Programming Lab III (University of Bonn, JD together with Dr. Marc Jacobs)<\/li>\n<\/ul>\n","protected":false},"excerpt":{"rendered":"<p>Vorlesungen Seminare Praktika<\/p>\n","protected":false},"author":760,"featured_media":0,"parent":3,"menu_order":0,"comment_status":"closed","ping_status":"closed","template":"","meta":{"_bbp_topic_count":0,"_bbp_reply_count":0,"_bbp_total_topic_count":0,"_bbp_total_reply_count":0,"_bbp_voice_count":0,"_bbp_anonymous_reply_count":0,"_bbp_topic_count_hidden":0,"_bbp_reply_count_hidden":0,"_bbp_forum_subforum_count":0,"footnotes":""},"class_list":["post-4","page","type-page","status-publish","hentry"],"_links":{"self":[{"href":"https:\/\/wp.uni-koblenz.de\/cssbibb\/wp-json\/wp\/v2\/pages\/4","targetHints":{"allow":["GET"]}}],"collection":[{"href":"https:\/\/wp.uni-koblenz.de\/cssbibb\/wp-json\/wp\/v2\/pages"}],"about":[{"href":"https:\/\/wp.uni-koblenz.de\/cssbibb\/wp-json\/wp\/v2\/types\/page"}],"author":[{"embeddable":true,"href":"https:\/\/wp.uni-koblenz.de\/cssbibb\/wp-json\/wp\/v2\/users\/760"}],"replies":[{"embeddable":true,"href":"https:\/\/wp.uni-koblenz.de\/cssbibb\/wp-json\/wp\/v2\/comments?post=4"}],"version-history":[{"count":6,"href":"https:\/\/wp.uni-koblenz.de\/cssbibb\/wp-json\/wp\/v2\/pages\/4\/revisions"}],"predecessor-version":[{"id":795,"href":"https:\/\/wp.uni-koblenz.de\/cssbibb\/wp-json\/wp\/v2\/pages\/4\/revisions\/795"}],"up":[{"embeddable":true,"href":"https:\/\/wp.uni-koblenz.de\/cssbibb\/wp-json\/wp\/v2\/pages\/3"}],"wp:attachment":[{"href":"https:\/\/wp.uni-koblenz.de\/cssbibb\/wp-json\/wp\/v2\/media?parent=4"}],"curies":[{"name":"wp","href":"https:\/\/api.w.org\/{rel}","templated":true}]}}