{"id":571,"date":"2025-05-23T12:02:15","date_gmt":"2025-05-23T10:02:15","guid":{"rendered":"https:\/\/wp.uni-koblenz.de\/cssbibb\/?page_id=571"},"modified":"2025-11-28T10:29:11","modified_gmt":"2025-11-28T09:29:11","slug":"bonn-koblenz-kolloquium-fuer-computational-social-sciences","status":"publish","type":"page","link":"https:\/\/wp.uni-koblenz.de\/cssbibb\/bonn-koblenz-kolloquium-fuer-computational-social-sciences\/","title":{"rendered":"Bonn-Koblenz Kolloquium f\u00fcr Computational Social Sciences"},"content":{"rendered":"<p>Das Bonn-Koblenz Kolloquium f\u00fcr Computational Social Sciences ist der zentrale Austauschort f\u00fcr die gemeinsamen Arbeiten im Bereich Computational Social Sciences am BIBB (Bonn) und an der Universit\u00e4t Koblenz.<\/p>\n<h2>Termine<\/h2>\n<p><a href=\"https:\/\/wp.uni-koblenz.de\/cssbibb\/en\/bonn-koblenz-colloquium-for-computational-social-sciences\/\">Siehe englische Seite<\/a>.<\/p>\n<h2>Zeit und Ort<\/h2>\n<p>Das Kolloquium findet in der Regel montags w\u00e4hrend der Vorlesungszeit um 13:45 statt. Jeder ist herzlich willkommen!<\/p>\n<p>In aller Regel werden die Vortr\u00e4ge auch \u00fcber BBB \u00fcbertragen oder in Einzelf\u00e4llen auch vollst\u00e4ndig online gehalten.<\/p>\n<h2>Organisation<\/h2>\n<p>Neben nationalen und internationalen Pers\u00f6nlichkeiten, die die Pr\u00e4sentation aktueller Forschungsergebnisse sowie den Wissensaustausch \u00fcber Informatik und Sozialwissenschaften erm\u00f6glichen, ist auch die aktive Beteiligung von Studierenden gew\u00fcnscht.<\/p>\n<p>Vortr\u00e4ge k\u00f6nnen auf Deutsch oder Englisch gehalten werden.<\/p>\n<p>Bitte kontaktieren Sie <a href=\"mailto:doerpinghaus@uni-koblenz.de\">Jens D\u00f6rpinghaus<\/a> bei Vorschl\u00e4gen f\u00fcr Vortr\u00e4ge.<\/p>\n","protected":false},"excerpt":{"rendered":"<p>Das Bonn-Koblenz Kolloquium f\u00fcr Computational Social Sciences ist der zentrale Austauschort f\u00fcr die gemeinsamen Arbeiten im Bereich Computational Social Sciences am BIBB (Bonn) und an der Universit\u00e4t Koblenz. Termine Siehe englische Seite. Zeit und Ort Das Kolloquium findet in der &hellip;<\/p>\n<p class=\"read-more\"> <a class=\"more-link\" href=\"https:\/\/wp.uni-koblenz.de\/cssbibb\/bonn-koblenz-kolloquium-fuer-computational-social-sciences\/\"> <span class=\"screen-reader-text\">Bonn-Koblenz Kolloquium f\u00fcr Computational Social Sciences<\/span> Weiterlesen &raquo;<\/a><\/p>\n","protected":false},"author":809,"featured_media":0,"parent":0,"menu_order":0,"comment_status":"closed","ping_status":"closed","template":"","meta":{"_bbp_topic_count":0,"_bbp_reply_count":0,"_bbp_total_topic_count":0,"_bbp_total_reply_count":0,"_bbp_voice_count":0,"_bbp_anonymous_reply_count":0,"_bbp_topic_count_hidden":0,"_bbp_reply_count_hidden":0,"_bbp_forum_subforum_count":0,"footnotes":""},"class_list":["post-571","page","type-page","status-publish","hentry"],"_links":{"self":[{"href":"https:\/\/wp.uni-koblenz.de\/cssbibb\/wp-json\/wp\/v2\/pages\/571","targetHints":{"allow":["GET"]}}],"collection":[{"href":"https:\/\/wp.uni-koblenz.de\/cssbibb\/wp-json\/wp\/v2\/pages"}],"about":[{"href":"https:\/\/wp.uni-koblenz.de\/cssbibb\/wp-json\/wp\/v2\/types\/page"}],"author":[{"embeddable":true,"href":"https:\/\/wp.uni-koblenz.de\/cssbibb\/wp-json\/wp\/v2\/users\/809"}],"replies":[{"embeddable":true,"href":"https:\/\/wp.uni-koblenz.de\/cssbibb\/wp-json\/wp\/v2\/comments?post=571"}],"version-history":[{"count":3,"href":"https:\/\/wp.uni-koblenz.de\/cssbibb\/wp-json\/wp\/v2\/pages\/571\/revisions"}],"predecessor-version":[{"id":689,"href":"https:\/\/wp.uni-koblenz.de\/cssbibb\/wp-json\/wp\/v2\/pages\/571\/revisions\/689"}],"wp:attachment":[{"href":"https:\/\/wp.uni-koblenz.de\/cssbibb\/wp-json\/wp\/v2\/media?parent=571"}],"curies":[{"name":"wp","href":"https:\/\/api.w.org\/{rel}","templated":true}]}}