{"id":6,"date":"2024-10-31T13:17:39","date_gmt":"2024-10-31T12:17:39","guid":{"rendered":"https:\/\/wp.uni-koblenz.de\/cssbibb\/veranstaltungen\/schlagwoerter\/"},"modified":"2026-01-12T07:28:18","modified_gmt":"2026-01-12T06:28:18","slug":"abschlussarbeiten","status":"publish","type":"page","link":"https:\/\/wp.uni-koblenz.de\/cssbibb\/forschung\/abschlussarbeiten\/","title":{"rendered":"Abschlussarbeiten"},"content":{"rendered":"\n<p>Gelegentlich sind wir Co-Betreuer oder Betreuer von Bachelor- und Masterarbeiten, zum Beispiel an der Universit\u00e4t Koblenz, der LNU in V\u00e4xj\u00f6 und der Universit\u00e4t K\u00f6ln. Sie k\u00f6nnen sich mit uns in Verbindung setzen, wenn Sie an einer Abschlussarbeit interessiert sind, in der Regel, wenn Sie in einem Informatik- oder Mathematikstudiengang eingeschrieben sind.<\/p>\n\n\n\n<p><strong>Voraussetzungen<\/strong>: Wir empfehlen Ihnen, entweder unsere Vorlesungen zu besuchen, z. B. \u201eAlgorithmen und fortgeschrittene Datenstrukturen\u201c, \u201eGraphentheorie\u201c, \u201eComputational Social Sciences\u201c, oder eines der Praktika\/Seminare.<\/p>\n\n\n\n<p><strong>Sprache<\/strong>: Es ist m\u00f6glich, Ihre Arbeit in Englisch, Schwedisch (nur JD) und Deutsch zu verfassen. F\u00fcr bestimmte Themen sind Deutschkenntnisse empfehlenswert, da deutsche Texte gelesen und analysiert werden m\u00fcssen. Bitte kontaktieren Sie uns, wenn Sie Fragen haben.<\/p>\n\n\n\n<p><strong>Programmierung<\/strong>: Das Ziel einer Abschlussarbeit besteht darin, neue Methoden und Techniken zu erforschen. Eine praktische Umsetzung ist in der Regel ein notwendiger Teil des Prozesses. Eine wichtige Voraussetzung ist daher, dass Sie bereits \u00fcber gute Programmierkenntnisse verf\u00fcgen, zum Beispiel in Python.<\/p>\n\n\n\n<h2 class=\"wp-block-heading\">Erste Schritte<\/h2>\n\n\n\n<p>Wir empfehlen Ihnen, sich mindestens 2-3 Monate vor dem gew\u00fcnschten Starttermin \u00fcber die M\u00f6glichkeit einer Betreuung Ihrer Abschlussarbeit zu erkundigen. Bitte legen Sie au\u00dferdem eine aktuelle Noten\u00fcbersicht vor, damit wir ein passendes Thema finden k\u00f6nnen. Bitte kontaktieren Sie uns daher mit einigen ersten Informationen:<\/p>\n\n\n\n<ul class=\"wp-block-list\">\n<li>Eine erste Idee f\u00fcr ein Thema (siehe unten).<\/li>\n\n\n\n<li>Einer Noten\u00fcbersicht.<\/li>\n\n\n\n<li>Ggf. eine Idee f\u00fcr einen Erstbetreuer, wenn notwendig.<\/li>\n<\/ul>\n\n\n\n<h2 class=\"wp-block-heading\">Themen<\/h2>\n\n\n\n<p>Bitte beachten Sie, dass diese Themen nur eine kleine Auswahl der verf\u00fcgbaren Themen sind. Bitte kontaktieren Sie uns f\u00fcr weitere Themen. Die Liste der Themen umfasst unter anderem:<\/p>\n\n\n\n<p><strong>1. Algorithmen und Datenstrukturen<\/strong><\/p>\n\n\n\n<ul class=\"wp-block-list\">\n<li><s>A distributed system for invoking the BundesAPI with integration to a data warehouse<\/s><\/li>\n\n\n\n<li><a href=\"https:\/\/wp.uni-koblenz.de\/cssbibb\/wp-content\/uploads\/sites\/232\/2024\/11\/2024_Towards-an-efficient-heuristic-for-betweenness-centrality.pdf\">Towards an efficient heuristic for betweenness centrality<\/a><\/li>\n<\/ul>\n\n\n\n<p><strong>2. Komplexe Netzwerke\/ Graphentheorie\/ Soziale Netzwerke<\/strong><\/p>\n\n\n\n<ul class=\"wp-block-list\">\n<li><a href=\"https:\/\/wp.uni-koblenz.de\/cssbibb\/wp-content\/uploads\/sites\/232\/2024\/11\/2024_The-Development-of-Centrality-Measures-in-Longitudinal-Networks.pdf\">The Development of Centrality Measures in Longitudinal Networks<\/a><\/li>\n\n\n\n<li><a href=\"https:\/\/wp.uni-koblenz.de\/cssbibb\/wp-content\/uploads\/sites\/232\/2024\/11\/2024_The-Influence-of-Centrality-Measures-on-Link-Prediction-in-Knowledge-Graphs.pdf\">The influence of centrality measures on link prediction in knowledge graphs<\/a><\/li>\n\n\n\n<li><a href=\"https:\/\/wp.uni-koblenz.de\/cssbibb\/wp-content\/uploads\/sites\/232\/2024\/11\/2024_Visualize-and-analyze-the-centrality-measures-in-longitudinal-networks.pdf\">Visualize and analyze the centrality measures in longitudinal networks<\/a><\/li>\n<\/ul>\n\n\n\n<p><strong>3.Ontologie und Wissensgraphenen<\/strong><\/p>\n\n\n\n<ul class=\"wp-block-list\">\n<li><a href=\"https:\/\/wp.uni-koblenz.de\/cssbibb\/wp-content\/uploads\/sites\/232\/2024\/11\/2024_Integration-of-Historical-Labor-Market-Data-to-GLMO.pdf\">Integration of Historical Labor Market Data to GLMO<\/a><\/li>\n\n\n\n<li><a href=\"https:\/\/wp.uni-koblenz.de\/cssbibb\/wp-content\/uploads\/sites\/232\/2024\/11\/2024_Integrating-quantitative-data-into-a-labor-market-knowledge-graph-for-graph-learning-.pdf\">Integrating quantitative data into a labor market knowledge graph for graph learning<\/a><\/li>\n\n\n\n<li>Integration of a genealogy of occupations <\/li>\n<\/ul>\n\n\n\n<p><strong>5. Text Mining\/NLP<\/strong><\/p>\n\n\n\n<ul class=\"wp-block-list\">\n<li><a href=\"https:\/\/wp.uni-koblenz.de\/cssbibb\/wp-content\/uploads\/sites\/232\/2024\/11\/2024_Ontology-based-Named-Entity-Recognition-in-Training-Regulations.pdf\">Ontology-based Named Entity Recognition in Training Regulations<\/a><\/li>\n\n\n\n<li>Development of an information system on the basis of official labor market communication<\/li>\n\n\n\n<li>Scraping and analysing German podcast data<\/li>\n\n\n\n<li>Scraping and analysing public broadcasting audio and video<\/li>\n\n\n\n<li>The development of occupations in text corpora<\/li>\n<\/ul>\n\n\n\n<p><strong>6. Computational Social Sciences und Digital Humanities<\/strong><\/p>\n\n\n\n<ul class=\"wp-block-list\">\n<li><a href=\"https:\/\/wp.uni-koblenz.de\/cssbibb\/wp-content\/uploads\/sites\/232\/2024\/11\/2024_ClusteringTrend.pdf\">Clustering of labor market data and trend flow<\/a><\/li>\n\n\n\n<li><s>A Web Crawler for VHS courses<\/s><\/li>\n\n\n\n<li><a href=\"https:\/\/wp.uni-koblenz.de\/cssbibb\/wp-content\/uploads\/sites\/232\/2025\/04\/2025_DDR-Berufe.pdf\">Digitalisierung von DDR Berufsdaten<\/a><\/li>\n\n\n\n<li><a href=\"https:\/\/wp.uni-koblenz.de\/cssbibb\/wp-content\/uploads\/sites\/232\/2025\/04\/2025_KammerScraper.pdf\">Retrieve continuing education data from German chambers<\/a><\/li>\n\n\n\n<li>Scrape job reviews from online platforms<\/li>\n\n\n\n<li>Retrieving OJA Data from online platforms<\/li>\n\n\n\n<li><a href=\"https:\/\/wp.uni-koblenz.de\/cssbibb\/wp-content\/uploads\/sites\/232\/2024\/11\/2024_Exploring-clustering-methods-for-records-of-continuing-education.pdf\">Exploring clustering methods for records of continuing education<\/a><\/li>\n\n\n\n<li><a href=\"https:\/\/wp.uni-koblenz.de\/cssbibb\/wp-content\/uploads\/sites\/232\/2024\/11\/2024_Labor-Market-Demands-and-their-Perception-on-Social-Media.pdf\">Labor Market Demands and their Perception on Social Media<\/a><\/li>\n\n\n\n<li>Analysing YouTube data<\/li>\n\n\n\n<li>Representativity of online social media data <\/li>\n\n\n\n<li>Hermeneutics and LLMs<\/li>\n\n\n\n<li><\/li>\n<\/ul>\n\n\n\n<h2 class=\"wp-block-heading\">N\u00fctzliche Links <\/h2>\n\n\n\n<ul class=\"wp-block-list\">\n<li><a href=\"https:\/\/www.sparci.de\/\">https:\/\/www.sparci.de\/<\/a><\/li>\n<\/ul>\n\n\n\n<h2 class=\"wp-block-heading\">N\u00fctzliche Literatur<\/h2>\n\n\n\n<ul class=\"wp-block-list\">\n<li><a href=\"https:\/\/doku.iab.de\/fdz\/reporte\/2013\/MR_08-13_EN.pdf\">Deutsche Klassifikation der Berufe<\/a><\/li>\n<\/ul>\n","protected":false},"excerpt":{"rendered":"<p>Gelegentlich sind wir Co-Betreuer oder Betreuer von Bachelor- und Masterarbeiten, zum Beispiel an der Universit\u00e4t Koblenz, der LNU in V\u00e4xj\u00f6 und der Universit\u00e4t K\u00f6ln. Sie k\u00f6nnen sich mit uns in Verbindung setzen, wenn Sie an einer Abschlussarbeit interessiert sind, in &hellip;<\/p>\n<p class=\"read-more\"> <a class=\"more-link\" href=\"https:\/\/wp.uni-koblenz.de\/cssbibb\/forschung\/abschlussarbeiten\/\"> <span class=\"screen-reader-text\">Abschlussarbeiten<\/span> Weiterlesen &raquo;<\/a><\/p>\n","protected":false},"author":760,"featured_media":0,"parent":3,"menu_order":0,"comment_status":"closed","ping_status":"closed","template":"","meta":{"_bbp_topic_count":0,"_bbp_reply_count":0,"_bbp_total_topic_count":0,"_bbp_total_reply_count":0,"_bbp_voice_count":0,"_bbp_anonymous_reply_count":0,"_bbp_topic_count_hidden":0,"_bbp_reply_count_hidden":0,"_bbp_forum_subforum_count":0,"footnotes":""},"class_list":["post-6","page","type-page","status-publish","hentry"],"_links":{"self":[{"href":"https:\/\/wp.uni-koblenz.de\/cssbibb\/wp-json\/wp\/v2\/pages\/6","targetHints":{"allow":["GET"]}}],"collection":[{"href":"https:\/\/wp.uni-koblenz.de\/cssbibb\/wp-json\/wp\/v2\/pages"}],"about":[{"href":"https:\/\/wp.uni-koblenz.de\/cssbibb\/wp-json\/wp\/v2\/types\/page"}],"author":[{"embeddable":true,"href":"https:\/\/wp.uni-koblenz.de\/cssbibb\/wp-json\/wp\/v2\/users\/760"}],"replies":[{"embeddable":true,"href":"https:\/\/wp.uni-koblenz.de\/cssbibb\/wp-json\/wp\/v2\/comments?post=6"}],"version-history":[{"count":9,"href":"https:\/\/wp.uni-koblenz.de\/cssbibb\/wp-json\/wp\/v2\/pages\/6\/revisions"}],"predecessor-version":[{"id":709,"href":"https:\/\/wp.uni-koblenz.de\/cssbibb\/wp-json\/wp\/v2\/pages\/6\/revisions\/709"}],"up":[{"embeddable":true,"href":"https:\/\/wp.uni-koblenz.de\/cssbibb\/wp-json\/wp\/v2\/pages\/3"}],"wp:attachment":[{"href":"https:\/\/wp.uni-koblenz.de\/cssbibb\/wp-json\/wp\/v2\/media?parent=6"}],"curies":[{"name":"wp","href":"https:\/\/api.w.org\/{rel}","templated":true}]}}