{"id":7,"date":"2024-10-31T13:17:39","date_gmt":"2024-10-31T12:17:39","guid":{"rendered":"https:\/\/wp.uni-koblenz.de\/cssbibb\/veranstaltungen\/meine-buchungen\/"},"modified":"2026-02-09T09:42:28","modified_gmt":"2026-02-09T08:42:28","slug":"meine-buchungen","status":"publish","type":"page","link":"https:\/\/wp.uni-koblenz.de\/cssbibb\/forschung\/meine-buchungen\/","title":{"rendered":"Veranstaltungen und CfP"},"content":{"rendered":"\n<p><strong>Diese Seite wird nicht mehr weiter gepflegt. Bitte benutzen Sie die englische Version dieser Seite. <\/strong><\/p>\n\n\n\n<p>Die Veranstaltungen der AG Data Science werden gesondert angek\u00fcndigt.<\/p>\n\n\n\n<h2 class=\"wp-block-heading\">Kommende Veranstaltungen und CfP<\/h2>\n\n\n\n<figure class=\"wp-block-table\"><table class=\"has-fixed-layout\"><tbody><tr><td><strong>Name<\/strong><\/td><td><strong>Deadline<\/strong><\/td><td><strong>Conference Date<\/strong><\/td><td><strong>Primary Audience<\/strong><\/td><td><strong>Location<\/strong><\/td><td><strong>CfP<\/strong><\/td><\/tr><tr><td>AI-HuSo @ FedCSIS<\/td><td>?<\/td><td><span class=\"node node--type-event-date-location node--view-mode-default ds-1col clearfix\">23-26.9.2026<\/span><\/td><td>CS, CSS, DH, DT<\/td><td>Riga<\/td><td><a href=\"https:\/\/2026.fedcsis.org\/thematic\/ai-huso\">Link<\/a><\/td><\/tr><\/tbody><\/table><\/figure>\n\n\n\n<h2 class=\"wp-block-heading\">Vergangene Veranstaltungen und CfP<\/h2>\n\n\n\n<figure class=\"wp-block-table\"><table class=\"has-fixed-layout\"><tbody><tr><td><strong>Name<\/strong><\/td><td><strong>Deadline<\/strong><\/td><td><strong>Conference Date<\/strong><\/td><td><strong>Primary Audience<\/strong><\/td><td><strong>Location<\/strong><\/td><td><strong>CfP<\/strong><\/td><\/tr><tr><td>Integrating Data Sources for Smarter Interdisciplinary AI Solutions: Challenges and Opportunities<\/td><td>15.1.2026<\/td><td>Special Issue<\/td><td><\/td><td>AI<\/td><td><a href=\"https:\/\/www.mdpi.com\/journal\/ai\/special_issues\/8041R35370\">Link<\/a><\/td><\/tr><tr><td>2nd International Workshop on AI in Society, Education and Educational Research (AISEER)<\/td><td>3.6.2025<\/td><td><span class=\"node node--type-event-date-location node--view-mode-default ds-1col clearfix\">25-30.10.2025<br>\n<\/span><\/td><td>CS, CSS, SoS, ES<\/td><td>Bologna<\/td><td><a href=\"https:\/\/wp.uni-koblenz.de\/cssbibb\/en\/international-workshop-on-ai-in-society-education-and-educational-research-aiseer\/\">Link<\/a><\/td><\/tr><tr><td>AI-HuSo @ FedCSIS<\/td><td>25.05.2025<\/td><td><span class=\"node node--type-event-date-location node--view-mode-default ds-1col clearfix\">14-17.9.2025<\/span><\/td><td>CS, CSS, DH, DT<\/td><td>Krakow<\/td><td><a href=\"https:\/\/2025.fedcsis.org\/thematic\/ai-huso\">Link<\/a><\/td><\/tr><tr><td>DAI-EaR\u201925 @ Informatik2025<\/td><td>15.4.2024<\/td><td>16.-19.9.2025<\/td><td>CS, CSS, SoS, ES<\/td><td>Potsdam<\/td><td><a href=\"https:\/\/wp.uni-koblenz.de\/cssbibb\/en\/digitalization-and-ai-for-society-in-education-and-educational-research-dai-ear25\/\">Link<\/a><\/td><\/tr><tr><td>Sammelband \u201cAdvcances in CSS\u201d<\/td><td>28.11.2024<\/td><td>\u2014<\/td><td>CS, CSS<\/td><td>\u2014<\/td><td><a href=\"https:\/\/wp.uni-koblenz.de\/cssbibb\/en\/call-for-submission-of-chapters-in-edited-book-springer\/\">Link<\/a><\/td><\/tr><tr><td>AI-HuSo @ FedCSIS<\/td><td>28.5.2024<\/td><td>8\u2013\u206011.9.2024<\/td><td>CS, CSS, DH, DT<\/td><td>Belgrad<\/td><td><a href=\"https:\/\/2024.fedcsis.org\/thematic\/ai-huso\" target=\"_blank\" rel=\"noopener\">AI-HuSo<\/a><\/td><\/tr><tr><td>AIEER @ ECAI24<\/td><td>31.5.2024<\/td><td>19-20.10.2024<\/td><td>CS, CSS, SoS, ES<\/td><td>Santiago de Compostela<\/td><td><a href=\"https:\/\/www.bibb.de\/dokumente\/pdf\/cfp_ecai2024.pdf\" target=\"_blank\" rel=\"noopener\">AIEER<\/a><\/td><\/tr><tr><td>DAI-EaR\u201924 @ Informatik2024<\/td><td>15.5.2024<\/td><td>24.-26.9.2024<\/td><td>CS, CSS, SoS, ES<\/td><td>Wiesbaden<\/td><td><a href=\"https:\/\/www.bibb.de\/dokumente\/pdf\/a12_cfp_informatik2024.pdf\" target=\"_blank\" rel=\"noopener\">Link<\/a><\/td><\/tr><tr><td>Eine Klasse f\u00fcr sich, ein klasse Werkzeug oder klassisch \u00fcbersch\u00e4tzt?<\/td><td>15.3.2024<\/td><td>23.-25.09.2024<\/td><td>SoS, CSS<\/td><td>Osnabr\u00fcck<\/td><td><a href=\"https:\/\/soziologie.de\/fileadmin\/user_upload\/konferenz\/2024\/Calls\/02_-_Ontologien.pdf\" target=\"_blank\" rel=\"noopener\">Link<\/a><\/td><\/tr><\/tbody><\/table><\/figure>\n","protected":false},"excerpt":{"rendered":"<p>Diese Seite wird nicht mehr weiter gepflegt. Bitte benutzen Sie die englische Version dieser Seite. Die Veranstaltungen der AG Data Science werden gesondert angek\u00fcndigt. Kommende Veranstaltungen und CfP Name Deadline Conference Date Primary Audience Location CfP AI-HuSo @ FedCSIS ? &hellip;<\/p>\n<p class=\"read-more\"> <a class=\"more-link\" href=\"https:\/\/wp.uni-koblenz.de\/cssbibb\/forschung\/meine-buchungen\/\"> <span class=\"screen-reader-text\">Veranstaltungen und CfP<\/span> Weiterlesen &raquo;<\/a><\/p>\n","protected":false},"author":760,"featured_media":0,"parent":3,"menu_order":0,"comment_status":"closed","ping_status":"closed","template":"","meta":{"_bbp_topic_count":0,"_bbp_reply_count":0,"_bbp_total_topic_count":0,"_bbp_total_reply_count":0,"_bbp_voice_count":0,"_bbp_anonymous_reply_count":0,"_bbp_topic_count_hidden":0,"_bbp_reply_count_hidden":0,"_bbp_forum_subforum_count":0,"footnotes":""},"class_list":["post-7","page","type-page","status-publish","hentry"],"_links":{"self":[{"href":"https:\/\/wp.uni-koblenz.de\/cssbibb\/wp-json\/wp\/v2\/pages\/7","targetHints":{"allow":["GET"]}}],"collection":[{"href":"https:\/\/wp.uni-koblenz.de\/cssbibb\/wp-json\/wp\/v2\/pages"}],"about":[{"href":"https:\/\/wp.uni-koblenz.de\/cssbibb\/wp-json\/wp\/v2\/types\/page"}],"author":[{"embeddable":true,"href":"https:\/\/wp.uni-koblenz.de\/cssbibb\/wp-json\/wp\/v2\/users\/760"}],"replies":[{"embeddable":true,"href":"https:\/\/wp.uni-koblenz.de\/cssbibb\/wp-json\/wp\/v2\/comments?post=7"}],"version-history":[{"count":6,"href":"https:\/\/wp.uni-koblenz.de\/cssbibb\/wp-json\/wp\/v2\/pages\/7\/revisions"}],"predecessor-version":[{"id":732,"href":"https:\/\/wp.uni-koblenz.de\/cssbibb\/wp-json\/wp\/v2\/pages\/7\/revisions\/732"}],"up":[{"embeddable":true,"href":"https:\/\/wp.uni-koblenz.de\/cssbibb\/wp-json\/wp\/v2\/pages\/3"}],"wp:attachment":[{"href":"https:\/\/wp.uni-koblenz.de\/cssbibb\/wp-json\/wp\/v2\/media?parent=7"}],"curies":[{"name":"wp","href":"https:\/\/api.w.org\/{rel}","templated":true}]}}