{"id":108,"date":"2013-06-27T11:30:12","date_gmt":"2013-06-27T09:30:12","guid":{"rendered":"http:\/\/userpages.uni-koblenz.de\/~mbonse\/?page_id=108"},"modified":"2013-06-27T11:30:12","modified_gmt":"2013-06-27T09:30:12","slug":"impressum","status":"publish","type":"page","link":"https:\/\/wp.uni-koblenz.de\/digitalmedia\/impressum\/","title":{"rendered":"Impressum"},"content":{"rendered":"<article id=\"post\">\n<div>\n<div>\n<h3>Diese Webseite wird betrieben vom \u2026<\/h3>\n<address>Arbeitsbereich DIGITALE MEDIEN<br \/>\nam Institut f\u00fcr Kunstwissenschaft<br \/>\nUniversit\u00e4t Koblenz<br \/>\nUniversit\u00e4tstra\u00dfe 1<br \/>\nD-56068\u00a0Koblenz<br \/>\nE-Mail: digitalmedia(at)uni-koblenz.de<\/address>\n<h3>Haftungsausschluss &amp; Urheberrechtshinweis<\/h3>\n<p>Trotz sorgf\u00e4ltiger inhaltlicher Kontrolle wird keine Haftung f\u00fcr die Inhalte externer Links \u00fcbernommen. F\u00fcr den Inhalt externer Seiten sind deren Betreiber verantwortlich.<br \/>\nAlle Elemente (Texte, Bilder, Videos, Software usw.) dieser Website sind urheberrechtlich gesch\u00fctzt. Ihre Verwendung, Vervielf\u00e4ltigung und Weitergabe ist ohne schriftliche Zustimmung des Arbeitsbereichs DIGITALE MEDIEN nicht gestattet.<\/p>\n<p><a title=\"A Semantic Personal Publishing Platform\" href=\"http:\/.org\/\" rel=\"generator\">Proudly powered by WordPress<\/a>. Theme: Snaps by <a href=\"http:\/\/graphpaperpress.com\/\" rel=\"designer\">Graph Paper Press<\/a><\/p>\n<\/div>\n<\/div>\n<\/article>\n","protected":false},"excerpt":{"rendered":"<p>Diese Webseite wird betrieben vom \u2026 Arbeitsbereich DIGITALE MEDIEN am Institut f\u00fcr Kunstwissenschaft Universit\u00e4t Koblenz Universit\u00e4tstra\u00dfe 1 D-56068\u00a0Koblenz E-Mail: digitalmedia(at)uni-koblenz.de Haftungsausschluss &amp; Urheberrechtshinweis Trotz sorgf\u00e4ltiger inhaltlicher Kontrolle wird keine Haftung f\u00fcr die Inhalte externer Links \u00fcbernommen. F\u00fcr den Inhalt externer Seiten sind deren Betreiber verantwortlich. Alle Elemente (Texte, Bilder, Videos, Software usw.) dieser Website sind [&hellip;]<\/p>\n","protected":false},"author":820,"featured_media":0,"parent":0,"menu_order":5,"comment_status":"closed","ping_status":"closed","template":"","meta":{"footnotes":""},"class_list":["post-108","page","type-page","status-publish","hentry"],"_links":{"self":[{"href":"https:\/\/wp.uni-koblenz.de\/digitalmedia\/wp-json\/wp\/v2\/pages\/108","targetHints":{"allow":["GET"]}}],"collection":[{"href":"https:\/\/wp.uni-koblenz.de\/digitalmedia\/wp-json\/wp\/v2\/pages"}],"about":[{"href":"https:\/\/wp.uni-koblenz.de\/digitalmedia\/wp-json\/wp\/v2\/types\/page"}],"author":[{"embeddable":true,"href":"https:\/\/wp.uni-koblenz.de\/digitalmedia\/wp-json\/wp\/v2\/users\/820"}],"replies":[{"embeddable":true,"href":"https:\/\/wp.uni-koblenz.de\/digitalmedia\/wp-json\/wp\/v2\/comments?post=108"}],"version-history":[{"count":0,"href":"https:\/\/wp.uni-koblenz.de\/digitalmedia\/wp-json\/wp\/v2\/pages\/108\/revisions"}],"wp:attachment":[{"href":"https:\/\/wp.uni-koblenz.de\/digitalmedia\/wp-json\/wp\/v2\/media?parent=108"}],"curies":[{"name":"wp","href":"https:\/\/api.w.org\/{rel}","templated":true}]}}