{"id":111,"date":"2013-06-27T11:31:56","date_gmt":"2013-06-27T09:31:56","guid":{"rendered":"http:\/\/userpages.uni-koblenz.de\/~mbonse\/?page_id=111"},"modified":"2013-06-27T11:31:56","modified_gmt":"2013-06-27T09:31:56","slug":"kontakt","status":"publish","type":"page","link":"https:\/\/wp.uni-koblenz.de\/digitalmedia\/kontakt\/","title":{"rendered":"Kontakt"},"content":{"rendered":"<article id=\"post\">\n<div>\n<h3>Dr. Markus Lohoff<\/h3>\n<p>Sprechzeit: Mi 12 \u2013 13 Uhr u.n.V.<br \/>\nTel. +49.261.287-2120<br \/>\nFax +49.261.287-2121<br \/>\nE-Mail: digitalmedia(at)uni-koblenz.de<br \/>\n<a href=\"https:\/\/www.uni-koblenz.de\/de\/philologie-kulturwissenschaften\/kunst\/lehre\/digitale-medien\" target=\"_blank\" rel=\"noopener\">Homepage<\/a> des Arbeitsbereichs<\/p>\n<p>Claudia Erdmann (Sekretariat)<br \/>\nTel. +49.261.287-2120<br \/>\nFax +49.261.287-2121<br \/>\nE-Mail: ikw(at)uni-koblenz.de<br \/>\n<a href=\"https:\/\/www.uni-koblenz.de\/de\/philologie-kulturwissenschaften\/kunst\" target=\"_blank\" rel=\"noopener\">Homepage<\/a> des Instituts<\/p>\n<h3>Anschrift<\/h3>\n<p>Arbeitsbereich DIGITALE MEDIEN<br \/>\nam Institut f\u00fcr Kunstwissenschaft<br \/>\nUniversit\u00e4t Koblenz<br \/>\nUniversit\u00e4tsstr. 1<br \/>\nD-56070 Koblenz, Germany<\/p>\n<h3>Anreise<\/h3>\n<p><b>Mit dem \u00d6PNV<\/b><br \/>\nDen Campus in Koblenz-Metternich erreichen Sie von der Innenstadt mit den Buslinien 5 (Haltestelle Uni-Metternich) und 20 (Haltestelle Oberweiher \u2013 Uni).<\/p>\n<p><b>Mit dem PKW<\/b><br \/>\nEinen Anfahrts- und Lageplan sowie n\u00e4here Informationen zur Anreise finden Sie in der <a href=\"https:\/\/www.uni-koblenz.de\/de\/universitaet\/anfahrt-und-campusplan\" target=\"_blank\" rel=\"noopener\">Anfahrtsbeschreibung der Universit\u00e4t<\/a>. Parkpl\u00e4tze stehen Studierenden und Besuchern in unmittelbarer N\u00e4he des Campus zur Verf\u00fcgung.<\/p>\n<p>Das Institut f\u00fcr Kunstwissenschaft befindet sich auf dem Campus der Universit\u00e4t im F-Geb\u00e4ude auf der 4. Etage. Das Medienlabor (F230) liegt im Zwischengescho\u00df zwischen der 2. und 3. Etage und ist \u00fcber das hintere Treppenhaus des F-Geb\u00e4udes erreichbar. F\u00fcr einen barrierefreien Zugang steht im hinterern Trakt der ersten Etage ein Fahrstuhl zur Verf\u00fcgung.<\/p>\n<\/div>\n<\/article>\n","protected":false},"excerpt":{"rendered":"<p>Dr. Markus Lohoff Sprechzeit: Mi 12 \u2013 13 Uhr u.n.V. Tel. +49.261.287-2120 Fax +49.261.287-2121 E-Mail: digitalmedia(at)uni-koblenz.de Homepage des Arbeitsbereichs Claudia Erdmann (Sekretariat) Tel. +49.261.287-2120 Fax +49.261.287-2121 E-Mail: ikw(at)uni-koblenz.de Homepage des Instituts Anschrift Arbeitsbereich DIGITALE MEDIEN am Institut f\u00fcr Kunstwissenschaft Universit\u00e4t Koblenz Universit\u00e4tsstr. 1 D-56070 Koblenz, Germany Anreise Mit dem \u00d6PNV Den Campus in Koblenz-Metternich erreichen [&hellip;]<\/p>\n","protected":false},"author":820,"featured_media":0,"parent":0,"menu_order":4,"comment_status":"closed","ping_status":"closed","template":"","meta":{"footnotes":""},"class_list":["post-111","page","type-page","status-publish","hentry"],"_links":{"self":[{"href":"https:\/\/wp.uni-koblenz.de\/digitalmedia\/wp-json\/wp\/v2\/pages\/111","targetHints":{"allow":["GET"]}}],"collection":[{"href":"https:\/\/wp.uni-koblenz.de\/digitalmedia\/wp-json\/wp\/v2\/pages"}],"about":[{"href":"https:\/\/wp.uni-koblenz.de\/digitalmedia\/wp-json\/wp\/v2\/types\/page"}],"author":[{"embeddable":true,"href":"https:\/\/wp.uni-koblenz.de\/digitalmedia\/wp-json\/wp\/v2\/users\/820"}],"replies":[{"embeddable":true,"href":"https:\/\/wp.uni-koblenz.de\/digitalmedia\/wp-json\/wp\/v2\/comments?post=111"}],"version-history":[{"count":0,"href":"https:\/\/wp.uni-koblenz.de\/digitalmedia\/wp-json\/wp\/v2\/pages\/111\/revisions"}],"wp:attachment":[{"href":"https:\/\/wp.uni-koblenz.de\/digitalmedia\/wp-json\/wp\/v2\/media?parent=111"}],"curies":[{"name":"wp","href":"https:\/\/api.w.org\/{rel}","templated":true}]}}