{"id":44,"date":"2013-06-26T21:04:15","date_gmt":"2013-06-26T19:04:15","guid":{"rendered":"http:\/\/userpages.uni-koblenz.de\/~mbonse\/?page_id=44"},"modified":"2025-05-03T18:07:11","modified_gmt":"2025-05-03T16:07:11","slug":"uber-uns","status":"publish","type":"page","link":"https:\/\/wp.uni-koblenz.de\/digitalmedia\/uber-uns\/","title":{"rendered":"\u00dcber uns"},"content":{"rendered":"\n<p>Der Arbeitsbereich DIGITALE MEDIEN befasst sich in Forschung und Lehre mit der k\u00fcnstlerischen Gestaltung und kritischen Reflexion unserer digitalen Lebenswelt. Von den Grundlagen der visuellen und mediatisierten Kommunikation in den Bereichen Foto, Film, Video, Computer- und Netzkunst \u00fcber medienk\u00fcnstlerische Konzepte und praktische Anwendungen der Mensch-Maschine-Interaktion, des Informations- und Interface-Design bis hin zur konzeptuellen Auseinandersetzung mit digitalen Wissensr\u00e4umen und k\u00fcnstlerischen Computer-Spiel-R\u00e4umen.<\/p>\n\n\n\n<p>Das Lehrangebot richtet sich an Studierende der Computervisualistik, der Kunst- und Kulturwissenschaft. Neben den \u201eGrundlagen der Kunstwissenschaft\u201c und der \u201eAnalyse und Interpretation von Werken der bildenden Kunst\u201c z\u00e4hlen hierzu praxisorientierte Veranstaltungen wie \u201eEinf\u00fchrung in das Zeichnen\u201c und \u201eAspekte der Bildgestaltung\u201c. Hierauf aufbauend, bieten wir ein breites Angebot in der Werkstattlehre. Im Kern sind dies medienpraktische Veranstaltungen im Rahmen der BA und MA Module \u201eKunst und Neue Medien\u201c oder \u201eElektronische Bildbearbeitung\u201c, die sich mit je unterschiedlichen Themen in Theorie und Praxis der Medienkunst widmen. Erweitert wird das Angebot durch Veranstaltungen zur Kunstgeschichte, zu Foto, Film, (Musik-)Video, Druckgraphik und Malerei des Seminars f\u00fcr Kunstwissenschaft und des Arbeitsbereichs Kunstp\u00e4dagogik.<\/p>\n\n\n\n<p>Die Werkstattlehre bietet mit ihrer interdisziplin\u00e4ren Ausrichtung und medien\u00fcbergreifenden Gestaltung gro\u00dfen Freiraum zur Ausbildung individueller Fertigkeiten in den verschiedenen Gestaltungsbereichen und fordert zugleich ein hohes Ma\u00df an Kreativit\u00e4t, Eigenverantwortung und Teamf\u00e4higkeit. Die Ergebnisse aus Lehre und Forschung m\u00fcnden in Publikationen und regelm\u00e4\u00dfige Ausstellungen.<\/p>\n","protected":false},"excerpt":{"rendered":"<p>Der Arbeitsbereich DIGITALE MEDIEN befasst sich in Forschung und Lehre mit der k\u00fcnstlerischen Gestaltung und kritischen Reflexion unserer digitalen Lebenswelt. Von den Grundlagen der visuellen und mediatisierten Kommunikation in den Bereichen Foto, Film, Video, Computer- und Netzkunst \u00fcber medienk\u00fcnstlerische Konzepte und praktische Anwendungen der Mensch-Maschine-Interaktion, des Informations- und Interface-Design bis hin zur konzeptuellen Auseinandersetzung mit [&hellip;]<\/p>\n","protected":false},"author":820,"featured_media":0,"parent":0,"menu_order":3,"comment_status":"closed","ping_status":"open","template":"","meta":{"footnotes":""},"class_list":["post-44","page","type-page","status-publish","hentry"],"_links":{"self":[{"href":"https:\/\/wp.uni-koblenz.de\/digitalmedia\/wp-json\/wp\/v2\/pages\/44","targetHints":{"allow":["GET"]}}],"collection":[{"href":"https:\/\/wp.uni-koblenz.de\/digitalmedia\/wp-json\/wp\/v2\/pages"}],"about":[{"href":"https:\/\/wp.uni-koblenz.de\/digitalmedia\/wp-json\/wp\/v2\/types\/page"}],"author":[{"embeddable":true,"href":"https:\/\/wp.uni-koblenz.de\/digitalmedia\/wp-json\/wp\/v2\/users\/820"}],"replies":[{"embeddable":true,"href":"https:\/\/wp.uni-koblenz.de\/digitalmedia\/wp-json\/wp\/v2\/comments?post=44"}],"version-history":[{"count":5,"href":"https:\/\/wp.uni-koblenz.de\/digitalmedia\/wp-json\/wp\/v2\/pages\/44\/revisions"}],"predecessor-version":[{"id":3322,"href":"https:\/\/wp.uni-koblenz.de\/digitalmedia\/wp-json\/wp\/v2\/pages\/44\/revisions\/3322"}],"wp:attachment":[{"href":"https:\/\/wp.uni-koblenz.de\/digitalmedia\/wp-json\/wp\/v2\/media?parent=44"}],"curies":[{"name":"wp","href":"https:\/\/api.w.org\/{rel}","templated":true}]}}