{"id":10426,"date":"2025-04-01T17:02:10","date_gmt":"2025-04-01T15:02:10","guid":{"rendered":"https:\/\/userpages.uni-koblenz.de\/~funkprojekt\/wordpress\/?page_id=10426"},"modified":"2025-12-16T17:37:10","modified_gmt":"2025-12-16T16:37:10","slug":"fortbildungen","status":"publish","type":"page","link":"https:\/\/wp.uni-koblenz.de\/funkprojekt\/fortbildungen\/","title":{"rendered":"Fortbildungen"},"content":{"rendered":"\t\t<div data-elementor-type=\"wp-page\" data-elementor-id=\"10426\" class=\"elementor elementor-10426\">\n\t\t\t\t\t\t<section class=\"elementor-section elementor-top-section elementor-element elementor-element-4a3c03a elementor-section-boxed elementor-section-height-default elementor-section-height-default\" data-id=\"4a3c03a\" data-element_type=\"section\" data-e-type=\"section\">\n\t\t\t\t\t\t<div class=\"elementor-container elementor-column-gap-default\">\n\t\t\t\t\t<div class=\"elementor-column elementor-col-100 elementor-top-column elementor-element elementor-element-f671bbe\" data-id=\"f671bbe\" data-element_type=\"column\" data-e-type=\"column\">\n\t\t\t<div class=\"elementor-widget-wrap elementor-element-populated\">\n\t\t\t\t\t\t<div class=\"elementor-element elementor-element-611907b elementor-widget elementor-widget-text-editor\" data-id=\"611907b\" data-element_type=\"widget\" data-e-type=\"widget\" data-widget_type=\"text-editor.default\">\n\t\t\t\t<div class=\"elementor-widget-container\">\n\t\t\t\t\t\t\t\t\t<p><em style=\"font-family: Roboto, sans-serif;font-size: 14px;font-weight: 400;color: #555555\"><a style=\"font-size: 14px\" href=\"https:\/\/wp.uni-koblenz.de\/funkprojekt\/\">Home<\/a>\u00a0\u00a0 &gt;\u00a0\u00a0\u00a0<a style=\"font-size: 14px\" href=\"https:\/\/wp.uni-koblenz.de\/funkprojekt\/forschung-lehre\/\">Forschung und Lehre<\/a>\u00a0\u00a0 &gt;\u00a0\u00a0<a href=\"https:\/\/wp.uni-koblenz.de\/funkprojekt\/fortbildungen\">Fortbildungen<\/a><\/em><\/p>\t\t\t\t\t\t\t\t<\/div>\n\t\t\t\t<\/div>\n\t\t\t\t\t<\/div>\n\t\t<\/div>\n\t\t\t\t\t<\/div>\n\t\t<\/section>\n\t\t\t\t<section class=\"elementor-section elementor-top-section elementor-element elementor-element-6ebe538 elementor-section-boxed elementor-section-height-default elementor-section-height-default\" data-id=\"6ebe538\" data-element_type=\"section\" data-e-type=\"section\">\n\t\t\t\t\t\t<div class=\"elementor-container elementor-column-gap-default\">\n\t\t\t\t\t<div class=\"elementor-column elementor-col-100 elementor-top-column elementor-element elementor-element-f037e8e\" data-id=\"f037e8e\" data-element_type=\"column\" data-e-type=\"column\">\n\t\t\t<div class=\"elementor-widget-wrap elementor-element-populated\">\n\t\t\t\t\t\t<div class=\"elementor-element elementor-element-f3bd66d elementor-widget elementor-widget-heading\" data-id=\"f3bd66d\" data-element_type=\"widget\" data-e-type=\"widget\" data-widget_type=\"heading.default\">\n\t\t\t\t<div class=\"elementor-widget-container\">\n\t\t\t\t\t<h1 class=\"elementor-heading-title elementor-size-default\">Fortbildungen<\/h1>\t\t\t\t<\/div>\n\t\t\t\t<\/div>\n\t\t\t\t<div class=\"elementor-element elementor-element-469a166 elementor-widget elementor-widget-text-editor\" data-id=\"469a166\" data-element_type=\"widget\" data-e-type=\"widget\" data-widget_type=\"text-editor.default\">\n\t\t\t\t<div class=\"elementor-widget-container\">\n\t\t\t\t\t\t\t\t\t<p>Folgende Fortbildungen wurden in den letzten Semestern angeboten:<\/p>\t\t\t\t\t\t\t\t<\/div>\n\t\t\t\t<\/div>\n\t\t\t\t\t<\/div>\n\t\t<\/div>\n\t\t\t\t\t<\/div>\n\t\t<\/section>\n\t\t\t\t<section class=\"elementor-section elementor-top-section elementor-element elementor-element-b1d7d32 elementor-section-stretched elementor-section-boxed elementor-section-height-default elementor-section-height-default\" data-id=\"b1d7d32\" data-element_type=\"section\" data-e-type=\"section\" data-settings=\"{&quot;stretch_section&quot;:&quot;section-stretched&quot;}\">\n\t\t\t\t\t\t<div class=\"elementor-container elementor-column-gap-default\">\n\t\t\t\t\t<div class=\"elementor-column elementor-col-100 elementor-top-column elementor-element elementor-element-f0534f4\" data-id=\"f0534f4\" data-element_type=\"column\" data-e-type=\"column\">\n\t\t\t<div class=\"elementor-widget-wrap elementor-element-populated\">\n\t\t\t\t\t\t<div class=\"elementor-element elementor-element-5e4eb61 elementor-widget elementor-widget-heading\" data-id=\"5e4eb61\" data-element_type=\"widget\" data-e-type=\"widget\" data-widget_type=\"heading.default\">\n\t\t\t\t<div class=\"elementor-widget-container\">\n\t\t\t\t\t<h2 class=\"elementor-heading-title elementor-size-default\">Fortbildungen im Fr\u00fchjahr 2025 (WiSe 24\/25)<\/h2>\t\t\t\t<\/div>\n\t\t\t\t<\/div>\n\t\t\t\t<div class=\"elementor-element elementor-element-af212cb elementor-widget elementor-widget-text-editor\" data-id=\"af212cb\" data-element_type=\"widget\" data-e-type=\"widget\" data-widget_type=\"text-editor.default\">\n\t\t\t\t<div class=\"elementor-widget-container\">\n\t\t\t\t\t\t\t\t\t<p><strong>Dr. Katharina Hirt<\/strong><\/p><p>Im Rahmen unserer Fortbildungsreihe besch\u00e4ftigten sich die F\u00f6rderlehrer*innen zun\u00e4chst mit Fachtexten aus verschiedenen bei FUNK angebotenen Unterrichtsf\u00e4chern. Gemeinsam wurden sprachliche H\u00fcrden identifiziert und M\u00f6glichkeiten erarbeitet, wie diese im Unterricht sprachf\u00f6rderlich adressiert werden k\u00f6nnen. Anschlie\u00dfend wurden Methoden erprobt, mit denen sich unbekannte Fachbegriffe effektiv erschlie\u00dfen lassen.<\/p><p>In der zweiten Fortbildung standen Operatoren wie <em>erkl\u00e4ren<\/em> oder <em>erl\u00e4utern<\/em>, die regelm\u00e4\u00dfig in Aufgabenstellungen vorkommen, im Mittelpunkt. Die Anforderungen dieser Operatoren wurden analysiert und darauf aufbauend Lerneinheiten entwickelt, die in den darauffolgenden Wochen im Unterricht getestet wurden. Erg\u00e4nzend dazu setzten sich die Teilnehmenden mit typischen Herausforderungen der deutschen Aussprache auseinander und lernten passende \u00dcbungen und Materialien kennen.<\/p><p>In der abschlie\u00dfenden Fortbildung wurden \u2013 angeleitet und im Austausch \u2013 Lerneinheiten f\u00fcr verschiedene Themenkurse entwickelt, die vor den Sommerferien angeboten werden sollten.<\/p>\t\t\t\t\t\t\t\t<\/div>\n\t\t\t\t<\/div>\n\t\t\t\t\t<\/div>\n\t\t<\/div>\n\t\t\t\t\t<\/div>\n\t\t<\/section>\n\t\t\t\t<section class=\"elementor-section elementor-top-section elementor-element elementor-element-b191f69 elementor-section-stretched elementor-section-boxed elementor-section-height-default elementor-section-height-default\" data-id=\"b191f69\" data-element_type=\"section\" data-e-type=\"section\" data-settings=\"{&quot;stretch_section&quot;:&quot;section-stretched&quot;,&quot;background_background&quot;:&quot;classic&quot;}\">\n\t\t\t\t\t\t<div class=\"elementor-container elementor-column-gap-default\">\n\t\t\t\t\t<div class=\"elementor-column elementor-col-100 elementor-top-column elementor-element elementor-element-6e466ac\" data-id=\"6e466ac\" data-element_type=\"column\" data-e-type=\"column\">\n\t\t\t<div class=\"elementor-widget-wrap elementor-element-populated\">\n\t\t\t\t\t\t<div class=\"elementor-element elementor-element-392933c elementor-widget elementor-widget-heading\" data-id=\"392933c\" data-element_type=\"widget\" data-e-type=\"widget\" data-widget_type=\"heading.default\">\n\t\t\t\t<div class=\"elementor-widget-container\">\n\t\t\t\t\t<h2 class=\"elementor-heading-title elementor-size-default\">Welche sprachlichen Register wollen wir bei FUNK f\u00f6rdern und wie bereite ich einen\nsprachsensiblen Fachunterricht vor? (SoSe 24)<\/h2>\t\t\t\t<\/div>\n\t\t\t\t<\/div>\n\t\t\t\t<div class=\"elementor-element elementor-element-1fdd209 elementor-widget elementor-widget-text-editor\" data-id=\"1fdd209\" data-element_type=\"widget\" data-e-type=\"widget\" data-widget_type=\"text-editor.default\">\n\t\t\t\t<div class=\"elementor-widget-container\">\n\t\t\t\t\t\t\t\t\t<p><strong>Dr. Katharina Hirt<\/strong><\/p><p>Mit den Fragen im Titel besch\u00e4ftigte sich die zweite Fortbildung im Schuljahr 23\/24. Dazu im wurden ersten Teil die wesentlichen Merkmale der sprachlichen Register (Bildungssprache, Berufssprache, Fachsprache) mit Relevanz f\u00fcr den fachsprachlichen F\u00f6rderunterricht behandelt.<\/p><p>Danach wurde Scaffolding als Methode der sprachsensiblen Unterrichtsvorbereitung sowie -durchf\u00fchrung vorgestellt und im Anschluss die Genredidaktik als eine Form des Scaffoldings besprochen. Im zweiten Teil der Fortbildung wurden unter Anleitung Lerneinheiten f\u00fcr eine Reihe von Themenkursen konzipiert, die vor den Sommerferien im sogenannten <em>FUNK Spezial<\/em> angeboten werden sollten.<\/p>\t\t\t\t\t\t\t\t<\/div>\n\t\t\t\t<\/div>\n\t\t\t\t\t<\/div>\n\t\t<\/div>\n\t\t\t\t\t<\/div>\n\t\t<\/section>\n\t\t\t\t<section class=\"elementor-section elementor-top-section elementor-element elementor-element-4d37ea0 elementor-section-stretched elementor-section-boxed elementor-section-height-default elementor-section-height-default\" data-id=\"4d37ea0\" data-element_type=\"section\" data-e-type=\"section\" data-settings=\"{&quot;stretch_section&quot;:&quot;section-stretched&quot;}\">\n\t\t\t\t\t\t<div class=\"elementor-container elementor-column-gap-default\">\n\t\t\t\t\t<div class=\"elementor-column elementor-col-100 elementor-top-column elementor-element elementor-element-166f2ce\" data-id=\"166f2ce\" data-element_type=\"column\" data-e-type=\"column\">\n\t\t\t<div class=\"elementor-widget-wrap elementor-element-populated\">\n\t\t\t\t\t\t<div class=\"elementor-element elementor-element-4dcfa82 elementor-widget elementor-widget-heading\" data-id=\"4dcfa82\" data-element_type=\"widget\" data-e-type=\"widget\" data-widget_type=\"heading.default\">\n\t\t\t\t<div class=\"elementor-widget-container\">\n\t\t\t\t\t<h2 class=\"elementor-heading-title elementor-size-default\">Sprachsensible Aufgabenstellungen, ChatGPT zur Unterrichtsvorbereitung bzw. im Unterricht nutzen, Mehrsprachigkeit als Ressource nutzen: Sprachkontrastives Arbeiten (WiSe 23\/24)<\/h2>\t\t\t\t<\/div>\n\t\t\t\t<\/div>\n\t\t\t\t<div class=\"elementor-element elementor-element-55724a1 elementor-widget elementor-widget-text-editor\" data-id=\"55724a1\" data-element_type=\"widget\" data-e-type=\"widget\" data-widget_type=\"text-editor.default\">\n\t\t\t\t<div class=\"elementor-widget-container\">\n\t\t\t\t\t\t\t\t\t<p><strong>Dr. Katharina Hirt<\/strong><\/p><p class=\"MsoNormal\">Unsere Fortbildung im November 2023 besch\u00e4ftigte sich mit mehreren Themenbereichen, die die F\u00f6rderlehrer*innen bei der Unterrichtsvorbereitung f\u00fcr einen sprachsensiblen F\u00f6rderunterricht unterst\u00fctzen sollen. Im ersten Teil wurden die Merkmale sprachsensibler Aufgabenstellungen fach\u00fcbergreifend besprochen und im Anschluss solche f\u00e4cherspezifisch erarbeitet. Danach wurden M\u00f6glichkeiten zur Unterrichtsvorbereitung mit ChatGPT vorgestellt und ausprobiert, dabei wurde auch die Notwendigkeit zur Vermittlung von Awareness f\u00fcr die Schw\u00e4chen dieses Tools diskutiert. Im zweiten Teil der Fortbildung wurden nach einer theoretischen Einf\u00fchrung zur Sprachtypologie Methoden zum sprachkontrastiven Arbeiten im F\u00f6rderunterricht vorgestellt und diskutiert. Es folgte eine Gruppenarbeit zu Sprachbeschreibungen bei FUNK vertretener Sch\u00fcler*innen-Sprachen wie Arabisch, T\u00fcrkisch, Russisch und Vietnamesisch, auf deren Basis zuk\u00fcnftig kontrastive Vergleiche im Unterricht vorgenommen werden k\u00f6nnen.<\/p>\t\t\t\t\t\t\t\t<\/div>\n\t\t\t\t<\/div>\n\t\t\t\t\t<\/div>\n\t\t<\/div>\n\t\t\t\t\t<\/div>\n\t\t<\/section>\n\t\t\t\t<section class=\"elementor-section elementor-top-section elementor-element elementor-element-ef92d71 elementor-section-stretched elementor-section-boxed elementor-section-height-default elementor-section-height-default\" data-id=\"ef92d71\" data-element_type=\"section\" data-e-type=\"section\" data-settings=\"{&quot;stretch_section&quot;:&quot;section-stretched&quot;,&quot;background_background&quot;:&quot;classic&quot;}\">\n\t\t\t\t\t\t<div class=\"elementor-container elementor-column-gap-default\">\n\t\t\t\t\t<div class=\"elementor-column elementor-col-100 elementor-top-column elementor-element elementor-element-503f17e\" data-id=\"503f17e\" data-element_type=\"column\" data-e-type=\"column\">\n\t\t\t<div class=\"elementor-widget-wrap elementor-element-populated\">\n\t\t\t\t\t\t<div class=\"elementor-element elementor-element-7425079 elementor-widget elementor-widget-heading\" data-id=\"7425079\" data-element_type=\"widget\" data-e-type=\"widget\" data-widget_type=\"heading.default\">\n\t\t\t\t<div class=\"elementor-widget-container\">\n\t\t\t\t\t<h2 class=\"elementor-heading-title elementor-size-default\">Neurodidaktik und Grammatikvermittlung im sprachsensiblen Fachunterricht (SoSe 23)<\/h2>\t\t\t\t<\/div>\n\t\t\t\t<\/div>\n\t\t\t\t<div class=\"elementor-element elementor-element-2534660 elementor-widget elementor-widget-text-editor\" data-id=\"2534660\" data-element_type=\"widget\" data-e-type=\"widget\" data-widget_type=\"text-editor.default\">\n\t\t\t\t<div class=\"elementor-widget-container\">\n\t\t\t\t\t\t\t\t\t<p><strong>Dr. Katharina Hirt<\/strong><\/p><p class=\"MsoNormal\">Im ersten Block der Fortbildung wurden neurowissenschaftliche Erkenntnisse zu Sprachlernprozessen vorgestellt und deren Relevanz f\u00fcr einen lernf\u00f6rderlichen Unterricht bei FUNK diskutiert. Im zweiten Fortbildungskomplex erhielten die F\u00f6rderlehrer*innen der naturwissenschaftlichen F\u00e4cher eine Auffrischung im theoretischen Wissen bezogen auf Strukturen der deutschen Sprache, w\u00e4hrend die Englischlehrer*innen einen Basis-Kurs f\u00fcr Englisch f\u00fcr das Sprachniveau A2 konzipierten. Im Anschluss wurden allen Teilnehmer*innen Methoden zur Grammatikvermittlung pr\u00e4sentiert und an konkreten Szenarien deren Umsetzung bei FUNK diskutiert.\u00a0<\/p>\t\t\t\t\t\t\t\t<\/div>\n\t\t\t\t<\/div>\n\t\t\t\t\t<\/div>\n\t\t<\/div>\n\t\t\t\t\t<\/div>\n\t\t<\/section>\n\t\t\t\t<section class=\"elementor-section elementor-top-section elementor-element elementor-element-353ee8b elementor-section-stretched elementor-section-boxed elementor-section-height-default elementor-section-height-default\" data-id=\"353ee8b\" data-element_type=\"section\" data-e-type=\"section\" data-settings=\"{&quot;stretch_section&quot;:&quot;section-stretched&quot;}\">\n\t\t\t\t\t\t<div class=\"elementor-container elementor-column-gap-default\">\n\t\t\t\t\t<div class=\"elementor-column elementor-col-100 elementor-top-column elementor-element elementor-element-08f1fee\" data-id=\"08f1fee\" data-element_type=\"column\" data-e-type=\"column\">\n\t\t\t<div class=\"elementor-widget-wrap elementor-element-populated\">\n\t\t\t\t\t\t<div class=\"elementor-element elementor-element-320e481 elementor-widget elementor-widget-heading\" data-id=\"320e481\" data-element_type=\"widget\" data-e-type=\"widget\" data-widget_type=\"heading.default\">\n\t\t\t\t<div class=\"elementor-widget-container\">\n\t\t\t\t\t<h2 class=\"elementor-heading-title elementor-size-default\">Mehrsprachigkeit und sprachsensibler Fachunterricht (WiSe 22\/23)<\/h2>\t\t\t\t<\/div>\n\t\t\t\t<\/div>\n\t\t\t\t<div class=\"elementor-element elementor-element-bcec970 elementor-widget elementor-widget-text-editor\" data-id=\"bcec970\" data-element_type=\"widget\" data-e-type=\"widget\" data-widget_type=\"text-editor.default\">\n\t\t\t\t<div class=\"elementor-widget-container\">\n\t\t\t\t\t\t\t\t\t<p><strong>Dr. Katharina Hirt<\/strong><\/p>\n<p class=\"MsoNormal\">Die Fortbildung beinhaltete eine Sprachlernerfahrung im fremdsprachigen\nFachunterricht mit anschlie\u00dfender Reflexion sowie eine Einf\u00fchrung in\ndidaktische Konzepte zur Mehrsprachigkeit. Im zweiten Fortbildungskomplex wurden\nfachspezifische Textsorten sprachsensibel didaktisiert und die Erstellung,\nDurchf\u00fchrung und Auswertung des Screening-Instruments \u201eC-Test\u201c f\u00fcr den\nF\u00f6rderunterricht bearbeitet.<\/p>\t\t\t\t\t\t\t\t<\/div>\n\t\t\t\t<\/div>\n\t\t\t\t\t<\/div>\n\t\t<\/div>\n\t\t\t\t\t<\/div>\n\t\t<\/section>\n\t\t\t\t<section class=\"elementor-section elementor-top-section elementor-element elementor-element-d67451b elementor-section-stretched elementor-section-boxed elementor-section-height-default elementor-section-height-default\" data-id=\"d67451b\" data-element_type=\"section\" data-e-type=\"section\" data-settings=\"{&quot;stretch_section&quot;:&quot;section-stretched&quot;,&quot;background_background&quot;:&quot;classic&quot;}\">\n\t\t\t\t\t\t<div class=\"elementor-container elementor-column-gap-default\">\n\t\t\t\t\t<div class=\"elementor-column elementor-col-100 elementor-top-column elementor-element elementor-element-b3193f6\" data-id=\"b3193f6\" data-element_type=\"column\" data-e-type=\"column\">\n\t\t\t<div class=\"elementor-widget-wrap elementor-element-populated\">\n\t\t\t\t\t\t<div class=\"elementor-element elementor-element-b0b5a1a elementor-widget elementor-widget-heading\" data-id=\"b0b5a1a\" data-element_type=\"widget\" data-e-type=\"widget\" data-widget_type=\"heading.default\">\n\t\t\t\t<div class=\"elementor-widget-container\">\n\t\t\t\t\t<h2 class=\"elementor-heading-title elementor-size-default\">Sprachkontrastives Unterrichten und Sprachdiagnostik (SoSe 22)<\/h2>\t\t\t\t<\/div>\n\t\t\t\t<\/div>\n\t\t\t\t<div class=\"elementor-element elementor-element-195c723 elementor-widget elementor-widget-text-editor\" data-id=\"195c723\" data-element_type=\"widget\" data-e-type=\"widget\" data-widget_type=\"text-editor.default\">\n\t\t\t\t<div class=\"elementor-widget-container\">\n\t\t\t\t\t\t\t\t\t<p><strong>Olga Klymenko, Dr. Katharina Hirt<\/strong><\/p><p>Die Fortbildung beinhaltete eine einsprachige Sprachlernerfahrung im Anf\u00e4ngerunterricht Ukrainisch mit anschlie\u00dfender Reflexion sowie eine sprachkontrastive Einf\u00fchrung zu typischen Lernersprachen. Im zweiten Themenkomplex wurden sprachdiagnostische Instrumente vorgestellt und an authentischen Materialien angewendet.<\/p>\t\t\t\t\t\t\t\t<\/div>\n\t\t\t\t<\/div>\n\t\t\t\t\t<\/div>\n\t\t<\/div>\n\t\t\t\t\t<\/div>\n\t\t<\/section>\n\t\t\t\t<\/div>\n\t\t","protected":false},"excerpt":{"rendered":"<p>Home\u00a0\u00a0 &gt;\u00a0\u00a0\u00a0Forschung und Lehre\u00a0\u00a0 &gt;\u00a0\u00a0Fortbildungen Fortbildungen Folgende Fortbildungen wurden in den letzten Semestern angeboten: Fortbildungen im Fr\u00fchjahr 2025 (WiSe 24\/25) Dr. Katharina Hirt Im Rahmen unserer Fortbildungsreihe besch\u00e4ftigten sich die F\u00f6rderlehrer*innen zun\u00e4chst mit Fachtexten aus verschiedenen bei FUNK angebotenen Unterrichtsf\u00e4chern. Gemeinsam wurden sprachliche H\u00fcrden identifiziert und M\u00f6glichkeiten erarbeitet, wie diese im Unterricht sprachf\u00f6rderlich adressiert werden [&hellip;]<\/p>\n","protected":false},"author":763,"featured_media":0,"parent":0,"menu_order":0,"comment_status":"closed","ping_status":"closed","template":"","meta":{"footnotes":""},"class_list":["post-10426","page","type-page","status-publish","hentry","entry"],"_links":{"self":[{"href":"https:\/\/wp.uni-koblenz.de\/funkprojekt\/wp-json\/wp\/v2\/pages\/10426","targetHints":{"allow":["GET"]}}],"collection":[{"href":"https:\/\/wp.uni-koblenz.de\/funkprojekt\/wp-json\/wp\/v2\/pages"}],"about":[{"href":"https:\/\/wp.uni-koblenz.de\/funkprojekt\/wp-json\/wp\/v2\/types\/page"}],"author":[{"embeddable":true,"href":"https:\/\/wp.uni-koblenz.de\/funkprojekt\/wp-json\/wp\/v2\/users\/763"}],"replies":[{"embeddable":true,"href":"https:\/\/wp.uni-koblenz.de\/funkprojekt\/wp-json\/wp\/v2\/comments?post=10426"}],"version-history":[{"count":10,"href":"https:\/\/wp.uni-koblenz.de\/funkprojekt\/wp-json\/wp\/v2\/pages\/10426\/revisions"}],"predecessor-version":[{"id":12562,"href":"https:\/\/wp.uni-koblenz.de\/funkprojekt\/wp-json\/wp\/v2\/pages\/10426\/revisions\/12562"}],"wp:attachment":[{"href":"https:\/\/wp.uni-koblenz.de\/funkprojekt\/wp-json\/wp\/v2\/media?parent=10426"}],"curies":[{"name":"wp","href":"https:\/\/api.w.org\/{rel}","templated":true}]}}