{"id":12662,"date":"2026-05-08T14:14:34","date_gmt":"2026-05-08T12:14:34","guid":{"rendered":"https:\/\/wp.uni-koblenz.de\/funkprojekt\/?page_id=12662"},"modified":"2026-05-08T16:17:38","modified_gmt":"2026-05-08T14:17:38","slug":"quassl","status":"publish","type":"page","link":"https:\/\/wp.uni-koblenz.de\/funkprojekt\/quassl\/","title":{"rendered":"QuaSSL"},"content":{"rendered":"\t\t<div data-elementor-type=\"wp-page\" data-elementor-id=\"12662\" class=\"elementor elementor-12662\">\n\t\t\t\t<div class=\"elementor-element elementor-element-528594d e-flex e-con-boxed e-con e-parent\" data-id=\"528594d\" data-element_type=\"container\" data-e-type=\"container\">\n\t\t\t\t\t<div class=\"e-con-inner\">\n\t\t\t\t<div class=\"elementor-element elementor-element-76c4dc8 elementor-widget elementor-widget-text-editor\" data-id=\"76c4dc8\" data-element_type=\"widget\" data-e-type=\"widget\" data-widget_type=\"text-editor.default\">\n\t\t\t\t<div class=\"elementor-widget-container\">\n\t\t\t\t\t\t\t\t\t<p><em style=\"font-family: Roboto, sans-serif;font-size: 14px;font-weight: 400;color: #555555\"><a style=\"font-size: 14px\" href=\"https:\/\/wp.uni-koblenz.de\/funkprojekt\/\">Home<\/a>\u00a0\u00a0 &gt;\u00a0\u00a0\u00a0<a style=\"font-size: 14px\" href=\"https:\/\/wp.uni-koblenz.de\/funkprojekt\/forschung-lehre\/\">Forschung und Lehre<\/a> \u00a0 &gt;\u00a0\u00a0<a href=\"https:\/\/wp.uni-koblenz.de\/funkprojekt\/quassl\">QuaSSL<\/a><\/em><\/p>\t\t\t\t\t\t\t\t<\/div>\n\t\t\t\t<\/div>\n\t\t\t\t\t<\/div>\n\t\t\t\t<\/div>\n\t\t<div class=\"elementor-element elementor-element-01c76fd e-flex e-con-boxed e-con e-parent\" data-id=\"01c76fd\" data-element_type=\"container\" data-e-type=\"container\">\n\t\t\t\t\t<div class=\"e-con-inner\">\n\t\t\t\t<div class=\"elementor-element elementor-element-8ba0aaf elementor-widget elementor-widget-heading\" data-id=\"8ba0aaf\" data-element_type=\"widget\" data-e-type=\"widget\" data-widget_type=\"heading.default\">\n\t\t\t\t<div class=\"elementor-widget-container\">\n\t\t\t\t\t<h1 class=\"elementor-heading-title elementor-size-default\">QuaSSL<\/h1>\t\t\t\t<\/div>\n\t\t\t\t<\/div>\n\t\t\t\t\t<\/div>\n\t\t\t\t<\/div>\n\t\t\t\t<section class=\"elementor-section elementor-top-section elementor-element elementor-element-259d536 elementor-section-stretched elementor-section-boxed elementor-section-height-default elementor-section-height-default\" data-id=\"259d536\" data-element_type=\"section\" data-e-type=\"section\" data-settings=\"{&quot;stretch_section&quot;:&quot;section-stretched&quot;}\">\n\t\t\t\t\t\t<div class=\"elementor-container elementor-column-gap-default\">\n\t\t\t\t\t<div class=\"elementor-column elementor-col-100 elementor-top-column elementor-element elementor-element-4c6b2c5\" data-id=\"4c6b2c5\" data-element_type=\"column\" data-e-type=\"column\">\n\t\t\t<div class=\"elementor-widget-wrap elementor-element-populated\">\n\t\t\t\t\t\t<div class=\"elementor-element elementor-element-2dacc82 elementor-widget__width-initial elementor-widget elementor-widget-heading\" data-id=\"2dacc82\" data-element_type=\"widget\" data-e-type=\"widget\" data-widget_type=\"heading.default\">\n\t\t\t\t<div class=\"elementor-widget-container\">\n\t\t\t\t\t<h2 class=\"elementor-heading-title elementor-size-default\">Qualifizierung f\u00fcr sprachensensibles Lehren \u2013 ein Blended Learning Angebot von FUNK<br><br><\/h2>\t\t\t\t<\/div>\n\t\t\t\t<\/div>\n\t\t\t\t<div class=\"elementor-element elementor-element-81d49be elementor-widget__width-initial elementor-widget elementor-widget-text-editor\" data-id=\"81d49be\" data-element_type=\"widget\" data-e-type=\"widget\" data-widget_type=\"text-editor.default\">\n\t\t\t\t<div class=\"elementor-widget-container\">\n\t\t\t\t\t\t\t\t\t<p>Mehrsprachige Klassenzimmer sind Realit\u00e4t \u2013 in Schulen wie in Hochschulen. Ab Herbst 2026 bietet FUNK eine praxisnahe Qualifizierung, die Lehrende bef\u00e4higt, sprachliche Vielfalt als Ressource zu nutzen und Unterricht gezielt sprachsensibel zu gestalten. Damit will das FUNK-Team seine Erfahrungen im sprachensensiblen Unterrichten weitergeben. Das Angebot steht Studierenden und Lehrenden der Universit\u00e4t Koblenz sowie Lehrkr\u00e4ften an Schulen in der Region kostenlos zur Verf\u00fcgung.<\/p>\t\t\t\t\t\t\t\t<\/div>\n\t\t\t\t<\/div>\n\t\t\t\t<div class=\"elementor-element elementor-element-f72e063 elementor-widget__width-initial elementor-widget elementor-widget-image\" data-id=\"f72e063\" data-element_type=\"widget\" data-e-type=\"widget\" data-widget_type=\"image.default\">\n\t\t\t\t<div class=\"elementor-widget-container\">\n\t\t\t\t\t\t\t\t\t\t\t\t\t\t\t\t<a href=\"https:\/\/wp.uni-koblenz.de\/funkprojekt\/wp-content\/uploads\/sites\/203\/2026\/05\/QuaSSL-Flyer2026.pdf\" target=\"_blank\">\n\t\t\t\t\t\t\t<img decoding=\"async\" src=\"https:\/\/wp.uni-koblenz.de\/funkprojekt\/wp-content\/uploads\/sites\/203\/2026\/05\/QuaSSL-Logo.png\" title=\"\" alt=\"\" loading=\"lazy\" \/>\t\t\t\t\t\t\t\t<\/a>\n\t\t\t\t\t\t\t\t\t\t\t\t\t\t\t<\/div>\n\t\t\t\t<\/div>\n\t\t\t\t<div class=\"elementor-element elementor-element-36b156c elementor-widget__width-initial elementor-widget elementor-widget-text-editor\" data-id=\"36b156c\" data-element_type=\"widget\" data-e-type=\"widget\" data-widget_type=\"text-editor.default\">\n\t\t\t\t<div class=\"elementor-widget-container\">\n\t\t\t\t\t\t\t\t\t<p><span style=\"font-size: 14px\">Die Qualifizierung vermittelt Fachwissen zu drei zentralen Themenbereichen: sprachliche Herausforderungen im Unterricht, mehrsprachige Lernprozesse sowie sprachsensible und mehrsprachigkeitsf\u00f6rdernde Unterrichtsplanung inklusive konkreter Methoden. In der Form des Blended Learning bietet es eben flexiblen, asynchronen E-Learning-Einheiten vertiefende Workshops, die den kollegialen Austausch und die praktische Vertiefung erm\u00f6glichen.<\/span><\/p><p>Am Ende der Qualifizierung erhalten die Teilnehmenden innovative Kompetenzbadges, ausgestellt vom IZL der Universit\u00e4t Koblenz, als Teilnahmenachweis. Voraussetzung hierf\u00fcr ist, dass das Erlernte in realen Unterrichtssituationen eingesetzt, dokumentiert und reflektiert wird. Einen <a href=\"https:\/\/wp.uni-koblenz.de\/funkprojekt\/wp-content\/uploads\/sites\/203\/2026\/05\/QuaSSL-Flyer2026.pdf\">Flyer<\/a> zum Download finden Sie <a href=\"https:\/\/wp.uni-koblenz.de\/funkprojekt\/wp-content\/uploads\/sites\/203\/2026\/05\/QuaSSL-Flyer2026.pdf\">hier<\/a>.<span style=\"font-size: 14px\">\u00a0<\/span><\/p><p><span style=\"font-size: 14px\">F\u00fcr Fragen und Anmeldungen wenden Sie sich gerne an <a href=\"mailto:quassl-funk@uni-koblenz.de\">quassl-funk@uni-koblenz.de<\/a>.<\/span><\/p>\t\t\t\t\t\t\t\t<\/div>\n\t\t\t\t<\/div>\n\t\t\t\t\t<\/div>\n\t\t<\/div>\n\t\t\t\t\t<\/div>\n\t\t<\/section>\n\t\t\t\t<\/div>\n\t\t","protected":false},"excerpt":{"rendered":"<p>Home\u00a0\u00a0 &gt;\u00a0\u00a0\u00a0Forschung und Lehre \u00a0 &gt;\u00a0\u00a0QuaSSL QuaSSL Qualifizierung f\u00fcr sprachensensibles Lehren \u2013 ein Blended Learning Angebot von FUNK Mehrsprachige Klassenzimmer sind Realit\u00e4t \u2013 in Schulen wie in Hochschulen. Ab Herbst 2026 bietet FUNK eine praxisnahe Qualifizierung, die Lehrende bef\u00e4higt, sprachliche Vielfalt als Ressource zu nutzen und Unterricht gezielt sprachsensibel zu gestalten. Damit will das FUNK-Team [&hellip;]<\/p>\n","protected":false},"author":813,"featured_media":0,"parent":0,"menu_order":0,"comment_status":"closed","ping_status":"closed","template":"","meta":{"footnotes":""},"class_list":["post-12662","page","type-page","status-publish","hentry","entry"],"_links":{"self":[{"href":"https:\/\/wp.uni-koblenz.de\/funkprojekt\/wp-json\/wp\/v2\/pages\/12662","targetHints":{"allow":["GET"]}}],"collection":[{"href":"https:\/\/wp.uni-koblenz.de\/funkprojekt\/wp-json\/wp\/v2\/pages"}],"about":[{"href":"https:\/\/wp.uni-koblenz.de\/funkprojekt\/wp-json\/wp\/v2\/types\/page"}],"author":[{"embeddable":true,"href":"https:\/\/wp.uni-koblenz.de\/funkprojekt\/wp-json\/wp\/v2\/users\/813"}],"replies":[{"embeddable":true,"href":"https:\/\/wp.uni-koblenz.de\/funkprojekt\/wp-json\/wp\/v2\/comments?post=12662"}],"version-history":[{"count":49,"href":"https:\/\/wp.uni-koblenz.de\/funkprojekt\/wp-json\/wp\/v2\/pages\/12662\/revisions"}],"predecessor-version":[{"id":12727,"href":"https:\/\/wp.uni-koblenz.de\/funkprojekt\/wp-json\/wp\/v2\/pages\/12662\/revisions\/12727"}],"wp:attachment":[{"href":"https:\/\/wp.uni-koblenz.de\/funkprojekt\/wp-json\/wp\/v2\/media?parent=12662"}],"curies":[{"name":"wp","href":"https:\/\/api.w.org\/{rel}","templated":true}]}}