{"id":9361,"date":"2025-04-01T17:02:11","date_gmt":"2025-04-01T15:02:11","guid":{"rendered":"https:\/\/userpages.uni-koblenz.de\/~funkprojekt\/wordpress\/?page_id=9361"},"modified":"2025-04-29T11:07:50","modified_gmt":"2025-04-29T09:07:50","slug":"hintergrundinfos","status":"publish","type":"page","link":"https:\/\/wp.uni-koblenz.de\/funkprojekt\/hintergrundinfos\/","title":{"rendered":"Hintergrundinfos"},"content":{"rendered":"\t\t<div data-elementor-type=\"wp-page\" data-elementor-id=\"9361\" class=\"elementor elementor-9361\">\n\t\t\t\t\t\t<section class=\"elementor-section elementor-top-section elementor-element elementor-element-4471d3f elementor-section-boxed elementor-section-height-default elementor-section-height-default\" data-id=\"4471d3f\" data-element_type=\"section\" data-e-type=\"section\">\n\t\t\t\t\t\t<div class=\"elementor-container elementor-column-gap-default\">\n\t\t\t\t\t<div class=\"elementor-column elementor-col-100 elementor-top-column elementor-element elementor-element-6a1fe3e\" data-id=\"6a1fe3e\" data-element_type=\"column\" data-e-type=\"column\">\n\t\t\t<div class=\"elementor-widget-wrap elementor-element-populated\">\n\t\t\t\t\t\t<div class=\"elementor-element elementor-element-216eb84 elementor-widget elementor-widget-text-editor\" data-id=\"216eb84\" data-element_type=\"widget\" data-e-type=\"widget\" data-widget_type=\"text-editor.default\">\n\t\t\t\t<div class=\"elementor-widget-container\">\n\t\t\t\t\t\t\t\t\t<p><em><a href=\"https:\/\/wp.uni-koblenz.de\/funkprojekt\/\">Home\u00a0\u00a0 <\/a>&gt; \u00a0 <a href=\"https:\/\/wp.uni-koblenz.de\/funkprojekt\/ueber-uns\/\">\u00dcber uns<\/a> \u00a0 &gt;\u00a0\u00a0 <a href=\"https:\/\/wp.uni-koblenz.de\/funkprojekt\/ueber-uns\/hintergrundinfos\">Hintergrundinfos<\/a><\/em><\/p>\t\t\t\t\t\t\t\t<\/div>\n\t\t\t\t<\/div>\n\t\t\t\t\t<\/div>\n\t\t<\/div>\n\t\t\t\t\t<\/div>\n\t\t<\/section>\n\t\t\t\t<section class=\"elementor-section elementor-top-section elementor-element elementor-element-163b31db elementor-section-boxed elementor-section-height-default elementor-section-height-default\" data-id=\"163b31db\" data-element_type=\"section\" data-e-type=\"section\">\n\t\t\t\t\t\t<div class=\"elementor-container elementor-column-gap-default\">\n\t\t\t\t\t<div class=\"elementor-column elementor-col-100 elementor-top-column elementor-element elementor-element-42ce38a1\" data-id=\"42ce38a1\" data-element_type=\"column\" data-e-type=\"column\">\n\t\t\t<div class=\"elementor-widget-wrap elementor-element-populated\">\n\t\t\t\t\t\t<div class=\"elementor-element elementor-element-3f899882 elementor-hidden-mobile elementor-widget elementor-widget-image\" data-id=\"3f899882\" data-element_type=\"widget\" data-e-type=\"widget\" data-widget_type=\"image.default\">\n\t\t\t\t<div class=\"elementor-widget-container\">\n\t\t\t\t\t\t\t\t\t\t\t\t\t\t\t<img fetchpriority=\"high\" decoding=\"async\" width=\"1024\" height=\"450\" src=\"https:\/\/wp.uni-koblenz.de\/funkprojekt\/wp-content\/uploads\/sites\/203\/2023\/12\/Eingang_Megafon2_scaled2.png\" class=\"attachment-large size-large wp-image-11810\" alt=\"\" \/>\t\t\t\t\t\t\t\t\t\t\t\t\t\t\t<\/div>\n\t\t\t\t<\/div>\n\t\t\t\t<div class=\"elementor-element elementor-element-4a67b820 elementor-hidden-desktop elementor-hidden-tablet elementor-widget elementor-widget-image\" data-id=\"4a67b820\" data-element_type=\"widget\" data-e-type=\"widget\" data-widget_type=\"image.default\">\n\t\t\t\t<div class=\"elementor-widget-container\">\n\t\t\t\t\t\t\t\t\t\t\t\t\t\t\t<img decoding=\"async\" width=\"802\" height=\"1024\" src=\"https:\/\/wp.uni-koblenz.de\/funkprojekt\/wp-content\/uploads\/sites\/203\/2023\/12\/Eingang_Megafon_mobile_scaled.png\" class=\"attachment-large size-large wp-image-11811\" alt=\"\" \/>\t\t\t\t\t\t\t\t\t\t\t\t\t\t\t<\/div>\n\t\t\t\t<\/div>\n\t\t\t\t\t<\/div>\n\t\t<\/div>\n\t\t\t\t\t<\/div>\n\t\t<\/section>\n\t\t\t\t<section class=\"elementor-section elementor-top-section elementor-element elementor-element-8cba7a0 elementor-section-boxed elementor-section-height-default elementor-section-height-default\" data-id=\"8cba7a0\" data-element_type=\"section\" data-e-type=\"section\">\n\t\t\t\t\t\t<div class=\"elementor-container elementor-column-gap-default\">\n\t\t\t\t\t<div class=\"elementor-column elementor-col-100 elementor-top-column elementor-element elementor-element-906bc29\" data-id=\"906bc29\" data-element_type=\"column\" data-e-type=\"column\">\n\t\t\t<div class=\"elementor-widget-wrap elementor-element-populated\">\n\t\t\t\t\t\t<div class=\"elementor-element elementor-element-9f0b98d elementor-widget elementor-widget-heading\" data-id=\"9f0b98d\" data-element_type=\"widget\" data-e-type=\"widget\" data-widget_type=\"heading.default\">\n\t\t\t\t<div class=\"elementor-widget-container\">\n\t\t\t\t\t<h3 class=\"elementor-heading-title elementor-size-default\"><br>FUNK steht f\u00fcr den fachsprachlichen F\u00f6rderunterricht an der Universit\u00e4t in Koblenz.\nAls Forschungsprojekt besch\u00e4ftigen wir uns seit 2010 mit den sprachlichen Schwierigkeiten und Herausforderungen von Sch\u00fcler*innen mit Migrationshintergrund und bieten ihnen eine wissenschaftlich fundierte Sprach-Fach-F\u00f6rderung an. Seit 2019 f\u00f6rdern wir zudem Auszubildende.<br><br><\/h3>\t\t\t\t<\/div>\n\t\t\t\t<\/div>\n\t\t\t\t\t<\/div>\n\t\t<\/div>\n\t\t\t\t\t<\/div>\n\t\t<\/section>\n\t\t\t\t<section class=\"elementor-section elementor-top-section elementor-element elementor-element-f9a3936 elementor-section-stretched elementor-section-boxed elementor-section-height-default elementor-section-height-default\" data-id=\"f9a3936\" data-element_type=\"section\" data-e-type=\"section\" data-settings=\"{&quot;stretch_section&quot;:&quot;section-stretched&quot;,&quot;background_background&quot;:&quot;classic&quot;}\">\n\t\t\t\t\t\t<div class=\"elementor-container elementor-column-gap-wide\">\n\t\t\t\t\t<div class=\"elementor-column elementor-col-100 elementor-top-column elementor-element elementor-element-520d280\" data-id=\"520d280\" data-element_type=\"column\" data-e-type=\"column\">\n\t\t\t<div class=\"elementor-widget-wrap elementor-element-populated\">\n\t\t\t\t\t\t<div class=\"elementor-element elementor-element-0403d66 elementor-widget elementor-widget-heading\" data-id=\"0403d66\" data-element_type=\"widget\" data-e-type=\"widget\" data-widget_type=\"heading.default\">\n\t\t\t\t<div class=\"elementor-widget-container\">\n\t\t\t\t\t<h1 class=\"elementor-heading-title elementor-size-default\"><u>FUNK f\u00fcr Sch\u00fcler*innen<\/u><br><\/h1>\t\t\t\t<\/div>\n\t\t\t\t<\/div>\n\t\t\t\t<div class=\"elementor-element elementor-element-403909e elementor-widget elementor-widget-heading\" data-id=\"403909e\" data-element_type=\"widget\" data-e-type=\"widget\" data-widget_type=\"heading.default\">\n\t\t\t\t<div class=\"elementor-widget-container\">\n\t\t\t\t\t<h2 class=\"elementor-heading-title elementor-size-default\">Unser Hintergrund<\/h2>\t\t\t\t<\/div>\n\t\t\t\t<\/div>\n\t\t\t\t<div class=\"elementor-element elementor-element-6cb5af7 elementor-widget elementor-widget-text-editor\" data-id=\"6cb5af7\" data-element_type=\"widget\" data-e-type=\"widget\" data-widget_type=\"text-editor.default\">\n\t\t\t\t<div class=\"elementor-widget-container\">\n\t\t\t\t\t\t\t\t\t<p>Oftmals bildet das Verst\u00e4ndnis einer Aufgabenstellung oder eines fachwissenschaftlichen Textes die gr\u00f6\u00dfte Barriere, wenn Sch\u00fcler*innen mit Deutsch als Zweitsprache (DaZ) eine weiterf\u00fchrende Schule besuchen. Das Sprachf\u00f6rderprojekt \u201cFUNK\u201d bietet in den einzelnen Schulf\u00e4chern eine Anlaufstelle f\u00fcr den gezielten Auf- und Ausbau fachsprachlicher F\u00e4higkeiten.<br \/>Das Pilotprojekt an der Universit\u00e4t in Koblenz wurde im Februar 2010 gestartet und orientiert sich an dem erfolgreichen Konzept der\u00a0<a href=\"https:\/\/www.uni-due.de\/prodaz\/\" target=\"_blank\" rel=\"noopener\">Universit\u00e4t Duisburg-Essen<\/a>. Neben Sch\u00fcler*innen mit Migrationshintergrund arbeiten wir seit dem Jahr 2015 auch mit Auszubildenden, die Deutsch als Zweitsprache erwerben und mit Sch\u00fcler*innen, die Leistungen aus dem Bildungs- und Teilhabepaket der Stadt Koblenz beziehen k\u00f6nnen.<\/p>\t\t\t\t\t\t\t\t<\/div>\n\t\t\t\t<\/div>\n\t\t\t\t<div class=\"elementor-element elementor-element-cff09a2 elementor-widget elementor-widget-heading\" data-id=\"cff09a2\" data-element_type=\"widget\" data-e-type=\"widget\" data-widget_type=\"heading.default\">\n\t\t\t\t<div class=\"elementor-widget-container\">\n\t\t\t\t\t<h2 class=\"elementor-heading-title elementor-size-default\">Unser Ziel<\/h2>\t\t\t\t<\/div>\n\t\t\t\t<\/div>\n\t\t\t\t<div class=\"elementor-element elementor-element-edaad97 elementor-widget elementor-widget-text-editor\" data-id=\"edaad97\" data-element_type=\"widget\" data-e-type=\"widget\" data-widget_type=\"text-editor.default\">\n\t\t\t\t<div class=\"elementor-widget-container\">\n\t\t\t\t\t\t\t\t\t<p>FUNK tr\u00e4gt dazu bei, dass durch eine gezielte fachsprachliche F\u00f6rderung entsprechende Verst\u00e4ndnisbarrieren in den einzelnen Schulf\u00e4chern \u00fcberwunden werden. Sch\u00fcler*innen mit Migrationshintergrund werden somit gr\u00f6\u00dfere schulische Erfolge erm\u00f6glicht und der Erwerb h\u00f6herer Bildungsabschl\u00fcsse erleichtert.<\/p>\t\t\t\t\t\t\t\t<\/div>\n\t\t\t\t<\/div>\n\t\t\t\t\t<\/div>\n\t\t<\/div>\n\t\t\t\t\t<\/div>\n\t\t<\/section>\n\t\t\t\t<section class=\"elementor-section elementor-top-section elementor-element elementor-element-d9d78e2 elementor-section-boxed elementor-section-height-default elementor-section-height-default\" data-id=\"d9d78e2\" data-element_type=\"section\" data-e-type=\"section\">\n\t\t\t\t\t\t<div class=\"elementor-container elementor-column-gap-default\">\n\t\t\t\t\t<div class=\"elementor-column elementor-col-100 elementor-top-column elementor-element elementor-element-29c1827\" data-id=\"29c1827\" data-element_type=\"column\" data-e-type=\"column\">\n\t\t\t<div class=\"elementor-widget-wrap elementor-element-populated\">\n\t\t\t\t\t\t<div class=\"elementor-element elementor-element-b92898e elementor-widget elementor-widget-heading\" data-id=\"b92898e\" data-element_type=\"widget\" data-e-type=\"widget\" data-widget_type=\"heading.default\">\n\t\t\t\t<div class=\"elementor-widget-container\">\n\t\t\t\t\t<h1 class=\"elementor-heading-title elementor-size-default\"><br><u>FUNK f\u00fcr Auszubildende<\/u><br><\/h1>\t\t\t\t<\/div>\n\t\t\t\t<\/div>\n\t\t\t\t<div class=\"elementor-element elementor-element-313edce elementor-widget elementor-widget-heading\" data-id=\"313edce\" data-element_type=\"widget\" data-e-type=\"widget\" data-widget_type=\"heading.default\">\n\t\t\t\t<div class=\"elementor-widget-container\">\n\t\t\t\t\t<h2 class=\"elementor-heading-title elementor-size-default\">Unser Hintergrund<\/h2>\t\t\t\t<\/div>\n\t\t\t\t<\/div>\n\t\t\t\t<div class=\"elementor-element elementor-element-2e765b4 elementor-widget elementor-widget-text-editor\" data-id=\"2e765b4\" data-element_type=\"widget\" data-e-type=\"widget\" data-widget_type=\"text-editor.default\">\n\t\t\t\t<div class=\"elementor-widget-container\">\n\t\t\t\t\t\t\t\t\t<div class=\"elementor-element elementor-element-3af50adc elementor-widget elementor-widget-text-editor\" data-id=\"3af50adc\" data-element_type=\"widget\" data-widget_type=\"text-editor.default\"><div class=\"elementor-widget-container\"><div class=\"elementor-text-editor elementor-clearfix\"><div>Das Gelingen der Ausbildung wird ma\u00dfgeblich durch die fachsprachliche Kompetenz der Auszubildenden gew\u00e4hrleistet und ist zugleich die Voraussetzung f\u00fcr die langfristige Etablierung auf dem Arbeitsmarkt. Gerade Auszubildende mit einem Migrations- und\/oder Fluchthintergrund stehen hierbei vor besonderen Herausforderungen, insbesondere dann, wenn der Zweitspracherwerb erst vor kurzem begonnen hat oder l\u00fcckenhaft erfolgt ist. Dies erschwert den Auszubildenden nicht nur die Kommunikation am Arbeitsplatz, sondern macht es ihnen zudem fast unm\u00f6glich, dem Berufsschulunterricht zu folgen.<\/div><div>Hier setzt das Projekt \u201eFUNK-Azubi\u201c an. Seit dem 01.04.2019 bieten wir fachsprachlichen F\u00f6rderunterricht f\u00fcr Auszubildende mit Migrations- und\/oder Fluchthintergrund an, die ihren Wohnort im Stadtgebiet Koblenz oder Kreis Neuwied haben. Das Projekt wird finanziert vom Ministerium f\u00fcr Familie, Frauen, Kultur und Integration des Landes Rheinland-Pfalz, der Stadt Koblenz und dem Kreis Neuwied.<\/div><div>\u00a0<\/div><\/div><\/div><\/div>\t\t\t\t\t\t\t\t<\/div>\n\t\t\t\t<\/div>\n\t\t\t\t<div class=\"elementor-element elementor-element-c625f50 elementor-widget elementor-widget-heading\" data-id=\"c625f50\" data-element_type=\"widget\" data-e-type=\"widget\" data-widget_type=\"heading.default\">\n\t\t\t\t<div class=\"elementor-widget-container\">\n\t\t\t\t\t<h2 class=\"elementor-heading-title elementor-size-default\">Unser Ziel<\/h2>\t\t\t\t<\/div>\n\t\t\t\t<\/div>\n\t\t\t\t<div class=\"elementor-element elementor-element-5042d20 elementor-widget elementor-widget-text-editor\" data-id=\"5042d20\" data-element_type=\"widget\" data-e-type=\"widget\" data-widget_type=\"text-editor.default\">\n\t\t\t\t<div class=\"elementor-widget-container\">\n\t\t\t\t\t\t\t\t\t<p>Unser Ziel ist es, die Auszubildenden dabei zu unterst\u00fctzen, die kommunikativen Herausforderungen ihres Ausbildungsberufes in Praxis- und Theoriephasen zu meistern. Dazu bieten wir sowohl einen auf die individuellen Bed\u00fcrfnisse der Ausbildungsberufe zugeschnittenen fachsprachlichen F\u00f6rderunterricht an als auch Basiskurse, die grundlegende L\u00fccken der Auszubildenden im Rahmen ihrer schulischen Sozialisation zu schlie\u00dfen beabsichtigen (u.a. Basiskurs Mathematik, Basiskurs Deutsch, Basiskurs Lerntechniken).<\/p>\t\t\t\t\t\t\t\t<\/div>\n\t\t\t\t<\/div>\n\t\t\t\t\t<\/div>\n\t\t<\/div>\n\t\t\t\t\t<\/div>\n\t\t<\/section>\n\t\t\t\t<\/div>\n\t\t","protected":false},"excerpt":{"rendered":"<p>Home\u00a0\u00a0 &gt; \u00a0 \u00dcber uns \u00a0 &gt;\u00a0\u00a0 Hintergrundinfos FUNK steht f\u00fcr den fachsprachlichen F\u00f6rderunterricht an der Universit\u00e4t in Koblenz. Als Forschungsprojekt besch\u00e4ftigen wir uns seit 2010 mit den sprachlichen Schwierigkeiten und Herausforderungen von Sch\u00fcler*innen mit Migrationshintergrund und bieten ihnen eine wissenschaftlich fundierte Sprach-Fach-F\u00f6rderung an. Seit 2019 f\u00f6rdern wir zudem Auszubildende. FUNK f\u00fcr Sch\u00fcler*innen Unser Hintergrund [&hellip;]<\/p>\n","protected":false},"author":763,"featured_media":0,"parent":0,"menu_order":0,"comment_status":"closed","ping_status":"closed","template":"","meta":{"footnotes":""},"class_list":["post-9361","page","type-page","status-publish","hentry","entry"],"_links":{"self":[{"href":"https:\/\/wp.uni-koblenz.de\/funkprojekt\/wp-json\/wp\/v2\/pages\/9361","targetHints":{"allow":["GET"]}}],"collection":[{"href":"https:\/\/wp.uni-koblenz.de\/funkprojekt\/wp-json\/wp\/v2\/pages"}],"about":[{"href":"https:\/\/wp.uni-koblenz.de\/funkprojekt\/wp-json\/wp\/v2\/types\/page"}],"author":[{"embeddable":true,"href":"https:\/\/wp.uni-koblenz.de\/funkprojekt\/wp-json\/wp\/v2\/users\/763"}],"replies":[{"embeddable":true,"href":"https:\/\/wp.uni-koblenz.de\/funkprojekt\/wp-json\/wp\/v2\/comments?post=9361"}],"version-history":[{"count":4,"href":"https:\/\/wp.uni-koblenz.de\/funkprojekt\/wp-json\/wp\/v2\/pages\/9361\/revisions"}],"predecessor-version":[{"id":12197,"href":"https:\/\/wp.uni-koblenz.de\/funkprojekt\/wp-json\/wp\/v2\/pages\/9361\/revisions\/12197"}],"wp:attachment":[{"href":"https:\/\/wp.uni-koblenz.de\/funkprojekt\/wp-json\/wp\/v2\/media?parent=9361"}],"curies":[{"name":"wp","href":"https:\/\/api.w.org\/{rel}","templated":true}]}}