{"id":9462,"date":"2025-04-01T17:02:20","date_gmt":"2025-04-01T15:02:20","guid":{"rendered":"https:\/\/userpages.uni-koblenz.de\/~funkprojekt\/wordpress\/?page_id=9462"},"modified":"2025-04-29T12:48:47","modified_gmt":"2025-04-29T10:48:47","slug":"kontakt","status":"publish","type":"page","link":"https:\/\/wp.uni-koblenz.de\/funkprojekt\/kontakt\/","title":{"rendered":"Kontakt"},"content":{"rendered":"\t\t<div data-elementor-type=\"wp-page\" data-elementor-id=\"9462\" class=\"elementor elementor-9462\">\n\t\t\t\t\t\t<section class=\"elementor-section elementor-top-section elementor-element elementor-element-2cd7362d elementor-section-boxed elementor-section-height-default elementor-section-height-default\" data-id=\"2cd7362d\" data-element_type=\"section\" data-e-type=\"section\">\n\t\t\t\t\t\t<div class=\"elementor-container elementor-column-gap-default\">\n\t\t\t\t\t<div class=\"elementor-column elementor-col-100 elementor-top-column elementor-element elementor-element-16bf4d77\" data-id=\"16bf4d77\" data-element_type=\"column\" data-e-type=\"column\">\n\t\t\t<div class=\"elementor-widget-wrap elementor-element-populated\">\n\t\t\t\t\t\t<div class=\"elementor-element elementor-element-d8d2d2a elementor-widget elementor-widget-text-editor\" data-id=\"d8d2d2a\" data-element_type=\"widget\" data-e-type=\"widget\" data-widget_type=\"text-editor.default\">\n\t\t\t\t<div class=\"elementor-widget-container\">\n\t\t\t\t\t\t\t\t\t<p><em><a href=\"https:\/\/wp.uni-koblenz.de\/funkprojekt\/\">Home<\/a> \u00a0 &gt;\u00a0\u00a0 <a href=\"https:\/\/wp.uni-koblenz.de\/funkprojekt\/sonstiges\/\">Sonstiges<\/a> \u00a0 &gt;\u00a0 <a href=\"https:\/\/wp.uni-koblenz.de\/funkprojekt\/kontakt\">Kontakt<\/a><\/em><\/p>\t\t\t\t\t\t\t\t<\/div>\n\t\t\t\t<\/div>\n\t\t\t\t\t<\/div>\n\t\t<\/div>\n\t\t\t\t\t<\/div>\n\t\t<\/section>\n\t\t\t\t<section class=\"elementor-section elementor-top-section elementor-element elementor-element-5d366586 elementor-section-boxed elementor-section-height-default elementor-section-height-default\" data-id=\"5d366586\" data-element_type=\"section\" data-e-type=\"section\">\n\t\t\t\t\t\t<div class=\"elementor-container elementor-column-gap-default\">\n\t\t\t\t\t<div class=\"elementor-column elementor-col-100 elementor-top-column elementor-element elementor-element-3b0208b6\" data-id=\"3b0208b6\" data-element_type=\"column\" data-e-type=\"column\">\n\t\t\t<div class=\"elementor-widget-wrap elementor-element-populated\">\n\t\t\t\t\t\t<div class=\"elementor-element elementor-element-62a47eaa elementor-hidden-mobile elementor-widget elementor-widget-image\" data-id=\"62a47eaa\" data-element_type=\"widget\" data-e-type=\"widget\" data-widget_type=\"image.default\">\n\t\t\t\t<div class=\"elementor-widget-container\">\n\t\t\t\t\t\t\t\t\t\t\t\t\t\t\t<img fetchpriority=\"high\" decoding=\"async\" width=\"1024\" height=\"450\" src=\"https:\/\/wp.uni-koblenz.de\/funkprojekt\/wp-content\/uploads\/sites\/203\/2023\/12\/Eingang_Megafon2_scaled2.png\" class=\"attachment-large size-large wp-image-11810\" alt=\"\" \/>\t\t\t\t\t\t\t\t\t\t\t\t\t\t\t<\/div>\n\t\t\t\t<\/div>\n\t\t\t\t<div class=\"elementor-element elementor-element-4db27e5e elementor-hidden-desktop elementor-hidden-tablet elementor-widget elementor-widget-image\" data-id=\"4db27e5e\" data-element_type=\"widget\" data-e-type=\"widget\" data-widget_type=\"image.default\">\n\t\t\t\t<div class=\"elementor-widget-container\">\n\t\t\t\t\t\t\t\t\t\t\t\t\t\t\t<img decoding=\"async\" width=\"802\" height=\"1024\" src=\"https:\/\/wp.uni-koblenz.de\/funkprojekt\/wp-content\/uploads\/sites\/203\/2023\/12\/Eingang_Megafon_mobile_scaled.png\" class=\"attachment-large size-large wp-image-11811\" alt=\"\" \/>\t\t\t\t\t\t\t\t\t\t\t\t\t\t\t<\/div>\n\t\t\t\t<\/div>\n\t\t\t\t<div class=\"elementor-element elementor-element-211fe809 elementor-widget elementor-widget-spacer\" data-id=\"211fe809\" data-element_type=\"widget\" data-e-type=\"widget\" data-widget_type=\"spacer.default\">\n\t\t\t\t<div class=\"elementor-widget-container\">\n\t\t\t\t\t\t\t<div class=\"elementor-spacer\">\n\t\t\t<div class=\"elementor-spacer-inner\"><\/div>\n\t\t<\/div>\n\t\t\t\t\t\t<\/div>\n\t\t\t\t<\/div>\n\t\t\t\t\t<\/div>\n\t\t<\/div>\n\t\t\t\t\t<\/div>\n\t\t<\/section>\n\t\t\t\t<section class=\"elementor-section elementor-top-section elementor-element elementor-element-dd2ac44 elementor-section-stretched elementor-section-boxed elementor-section-height-default elementor-section-height-default\" data-id=\"dd2ac44\" data-element_type=\"section\" data-e-type=\"section\" data-settings=\"{&quot;stretch_section&quot;:&quot;section-stretched&quot;,&quot;background_background&quot;:&quot;classic&quot;}\">\n\t\t\t\t\t\t<div class=\"elementor-container elementor-column-gap-default\">\n\t\t\t\t\t<div class=\"elementor-column elementor-col-100 elementor-top-column elementor-element elementor-element-2c177f2\" data-id=\"2c177f2\" data-element_type=\"column\" data-e-type=\"column\">\n\t\t\t<div class=\"elementor-widget-wrap elementor-element-populated\">\n\t\t\t\t\t\t<div class=\"elementor-element elementor-element-2a81bef elementor-widget elementor-widget-heading\" data-id=\"2a81bef\" data-element_type=\"widget\" data-e-type=\"widget\" data-widget_type=\"heading.default\">\n\t\t\t\t<div class=\"elementor-widget-container\">\n\t\t\t\t\t<h1 class=\"elementor-heading-title elementor-size-default\">Kontakt<\/h1>\t\t\t\t<\/div>\n\t\t\t\t<\/div>\n\t\t\t\t<div class=\"elementor-element elementor-element-73da2d7 elementor-widget elementor-widget-text-editor\" data-id=\"73da2d7\" data-element_type=\"widget\" data-e-type=\"widget\" data-widget_type=\"text-editor.default\">\n\t\t\t\t<div class=\"elementor-widget-container\">\n\t\t\t\t\t\t\t\t\t<p><strong>Projekt FUNK &#8211; Fachsprachlicher F\u00f6rderunterricht an der Universit\u00e4t in Koblenz<\/strong><\/p><p>Besucheradresse: Emil-Sch\u00fcller-Stra\u00dfe 8 (Erdgeschoss)<br \/>Telefon: +49261 287 287 0<br \/>E-Mail: <a href=\"mailto:funkprojekt@uni-koblenz.de\">funkprojekt at uni-koblenz.de<\/a><\/p><p><strong>Buslinien: <\/strong>Mit fast allen Bussen erreicht ihr den Koblenzer Hauptbahnhof oder die Haltestelle \u201cChristuskirche\u201d. Von dort sind es 2-5 Minuten Fu\u00dfweg bis zur Emil-Sch\u00fcller-Stra\u00dfe 8.<\/p><p><strong>Wir sind f\u00fcr Euch da:<br \/><\/strong>Unterricht: Montag &#8211; Freitag (14:00 &#8211; 19:00 Uhr).<br \/>Anmeldezeit: Montag &#8211; Freitag (14:00 &#8211; 17:30 Uhr)<\/p><p><em><span style=\"font-size: 10pt\"><strong>Postanschrift:<\/strong><br \/><\/span><span style=\"font-size: 10pt\">Universit\u00e4t Koblenz<br \/>Projekt FUNK<\/span><\/em><br \/><em><span style=\"font-size: 10pt\">Universit\u00e4tsstra\u00dfe 1<\/span><\/em><br \/><em><span style=\"font-size: 10pt\">56070 Koblenz<\/span><\/em><\/p>\t\t\t\t\t\t\t\t<\/div>\n\t\t\t\t<\/div>\n\t\t\t\t\t<\/div>\n\t\t<\/div>\n\t\t\t\t\t<\/div>\n\t\t<\/section>\n\t\t\t\t<section class=\"elementor-section elementor-top-section elementor-element elementor-element-c1cfa51 elementor-section-boxed elementor-section-height-default elementor-section-height-default\" data-id=\"c1cfa51\" data-element_type=\"section\" data-e-type=\"section\">\n\t\t\t\t\t\t<div class=\"elementor-container elementor-column-gap-default\">\n\t\t\t\t\t<div class=\"elementor-column elementor-col-100 elementor-top-column elementor-element elementor-element-6d9d651\" data-id=\"6d9d651\" data-element_type=\"column\" data-e-type=\"column\">\n\t\t\t<div class=\"elementor-widget-wrap elementor-element-populated\">\n\t\t\t\t\t\t<div class=\"elementor-element elementor-element-f85a682 elementor-widget elementor-widget-heading\" data-id=\"f85a682\" data-element_type=\"widget\" data-e-type=\"widget\" data-widget_type=\"heading.default\">\n\t\t\t\t<div class=\"elementor-widget-container\">\n\t\t\t\t\t<h1 class=\"elementor-heading-title elementor-size-default\">Hier findet ihr uns<\/h1>\t\t\t\t<\/div>\n\t\t\t\t<\/div>\n\t\t\t\t<div class=\"elementor-element elementor-element-18a0af7 elementor-widget elementor-widget-google_maps\" data-id=\"18a0af7\" data-element_type=\"widget\" data-e-type=\"widget\" data-widget_type=\"google_maps.default\">\n\t\t\t\t<div class=\"elementor-widget-container\">\n\t\t\t\t\t\t\t<div class=\"elementor-custom-embed\">\n\t\t\t<iframe loading=\"lazy\"\n\t\t\t\t\tsrc=\"https:\/\/maps.google.com\/maps?q=Emil%20Sch%C3%BCller%20Stra%C3%9Fe%208&#038;t=m&#038;z=14&#038;output=embed&#038;iwloc=near\"\n\t\t\t\t\ttitle=\"Emil Sch\u00fcller Stra\u00dfe 8\"\n\t\t\t\t\taria-label=\"Emil Sch\u00fcller Stra\u00dfe 8\"\n\t\t\t><\/iframe>\n\t\t<\/div>\n\t\t\t\t\t\t<\/div>\n\t\t\t\t<\/div>\n\t\t\t\t\t<\/div>\n\t\t<\/div>\n\t\t\t\t\t<\/div>\n\t\t<\/section>\n\t\t\t\t<\/div>\n\t\t","protected":false},"excerpt":{"rendered":"<p>Home \u00a0 &gt;\u00a0\u00a0 Sonstiges \u00a0 &gt;\u00a0 Kontakt Kontakt Projekt FUNK &#8211; Fachsprachlicher F\u00f6rderunterricht an der Universit\u00e4t in Koblenz Besucheradresse: Emil-Sch\u00fcller-Stra\u00dfe 8 (Erdgeschoss)Telefon: +49261 287 287 0E-Mail: funkprojekt at uni-koblenz.de Buslinien: Mit fast allen Bussen erreicht ihr den Koblenzer Hauptbahnhof oder die Haltestelle \u201cChristuskirche\u201d. Von dort sind es 2-5 Minuten Fu\u00dfweg bis zur Emil-Sch\u00fcller-Stra\u00dfe 8. Wir [&hellip;]<\/p>\n","protected":false},"author":763,"featured_media":0,"parent":0,"menu_order":0,"comment_status":"closed","ping_status":"closed","template":"","meta":{"footnotes":""},"class_list":["post-9462","page","type-page","status-publish","hentry","entry"],"_links":{"self":[{"href":"https:\/\/wp.uni-koblenz.de\/funkprojekt\/wp-json\/wp\/v2\/pages\/9462","targetHints":{"allow":["GET"]}}],"collection":[{"href":"https:\/\/wp.uni-koblenz.de\/funkprojekt\/wp-json\/wp\/v2\/pages"}],"about":[{"href":"https:\/\/wp.uni-koblenz.de\/funkprojekt\/wp-json\/wp\/v2\/types\/page"}],"author":[{"embeddable":true,"href":"https:\/\/wp.uni-koblenz.de\/funkprojekt\/wp-json\/wp\/v2\/users\/763"}],"replies":[{"embeddable":true,"href":"https:\/\/wp.uni-koblenz.de\/funkprojekt\/wp-json\/wp\/v2\/comments?post=9462"}],"version-history":[{"count":4,"href":"https:\/\/wp.uni-koblenz.de\/funkprojekt\/wp-json\/wp\/v2\/pages\/9462\/revisions"}],"predecessor-version":[{"id":12244,"href":"https:\/\/wp.uni-koblenz.de\/funkprojekt\/wp-json\/wp\/v2\/pages\/9462\/revisions\/12244"}],"wp:attachment":[{"href":"https:\/\/wp.uni-koblenz.de\/funkprojekt\/wp-json\/wp\/v2\/media?parent=9462"}],"curies":[{"name":"wp","href":"https:\/\/api.w.org\/{rel}","templated":true}]}}