{"id":9490,"date":"2025-04-01T17:02:29","date_gmt":"2025-04-01T15:02:29","guid":{"rendered":"https:\/\/userpages.uni-koblenz.de\/~funkprojekt\/wordpress\/?page_id=9490"},"modified":"2025-09-17T17:42:31","modified_gmt":"2025-09-17T15:42:31","slug":"stellenangebote-praktika","status":"publish","type":"page","link":"https:\/\/wp.uni-koblenz.de\/funkprojekt\/stellenangebote-praktika\/","title":{"rendered":"Stellenangebote\/Praktika"},"content":{"rendered":"\t\t<div data-elementor-type=\"wp-page\" data-elementor-id=\"9490\" class=\"elementor elementor-9490\">\n\t\t\t\t\t\t<section class=\"elementor-section elementor-top-section elementor-element elementor-element-877fba elementor-section-boxed elementor-section-height-default elementor-section-height-default\" data-id=\"877fba\" data-element_type=\"section\" data-e-type=\"section\">\n\t\t\t\t\t\t<div class=\"elementor-container elementor-column-gap-default\">\n\t\t\t\t\t<div class=\"elementor-column elementor-col-100 elementor-top-column elementor-element elementor-element-5c759b6c\" data-id=\"5c759b6c\" data-element_type=\"column\" data-e-type=\"column\">\n\t\t\t<div class=\"elementor-widget-wrap elementor-element-populated\">\n\t\t\t\t\t\t<div class=\"elementor-element elementor-element-1f0b8e87 elementor-widget elementor-widget-text-editor\" data-id=\"1f0b8e87\" data-element_type=\"widget\" data-e-type=\"widget\" data-widget_type=\"text-editor.default\">\n\t\t\t\t<div class=\"elementor-widget-container\">\n\t\t\t\t\t\t\t\t\t<p><em><a href=\"https:\/\/wp.uni-koblenz.de\/funkprojekt\/\">Home<\/a> \u00a0 &gt;\u00a0\u00a0\u00a0<a href=\"https:\/\/wp.uni-koblenz.de\/funkprojekt\/stellenangebote-praktika\/\">Stellenangebote\/Praktika<\/a><br \/><\/em><\/p>\t\t\t\t\t\t\t\t<\/div>\n\t\t\t\t<\/div>\n\t\t\t\t\t<\/div>\n\t\t<\/div>\n\t\t\t\t\t<\/div>\n\t\t<\/section>\n\t\t\t\t<section class=\"elementor-section elementor-top-section elementor-element elementor-element-55e1dc2a elementor-section-boxed elementor-section-height-default elementor-section-height-default\" data-id=\"55e1dc2a\" data-element_type=\"section\" data-e-type=\"section\">\n\t\t\t\t\t\t<div class=\"elementor-container elementor-column-gap-default\">\n\t\t\t\t\t<div class=\"elementor-column elementor-col-100 elementor-top-column elementor-element elementor-element-fc32617\" data-id=\"fc32617\" data-element_type=\"column\" data-e-type=\"column\">\n\t\t\t<div class=\"elementor-widget-wrap elementor-element-populated\">\n\t\t\t\t\t\t<div class=\"elementor-element elementor-element-421bb116 elementor-widget elementor-widget-image\" data-id=\"421bb116\" data-element_type=\"widget\" data-e-type=\"widget\" data-widget_type=\"image.default\">\n\t\t\t\t<div class=\"elementor-widget-container\">\n\t\t\t\t\t\t\t\t\t\t\t\t\t\t\t<img fetchpriority=\"high\" decoding=\"async\" width=\"610\" height=\"343\" src=\"https:\/\/wp.uni-koblenz.de\/funkprojekt\/wp-content\/uploads\/sites\/203\/2019\/07\/praktika-im-studium-sind-unerlaesslich-und-vereinfachen-den-berufseinstieg-.jpg\" class=\"attachment-large size-large wp-image-11731\" alt=\"\" \/>\t\t\t\t\t\t\t\t\t\t\t\t\t\t\t<\/div>\n\t\t\t\t<\/div>\n\t\t\t\t<div class=\"elementor-element elementor-element-186edb95 elementor-hidden-desktop elementor-hidden-tablet elementor-widget elementor-widget-image\" data-id=\"186edb95\" data-element_type=\"widget\" data-e-type=\"widget\" data-widget_type=\"image.default\">\n\t\t\t\t<div class=\"elementor-widget-container\">\n\t\t\t\t\t\t\t\t\t\t\t\t\t\t\t<img decoding=\"async\" src=\"https:\/\/userpages.uni-koblenz.de\/~funkprojekt\/wordpress\/wp-content\/uploads\/2019\/07\/praktika-im-studium-sind-unerlaesslich-und-vereinfachen-den-berufseinstieg-.jpg\" title=\"\" alt=\"\" loading=\"lazy\" \/>\t\t\t\t\t\t\t\t\t\t\t\t\t\t\t<\/div>\n\t\t\t\t<\/div>\n\t\t\t\t\t<\/div>\n\t\t<\/div>\n\t\t\t\t\t<\/div>\n\t\t<\/section>\n\t\t\t\t<section class=\"elementor-section elementor-top-section elementor-element elementor-element-64236e4 elementor-section-stretched elementor-section-boxed elementor-section-height-default elementor-section-height-default\" data-id=\"64236e4\" data-element_type=\"section\" data-e-type=\"section\" data-settings=\"{&quot;stretch_section&quot;:&quot;section-stretched&quot;,&quot;background_background&quot;:&quot;classic&quot;}\">\n\t\t\t\t\t\t<div class=\"elementor-container elementor-column-gap-default\">\n\t\t\t\t\t<div class=\"elementor-column elementor-col-100 elementor-top-column elementor-element elementor-element-a6a8d44\" data-id=\"a6a8d44\" data-element_type=\"column\" data-e-type=\"column\">\n\t\t\t<div class=\"elementor-widget-wrap elementor-element-populated\">\n\t\t\t\t\t\t<div class=\"elementor-element elementor-element-0e89d2e elementor-widget elementor-widget-heading\" data-id=\"0e89d2e\" data-element_type=\"widget\" data-e-type=\"widget\" data-widget_type=\"heading.default\">\n\t\t\t\t<div class=\"elementor-widget-container\">\n\t\t\t\t\t<h2 class=\"elementor-heading-title elementor-size-default\">Orientierendes Praktikum 2<\/h2>\t\t\t\t<\/div>\n\t\t\t\t<\/div>\n\t\t\t\t<div class=\"elementor-element elementor-element-e8f26dc elementor-widget elementor-widget-text-editor\" data-id=\"e8f26dc\" data-element_type=\"widget\" data-e-type=\"widget\" data-widget_type=\"text-editor.default\">\n\t\t\t\t<div class=\"elementor-widget-container\">\n\t\t\t\t\t\t\t\t\t<p style=\"text-align: left\">Lehramtsstudierende der Universit\u00e4t in Koblenz k\u00f6nnen ihr zweites orientierendes Praktikum bei FUNK absolvieren, wenn das erste OP regul\u00e4r an einer Schule abgeschlossen wurde. Alle Informationen erhalten Sie im Zentrum f\u00fcr Lehrerbildung (Ansprechpartnerin: Susanne Orths) oder im FUNK-Projektb\u00fcro (Ansprechpartnerin: Dr. Iris Meinen).<\/p><p style=\"text-align: left\">Zur Anerkennung als F\u00f6rderlehrkraft sind folgende Dinge verpflichtend:<\/p><ul style=\"text-align: left\"><li style=\"text-align: left\"><span class=\"elementor-icon-list-text elementor-inline-editing pen\" data-elementor-setting-key=\"icon_list.0.text\" data-pen-placeholder=\"Eingabe hier...\">mindestens 15 Wochen semesterbegleitend arbeiten<\/span><\/li><li style=\"text-align: left\"><span class=\"elementor-icon-list-text elementor-inline-editing pen\" data-elementor-setting-key=\"icon_list.1.text\" data-pen-placeholder=\"Eingabe hier...\">mindestens eine F\u00f6rderunterrichtsstunde \/ Woche erteilen<\/span><\/li><li style=\"text-align: left\"><span class=\"elementor-icon-list-text elementor-inline-editing pen\" data-elementor-setting-key=\"icon_list.2.text\" data-pen-placeholder=\"Eingabe hier...\">Kurzpraktikum (eine Schulwoche am St\u00fcck) an der Schule, aus der die betreuten F\u00f6rdersch\u00fcler*innen kommen<\/span><\/li><\/ul><p style=\"text-align: left\">Das Ziel ist die Begleitung der Sch\u00fcler*innen in beiden Kontexten und die Reflexion der schulischen Unterrichtsbedingungen, besonders unter dem Fokus des F\u00f6rderbedarfs.<\/p>\t\t\t\t\t\t\t\t<\/div>\n\t\t\t\t<\/div>\n\t\t\t\t\t<\/div>\n\t\t<\/div>\n\t\t\t\t\t<\/div>\n\t\t<\/section>\n\t\t\t\t<section class=\"elementor-section elementor-top-section elementor-element elementor-element-b9da873 elementor-section-stretched elementor-section-boxed elementor-section-height-default elementor-section-height-default\" data-id=\"b9da873\" data-element_type=\"section\" data-e-type=\"section\" data-settings=\"{&quot;stretch_section&quot;:&quot;section-stretched&quot;,&quot;background_background&quot;:&quot;classic&quot;}\">\n\t\t\t\t\t\t<div class=\"elementor-container elementor-column-gap-default\">\n\t\t\t\t\t<div class=\"elementor-column elementor-col-100 elementor-top-column elementor-element elementor-element-8df9c7c\" data-id=\"8df9c7c\" data-element_type=\"column\" data-e-type=\"column\">\n\t\t\t<div class=\"elementor-widget-wrap elementor-element-populated\">\n\t\t\t\t\t\t<div class=\"elementor-element elementor-element-ffbff16 elementor-widget elementor-widget-heading\" data-id=\"ffbff16\" data-element_type=\"widget\" data-e-type=\"widget\" data-widget_type=\"heading.default\">\n\t\t\t\t<div class=\"elementor-widget-container\">\n\t\t\t\t\t<h2 class=\"elementor-heading-title elementor-size-default\">DaZ-Praktikum im Rahmen des Zertifikats Sprachbildung und DaFZ<\/h2>\t\t\t\t<\/div>\n\t\t\t\t<\/div>\n\t\t\t\t<div class=\"elementor-element elementor-element-937e3b8 elementor-widget elementor-widget-text-editor\" data-id=\"937e3b8\" data-element_type=\"widget\" data-e-type=\"widget\" data-widget_type=\"text-editor.default\">\n\t\t\t\t<div class=\"elementor-widget-container\">\n\t\t\t\t\t\t\t\t\t<p style=\"text-align: left\">Bei FUNK k\u00f6nnen Studierende des Zertifikats ihr verpflichtendes Praktikum passend zu Ihrem Fach absolvieren und so Erfahrungen in sprachsensiblen Fachunterricht sammeln.<br \/>Sie k\u00f6nnen einerseits erfahrene F\u00f6rderlehrer*innen beim Unterrichten beobachten und andererseits eigene Stunden halten, <br \/>zu denen Sie dann auch ein Feedback von FUNK erhalten.<\/p><p style=\"text-align: left\">Bei Interesse melden Sie sich bei uns!<\/p>\t\t\t\t\t\t\t\t<\/div>\n\t\t\t\t<\/div>\n\t\t\t\t\t<\/div>\n\t\t<\/div>\n\t\t\t\t\t<\/div>\n\t\t<\/section>\n\t\t\t\t<section class=\"elementor-section elementor-top-section elementor-element elementor-element-396ca33 elementor-section-boxed elementor-section-height-default elementor-section-height-default\" data-id=\"396ca33\" data-element_type=\"section\" data-e-type=\"section\">\n\t\t\t\t\t\t<div class=\"elementor-container elementor-column-gap-default\">\n\t\t\t\t\t<div class=\"elementor-column elementor-col-100 elementor-top-column elementor-element elementor-element-7b46509\" data-id=\"7b46509\" data-element_type=\"column\" data-e-type=\"column\">\n\t\t\t<div class=\"elementor-widget-wrap elementor-element-populated\">\n\t\t\t\t\t\t<div class=\"elementor-element elementor-element-6db3265 elementor-widget elementor-widget-spacer\" data-id=\"6db3265\" data-element_type=\"widget\" data-e-type=\"widget\" data-widget_type=\"spacer.default\">\n\t\t\t\t<div class=\"elementor-widget-container\">\n\t\t\t\t\t\t\t<div class=\"elementor-spacer\">\n\t\t\t<div class=\"elementor-spacer-inner\"><\/div>\n\t\t<\/div>\n\t\t\t\t\t\t<\/div>\n\t\t\t\t<\/div>\n\t\t\t\t<div class=\"elementor-element elementor-element-5a82397 elementor-widget elementor-widget-heading\" data-id=\"5a82397\" data-element_type=\"widget\" data-e-type=\"widget\" data-widget_type=\"heading.default\">\n\t\t\t\t<div class=\"elementor-widget-container\">\n\t\t\t\t\t<h2 class=\"elementor-heading-title elementor-size-default\">Stellenangebote<\/h2>\t\t\t\t<\/div>\n\t\t\t\t<\/div>\n\t\t\t\t<div class=\"elementor-element elementor-element-4f706f4 elementor-widget elementor-widget-text-editor\" data-id=\"4f706f4\" data-element_type=\"widget\" data-e-type=\"widget\" data-widget_type=\"text-editor.default\">\n\t\t\t\t<div class=\"elementor-widget-container\">\n\t\t\t\t\t\t\t\t\t<p style=\"text-align: left\">Liebe Studierende,<\/p><ul><li style=\"text-align: left\"><span class=\"elementor-icon-list-text elementor-inline-editing pen\" data-elementor-setting-key=\"icon_list.0.text\" data-pen-placeholder=\"Eingabe hier...\">Ihr befindet euch in einem lehramtsbezogenen Studiengang (Realschule Plus, Gymnasium oder Berufsbildende Schule) an der Universit\u00e4t Koblenz,<\/span><\/li><li style=\"text-align: left\"><span class=\"elementor-icon-list-text elementor-inline-editing pen\" data-elementor-setting-key=\"icon_list.1.text\" data-pen-placeholder=\"Eingabe hier...\">Ihr habt Lust, bereits w\u00e4hrend des Studiums praktische und vertiefende Erfahrungen zu sammeln,<\/span><\/li><li style=\"text-align: left\"><span class=\"elementor-icon-list-text elementor-inline-editing pen\" data-elementor-setting-key=\"icon_list.2.text\" data-pen-placeholder=\"Eingabe hier...\">Ihr habt Interesse, mit DaZ (Deutsch als Zweitsprache)- \/ DaF (Deutsch als Fremdsprache)-Lernenden zu arbeiten,<\/span><\/li><li style=\"text-align: left\"><span class=\"elementor-icon-list-text elementor-inline-editing pen\" data-elementor-setting-key=\"icon_list.3.text\" data-pen-placeholder=\"Eingabe hier...\">und nebenbei noch etwas zu verdienen?<\/span><\/li><\/ul>\t\t\t\t\t\t\t\t<\/div>\n\t\t\t\t<\/div>\n\t\t\t\t<div class=\"elementor-element elementor-element-ff783e2 elementor-widget elementor-widget-text-editor\" data-id=\"ff783e2\" data-element_type=\"widget\" data-e-type=\"widget\" data-widget_type=\"text-editor.default\">\n\t\t\t\t<div class=\"elementor-widget-container\">\n\t\t\t\t\t\t\t\t\t<p style=\"text-align: left\">Dann meldet Euch bei uns unter funkprojekt@uni-koblenz.de!<\/p><p style=\"text-align: left\"><span style=\"font-family: Roboto, sans-serif;font-size: 14px;font-style: normal;font-weight: 400\">Wir freuen uns immer \u00fcber Initiativbewerbungen in allen F\u00e4chern.\u00a0<\/span>Derzeit suchen wir F\u00f6rderlehrer*innen f\u00fcr die F\u00e4cher Mathematik und Chemie.\u00a0<\/p>\t\t\t\t\t\t\t\t<\/div>\n\t\t\t\t<\/div>\n\t\t\t\t\t<\/div>\n\t\t<\/div>\n\t\t\t\t\t<\/div>\n\t\t<\/section>\n\t\t\t\t<\/div>\n\t\t","protected":false},"excerpt":{"rendered":"<p>Home \u00a0 &gt;\u00a0\u00a0\u00a0Stellenangebote\/Praktika Orientierendes Praktikum 2 Lehramtsstudierende der Universit\u00e4t in Koblenz k\u00f6nnen ihr zweites orientierendes Praktikum bei FUNK absolvieren, wenn das erste OP regul\u00e4r an einer Schule abgeschlossen wurde. Alle Informationen erhalten Sie im Zentrum f\u00fcr Lehrerbildung (Ansprechpartnerin: Susanne Orths) oder im FUNK-Projektb\u00fcro (Ansprechpartnerin: Dr. Iris Meinen). Zur Anerkennung als F\u00f6rderlehrkraft sind folgende Dinge verpflichtend: [&hellip;]<\/p>\n","protected":false},"author":763,"featured_media":0,"parent":0,"menu_order":0,"comment_status":"closed","ping_status":"closed","template":"","meta":{"footnotes":""},"class_list":["post-9490","page","type-page","status-publish","hentry","entry"],"_links":{"self":[{"href":"https:\/\/wp.uni-koblenz.de\/funkprojekt\/wp-json\/wp\/v2\/pages\/9490","targetHints":{"allow":["GET"]}}],"collection":[{"href":"https:\/\/wp.uni-koblenz.de\/funkprojekt\/wp-json\/wp\/v2\/pages"}],"about":[{"href":"https:\/\/wp.uni-koblenz.de\/funkprojekt\/wp-json\/wp\/v2\/types\/page"}],"author":[{"embeddable":true,"href":"https:\/\/wp.uni-koblenz.de\/funkprojekt\/wp-json\/wp\/v2\/users\/763"}],"replies":[{"embeddable":true,"href":"https:\/\/wp.uni-koblenz.de\/funkprojekt\/wp-json\/wp\/v2\/comments?post=9490"}],"version-history":[{"count":13,"href":"https:\/\/wp.uni-koblenz.de\/funkprojekt\/wp-json\/wp\/v2\/pages\/9490\/revisions"}],"predecessor-version":[{"id":12465,"href":"https:\/\/wp.uni-koblenz.de\/funkprojekt\/wp-json\/wp\/v2\/pages\/9490\/revisions\/12465"}],"wp:attachment":[{"href":"https:\/\/wp.uni-koblenz.de\/funkprojekt\/wp-json\/wp\/v2\/media?parent=9490"}],"curies":[{"name":"wp","href":"https:\/\/api.w.org\/{rel}","templated":true}]}}