{"id":9511,"date":"2025-04-01T17:02:01","date_gmt":"2025-04-01T15:02:01","guid":{"rendered":"https:\/\/userpages.uni-koblenz.de\/~funkprojekt\/wordpress\/?page_id=9511"},"modified":"2026-04-24T15:35:29","modified_gmt":"2026-04-24T13:35:29","slug":"anmelden","status":"publish","type":"page","link":"https:\/\/wp.uni-koblenz.de\/funkprojekt\/anmelden\/","title":{"rendered":"Anmelden"},"content":{"rendered":"\t\t<div data-elementor-type=\"wp-page\" data-elementor-id=\"9511\" class=\"elementor elementor-9511\">\n\t\t\t\t\t\t<section class=\"elementor-section elementor-top-section elementor-element elementor-element-1ea17d35 elementor-section-boxed elementor-section-height-default elementor-section-height-default\" data-id=\"1ea17d35\" data-element_type=\"section\" data-e-type=\"section\">\n\t\t\t\t\t\t<div class=\"elementor-container elementor-column-gap-default\">\n\t\t\t\t\t<div class=\"elementor-column elementor-col-100 elementor-top-column elementor-element elementor-element-13eaf2aa\" data-id=\"13eaf2aa\" data-element_type=\"column\" data-e-type=\"column\">\n\t\t\t<div class=\"elementor-widget-wrap elementor-element-populated\">\n\t\t\t\t\t\t<div class=\"elementor-element elementor-element-578f215b elementor-widget elementor-widget-text-editor\" data-id=\"578f215b\" data-element_type=\"widget\" data-e-type=\"widget\" data-widget_type=\"text-editor.default\">\n\t\t\t\t<div class=\"elementor-widget-container\">\n\t\t\t\t\t\t\t\t\t<p><em><a href=\"https:\/\/wp.uni-koblenz.de\/funkprojekt\/\">Home<\/a> \u00a0 &gt;\u00a0\u00a0 <a href=\"https:\/\/wp.uni-koblenz.de\/funkprojekt\/anmeldung\">Anmeldung<\/a> \u00a0 &gt;\u00a0\u00a0 <a href=\"https:\/\/wp.uni-koblenz.de\/funkprojekt\/anmelden\">Anmelden<\/a><\/em><\/p>\t\t\t\t\t\t\t\t<\/div>\n\t\t\t\t<\/div>\n\t\t\t\t\t<\/div>\n\t\t<\/div>\n\t\t\t\t\t<\/div>\n\t\t<\/section>\n\t\t\t\t<section class=\"elementor-section elementor-top-section elementor-element elementor-element-73564578 elementor-section-boxed elementor-section-height-default elementor-section-height-default\" data-id=\"73564578\" data-element_type=\"section\" data-e-type=\"section\">\n\t\t\t\t\t\t<div class=\"elementor-container elementor-column-gap-default\">\n\t\t\t\t\t<div class=\"elementor-column elementor-col-100 elementor-top-column elementor-element elementor-element-5af6758b\" data-id=\"5af6758b\" data-element_type=\"column\" data-e-type=\"column\">\n\t\t\t<div class=\"elementor-widget-wrap elementor-element-populated\">\n\t\t\t\t\t\t<div class=\"elementor-element elementor-element-4e9321e5 elementor-hidden-mobile elementor-widget elementor-widget-image\" data-id=\"4e9321e5\" data-element_type=\"widget\" data-e-type=\"widget\" data-widget_type=\"image.default\">\n\t\t\t\t<div class=\"elementor-widget-container\">\n\t\t\t\t\t\t\t\t\t\t\t\t\t\t\t<img fetchpriority=\"high\" decoding=\"async\" width=\"1024\" height=\"450\" src=\"https:\/\/wp.uni-koblenz.de\/funkprojekt\/wp-content\/uploads\/sites\/203\/2023\/12\/Eingang_Megafon2_scaled2.png\" class=\"attachment-large size-large wp-image-11810\" alt=\"\" \/>\t\t\t\t\t\t\t\t\t\t\t\t\t\t\t<\/div>\n\t\t\t\t<\/div>\n\t\t\t\t<div class=\"elementor-element elementor-element-40f34cf7 elementor-hidden-desktop elementor-hidden-tablet elementor-widget elementor-widget-image\" data-id=\"40f34cf7\" data-element_type=\"widget\" data-e-type=\"widget\" data-widget_type=\"image.default\">\n\t\t\t\t<div class=\"elementor-widget-container\">\n\t\t\t\t\t\t\t\t\t\t\t\t\t\t\t<img decoding=\"async\" width=\"802\" height=\"1024\" src=\"https:\/\/wp.uni-koblenz.de\/funkprojekt\/wp-content\/uploads\/sites\/203\/2023\/12\/Eingang_Megafon_mobile_scaled.png\" class=\"attachment-large size-large wp-image-11811\" alt=\"\" \/>\t\t\t\t\t\t\t\t\t\t\t\t\t\t\t<\/div>\n\t\t\t\t<\/div>\n\t\t\t\t<div class=\"elementor-element elementor-element-578e0721 elementor-widget elementor-widget-spacer\" data-id=\"578e0721\" data-element_type=\"widget\" data-e-type=\"widget\" data-widget_type=\"spacer.default\">\n\t\t\t\t<div class=\"elementor-widget-container\">\n\t\t\t\t\t\t\t<div class=\"elementor-spacer\">\n\t\t\t<div class=\"elementor-spacer-inner\"><\/div>\n\t\t<\/div>\n\t\t\t\t\t\t<\/div>\n\t\t\t\t<\/div>\n\t\t\t\t\t<\/div>\n\t\t<\/div>\n\t\t\t\t\t<\/div>\n\t\t<\/section>\n\t\t\t\t<section class=\"elementor-section elementor-top-section elementor-element elementor-element-80cdb30 elementor-section-boxed elementor-section-height-default elementor-section-height-default\" data-id=\"80cdb30\" data-element_type=\"section\" data-e-type=\"section\">\n\t\t\t\t\t\t<div class=\"elementor-container elementor-column-gap-default\">\n\t\t\t\t\t<div class=\"elementor-column elementor-col-100 elementor-top-column elementor-element elementor-element-c16c567\" data-id=\"c16c567\" data-element_type=\"column\" data-e-type=\"column\">\n\t\t\t<div class=\"elementor-widget-wrap elementor-element-populated\">\n\t\t\t\t\t\t<div class=\"elementor-element elementor-element-35be0dc elementor-widget elementor-widget-heading\" data-id=\"35be0dc\" data-element_type=\"widget\" data-e-type=\"widget\" data-widget_type=\"heading.default\">\n\t\t\t\t<div class=\"elementor-widget-container\">\n\t\t\t\t\t<h2 class=\"elementor-heading-title elementor-size-default\">Wenn du dich anmelden willst, musst du daf\u00fcr zu uns ins B\u00fcro kommen. <br>Du kannst daf\u00fcr jederzeit zu unseren \u00d6ffnungszeiten zu uns kommen.<br><\/h2>\t\t\t\t<\/div>\n\t\t\t\t<\/div>\n\t\t\t\t<div class=\"elementor-element elementor-element-0a27e53 elementor-widget elementor-widget-text-editor\" data-id=\"0a27e53\" data-element_type=\"widget\" data-e-type=\"widget\" data-widget_type=\"text-editor.default\">\n\t\t\t\t<div class=\"elementor-widget-container\">\n\t\t\t\t\t\t\t\t\t<p style=\"text-align: center\"><span style=\"font-family: Roboto, sans-serif;font-size: 14px;font-style: normal;font-weight: 400\">Schreib uns gerne vorher eine <a href=\"mailto:funkprojekt@uni-koblenz.de\">E-Mail<\/a> mit ein paar Informationen zu dir oder ruf uns an.<br \/><\/span><span style=\"font-family: Roboto, sans-serif;font-size: 14px;font-style: normal;font-weight: 400\">Welche Schule und Klasse besuchst du?<br \/><\/span><span style=\"font-family: Roboto, sans-serif;font-size: 14px;font-style: normal;font-weight: 400\">In welchem Ort wohnst du?<br \/><\/span><span style=\"font-family: Roboto, sans-serif;font-size: 14px;font-style: normal;font-weight: 400;text-align: left\">Seit wann bist du in Deutschland?<br \/><\/span><span style=\"font-family: Roboto, sans-serif;font-size: 14px;font-style: normal;font-weight: 400;text-align: left\">Wobei k\u00f6nnen wir dir helfen?<\/span><\/p><p style=\"text-align: center\"><span style=\"font-family: Roboto, sans-serif;font-size: 14px;font-style: normal;font-weight: 400;text-align: left\">Unsere E-Mail-Adresse lautet <a href=\"mailto:funkprojekt@uni-koblenz.de\">funkprojekt@uni-koblenz.de<\/a> und unsere Telefonnummer ist 0261\/287 2870.<\/span><\/p><p style=\"text-align: center\"><span style=\"font-family: Roboto, sans-serif;font-size: 14px;font-style: normal;font-weight: 400\">Wir melden uns dann bei dir per E-Mail oder Telefon bei dir und machen einen Termin aus. Du musst auf jeden Fall zur Anmeldung zu uns kommen.<\/span><\/p>\t\t\t\t\t\t\t\t<\/div>\n\t\t\t\t<\/div>\n\t\t\t\t\t<\/div>\n\t\t<\/div>\n\t\t\t\t\t<\/div>\n\t\t<\/section>\n\t\t\t\t<\/div>\n\t\t","protected":false},"excerpt":{"rendered":"<p>Home \u00a0 &gt;\u00a0\u00a0 Anmeldung \u00a0 &gt;\u00a0\u00a0 Anmelden Wenn du dich anmelden willst, musst du daf\u00fcr zu uns ins B\u00fcro kommen. Du kannst daf\u00fcr jederzeit zu unseren \u00d6ffnungszeiten zu uns kommen. Schreib uns gerne vorher eine E-Mail mit ein paar Informationen zu dir oder ruf uns an.Welche Schule und Klasse besuchst du?In welchem Ort wohnst du?Seit [&hellip;]<\/p>\n","protected":false},"author":763,"featured_media":0,"parent":0,"menu_order":0,"comment_status":"closed","ping_status":"closed","template":"","meta":{"footnotes":""},"class_list":["post-9511","page","type-page","status-publish","hentry","entry"],"_links":{"self":[{"href":"https:\/\/wp.uni-koblenz.de\/funkprojekt\/wp-json\/wp\/v2\/pages\/9511","targetHints":{"allow":["GET"]}}],"collection":[{"href":"https:\/\/wp.uni-koblenz.de\/funkprojekt\/wp-json\/wp\/v2\/pages"}],"about":[{"href":"https:\/\/wp.uni-koblenz.de\/funkprojekt\/wp-json\/wp\/v2\/types\/page"}],"author":[{"embeddable":true,"href":"https:\/\/wp.uni-koblenz.de\/funkprojekt\/wp-json\/wp\/v2\/users\/763"}],"replies":[{"embeddable":true,"href":"https:\/\/wp.uni-koblenz.de\/funkprojekt\/wp-json\/wp\/v2\/comments?post=9511"}],"version-history":[{"count":46,"href":"https:\/\/wp.uni-koblenz.de\/funkprojekt\/wp-json\/wp\/v2\/pages\/9511\/revisions"}],"predecessor-version":[{"id":12657,"href":"https:\/\/wp.uni-koblenz.de\/funkprojekt\/wp-json\/wp\/v2\/pages\/9511\/revisions\/12657"}],"wp:attachment":[{"href":"https:\/\/wp.uni-koblenz.de\/funkprojekt\/wp-json\/wp\/v2\/media?parent=9511"}],"curies":[{"name":"wp","href":"https:\/\/api.w.org\/{rel}","templated":true}]}}