{"id":9646,"date":"2025-04-01T17:02:06","date_gmt":"2025-04-01T15:02:06","guid":{"rendered":"https:\/\/userpages.uni-koblenz.de\/~funkprojekt\/wordpress\/?page_id=9646"},"modified":"2025-04-29T12:50:11","modified_gmt":"2025-04-29T10:50:11","slug":"datenschutzerklaerung","status":"publish","type":"page","link":"https:\/\/wp.uni-koblenz.de\/funkprojekt\/datenschutzerklaerung\/","title":{"rendered":"Datenschutzerkl\u00e4rung"},"content":{"rendered":"\t\t<div data-elementor-type=\"wp-page\" data-elementor-id=\"9646\" class=\"elementor elementor-9646\">\n\t\t\t\t\t\t<section class=\"elementor-section elementor-top-section elementor-element elementor-element-7d1c5d60 elementor-section-boxed elementor-section-height-default elementor-section-height-default\" data-id=\"7d1c5d60\" data-element_type=\"section\" data-e-type=\"section\">\n\t\t\t\t\t\t<div class=\"elementor-container elementor-column-gap-default\">\n\t\t\t\t\t<div class=\"elementor-column elementor-col-100 elementor-top-column elementor-element elementor-element-6ff29f77\" data-id=\"6ff29f77\" data-element_type=\"column\" data-e-type=\"column\">\n\t\t\t<div class=\"elementor-widget-wrap elementor-element-populated\">\n\t\t\t\t\t\t<div class=\"elementor-element elementor-element-4efe3281 elementor-widget elementor-widget-text-editor\" data-id=\"4efe3281\" data-element_type=\"widget\" data-e-type=\"widget\" data-widget_type=\"text-editor.default\">\n\t\t\t\t<div class=\"elementor-widget-container\">\n\t\t\t\t\t\t\t\t\t<p><em><a href=\"https:\/\/wp.uni-koblenz.de\/funkprojekt\/\">Home<\/a> \u00a0 &gt;\u00a0\u00a0 <a href=\"https:\/\/wp.uni-koblenz.de\/funkprojekt\/sonstiges\/\">Sonstiges<\/a> \u00a0 &gt; \u00a0 <a href=\"https:\/\/wp.uni-koblenz.de\/funkprojekt\/datenschutzerklaerung\/\">Datenschutzerkl\u00e4rung<\/a>\u00a0 <\/em><\/p>\t\t\t\t\t\t\t\t<\/div>\n\t\t\t\t<\/div>\n\t\t\t\t\t<\/div>\n\t\t<\/div>\n\t\t\t\t\t<\/div>\n\t\t<\/section>\n\t\t\t\t<section class=\"elementor-section elementor-top-section elementor-element elementor-element-1784dd26 elementor-section-boxed elementor-section-height-default elementor-section-height-default\" data-id=\"1784dd26\" data-element_type=\"section\" data-e-type=\"section\">\n\t\t\t\t\t\t<div class=\"elementor-container elementor-column-gap-default\">\n\t\t\t\t\t<div class=\"elementor-column elementor-col-100 elementor-top-column elementor-element elementor-element-322f9dcf\" data-id=\"322f9dcf\" data-element_type=\"column\" data-e-type=\"column\">\n\t\t\t<div class=\"elementor-widget-wrap elementor-element-populated\">\n\t\t\t\t\t\t<div class=\"elementor-element elementor-element-76953a04 elementor-hidden-mobile elementor-widget elementor-widget-image\" data-id=\"76953a04\" data-element_type=\"widget\" data-e-type=\"widget\" data-widget_type=\"image.default\">\n\t\t\t\t<div class=\"elementor-widget-container\">\n\t\t\t\t\t\t\t\t\t\t\t\t\t\t\t<img fetchpriority=\"high\" decoding=\"async\" width=\"1024\" height=\"450\" src=\"https:\/\/wp.uni-koblenz.de\/funkprojekt\/wp-content\/uploads\/sites\/203\/2023\/12\/Eingang_Megafon2_scaled2.png\" class=\"attachment-large size-large wp-image-11810\" alt=\"\" \/>\t\t\t\t\t\t\t\t\t\t\t\t\t\t\t<\/div>\n\t\t\t\t<\/div>\n\t\t\t\t<div class=\"elementor-element elementor-element-6ab09f2b elementor-hidden-desktop elementor-hidden-tablet elementor-widget elementor-widget-image\" data-id=\"6ab09f2b\" data-element_type=\"widget\" data-e-type=\"widget\" data-widget_type=\"image.default\">\n\t\t\t\t<div class=\"elementor-widget-container\">\n\t\t\t\t\t\t\t\t\t\t\t\t\t\t\t<img decoding=\"async\" width=\"802\" height=\"1024\" src=\"https:\/\/wp.uni-koblenz.de\/funkprojekt\/wp-content\/uploads\/sites\/203\/2023\/12\/Eingang_Megafon_mobile_scaled.png\" class=\"attachment-large size-large wp-image-11811\" alt=\"\" \/>\t\t\t\t\t\t\t\t\t\t\t\t\t\t\t<\/div>\n\t\t\t\t<\/div>\n\t\t\t\t<div class=\"elementor-element elementor-element-caa8f1a elementor-widget elementor-widget-spacer\" data-id=\"caa8f1a\" data-element_type=\"widget\" data-e-type=\"widget\" data-widget_type=\"spacer.default\">\n\t\t\t\t<div class=\"elementor-widget-container\">\n\t\t\t\t\t\t\t<div class=\"elementor-spacer\">\n\t\t\t<div class=\"elementor-spacer-inner\"><\/div>\n\t\t<\/div>\n\t\t\t\t\t\t<\/div>\n\t\t\t\t<\/div>\n\t\t\t\t<div class=\"elementor-element elementor-element-deb2c9e elementor-widget elementor-widget-text-editor\" data-id=\"deb2c9e\" data-element_type=\"widget\" data-e-type=\"widget\" data-widget_type=\"text-editor.default\">\n\t\t\t\t<div class=\"elementor-widget-container\">\n\t\t\t\t\t\t\t\t\t<p id=\"birss\"><strong><span style=\"font-size: 14pt\">1 Verantwortliche Stelle<\/span><\/strong><\/p><p>Die verantwortliche Stelle f\u00fcr die Erhebung, Verarbeitung und Nutzung Ihrer personenbezogenen Daten im Sinne der DSGVO ist:<\/p><p>Universit\u00e4t Koblenz<\/p><p>Universit\u00e4tsstra\u00dfe 1, D-56070 Koblenz<br \/>Telefon: <a href=\"tel:0049 261 287-0\">+49\u00a0261 287-0<\/a><br \/>Telefax: +49 261 287-1600<\/p><p>E-Mail: <a href=\"mailto:service@uni-koblenz.de\" rel=\"noopener noreferrer\">service(at)uni-koblenz.de<\/a><\/p><p>Sofern Sie der Erhebung, Verarbeitung oder Nutzung Ihrer Daten durch uns nach Ma\u00dfgabe dieser Datenschutzerkl\u00e4rung insgesamt oder f\u00fcr einzelne Ma\u00dfnahmen widersprechen wollen, k\u00f6nnen Sie Ihren Widerspruch an die oben genannte Stelle richten.<\/p><p>Sie k\u00f6nnen diese Datenschutzerkl\u00e4rung jederzeit speichern und ausdrucken.<\/p><p id=\"9c5l8\"><strong><span style=\"font-size: 14pt\">2 Allgemeine Nutzung der Website<\/span><\/strong><\/p><p><strong>2.1 Zugriffsdaten<\/strong><\/p><p>Wir sammeln Informationen \u00fcber Sie, wenn Sie diese Website nutzen. Wir erfassen automatisch Informationen \u00fcber Ihr Nutzungsverhalten und Ihre Interaktion mit der Website und registrieren Daten zu Ihrem Endger\u00e4t. Wir erheben, speichern und nutzen Daten \u00fcber jeden Zugriff auf unser Onlineangebot (sogenannte <em>Serverlogfiles<\/em>). Zu den Zugriffsdaten geh\u00f6ren:<\/p><ul><li>Name und URL der abgerufenen<\/li><li>Datei Datum und Uhrzeit des Abrufs<\/li><li>\u00fcbertragene Datenmenge<\/li><li>Meldung \u00fcber erfolgreichen Abruf (HTTP response code)<\/li><li>Browsertyp und Browserversion, Betriebssystem<\/li><li>Referrer-URL (d. h. die zuvor besuchte Seite)<\/li><li>IP-Adresse und anfragender Provider<\/li><\/ul><p>Wir behalten uns vor, die Protokolldaten nachtr\u00e4glich zu \u00fcberpr\u00fcfen, wenn aufgrund konkreter Anhaltspunkte der berechtigte Verdacht einer rechtswidrigen Nutzung besteht. IP-Adressen speichern wir f\u00fcr einen begrenzten Zeitraum in den Logfiles, wenn dies f\u00fcr Sicherheitszwecke erforderlich oder f\u00fcr die Leistungserbringung oder die Abrechnung einer Leistung n\u00f6tig ist, z. B. wenn Sie eines unserer Angebote nutzen. IP-Adressen speichern wir auch dann, wenn wir den konkreten Verdacht einer Straftat im Zusammenhang mit der Nutzung unserer Website haben. Au\u00dferdem speichern wir als Teil Ihres Accounts das Datum Ihres letzten Besuchs (z. B. bei Registrierung, Login, Klicken von Links etc.).<\/p><p><strong>2.2 Rechtsgrundlagen und Speicherdauer<\/strong><\/p><p>Rechtsgrundlage der Datenverarbeitung nach den vorstehenden Ziffern ist Art. 6 Abs. 1 Buchstabe f DSGVO. Unsere Interessen an der Datenverarbeitung sind insbesondere die Sicherstellung des Betriebs und der Sicherheit der Website, die Untersuchung der Art und Weise der Nutzung der Website durch Besucher:innen, und die Vereinfachung der Nutzung der Website.<\/p><p>Sofern nicht spezifisch angegeben speichern wir personenbezogene Daten nur so lange, wie dies zur Erf\u00fcllung der verfolgten Zwecke notwendig ist.<\/p><p id=\"6cmem\"><strong><span style=\"font-size: 14pt\">3 Ihre Rechte als von der Datenverarbeitung Betroffener<\/span><\/strong><\/p><p>Nach den anwendbaren Gesetzen haben Sie verschiedene Rechte bez\u00fcglich Ihrer personenbezogenen Daten. Wenn Sie diese Rechte geltend machen m\u00f6chten, dann richten Sie Ihre Anfrage bitte per E-Mail oder per Post unter eindeutiger Identifizierung Ihrer Person an die in Ziffer 1 genannte Adresse.<\/p><p>Nachfolgend finden Sie eine \u00dcbersicht \u00fcber Ihre Rechte.<\/p><p><strong>3.1 Recht auf Best\u00e4tigung und Auskunft<\/strong><\/p><p>Sie haben jederzeit das Recht, von uns eine Best\u00e4tigung dar\u00fcber zu erhalten, ob Sie betreffende personenbezogene Daten verarbeitet werden. Wenn dies der Fall ist, dann haben Sie das Recht, von uns eine unentgeltliche Auskunft \u00fcber die zu Ihnen gespeicherten personenbezogenen Daten nebst einer Kopie dieser Daten zu erhalten. Des Weiteren besteht ein Recht auf Information \u00fcber:<\/p><ul><li>die Verarbeitungszwecke<\/li><li>die Kategorien personenbezogener Daten, die verarbeitet werden<\/li><li>die Empf\u00e4nger:innen oder Kategorien von Empf\u00e4nger:innen, gegen\u00fcber denen die personenbezogenen Daten offengelegt worden sind oder noch offengelegt werden, insbesondere bei Empf\u00e4nger:innen in Drittl\u00e4ndern oder bei internationalen Organisationen<\/li><li>falls m\u00f6glich die geplante Dauer, f\u00fcr die die personenbezogenen Daten gespeichert werden, oder \u2013 falls dies nicht m\u00f6glich ist \u2013 die Kriterien f\u00fcr die Festlegung dieser Dauer<\/li><li>die Herkunft von personenbezogenen Daten, die von Dritten erhoben wurden und von uns genutzt werden, soweit diese Informationen verf\u00fcgbar sind<\/li><li>das Bestehen eines Rechts auf Berichtigung oder L\u00f6schung der Sie betreffenden personenbezogenen Daten oder auf Einschr\u00e4nkung der Verarbeitung durch die Verantwortlichen oder eines Widerspruchsrechts gegen diese Verarbeitung<\/li><li>das Bestehen eines Beschwerderechts bei einer Aufsichtsbeh\u00f6rde<\/li><li>das Bestehen einer automatisierten Entscheidungsfindung einschlie\u00dflich Profiling gem\u00e4\u00df Art. 22 Abs. 1 und 4 DSGVO und \u2013 zumindest in diesen F\u00e4llen \u2013 aussagekr\u00e4ftige Informationen \u00fcber die involvierte Logik sowie die Tragweite und die angestrebten Auswirkungen einer derartigen Verarbeitung f\u00fcr Sie.<\/li><\/ul><p>Wenn die personenbezogene Daten an ein Drittland oder an eine internationale Organisation \u00fcbermittelt werden, dann haben Sie das Recht, \u00fcber die geeigneten Garantien gem\u00e4\u00df Art. 46 DSGVO im Zusammenhang mit der \u00dcbermittlung unterrichtet zu werden.<\/p><p><strong>3.2 Recht auf Berichtigung<\/strong><\/p><p>Sie haben das Recht, von uns unverz\u00fcglich die Berichtigung Sie betreffender unrichtiger personenbezogener Daten zu verlangen. Unter Ber\u00fccksichtigung der Zwecke der Erhebung der Daten haben Sie das Recht, die Vervollst\u00e4ndigung unvollst\u00e4ndiger personenbezogener Daten \u2013 auch mittels einer erg\u00e4nzenden Erkl\u00e4rung \u2013 zu verlangen.<\/p><p><strong>3.3 Recht auf L\u00f6schung (\u201eRecht auf Vergessenwerden\u201c)<\/strong><\/p><p>Sie haben das Recht, von uns zu verlangen, dass Sie betreffende personenbezogene Daten unverz\u00fcglich gel\u00f6scht werden, und wir sind verpflichtet, personenbezogene Daten unverz\u00fcglich zu l\u00f6schen, sofern einer der folgenden Gr\u00fcnde zutrifft:<\/p><ul><li>Die personenbezogenen Daten sind f\u00fcr die Zwecke, f\u00fcr die sie erhoben oder auf sonstige Weise verarbeitet wurden, nicht mehr notwendig.<\/li><li>Sie widerrufen Ihre Einwilligung, auf die sich die Verarbeitung gem\u00e4\u00df Art. 6 Abs. 1 DSGVO Buchstabe a oder Art. 9 Abs. 2 Buchstabe a DSGVO st\u00fctzte, und es fehlt an einer anderweitigen Rechtsgrundlage f\u00fcr die Verarbeitung.<\/li><li>Sie legen gem\u00e4\u00df Art. 21 Abs. 1 DSGVO Widerspruch gegen die Verarbeitung ein und es liegen keine vorrangigen berechtigten Gr\u00fcnde f\u00fcr die Verarbeitung vor oder Sie legen gem\u00e4\u00df Art. 21 Abs. 2 DSGVO Widerspruch gegen die Verarbeitung ein.<\/li><li>Die personenbezogenen Daten wurden unrechtm\u00e4\u00dfig verarbeitet.<\/li><li>Die L\u00f6schung der personenbezogenen Daten ist zur Erf\u00fcllung einer rechtlichen Verpflichtung nach dem Unionsrecht oder dem Recht der Mitgliedstaaten erforderlich, dem wir unterliegen.<\/li><li>Die personenbezogenen Daten wurden in Bezug auf angebotene Dienste der Informationsgesellschaft gem\u00e4\u00df Art. 8 Abs. 1 DSGVO erhoben.<\/li><\/ul><p>Wenn wir die personenbezogenen Daten \u00f6ffentlich gemacht haben und wenn wir gem\u00e4\u00df Art. 17 zu deren L\u00f6schung verpflichtet sind, dann treffen wir unter Ber\u00fccksichtigung der verf\u00fcgbaren Technologie und der Implementierungskosten angemessene Ma\u00dfnahmen, auch technischer Art, um die f\u00fcr die Datenverarbeitung verantwortlichen Personen, dar\u00fcber zu informieren, dass Sie von ihnen die L\u00f6schung aller Links zu diesen personenbezogenen Daten oder von Kopien oder Replikationen dieser personenbezogenen Daten verlangt haben.<\/p><p><strong>3.4 Recht auf Einschr\u00e4nkung der Verarbeitung<\/strong><\/p><p>Sie haben das Recht, von uns die Einschr\u00e4nkung der Verarbeitung zu verlangen, wenn eine der folgenden Voraussetzungen gegeben ist:<\/p><ul><li>Die Richtigkeit der personenbezogenen Daten wird von Ihnen bestritten. Die Verarbeitung kann dann f\u00fcr eine Dauer eingeschr\u00e4nkt werden, die es uns erm\u00f6glicht, die Richtigkeit der personenbezogenen Daten zu \u00fcberpr\u00fcfen.<\/li><li>Die Verarbeitung ist unrechtm\u00e4\u00dfig und Sie haben die L\u00f6schung der personenbezogenen Daten ablehnten und stattdessen die Einschr\u00e4nkung der Nutzung der personenbezogenen Daten verlangt.<\/li><li>Wir ben\u00f6tigen die personenbezogenen Daten f\u00fcr die Zwecke der Verarbeitung nicht l\u00e4nger, aber Sie ben\u00f6tigen die Daten zur Geltendmachung, Aus\u00fcbung oder Verteidigung von Rechtsanspr\u00fcchen.<\/li><li>Sie haben Widerspruch gegen die Verarbeitung gem\u00e4\u00df Art. 21 Abs. 1 DSGVO eingelegt, es steht jedoch noch nicht feststeht, ob die berechtigten Gr\u00fcnde unserer Universit\u00e4t gegen\u00fcber den Ihren \u00fcberwiegen.<\/li><\/ul><p><strong>3.5 Recht auf Daten\u00fcbertragbarkeit<\/strong><\/p><p>Sie haben das Recht, die Sie betreffenden personenbezogenen Daten, die Sie uns bereitgestellt haben, in einem strukturierten, g\u00e4ngigen und maschinenlesbaren Format zu erhalten, und Sie haben das Recht, diese Daten anderen Verantwortlichen ohne Behinderung durch uns zu \u00fcbermitteln, sofern<\/p><ul><li>die Verarbeitung auf einer Einwilligung gem\u00e4\u00df Art. 6 Abs. 1 Buchstabe a DSGVO oder Art. 9 Abs. 2 Buchstabe a DSGVO oder auf einem Vertrag gem\u00e4\u00df Art. 6 Abs. 1 Buchstabe b DSGVO beruht und<\/li><li>die Verarbeitung mithilfe automatisierter Verfahren erfolgt.<\/li><\/ul><p>Bei der Aus\u00fcbung Ihres Rechts auf Daten\u00fcbertragbarkeit gem\u00e4\u00df Art. 20 Abs. 1 haben Sie das Recht, zu erwirken, dass die personenbezogenen Daten direkt von uns an andere \u00a0Verantwortliche \u00fcbermittelt werden, soweit dies technisch machbar ist.<\/p><p><strong>3.6 Widerspruchsrecht<\/strong><\/p><p>Sie haben das Recht, aus Gr\u00fcnden, die sich aus Ihrer besonderen Situation ergeben, jederzeit gegen die Verarbeitung Sie betreffender personenbezogener Daten, die aufgrund von Art. 6 Abs. 1 Buchstaben e oder f DSGVO erfolgt, Widerspruch einzulegen; dies gilt auch f\u00fcr ein auf diese Bestimmungen gest\u00fctztes Profiling. Wir verarbeiten die personenbezogenen Daten dann nicht mehr, es sei denn, wir k\u00f6nnen zwingende schutzw\u00fcrdige Gr\u00fcnde f\u00fcr die Verarbeitung nachweisen, die Ihre Interessen, Rechte und Freiheiten \u00fcberwiegen, oder die Verarbeitung dient der Geltendmachung, Aus\u00fcbung oder Verteidigung von Rechtsanspr\u00fcchen.<\/p><p><strong>3.7 Automatisierte Entscheidungen einschlie\u00dflich Profiling<\/strong><\/p><p>Sie haben das Recht, nicht einer ausschlie\u00dflich auf einer automatisierten Verarbeitung \u2013 einschlie\u00dflich Profiling \u2013 beruhenden Entscheidung unterworfen zu werden, die Ihnen gegen\u00fcber rechtliche Wirkung entfaltet oder Sie in \u00e4hnlicher Weise erheblich beeintr\u00e4chtigt.<\/p><p><strong>3.8 Recht auf Widerruf einer datenschutzrechtlichen Einwilligung<\/strong><\/p><p>Sie haben das Recht, eine Einwilligung zur Verarbeitung personenbezogener Daten jederzeit zu widerrufen, solange kein h\u00f6herstehendes Gesetz diese erlaubt oder ben\u00f6tigt.<\/p><p><strong>3.9 Recht auf Beschwerde bei einer Aufsichtsbeh\u00f6rde<\/strong><\/p><p>Sie haben das Recht auf Beschwerde bei einer Aufsichtsbeh\u00f6rde, insbesondere in dem Mitgliedstaat Ihres Aufenthaltsortes, Ihres Arbeitsplatzes oder des Ortes des mutma\u00dflichen Versto\u00dfes, wenn Sie der Ansicht sind, dass die Verarbeitung der Sie betreffenden personenbezogenen Daten rechtswidrig ist.<\/p><p id=\"22t5k\"><strong><span style=\"font-size: 14pt\">4 Datensicherheit<\/span><\/strong><\/p><p>Wir sind um die Sicherheit Ihrer Daten im Rahmen der geltenden Datenschutzgesetze und technischen M\u00f6glichkeiten maximal bem\u00fcht. Zur Sicherung Ihrer Daten unterhalten wir technische-und organisatorische Sicherungsma\u00dfnahmen, die wir immer wieder dem Stand der Technik anpassen.<\/p><p>Ihre pers\u00f6nlichen Daten werden bei uns verschl\u00fcsselt \u00fcbertragen. Wir nutzen das Codierungssystems SSL (Secure Socket Layer), weisen jedoch darauf hin, dass die Daten\u00fcbertragung im Internet Sicherheitsl\u00fccken aufweisen kann (z. B. bei der Kommunikation per E-Mail). Ein l\u00fcckenloser Schutz der Daten vor dem Zugriff durch Dritte ist nicht m\u00f6glich.<\/p><p>Wir gew\u00e4hrleisten au\u00dferdem nicht, dass unser Angebot zu bestimmten Zeiten zur Verf\u00fcgung steht; St\u00f6rungen, Unterbrechungen oder Ausf\u00e4lle k\u00f6nnen nicht ausgeschlossen werden. Die von uns verwendeten Server werden regelm\u00e4\u00dfig sorgf\u00e4ltig gesichert.<\/p><p id=\"ccgqs\"><strong><span style=\"font-size: 14pt\">5 Automatisierte Entscheidungsfindung<\/span><\/strong><\/p><p>Eine automatisierte Entscheidungsfindung auf der Grundlage der erhobenen personenbezogenen Daten findet nicht statt.<\/p><p id=\"erg39\"><strong><span style=\"font-size: 14pt\">6 Weitergabe von Daten an Dritte, keine Daten\u00fcbertragung ins Nicht-EU-Ausland<\/span><\/strong><\/p><p>Grunds\u00e4tzlich verwenden wir Ihre personenbezogenen Daten nur innerhalb unserer Universit\u00e4t. Wenn und soweit wir Dritte im Rahmen der Erf\u00fcllung von Vertr\u00e4gen einschalten (etwa Dienstleister) erhalten diese personenbezogene Daten nur in dem Umfang, in dem die \u00dcbermittlung f\u00fcr die entsprechende Leistung erforderlich ist. F\u00fcr den Fall, dass wir bestimmte Teile der Datenverarbeitung auslagern (sogenannte <em>Auftragsverarbeitung<\/em>), verpflichten wir Auftragsnehmer:innen vertraglich dazu, personenbezogene Daten nur im Einklang mit den Anforderungen der Datenschutzgesetze zu verwenden und den Schutz der Rechte der betroffenen Personen zu gew\u00e4hrleisten. Eine Daten\u00fcbertragung an Stellen oder Personen au\u00dferhalb der EU \u00fcber die in dieser Erkl\u00e4rung genannten F\u00e4llen hinaus findet nicht statt und ist nicht geplant.<\/p><p id=\"6p64d\"><span style=\"font-size: 14pt\"><strong>7 Online-Formulare<\/strong><\/span><\/p><p>Personenbezogene Daten, die Sie gegebenenfalls \u00fcber Kontaktformulare, Anmeldeformulare und \u00e4hnliche Unterseiten unserer Website \u00fcber unsere Server an uns leiten, werden nur mit Ihrem Einverst\u00e4ndnis entgegengenommen und dienen ausschlie\u00dflich dem in den Formularen genannten Zweck. Bitte beachten Sie die entsprechenden Hinweise in den Formularen.<\/p><p>In allen Formularen werden nur die personenbezogenen Daten erhoben, die unbedingt erforderlich sind. \u00dcblicherweise werden die personenbezogenen Daten in der Datenbank der Content-Management-Server gespeichert und sind den jeweils zust\u00e4ndigen Mitarbeitenden der Universit\u00e4t Koblenz \u00b7 Landau zug\u00e4nglich. Ist es der Zweck der Datenerhebung, die Daten auch anderen Mitgliedern der Universit\u00e4t Koblenz zug\u00e4nglich zu machen, so wird hierbei das Prinzip der Datensparsamkeit beachtet. Ihre Daten werden nicht an Dritte weitergegeben, es sei denn, dies ist im Formular explizit angegeben.<\/p><p>Ihre personenbezogenen Daten werden nach Zweckerf\u00fcllung gel\u00f6scht, es sei denn Sie haben Ihre Einwilligung zur weiteren Kontaktpflege gegeben.<\/p><p>Sie k\u00f6nnen jederzeit f\u00fcr die Zukunft Ihre Einwilligung widerrufen. Hierzu wenden Sie sich bitte an die verantwortliche Stelle. Ihre Daten werden dann unverz\u00fcglich gel\u00f6scht<\/p><p><span style=\"font-size: 14pt\"><strong>8 Google ReCaptcha<\/strong><\/span><\/p><p><span id=\"thirdparty-googlerecaptcha\" class=\"ts-muster-generator-wrap ts-muster-id-thirdparty-googlerecaptcha\"><span class=\"ts-muster-content\">Wir binden die Funktion zur Erkennung von Bots, z.B. bei Eingaben in Onlineformularen (\u201cReCaptcha\u201d) des Anbieters Google LLC, 1600 Amphitheatre Parkway, Mountain View, CA 94043, USA, ein. Datenschutzerkl\u00e4rung: <a href=\"https:\/\/www.google.com\/policies\/privacy\/\" target=\"_blank\" rel=\"noopener\">https:\/\/www.google.com\/policies\/privacy\/<\/a>, Opt-Out: <a href=\"https:\/\/adssettings.google.com\/authenticated\" target=\"_blank\" rel=\"noopener\">https:\/\/adssettings.google.com\/authenticated<\/a>.<\/span><\/span><\/p><p><span style=\"font-size: 14pt\"><strong>9 Verwendung von Scriptbibliotheken (Google Webfonts)<\/strong><\/span><\/p><p>Um unsere Inhalte browser\u00fcbergreifend korrekt und grafisch ansprechend darzustellen, verwenden wir auf dieser Website Scriptbibliotheken und Schriftbibliotheken wie z. B. Google Webfonts (<a href=\"http:\/\/www.google.com\/webfonts\/\" target=\"_blank\" rel=\"noopener\">https:\/\/www.google.com\/webfonts\/<\/a>). Google Webfonts werden zur Vermeidung mehrfachen Ladens in den Cache Ihres Browsers \u00fcbertragen. Falls der Browser die Google Webfonts nicht unterst\u00fctzt oder den Zugriff unterbindet, werden Inhalte in einer Standardschrift angezeigt.<\/p><p><strong><span style=\"font-size: 14pt\">10 Verwendung von Google Maps<\/span><\/strong><\/p><p>Diese Webseite verwendet Google Maps API, um geographische Informationen visuell darzustellen. Bei der Nutzung von Google Maps werden von Google auch Daten \u00fcber die Nutzung der Kartenfunktionen durch Besucher erhoben, verarbeitet und genutzt. N\u00e4here Informationen \u00fcber die Datenverarbeitung durch Google k\u00f6nnen Sie <a href=\"http:\/\/www.google.com\/privacypolicy.html\" target=\"_blank\" rel=\"noopener\">den Google-Datenschutzhinweisen<\/a> entnehmen. Dort k\u00f6nnen Sie im Datenschutzcenter auch Ihre pers\u00f6nlichen Datenschutz-Einstellungen ver\u00e4ndern.\u00a0<\/p><p>Ausf\u00fchrliche Anleitungen zur Verwaltung der eigenen Daten im Zusammenhang mit Google-Produkten<a href=\"http:\/\/www.dataliberation.org\/\" target=\"_blank\" rel=\"noopener\"> finden Sie hier<\/a>.<\/p><p id=\"93fgq\"><strong><span style=\"font-size: 14pt\">11 Datenschutzbeauftragte<\/span><\/strong><\/p><p>Wenn Sie noch Fragen oder Bedenken zum Datenschutz haben, dann wenden Sie sich bitte an unsere Datenschutzbeauftragte:<\/p><p>Universit\u00e4t Koblenz &#8211; Datenschutzbeauftragte<\/p><p>Kalina Drandarov<br \/>Universit\u00e4tsstra\u00dfe 1<br \/>56070 Koblenz<\/p><p>Telefon: <a href=\"tel:0049 261 287-0\">+49\u00a0261 287-0<\/a><br \/>Telefax: +49 261 287-1600<\/p><p>E-Mail: <a href=\"mailto:datenschutz@uni-koblenz.de\">datenschutz(at)uni-koblenz.de<\/a><\/p><p id=\"f43lq\"><strong><span style=\"font-size: 14pt\">12 \u00c4nderung der Datenschutzbestimmungen<\/span><\/strong><\/p><p>Wir behalten uns vor, unsere Datenschutzerkl\u00e4rung gelegentlich anzupassen, damit sie stets den aktuellen rechtlichen Anforderungen entspricht oder um \u00c4nderungen unserer Leistungen in der Datenschutzerkl\u00e4rung abzubilden. Wir empfehlen Ihnen, diese Datenschutzerkl\u00e4rung regelm\u00e4\u00dfig zu lesen, um \u00fcber den Schutz der von uns erfassten pers\u00f6nlichen Daten auf dem Laufenden zu bleiben. Durch die fortgesetzte Nutzung des Dienstes erkl\u00e4ren Sie sich mit dieser Datenschutzerkl\u00e4rung und deren Aktualisierungen einverstanden.<\/p>\t\t\t\t\t\t\t\t<\/div>\n\t\t\t\t<\/div>\n\t\t\t\t\t<\/div>\n\t\t<\/div>\n\t\t\t\t\t<\/div>\n\t\t<\/section>\n\t\t\t\t<\/div>\n\t\t","protected":false},"excerpt":{"rendered":"<p>Home \u00a0 &gt;\u00a0\u00a0 Sonstiges \u00a0 &gt; \u00a0 Datenschutzerkl\u00e4rung\u00a0 1 Verantwortliche Stelle Die verantwortliche Stelle f\u00fcr die Erhebung, Verarbeitung und Nutzung Ihrer personenbezogenen Daten im Sinne der DSGVO ist: Universit\u00e4t Koblenz Universit\u00e4tsstra\u00dfe 1, D-56070 KoblenzTelefon: +49\u00a0261 287-0Telefax: +49 261 287-1600 E-Mail: service(at)uni-koblenz.de Sofern Sie der Erhebung, Verarbeitung oder Nutzung Ihrer Daten durch uns nach Ma\u00dfgabe dieser [&hellip;]<\/p>\n","protected":false},"author":763,"featured_media":0,"parent":0,"menu_order":0,"comment_status":"closed","ping_status":"closed","template":"","meta":{"footnotes":""},"class_list":["post-9646","page","type-page","status-publish","hentry","entry"],"_links":{"self":[{"href":"https:\/\/wp.uni-koblenz.de\/funkprojekt\/wp-json\/wp\/v2\/pages\/9646","targetHints":{"allow":["GET"]}}],"collection":[{"href":"https:\/\/wp.uni-koblenz.de\/funkprojekt\/wp-json\/wp\/v2\/pages"}],"about":[{"href":"https:\/\/wp.uni-koblenz.de\/funkprojekt\/wp-json\/wp\/v2\/types\/page"}],"author":[{"embeddable":true,"href":"https:\/\/wp.uni-koblenz.de\/funkprojekt\/wp-json\/wp\/v2\/users\/763"}],"replies":[{"embeddable":true,"href":"https:\/\/wp.uni-koblenz.de\/funkprojekt\/wp-json\/wp\/v2\/comments?post=9646"}],"version-history":[{"count":4,"href":"https:\/\/wp.uni-koblenz.de\/funkprojekt\/wp-json\/wp\/v2\/pages\/9646\/revisions"}],"predecessor-version":[{"id":12250,"href":"https:\/\/wp.uni-koblenz.de\/funkprojekt\/wp-json\/wp\/v2\/pages\/9646\/revisions\/12250"}],"wp:attachment":[{"href":"https:\/\/wp.uni-koblenz.de\/funkprojekt\/wp-json\/wp\/v2\/media?parent=9646"}],"curies":[{"name":"wp","href":"https:\/\/api.w.org\/{rel}","templated":true}]}}