{"id":9659,"date":"2025-04-01T17:02:04","date_gmt":"2025-04-01T15:02:04","guid":{"rendered":"https:\/\/userpages.uni-koblenz.de\/~funkprojekt\/wordpress\/?page_id=9659"},"modified":"2025-04-01T17:02:04","modified_gmt":"2025-04-01T15:02:04","slug":"datenarchiv","status":"publish","type":"page","link":"https:\/\/wp.uni-koblenz.de\/funkprojekt\/datenarchiv\/","title":{"rendered":"Datenarchiv"},"content":{"rendered":"\t\t<div data-elementor-type=\"wp-page\" data-elementor-id=\"9659\" class=\"elementor elementor-9659\">\n\t\t\t\t\t\t<section class=\"elementor-section elementor-top-section elementor-element elementor-element-7e677 elementor-section-boxed elementor-section-height-default elementor-section-height-default\" data-id=\"7e677\" data-element_type=\"section\" data-e-type=\"section\">\n\t\t\t\t\t\t<div class=\"elementor-container elementor-column-gap-default\">\n\t\t\t\t\t<div class=\"elementor-column elementor-col-100 elementor-top-column elementor-element elementor-element-5cddeb9e\" data-id=\"5cddeb9e\" data-element_type=\"column\" data-e-type=\"column\">\n\t\t\t<div class=\"elementor-widget-wrap elementor-element-populated\">\n\t\t\t\t\t\t<div class=\"elementor-element elementor-element-6eb6d99f elementor-widget elementor-widget-text-editor\" data-id=\"6eb6d99f\" data-element_type=\"widget\" data-e-type=\"widget\" data-widget_type=\"text-editor.default\">\n\t\t\t\t<div class=\"elementor-widget-container\">\n\t\t\t\t\t\t\t\t\t<p><em><a href=\"https:\/\/wp.uni-koblenz.de\/funkprojekt\/\">Home<\/a> \u00a0 &gt;\u00a0\u00a0 <a href=\"https:\/\/wp.uni-koblenz.de\/funkprojekt\/forschung-lehre\/\">Forschung und Lehre<\/a> \u00a0 &gt;\u00a0 <a href=\"https:\/\/wp.uni-koblenz.de\/funkprojekt\/datenarchiv\">Datenarchiv<\/a><\/em><\/p>\t\t\t\t\t\t\t\t<\/div>\n\t\t\t\t<\/div>\n\t\t\t\t\t<\/div>\n\t\t<\/div>\n\t\t\t\t\t<\/div>\n\t\t<\/section>\n\t\t\t\t<section class=\"elementor-section elementor-top-section elementor-element elementor-element-6b062f6 elementor-section-boxed elementor-section-height-default elementor-section-height-default\" data-id=\"6b062f6\" data-element_type=\"section\" data-e-type=\"section\">\n\t\t\t\t\t\t<div class=\"elementor-container elementor-column-gap-default\">\n\t\t\t\t\t<div class=\"elementor-column elementor-col-100 elementor-top-column elementor-element elementor-element-a1dfaef\" data-id=\"a1dfaef\" data-element_type=\"column\" data-e-type=\"column\">\n\t\t\t<div class=\"elementor-widget-wrap elementor-element-populated\">\n\t\t\t\t\t\t<div class=\"elementor-element elementor-element-0589383 elementor-widget elementor-widget-heading\" data-id=\"0589383\" data-element_type=\"widget\" data-e-type=\"widget\" data-widget_type=\"heading.default\">\n\t\t\t\t<div class=\"elementor-widget-container\">\n\t\t\t\t\t<h2 class=\"elementor-heading-title elementor-size-default\">Datenarchiv<\/h2>\t\t\t\t<\/div>\n\t\t\t\t<\/div>\n\t\t\t\t<div class=\"elementor-element elementor-element-d3e2066 elementor-widget elementor-widget-text-editor\" data-id=\"d3e2066\" data-element_type=\"widget\" data-e-type=\"widget\" data-widget_type=\"text-editor.default\">\n\t\t\t\t<div class=\"elementor-widget-container\">\n\t\t\t\t\t\t\t\t\t<p class=\"MsoNormal\">Seit dem Schuljahr 2021\/2022 f\u00fchren wir Tonaufnahmen in ausgew\u00e4hlten Kursen bei FUNK durch. Diese Aufnahmen werden anonymisiert in einem Archiv gesammelt und stehen (Nachwuchs-)Forscher*innen der Universit\u00e4t Koblenz zur Verf\u00fcgung. Wenn Sie im Rahmen Ihrer Forschung Bedarf an Aufnahmen von authentischen DaF-\/Daz-Unterrichtssituationen haben, melden Sie sich bei uns.\u00a0<\/p>\t\t\t\t\t\t\t\t<\/div>\n\t\t\t\t<\/div>\n\t\t\t\t\t<\/div>\n\t\t<\/div>\n\t\t\t\t\t<\/div>\n\t\t<\/section>\n\t\t\t\t<section class=\"elementor-section elementor-top-section elementor-element elementor-element-5af118f elementor-section-stretched elementor-section-boxed elementor-section-height-default elementor-section-height-default\" data-id=\"5af118f\" data-element_type=\"section\" data-e-type=\"section\" data-settings=\"{&quot;stretch_section&quot;:&quot;section-stretched&quot;,&quot;background_background&quot;:&quot;classic&quot;}\">\n\t\t\t\t\t\t<div class=\"elementor-container elementor-column-gap-default\">\n\t\t\t\t\t<div class=\"elementor-column elementor-col-100 elementor-top-column elementor-element elementor-element-494390b\" data-id=\"494390b\" data-element_type=\"column\" data-e-type=\"column\">\n\t\t\t<div class=\"elementor-widget-wrap elementor-element-populated\">\n\t\t\t\t\t\t<div class=\"elementor-element elementor-element-e132e3e elementor-widget elementor-widget-heading\" data-id=\"e132e3e\" data-element_type=\"widget\" data-e-type=\"widget\" data-widget_type=\"heading.default\">\n\t\t\t\t<div class=\"elementor-widget-container\">\n\t\t\t\t\t<h2 class=\"elementor-heading-title elementor-size-default\">Digitales Lernen im DaF-\/ DaZ-Unterricht<\/h2>\t\t\t\t<\/div>\n\t\t\t\t<\/div>\n\t\t\t\t<div class=\"elementor-element elementor-element-53f537f elementor-widget elementor-widget-text-editor\" data-id=\"53f537f\" data-element_type=\"widget\" data-e-type=\"widget\" data-widget_type=\"text-editor.default\">\n\t\t\t\t<div class=\"elementor-widget-container\">\n\t\t\t\t\t\t\t\t\t<p>Mit dem Ausbruch der Pandemie im Jahre 2020 wurden auch die F\u00f6rderstunden des FUNK-Projektes in den digitalen Raum verlagert. Eine Evaluation 2021 hat die Lehr- und Lernsituation der verschiedenen Teilnehmergruppen im Rahmen des digitalen Unterrichts erfragt, um darauf aufbauend nach den besonderen Herausforderungen, aber auch einem digitalen Mehrwert im Kontext von DaF-\/DaZ-Lernenden zu fragen. Dieser entsteht dann, wenn \u201egenuin auf Digitalisierung beruhende Lernm\u00f6glichkeiten entstehen, die \u00fcber die blo\u00dfe \u00dcbertragung konventioneller Lernformen auf digitale Medien hinausgehen\u201c (Boeckmann 2021). Die Daten wurden von uns erhoben und archiviert und k\u00f6nnen als Basis von Forschungsarbeiten dienen.<\/p><p>Quellen:<br \/>Klaus-B\u00f6rge Boeckmann. Digitales Lehren und Lernen in der Pandemie \u2013 Notl\u00f6sung oder digitaler Mehrwert. In: Digitales Lehren und Lernen im DaFZ-Unterricht. Herausforderungen \u2013 Potentiale \u2013 Auswirkungen der Corona-Pandemie. Kassel 2021.<\/p>\t\t\t\t\t\t\t\t<\/div>\n\t\t\t\t<\/div>\n\t\t\t\t\t<\/div>\n\t\t<\/div>\n\t\t\t\t\t<\/div>\n\t\t<\/section>\n\t\t\t\t<\/div>\n\t\t","protected":false},"excerpt":{"rendered":"<p>Home \u00a0 &gt;\u00a0\u00a0 Forschung und Lehre \u00a0 &gt;\u00a0 Datenarchiv Datenarchiv Seit dem Schuljahr 2021\/2022 f\u00fchren wir Tonaufnahmen in ausgew\u00e4hlten Kursen bei FUNK durch. Diese Aufnahmen werden anonymisiert in einem Archiv gesammelt und stehen (Nachwuchs-)Forscher*innen der Universit\u00e4t Koblenz zur Verf\u00fcgung. Wenn Sie im Rahmen Ihrer Forschung Bedarf an Aufnahmen von authentischen DaF-\/Daz-Unterrichtssituationen haben, melden Sie sich [&hellip;]<\/p>\n","protected":false},"author":763,"featured_media":0,"parent":0,"menu_order":0,"comment_status":"closed","ping_status":"closed","template":"","meta":{"footnotes":""},"class_list":["post-9659","page","type-page","status-publish","hentry","entry"],"_links":{"self":[{"href":"https:\/\/wp.uni-koblenz.de\/funkprojekt\/wp-json\/wp\/v2\/pages\/9659","targetHints":{"allow":["GET"]}}],"collection":[{"href":"https:\/\/wp.uni-koblenz.de\/funkprojekt\/wp-json\/wp\/v2\/pages"}],"about":[{"href":"https:\/\/wp.uni-koblenz.de\/funkprojekt\/wp-json\/wp\/v2\/types\/page"}],"author":[{"embeddable":true,"href":"https:\/\/wp.uni-koblenz.de\/funkprojekt\/wp-json\/wp\/v2\/users\/763"}],"replies":[{"embeddable":true,"href":"https:\/\/wp.uni-koblenz.de\/funkprojekt\/wp-json\/wp\/v2\/comments?post=9659"}],"version-history":[{"count":1,"href":"https:\/\/wp.uni-koblenz.de\/funkprojekt\/wp-json\/wp\/v2\/pages\/9659\/revisions"}],"predecessor-version":[{"id":11853,"href":"https:\/\/wp.uni-koblenz.de\/funkprojekt\/wp-json\/wp\/v2\/pages\/9659\/revisions\/11853"}],"wp:attachment":[{"href":"https:\/\/wp.uni-koblenz.de\/funkprojekt\/wp-json\/wp\/v2\/media?parent=9659"}],"curies":[{"name":"wp","href":"https:\/\/api.w.org\/{rel}","templated":true}]}}