{"id":14,"date":"2021-11-24T17:05:54","date_gmt":"2021-11-24T16:05:54","guid":{"rendered":"https:\/\/wp.uni-koblenz.de\/geheimnis\/?page_id=14"},"modified":"2022-01-20T16:19:07","modified_gmt":"2022-01-20T15:19:07","slug":"home","status":"publish","type":"page","link":"https:\/\/wp.uni-koblenz.de\/geheimnis\/","title":{"rendered":"Startseite"},"content":{"rendered":"\t\t<div data-elementor-type=\"wp-page\" data-elementor-id=\"14\" class=\"elementor elementor-14\">\n\t\t\t\t\t\t<section class=\"elementor-section elementor-top-section elementor-element elementor-element-71c3301 elementor-section-boxed elementor-section-height-default elementor-section-height-default\" data-id=\"71c3301\" data-element_type=\"section\" data-e-type=\"section\" data-settings=\"{&quot;background_background&quot;:&quot;classic&quot;}\">\n\t\t\t\t\t\t\t<div class=\"elementor-background-overlay\"><\/div>\n\t\t\t\t\t\t\t<div class=\"elementor-container elementor-column-gap-default\">\n\t\t\t\t\t<div class=\"elementor-column elementor-col-100 elementor-top-column elementor-element elementor-element-5770d9c\" data-id=\"5770d9c\" data-element_type=\"column\" data-e-type=\"column\">\n\t\t\t<div class=\"elementor-widget-wrap elementor-element-populated\">\n\t\t\t\t\t\t<div class=\"elementor-element elementor-element-8efe3d5 elementor-widget__width-inherit elementor-widget elementor-widget-text-editor\" data-id=\"8efe3d5\" data-element_type=\"widget\" data-e-type=\"widget\" data-widget_type=\"text-editor.default\">\n\t\t\t\t<div class=\"elementor-widget-container\">\n\t\t\t\t\t\t\t\t\t<p style=\"text-align: center\"><span style=\"font-size: 20pt\">Sprachliche Konstruktion von Vertrautheit, N\u00e4he und Geheimnis<\/span><\/p><p style=\"text-align: center\"><span style=\"font-size: 16pt\">Ein Symposium zu Ehren von Frau Prof. Dr. Eva Lia Wyss<\/span><\/p>\t\t\t\t\t\t\t\t<\/div>\n\t\t\t\t<\/div>\n\t\t\t\t<section class=\"elementor-section elementor-inner-section elementor-element elementor-element-53d8d84 elementor-section-content-middle elementor-section-boxed elementor-section-height-default elementor-section-height-default\" data-id=\"53d8d84\" data-element_type=\"section\" data-e-type=\"section\" data-settings=\"{&quot;background_background&quot;:&quot;classic&quot;}\">\n\t\t\t\t\t\t<div class=\"elementor-container elementor-column-gap-default\">\n\t\t\t\t\t<div class=\"elementor-column elementor-col-50 elementor-inner-column elementor-element elementor-element-56f51c1\" data-id=\"56f51c1\" data-element_type=\"column\" data-e-type=\"column\">\n\t\t\t<div class=\"elementor-widget-wrap elementor-element-populated\">\n\t\t\t\t\t\t<div class=\"elementor-element elementor-element-02e5e00 elementor-widget elementor-widget-text-editor\" data-id=\"02e5e00\" data-element_type=\"widget\" data-e-type=\"widget\" data-widget_type=\"text-editor.default\">\n\t\t\t\t<div class=\"elementor-widget-container\">\n\t\t\t\t\t\t\t\t\t<p><span style=\"font-size: 16pt\"><a href=\"https:\/\/wp.uni-koblenz.de\/geheimnis\/begruessung\/\" target=\"_blank\" rel=\"noopener\">Begr\u00fc\u00dfung<\/a><\/span><\/p><p><a href=\"https:\/\/wp.uni-koblenz.de\/geheimnis\/wp-content\/uploads\/sites\/177\/2022\/01\/Programm-Symposium-.pdf\" target=\"_blank\" rel=\"noopener\"><span style=\"font-size: 16pt\">Symposium am 21.01.2022<\/span><\/a><\/p><p><a href=\"https:\/\/wp.uni-koblenz.de\/geheimnis\/beitraege\/\" target=\"_blank\" rel=\"noopener\"><span style=\"font-size: 16pt\">Beitr\u00e4ge &amp; Essays<\/span><\/a><\/p><p><a href=\"https:\/\/wp.uni-koblenz.de\/geheimnis\/gratulationen\/\" target=\"_blank\" rel=\"noopener\"><span style=\"font-size: 16pt\">Gratulationen<\/span><\/a><\/p>\t\t\t\t\t\t\t\t<\/div>\n\t\t\t\t<\/div>\n\t\t\t\t\t<\/div>\n\t\t<\/div>\n\t\t\t\t<div class=\"elementor-column elementor-col-50 elementor-inner-column elementor-element elementor-element-5f2ce6b\" data-id=\"5f2ce6b\" data-element_type=\"column\" data-e-type=\"column\">\n\t\t\t<div class=\"elementor-widget-wrap elementor-element-populated\">\n\t\t\t\t\t\t<div class=\"elementor-element elementor-element-82281b0 elementor-widget elementor-widget-image\" data-id=\"82281b0\" data-element_type=\"widget\" data-e-type=\"widget\" data-widget_type=\"image.default\">\n\t\t\t\t<div class=\"elementor-widget-container\">\n\t\t\t\t\t\t\t\t\t\t\t\t\t\t\t<img fetchpriority=\"high\" decoding=\"async\" width=\"1024\" height=\"685\" src=\"https:\/\/wp.uni-koblenz.de\/geheimnis\/wp-content\/uploads\/sites\/177\/2021\/12\/N21_3926-1024x685.jpg\" class=\"attachment-large size-large wp-image-468\" alt=\"\" srcset=\"https:\/\/wp.uni-koblenz.de\/geheimnis\/wp-content\/uploads\/sites\/177\/2021\/12\/N21_3926-1024x685.jpg 1024w, https:\/\/wp.uni-koblenz.de\/geheimnis\/wp-content\/uploads\/sites\/177\/2021\/12\/N21_3926-300x201.jpg 300w, https:\/\/wp.uni-koblenz.de\/geheimnis\/wp-content\/uploads\/sites\/177\/2021\/12\/N21_3926-768x514.jpg 768w, https:\/\/wp.uni-koblenz.de\/geheimnis\/wp-content\/uploads\/sites\/177\/2021\/12\/N21_3926-1536x1028.jpg 1536w, https:\/\/wp.uni-koblenz.de\/geheimnis\/wp-content\/uploads\/sites\/177\/2021\/12\/N21_3926-2048x1371.jpg 2048w\" sizes=\"(max-width: 1024px) 100vw, 1024px\" \/>\t\t\t\t\t\t\t\t\t\t\t\t\t\t\t<\/div>\n\t\t\t\t<\/div>\n\t\t\t\t\t<\/div>\n\t\t<\/div>\n\t\t\t\t\t<\/div>\n\t\t<\/section>\n\t\t\t\t\t<\/div>\n\t\t<\/div>\n\t\t\t\t\t<\/div>\n\t\t<\/section>\n\t\t\t\t<section class=\"elementor-section elementor-top-section elementor-element elementor-element-760df20 elementor-section-boxed elementor-section-height-default elementor-section-height-default\" data-id=\"760df20\" data-element_type=\"section\" data-e-type=\"section\">\n\t\t\t\t\t\t<div class=\"elementor-container elementor-column-gap-default\">\n\t\t\t\t\t<div class=\"elementor-column elementor-col-100 elementor-top-column elementor-element elementor-element-390c97d\" data-id=\"390c97d\" data-element_type=\"column\" data-e-type=\"column\">\n\t\t\t<div class=\"elementor-widget-wrap elementor-element-populated\">\n\t\t\t\t\t\t<div class=\"elementor-element elementor-element-11ff6eb elementor-widget elementor-widget-text-editor\" data-id=\"11ff6eb\" data-element_type=\"widget\" data-e-type=\"widget\" data-widget_type=\"text-editor.default\">\n\t\t\t\t<div class=\"elementor-widget-container\">\n\t\t\t\t\t\t\t\t\t<p style=\"text-align: center\"><a href=\"https:\/\/www.google.com\/url?q=https%3A%2F%2Funi-koblenz-de.zoom.us%2Fj%2F6105214094%3Fpwd%3DTEQ5a0FhMDhTcldsWVBTaU9vbU91dz09&amp;sa=D&amp;sntz=1&amp;usg=AFQjCNFR24AArQn7qG6YExaCJneBy7ct3g\" target=\"_blank\" rel=\"noopener\"><span style=\"font-size: 12pt;font-family: georgia, palatino, serif\">Zugang zum Symposium am 21.01.22 von 9:30 Uhr bis ca.16:00 Uhr (Link)<\/span><\/a><br \/><span style=\"font-size: 12pt;font-family: georgia, palatino, serif\">Meeting-ID: 610 521 4094. Kenncode: uRw2tA<\/span><\/p>\t\t\t\t\t\t\t\t<\/div>\n\t\t\t\t<\/div>\n\t\t\t\t\t<\/div>\n\t\t<\/div>\n\t\t\t\t\t<\/div>\n\t\t<\/section>\n\t\t\t\t<\/div>\n\t\t","protected":false},"excerpt":{"rendered":"<p>Sprachliche Konstruktion von Vertrautheit, N\u00e4he und Geheimnis Ein Symposium zu Ehren von Frau Prof. Dr. Eva Lia Wyss Begr\u00fc\u00dfung Symposium am 21.01.2022 Beitr\u00e4ge &amp; Essays Gratulationen Zugang zum Symposium am 21.01.22 von 9:30 Uhr bis ca.16:00 Uhr (Link)Meeting-ID: 610 521 4094. Kenncode: uRw2tA<\/p>\n","protected":false},"author":11,"featured_media":0,"parent":0,"menu_order":0,"comment_status":"closed","ping_status":"closed","template":"","meta":{"ocean_post_layout":"full-screen","ocean_both_sidebars_style":"","ocean_both_sidebars_content_width":0,"ocean_both_sidebars_sidebars_width":0,"ocean_sidebar":"0","ocean_second_sidebar":"0","ocean_disable_margins":"on","ocean_add_body_class":"","ocean_shortcode_before_top_bar":"","ocean_shortcode_after_top_bar":"","ocean_shortcode_before_header":"","ocean_shortcode_after_header":"","ocean_has_shortcode":"","ocean_shortcode_after_title":"","ocean_shortcode_before_footer_widgets":"","ocean_shortcode_after_footer_widgets":"","ocean_shortcode_before_footer_bottom":"","ocean_shortcode_after_footer_bottom":"","ocean_display_top_bar":"off","ocean_display_header":"default","ocean_header_style":"","ocean_center_header_left_menu":"0","ocean_custom_header_template":"0","ocean_custom_logo":0,"ocean_custom_retina_logo":0,"ocean_custom_logo_max_width":0,"ocean_custom_logo_tablet_max_width":0,"ocean_custom_logo_mobile_max_width":0,"ocean_custom_logo_max_height":0,"ocean_custom_logo_tablet_max_height":0,"ocean_custom_logo_mobile_max_height":0,"ocean_header_custom_menu":"0","ocean_menu_typo_font_family":"0","ocean_menu_typo_font_subset":"","ocean_menu_typo_font_size":0,"ocean_menu_typo_font_size_tablet":0,"ocean_menu_typo_font_size_mobile":0,"ocean_menu_typo_font_size_unit":"px","ocean_menu_typo_font_weight":"","ocean_menu_typo_font_weight_tablet":"","ocean_menu_typo_font_weight_mobile":"","ocean_menu_typo_transform":"","ocean_menu_typo_transform_tablet":"","ocean_menu_typo_transform_mobile":"","ocean_menu_typo_line_height":0,"ocean_menu_typo_line_height_tablet":0,"ocean_menu_typo_line_height_mobile":0,"ocean_menu_typo_line_height_unit":"","ocean_menu_typo_spacing":0,"ocean_menu_typo_spacing_tablet":0,"ocean_menu_typo_spacing_mobile":0,"ocean_menu_typo_spacing_unit":"","ocean_menu_link_color":"","ocean_menu_link_color_hover":"","ocean_menu_link_color_active":"","ocean_menu_link_background":"","ocean_menu_link_hover_background":"","ocean_menu_link_active_background":"","ocean_menu_social_links_bg":"","ocean_menu_social_hover_links_bg":"","ocean_menu_social_links_color":"","ocean_menu_social_hover_links_color":"","ocean_disable_title":"on","ocean_disable_heading":"default","ocean_post_title":"","ocean_post_subheading":"","ocean_post_title_style":"","ocean_post_title_background_color":"","ocean_post_title_background":0,"ocean_post_title_bg_image_position":"","ocean_post_title_bg_image_attachment":"","ocean_post_title_bg_image_repeat":"","ocean_post_title_bg_image_size":"","ocean_post_title_height":0,"ocean_post_title_bg_overlay":0.5,"ocean_post_title_bg_overlay_color":"","ocean_disable_breadcrumbs":"default","ocean_breadcrumbs_color":"","ocean_breadcrumbs_separator_color":"","ocean_breadcrumbs_links_color":"","ocean_breadcrumbs_links_hover_color":"","ocean_display_footer_widgets":"default","ocean_display_footer_bottom":"default","ocean_custom_footer_template":"0","footnotes":""},"class_list":["post-14","page","type-page","status-publish","hentry","entry"],"_links":{"self":[{"href":"https:\/\/wp.uni-koblenz.de\/geheimnis\/wp-json\/wp\/v2\/pages\/14","targetHints":{"allow":["GET"]}}],"collection":[{"href":"https:\/\/wp.uni-koblenz.de\/geheimnis\/wp-json\/wp\/v2\/pages"}],"about":[{"href":"https:\/\/wp.uni-koblenz.de\/geheimnis\/wp-json\/wp\/v2\/types\/page"}],"author":[{"embeddable":true,"href":"https:\/\/wp.uni-koblenz.de\/geheimnis\/wp-json\/wp\/v2\/users\/11"}],"replies":[{"embeddable":true,"href":"https:\/\/wp.uni-koblenz.de\/geheimnis\/wp-json\/wp\/v2\/comments?post=14"}],"version-history":[{"count":144,"href":"https:\/\/wp.uni-koblenz.de\/geheimnis\/wp-json\/wp\/v2\/pages\/14\/revisions"}],"predecessor-version":[{"id":708,"href":"https:\/\/wp.uni-koblenz.de\/geheimnis\/wp-json\/wp\/v2\/pages\/14\/revisions\/708"}],"wp:attachment":[{"href":"https:\/\/wp.uni-koblenz.de\/geheimnis\/wp-json\/wp\/v2\/media?parent=14"}],"curies":[{"name":"wp","href":"https:\/\/api.w.org\/{rel}","templated":true}]}}