{"id":452,"date":"2021-12-18T08:43:52","date_gmt":"2021-12-18T07:43:52","guid":{"rendered":"https:\/\/wp.uni-koblenz.de\/geheimnis\/?page_id=452"},"modified":"2022-01-20T16:22:54","modified_gmt":"2022-01-20T15:22:54","slug":"begruessung","status":"publish","type":"page","link":"https:\/\/wp.uni-koblenz.de\/geheimnis\/begruessung\/","title":{"rendered":"Begr\u00fc\u00dfung"},"content":{"rendered":"\t\t<div data-elementor-type=\"wp-page\" data-elementor-id=\"452\" class=\"elementor elementor-452\">\n\t\t\t\t\t\t<section class=\"elementor-section elementor-top-section elementor-element elementor-element-470f663a elementor-section-boxed elementor-section-height-default elementor-section-height-default\" data-id=\"470f663a\" data-element_type=\"section\" data-e-type=\"section\">\n\t\t\t\t\t\t<div class=\"elementor-container elementor-column-gap-default\">\n\t\t\t\t\t<div class=\"elementor-column elementor-col-100 elementor-top-column elementor-element elementor-element-4371a8f0\" data-id=\"4371a8f0\" data-element_type=\"column\" data-e-type=\"column\">\n\t\t\t<div class=\"elementor-widget-wrap elementor-element-populated\">\n\t\t\t\t\t\t<div class=\"elementor-element elementor-element-1f151833 elementor-widget elementor-widget-text-editor\" data-id=\"1f151833\" data-element_type=\"widget\" data-e-type=\"widget\" data-widget_type=\"text-editor.default\">\n\t\t\t\t<div class=\"elementor-widget-container\">\n\t\t\t\t\t\t\t\t\t<p><span style=\"font-size: 12pt;font-family: georgia, palatino, serif\">Liebe Eva, liebe TeilnehmerInnen und G\u00e4ste, herzlich willkommen!<\/span><\/p>\n<p><span style=\"font-size: 12pt;font-family: georgia, palatino, serif\">Dir zu Ehren, liebe Eva, treffen wir uns am 21.01.2022 zu einem konspirativ vorbereiteten Symposium zu einem Thema, das deine umtriebige Forschungs- und Lehrt\u00e4tigkeit aufgreifen m\u00f6chte. Viele Bereiche hast du linguistisch und interdisziplin\u00e4r bearbeitet: Liebesbriefe, Protestkommunikation, Didaktik des Deutschen in einer integrierten Weise, Mehrsprachigkeit \u2013 um nur einiges zu nennen. Dabei hast du den Blick stets lieber auf das gerichtet, was gelingt, und nicht so sehr auf das, was nicht gelingt. Dies haben wir zu einem Motto des Symposiums gemacht \u2013 nicht nur inhaltlich, sondern auch hinsichtlich der Tatsache, dass wir uns trauten, in diesen schwierigen und arbeitsintensiven Zeiten KollegInnen und WegbegleiterInnen um Beitr\u00e4ge f\u00fcr diese Website und um Teilnahme an einem Symposium zu bitten. Nun sind so viele interessante Beitr\u00e4ge in unterschiedlichen Formaten &#8211; diversity&nbsp;matters! &#8211;&nbsp; zusammengekommen, dass wir uns schon sehr auf den Austausch Screen-to-Screen freuen. Wir m\u00f6chten uns an dieser Stelle auch herzlich bei allen bedanken, die sich an der Realisierung des Geburtstagssymposiums beteiligen und mit ihren Beitr\u00e4gen Inspiration zu einer sicherlich ertragreichen Diskussion geben.<\/span><\/p>\n<p><span style=\"font-size: 12pt;font-family: georgia, palatino, serif\">Die Vortr\u00e4ge und Diskussionsbeitr\u00e4ge sind hier auf der Website als Video und\/oder Text abrufbar.&nbsp;<\/span><\/p>\n<p><span style=\"font-size: 12pt;font-family: georgia, palatino, serif\">Nun aber viel Spa\u00df beim St\u00f6bern und auf Wiedersehen!<\/span><\/p>\t\t\t\t\t\t\t\t<\/div>\n\t\t\t\t<\/div>\n\t\t\t\t\t<\/div>\n\t\t<\/div>\n\t\t\t\t\t<\/div>\n\t\t<\/section>\n\t\t\t\t<section class=\"elementor-section elementor-top-section elementor-element elementor-element-72e0124 elementor-section-boxed elementor-section-height-default elementor-section-height-default\" data-id=\"72e0124\" data-element_type=\"section\" data-e-type=\"section\">\n\t\t\t\t\t\t<div class=\"elementor-container elementor-column-gap-default\">\n\t\t\t\t\t<div class=\"elementor-column elementor-col-100 elementor-top-column elementor-element elementor-element-b3e2f0d\" data-id=\"b3e2f0d\" data-element_type=\"column\" data-e-type=\"column\">\n\t\t\t<div class=\"elementor-widget-wrap elementor-element-populated\">\n\t\t\t\t\t\t<div class=\"elementor-element elementor-element-ebea505 elementor-widget elementor-widget-text-editor\" data-id=\"ebea505\" data-element_type=\"widget\" data-e-type=\"widget\" data-widget_type=\"text-editor.default\">\n\t\t\t\t<div class=\"elementor-widget-container\">\n\t\t\t\t\t\t\t\t\t<p style=\"text-align: center\"><a href=\"https:\/\/www.google.com\/url?q=https%3A%2F%2Funi-koblenz-de.zoom.us%2Fj%2F6105214094%3Fpwd%3DTEQ5a0FhMDhTcldsWVBTaU9vbU91dz09&amp;sa=D&amp;sntz=1&amp;usg=AFQjCNFR24AArQn7qG6YExaCJneBy7ct3g\" target=\"_blank\" rel=\"noopener\"><span style=\"font-size: 12pt;font-family: georgia, palatino, serif\">Zugang zum Symposium am 21.01.22 von 9:30 Uhr bis ca.16:00 Uhr (Link)<\/span><\/a><br \/><span style=\"font-size: 12pt;font-family: georgia, palatino, serif\">Meeting-ID: 610 521 4094. Kenncode: uRw2tA<\/span><\/p>\t\t\t\t\t\t\t\t<\/div>\n\t\t\t\t<\/div>\n\t\t\t\t\t<\/div>\n\t\t<\/div>\n\t\t\t\t\t<\/div>\n\t\t<\/section>\n\t\t\t\t<\/div>\n\t\t","protected":false},"excerpt":{"rendered":"<p>Liebe Eva, liebe TeilnehmerInnen und G\u00e4ste, herzlich willkommen! Dir zu Ehren, liebe Eva, treffen wir uns am 21.01.2022 zu einem konspirativ vorbereiteten Symposium zu einem Thema, das deine umtriebige Forschungs- und Lehrt\u00e4tigkeit aufgreifen m\u00f6chte. Viele Bereiche hast du linguistisch und interdisziplin\u00e4r bearbeitet: Liebesbriefe, Protestkommunikation, Didaktik des Deutschen in einer integrierten Weise, Mehrsprachigkeit \u2013 um nur [&hellip;]<\/p>\n","protected":false},"author":11,"featured_media":0,"parent":0,"menu_order":0,"comment_status":"closed","ping_status":"closed","template":"","meta":{"ocean_post_layout":"full-screen","ocean_both_sidebars_style":"","ocean_both_sidebars_content_width":0,"ocean_both_sidebars_sidebars_width":0,"ocean_sidebar":"0","ocean_second_sidebar":"0","ocean_disable_margins":"on","ocean_add_body_class":"","ocean_shortcode_before_top_bar":"","ocean_shortcode_after_top_bar":"","ocean_shortcode_before_header":"","ocean_shortcode_after_header":"","ocean_has_shortcode":"","ocean_shortcode_after_title":"","ocean_shortcode_before_footer_widgets":"","ocean_shortcode_after_footer_widgets":"","ocean_shortcode_before_footer_bottom":"","ocean_shortcode_after_footer_bottom":"","ocean_display_top_bar":"default","ocean_display_header":"default","ocean_header_style":"","ocean_center_header_left_menu":"0","ocean_custom_header_template":"0","ocean_custom_logo":0,"ocean_custom_retina_logo":0,"ocean_custom_logo_max_width":0,"ocean_custom_logo_tablet_max_width":0,"ocean_custom_logo_mobile_max_width":0,"ocean_custom_logo_max_height":0,"ocean_custom_logo_tablet_max_height":0,"ocean_custom_logo_mobile_max_height":0,"ocean_header_custom_menu":"2","ocean_menu_typo_font_family":"0","ocean_menu_typo_font_subset":"","ocean_menu_typo_font_size":0,"ocean_menu_typo_font_size_tablet":0,"ocean_menu_typo_font_size_mobile":0,"ocean_menu_typo_font_size_unit":"px","ocean_menu_typo_font_weight":"","ocean_menu_typo_font_weight_tablet":"","ocean_menu_typo_font_weight_mobile":"","ocean_menu_typo_transform":"","ocean_menu_typo_transform_tablet":"","ocean_menu_typo_transform_mobile":"","ocean_menu_typo_line_height":0,"ocean_menu_typo_line_height_tablet":0,"ocean_menu_typo_line_height_mobile":0,"ocean_menu_typo_line_height_unit":"","ocean_menu_typo_spacing":0,"ocean_menu_typo_spacing_tablet":0,"ocean_menu_typo_spacing_mobile":0,"ocean_menu_typo_spacing_unit":"","ocean_menu_link_color":"","ocean_menu_link_color_hover":"","ocean_menu_link_color_active":"","ocean_menu_link_background":"","ocean_menu_link_hover_background":"","ocean_menu_link_active_background":"","ocean_menu_social_links_bg":"","ocean_menu_social_hover_links_bg":"","ocean_menu_social_links_color":"","ocean_menu_social_hover_links_color":"","ocean_disable_title":"on","ocean_disable_heading":"default","ocean_post_title":"","ocean_post_subheading":"","ocean_post_title_style":"","ocean_post_title_background_color":"","ocean_post_title_background":0,"ocean_post_title_bg_image_position":"","ocean_post_title_bg_image_attachment":"","ocean_post_title_bg_image_repeat":"","ocean_post_title_bg_image_size":"","ocean_post_title_height":0,"ocean_post_title_bg_overlay":0.5,"ocean_post_title_bg_overlay_color":"","ocean_disable_breadcrumbs":"off","ocean_breadcrumbs_color":"","ocean_breadcrumbs_separator_color":"","ocean_breadcrumbs_links_color":"","ocean_breadcrumbs_links_hover_color":"","ocean_display_footer_widgets":"default","ocean_display_footer_bottom":"default","ocean_custom_footer_template":"0","footnotes":""},"class_list":["post-452","page","type-page","status-publish","hentry","entry"],"_links":{"self":[{"href":"https:\/\/wp.uni-koblenz.de\/geheimnis\/wp-json\/wp\/v2\/pages\/452","targetHints":{"allow":["GET"]}}],"collection":[{"href":"https:\/\/wp.uni-koblenz.de\/geheimnis\/wp-json\/wp\/v2\/pages"}],"about":[{"href":"https:\/\/wp.uni-koblenz.de\/geheimnis\/wp-json\/wp\/v2\/types\/page"}],"author":[{"embeddable":true,"href":"https:\/\/wp.uni-koblenz.de\/geheimnis\/wp-json\/wp\/v2\/users\/11"}],"replies":[{"embeddable":true,"href":"https:\/\/wp.uni-koblenz.de\/geheimnis\/wp-json\/wp\/v2\/comments?post=452"}],"version-history":[{"count":17,"href":"https:\/\/wp.uni-koblenz.de\/geheimnis\/wp-json\/wp\/v2\/pages\/452\/revisions"}],"predecessor-version":[{"id":719,"href":"https:\/\/wp.uni-koblenz.de\/geheimnis\/wp-json\/wp\/v2\/pages\/452\/revisions\/719"}],"wp:attachment":[{"href":"https:\/\/wp.uni-koblenz.de\/geheimnis\/wp-json\/wp\/v2\/media?parent=452"}],"curies":[{"name":"wp","href":"https:\/\/api.w.org\/{rel}","templated":true}]}}