{"id":22,"date":"2017-07-27T14:18:54","date_gmt":"2017-07-27T12:18:54","guid":{"rendered":"https:\/\/wp.uni-koblenz.de\/hyko\/?page_id=22"},"modified":"2017-07-27T14:19:30","modified_gmt":"2017-07-27T12:19:30","slug":"impressum","status":"publish","type":"page","link":"https:\/\/wp.uni-koblenz.de\/hyko\/impressum\/","title":{"rendered":"Impressum"},"content":{"rendered":"<p>Impressum<br \/>\nChristian Winkens<\/p>\n<p>Universit\u00e4t Koblenz-Landau,<br \/>\nICV Universit\u00e4tsstra\u00dfe 1<br \/>\n56070 Koblenz Germany<\/p>\n<p>Telefon: +49 261 287-2734<br \/>\nFax: +49 261 287-100-2734<\/p>\n<p>E-Mail: cwinkens@uni-koblenz.de<\/p>\n<p>Angaben gem\u00e4\u00df \u00a75 TMG und \u00a755 RStV<br \/>\nInhaltlich Verantwortlicher: Christian Winkens<\/p>\n<p>Legal Notice<\/p>\n<p>Please note that any material published on this website cannot be used without written permission by the University Koblenz-Landau and the depicted individuals. For any inquiries regarding this material please contact cwinkens@uni-koblenz.de.<\/p>\n","protected":false},"excerpt":{"rendered":"<p>Impressum Christian Winkens Universit\u00e4t Koblenz-Landau, ICV Universit\u00e4tsstra\u00dfe 1 56070 Koblenz Germany Telefon: +49 261 287-2734 Fax: +49 261 287-100-2734 E-Mail: cwinkens@uni-koblenz.de Angaben gem\u00e4\u00df \u00a75 TMG und \u00a755 RStV Inhaltlich Verantwortlicher: Christian Winkens Legal Notice Please note that any material published on this website cannot be used without written permission by the University Koblenz-Landau and the [&hellip;]<\/p>\n","protected":false},"author":11,"featured_media":0,"parent":0,"menu_order":0,"comment_status":"closed","ping_status":"closed","template":"","meta":{"footnotes":""},"class_list":["post-22","page","type-page","status-publish","hentry","post"],"_links":{"self":[{"href":"https:\/\/wp.uni-koblenz.de\/hyko\/wp-json\/wp\/v2\/pages\/22","targetHints":{"allow":["GET"]}}],"collection":[{"href":"https:\/\/wp.uni-koblenz.de\/hyko\/wp-json\/wp\/v2\/pages"}],"about":[{"href":"https:\/\/wp.uni-koblenz.de\/hyko\/wp-json\/wp\/v2\/types\/page"}],"author":[{"embeddable":true,"href":"https:\/\/wp.uni-koblenz.de\/hyko\/wp-json\/wp\/v2\/users\/11"}],"replies":[{"embeddable":true,"href":"https:\/\/wp.uni-koblenz.de\/hyko\/wp-json\/wp\/v2\/comments?post=22"}],"version-history":[{"count":1,"href":"https:\/\/wp.uni-koblenz.de\/hyko\/wp-json\/wp\/v2\/pages\/22\/revisions"}],"predecessor-version":[{"id":23,"href":"https:\/\/wp.uni-koblenz.de\/hyko\/wp-json\/wp\/v2\/pages\/22\/revisions\/23"}],"wp:attachment":[{"href":"https:\/\/wp.uni-koblenz.de\/hyko\/wp-json\/wp\/v2\/media?parent=22"}],"curies":[{"name":"wp","href":"https:\/\/api.w.org\/{rel}","templated":true}]}}