{"id":229,"date":"2025-06-12T16:41:17","date_gmt":"2025-06-12T14:41:17","guid":{"rendered":"https:\/\/wp.uni-koblenz.de\/icame47\/?page_id=229"},"modified":"2026-02-05T18:01:48","modified_gmt":"2026-02-05T17:01:48","slug":"committee","status":"publish","type":"page","link":"https:\/\/wp.uni-koblenz.de\/icame47\/committee\/","title":{"rendered":"Committee"},"content":{"rendered":"\t\t<div data-elementor-type=\"wp-page\" data-elementor-id=\"229\" class=\"elementor elementor-229\">\n\t\t\t\t<div class=\"elementor-element elementor-element-94488c7 e-flex e-con-boxed e-con e-parent\" data-id=\"94488c7\" data-element_type=\"container\" data-e-type=\"container\">\n\t\t\t\t\t<div class=\"e-con-inner\">\n\t\t<div class=\"elementor-element elementor-element-39524a7 e-con-full e-flex e-con e-child\" data-id=\"39524a7\" data-element_type=\"container\" data-e-type=\"container\">\n\t\t\t\t<div class=\"elementor-element elementor-element-3cecb32 elementor-widget elementor-widget-heading\" data-id=\"3cecb32\" data-element_type=\"widget\" data-e-type=\"widget\" data-widget_type=\"heading.default\">\n\t\t\t\t<div class=\"elementor-widget-container\">\n\t\t\t\t\t<h2 class=\"elementor-heading-title elementor-size-default\">26-30 May 2026, Koblenz (Germany)<\/h2>\t\t\t\t<\/div>\n\t\t\t\t<\/div>\n\t\t\t\t<\/div>\n\t\t\t\t\t<\/div>\n\t\t\t\t<\/div>\n\t\t<div class=\"elementor-element elementor-element-494c85b e-flex e-con-boxed e-con e-parent\" data-id=\"494c85b\" data-element_type=\"container\" data-e-type=\"container\">\n\t\t\t\t\t<div class=\"e-con-inner\">\n\t\t\t\t<div class=\"elementor-element elementor-element-18de1ab elementor-widget elementor-widget-image\" data-id=\"18de1ab\" data-element_type=\"widget\" data-e-type=\"widget\" data-widget_type=\"image.default\">\n\t\t\t\t<div class=\"elementor-widget-container\">\n\t\t\t\t\t\t\t\t\t\t\t\t<figure class=\"wp-caption\">\n\t\t\t\t\t\t\t\t\t\t<img decoding=\"async\" src=\"https:\/\/wp.uni-koblenz.de\/icame47\/wp-content\/uploads\/sites\/211\/elementor\/thumbs\/1000070933-scaled-r5p6u3unfpr1yscvro5216sdhjinahpajtcdkkycg8.jpg\" title=\"1000070933\" alt=\"1000070933\" loading=\"lazy\" \/>\t\t\t\t\t\t\t\t\t\t\t<figcaption class=\"widget-image-caption wp-caption-text\"><\/figcaption>\n\t\t\t\t\t\t\t\t\t\t<\/figure>\n\t\t\t\t\t\t\t\t\t<\/div>\n\t\t\t\t<\/div>\n\t\t\t\t\t<\/div>\n\t\t\t\t<\/div>\n\t\t<div class=\"elementor-element elementor-element-b690495 e-flex e-con-boxed e-con e-parent\" data-id=\"b690495\" data-element_type=\"container\" data-e-type=\"container\">\n\t\t\t\t\t<div class=\"e-con-inner\">\n\t\t<div class=\"elementor-element elementor-element-4b8de47 e-con-full e-flex e-con e-child\" data-id=\"4b8de47\" data-element_type=\"container\" data-e-type=\"container\">\n\t\t\t\t<div class=\"elementor-element elementor-element-6281f9b elementor-widget elementor-widget-image\" data-id=\"6281f9b\" data-element_type=\"widget\" data-e-type=\"widget\" data-widget_type=\"image.default\">\n\t\t\t\t<div class=\"elementor-widget-container\">\n\t\t\t\t\t\t\t\t\t\t\t\t\t\t\t<img fetchpriority=\"high\" decoding=\"async\" width=\"768\" height=\"1024\" src=\"https:\/\/wp.uni-koblenz.de\/icame47\/wp-content\/uploads\/sites\/211\/2025\/06\/IMG_2891-768x1024.jpeg\" class=\"attachment-large size-large wp-image-352\" alt=\"\" srcset=\"https:\/\/wp.uni-koblenz.de\/icame47\/wp-content\/uploads\/sites\/211\/2025\/06\/IMG_2891-768x1024.jpeg 768w, https:\/\/wp.uni-koblenz.de\/icame47\/wp-content\/uploads\/sites\/211\/2025\/06\/IMG_2891-225x300.jpeg 225w, https:\/\/wp.uni-koblenz.de\/icame47\/wp-content\/uploads\/sites\/211\/2025\/06\/IMG_2891-1152x1536.jpeg 1152w, https:\/\/wp.uni-koblenz.de\/icame47\/wp-content\/uploads\/sites\/211\/2025\/06\/IMG_2891-1536x2048.jpeg 1536w, https:\/\/wp.uni-koblenz.de\/icame47\/wp-content\/uploads\/sites\/211\/2025\/06\/IMG_2891-800x1067.jpeg 800w, https:\/\/wp.uni-koblenz.de\/icame47\/wp-content\/uploads\/sites\/211\/2025\/06\/IMG_2891-1250x1667.jpeg 1250w, https:\/\/wp.uni-koblenz.de\/icame47\/wp-content\/uploads\/sites\/211\/2025\/06\/IMG_2891-400x533.jpeg 400w, https:\/\/wp.uni-koblenz.de\/icame47\/wp-content\/uploads\/sites\/211\/2025\/06\/IMG_2891-scaled.jpeg 1920w\" sizes=\"(max-width: 768px) 100vw, 768px\" \/>\t\t\t\t\t\t\t\t\t\t\t\t\t\t\t<\/div>\n\t\t\t\t<\/div>\n\t\t\t\t<\/div>\n\t\t<div class=\"elementor-element elementor-element-fe7da80 e-con-full e-flex e-con e-child\" data-id=\"fe7da80\" data-element_type=\"container\" data-e-type=\"container\">\n\t\t<div class=\"elementor-element elementor-element-3a12391 e-con-full e-flex e-con e-child\" data-id=\"3a12391\" data-element_type=\"container\" data-e-type=\"container\">\n\t\t\t\t<div class=\"elementor-element elementor-element-2477eee elementor-widget elementor-widget-heading\" data-id=\"2477eee\" data-element_type=\"widget\" data-e-type=\"widget\" data-widget_type=\"heading.default\">\n\t\t\t\t<div class=\"elementor-widget-container\">\n\t\t\t\t\t<h2 class=\"elementor-heading-title elementor-size-default\">Organising committee:<\/h2>\t\t\t\t<\/div>\n\t\t\t\t<\/div>\n\t\t\t\t<\/div>\n\t\t<div class=\"elementor-element elementor-element-c094a80 e-con-full e-flex e-con e-child\" data-id=\"c094a80\" data-element_type=\"container\" data-e-type=\"container\">\n\t\t\t\t<div class=\"elementor-element elementor-element-d048865 elementor-widget elementor-widget-text-editor\" data-id=\"d048865\" data-element_type=\"widget\" data-e-type=\"widget\" data-widget_type=\"text-editor.default\">\n\t\t\t\t<div class=\"elementor-widget-container\">\n\t\t\t\t\t\t\t\t\t<p><span style=\"color: #000000\">ICAME47 is organised by the following members of the Department of English and American Studies at the University of Koblenz:<\/span><\/p><ul><li><span style=\"color: #000000\">Andreas Weilinghoff (chair)<\/span><\/li><li><span style=\"color: #000000\">Sarah Wunderlich<\/span><\/li><li><span style=\"color: #000000\">Nico Boller<\/span><\/li><li><span style=\"color: #000000\">Dina Necke<\/span><\/li><li><span style=\"color: #000000\">Ann-Katrin Biehl<\/span><\/li><li><span style=\"color: #000000\">Jana Semrau<\/span><\/li><li><span style=\"color: #000000\">+ student helpers<\/span><\/li><\/ul>\t\t\t\t\t\t\t\t<\/div>\n\t\t\t\t<\/div>\n\t\t\t\t<\/div>\n\t\t\t\t<\/div>\n\t\t\t\t\t<\/div>\n\t\t\t\t<\/div>\n\t\t<div class=\"elementor-element elementor-element-373e770 e-flex e-con-boxed e-con e-parent\" data-id=\"373e770\" data-element_type=\"container\" data-e-type=\"container\">\n\t\t\t\t\t<div class=\"e-con-inner\">\n\t\t\t\t<div class=\"elementor-element elementor-element-77ccd01 elementor-widget-divider--view-line elementor-widget elementor-widget-divider\" data-id=\"77ccd01\" data-element_type=\"widget\" data-e-type=\"widget\" data-widget_type=\"divider.default\">\n\t\t\t\t<div class=\"elementor-widget-container\">\n\t\t\t\t\t\t\t<div class=\"elementor-divider\">\n\t\t\t<span class=\"elementor-divider-separator\">\n\t\t\t\t\t\t<\/span>\n\t\t<\/div>\n\t\t\t\t\t\t<\/div>\n\t\t\t\t<\/div>\n\t\t\t\t\t<\/div>\n\t\t\t\t<\/div>\n\t\t<div class=\"elementor-element elementor-element-36cf5d9 e-flex e-con-boxed e-con e-parent\" data-id=\"36cf5d9\" data-element_type=\"container\" data-e-type=\"container\">\n\t\t\t\t\t<div class=\"e-con-inner\">\n\t\t\t\t<div class=\"elementor-element elementor-element-ab639a8 elementor-widget elementor-widget-heading\" data-id=\"ab639a8\" data-element_type=\"widget\" data-e-type=\"widget\" data-widget_type=\"heading.default\">\n\t\t\t\t<div class=\"elementor-widget-container\">\n\t\t\t\t\t<h2 class=\"elementor-heading-title elementor-size-default\">Scientific committee:<\/h2>\t\t\t\t<\/div>\n\t\t\t\t<\/div>\n\t\t\t\t\t<\/div>\n\t\t\t\t<\/div>\n\t\t<div class=\"elementor-element elementor-element-ac01a3a e-flex e-con-boxed e-con e-parent\" data-id=\"ac01a3a\" data-element_type=\"container\" data-e-type=\"container\">\n\t\t\t\t\t<div class=\"e-con-inner\">\n\t\t\t\t<div class=\"elementor-element elementor-element-5f137e4 elementor-widget elementor-widget-text-editor\" data-id=\"5f137e4\" data-element_type=\"widget\" data-e-type=\"widget\" data-widget_type=\"text-editor.default\">\n\t\t\t\t<div class=\"elementor-widget-container\">\n\t\t\t\t\t\t\t\t\t<p><span style=\"font-family: 'trebuchet ms', geneva, sans-serif;color: #000000\">With the support and advice of the\u00a0<u><a style=\"color: #000000\" href=\"https:\/\/icame.info\/icame-board\/\">ICAME Board<\/a><\/u><u>\u00a0<\/u>and external reviewers<\/span><\/p><ul><li><span style=\"font-family: 'trebuchet ms', geneva, sans-serif;color: #000000\">Laurence Anthony (Waseda University, Japan)<\/span><\/li><li><span style=\"font-family: 'trebuchet ms', geneva, sans-serif;color: #000000\">Gavin Brookes (Lancaster University, UK)<\/span><\/li><li><span style=\"font-family: 'trebuchet ms', geneva, sans-serif;color: #000000\">Rachele De Felice (Open University, UK)<\/span><\/li><li><span style=\"font-family: 'trebuchet ms', geneva, sans-serif;color: #000000\">Stephanie Evert (FAU Erlangen-N\u00fcrnberg, Germany)<\/span><\/li><li><span style=\"font-family: 'trebuchet ms', geneva, sans-serif;color: #000000\">Turo Hiltunen (University of Helsinki, Finland)<\/span><\/li><li><span style=\"font-family: 'trebuchet ms', geneva, sans-serif;color: #000000\">Sebastian Hoffmann (University of Trier, Germany)<\/span><\/li><li><span style=\"font-family: 'trebuchet ms', geneva, sans-serif;color: #000000\">Merja Kyt\u00f6 (Uppsala University, Sweden)<\/span><\/li><li><span style=\"font-family: 'trebuchet ms', geneva, sans-serif;color: #000000\">Tove Larsson (Northern Arizona University, US)<\/span><\/li><li><span style=\"font-family: 'trebuchet ms', geneva, sans-serif;color: #000000\">Anna Lindroos \u010cerm\u00e1kov\u00e1 (Lancaster University, UK)<\/span><\/li><li><span style=\"font-family: 'trebuchet ms', geneva, sans-serif;color: #000000\">Rosa Lor\u00e9s (Universidad de Zaragoza, Spain)<\/span><\/li><li><span style=\"font-family: 'trebuchet ms', geneva, sans-serif;color: #000000\">Patricia Ronan (TU Dortmund University, Germany)<\/span><\/li><li><span style=\"color: #000000;font-family: 'trebuchet ms', geneva, sans-serif\">Sylvi R\u00f8rvik (University of Inland Norway, Norway)<\/span><\/li><li><span style=\"font-family: 'trebuchet ms', geneva, sans-serif;color: #000000\">Edgar W. Schneider (University of Regensburg, Germany)<\/span><\/li><li><span style=\"font-family: 'trebuchet ms', geneva, sans-serif;color: #000000\">Gerold Schneider (University of Zurich, Switzerland)<\/span><\/li><li><span style=\"font-family: 'trebuchet ms', geneva, sans-serif;color: #000000\">Martin Schweinberger (The University of Queensland, Australia)<\/span><\/li><li><span style=\"font-family: 'trebuchet ms', geneva, sans-serif;color: #000000\">Jolanta \u0160ink\u016bnien\u0117 (Vilnius University, Lithuania)<\/span><\/li><li><span style=\"font-family: 'trebuchet ms', geneva, sans-serif;color: #000000\">Lukas S\u00f6nning (Universit\u00e4t Bamberg, Germany)<\/span><\/li><li><span style=\"font-family: 'trebuchet ms', geneva, sans-serif;color: #000000\">Cristina Su\u00e1rez-G\u00f3mez (University of the Balearic Islands, Spain)<\/span><\/li><li><span style=\"font-family: 'trebuchet ms', geneva, sans-serif;color: #000000\">Benedikt Szmrecsanyi (Katholieke Universiteit Leuven, Belgium)<\/span><\/li><li><span style=\"font-family: 'trebuchet ms', geneva, sans-serif;color: #000000\">Jukka Tyrkk\u00f6 (Linnaeus University, Sweden)<\/span><\/li><li><span style=\"font-family: 'trebuchet ms', geneva, sans-serif;color: #000000\">Peter Uhrig (FAU Erlangen-N\u00fcrnberg, Germany)<\/span><\/li><li><span style=\"font-family: 'trebuchet ms', geneva, sans-serif;color: #000000\">Nuria Y\u00e1\u00f1ez-Bouza (Universidade de Vigo, Spain)<\/span><\/li><\/ul>\t\t\t\t\t\t\t\t<\/div>\n\t\t\t\t<\/div>\n\t\t\t\t\t<\/div>\n\t\t\t\t<\/div>\n\t\t<div class=\"elementor-element elementor-element-74687b4 e-flex e-con-boxed e-con e-parent\" data-id=\"74687b4\" data-element_type=\"container\" data-e-type=\"container\">\n\t\t\t\t\t<div class=\"e-con-inner\">\n\t\t\t\t<div class=\"elementor-element elementor-element-e0a55e2 elementor-widget-divider--view-line elementor-widget elementor-widget-divider\" data-id=\"e0a55e2\" data-element_type=\"widget\" data-e-type=\"widget\" data-widget_type=\"divider.default\">\n\t\t\t\t<div class=\"elementor-widget-container\">\n\t\t\t\t\t\t\t<div class=\"elementor-divider\">\n\t\t\t<span class=\"elementor-divider-separator\">\n\t\t\t\t\t\t<\/span>\n\t\t<\/div>\n\t\t\t\t\t\t<\/div>\n\t\t\t\t<\/div>\n\t\t\t\t\t<\/div>\n\t\t\t\t<\/div>\n\t\t\t\t<\/div>\n\t\t","protected":false},"excerpt":{"rendered":"<p>26-30 May 2026, Koblenz (Germany) Organising committee: ICAME47 is organised by the following members of the Department of English and American Studies at the University of Koblenz: Andreas Weilinghoff (chair) Sarah Wunderlich Nico Boller Dina Necke Ann-Katrin Biehl Jana Semrau &hellip;<\/p>\n<p class=\"read-more\"> <a class=\"more-link\" href=\"https:\/\/wp.uni-koblenz.de\/icame47\/committee\/\"> <span class=\"screen-reader-text\">Committee<\/span> Read More &raquo;<\/a><\/p>\n","protected":false},"author":825,"featured_media":0,"parent":0,"menu_order":0,"comment_status":"closed","ping_status":"closed","template":"elementor_theme","meta":{"_acf_changed":false,"footnotes":""},"class_list":["post-229","page","type-page","status-publish","hentry"],"acf":[],"yoast_head":"<!-- This site is optimized with the Yoast SEO plugin v27.1.1 - https:\/\/yoast.com\/product\/yoast-seo-wordpress\/ -->\n<title>Committee -<\/title>\n<meta name=\"robots\" content=\"index, follow, max-snippet:-1, max-image-preview:large, max-video-preview:-1\" \/>\n<link rel=\"canonical\" href=\"https:\/\/wp.uni-koblenz.de\/icame47\/committee\/\" \/>\n<meta property=\"og:locale\" content=\"en_US\" \/>\n<meta property=\"og:type\" content=\"article\" \/>\n<meta property=\"og:title\" content=\"Committee -\" \/>\n<meta property=\"og:description\" content=\"26-30 May 2026, Koblenz (Germany) Organising committee: ICAME47 is organised by the following members of the Department of English and American Studies at the University of Koblenz: Andreas Weilinghoff (chair) Sarah Wunderlich Nico Boller Dina Necke Ann-Katrin Biehl Jana Semrau &hellip; Committee Read More &raquo;\" \/>\n<meta property=\"og:url\" content=\"https:\/\/wp.uni-koblenz.de\/icame47\/committee\/\" \/>\n<meta property=\"article:modified_time\" content=\"2026-02-05T17:01:48+00:00\" \/>\n<meta property=\"og:image\" content=\"https:\/\/wp.uni-koblenz.de\/icame47\/wp-content\/uploads\/sites\/211\/elementor\/thumbs\/1000070933-scaled-r5p6u3unfpr1yscvro5216sdhjinahpajtcdkkycg8.jpg\" \/>\n<meta name=\"twitter:card\" content=\"summary_large_image\" \/>\n<meta name=\"twitter:label1\" content=\"Est. reading time\" \/>\n\t<meta name=\"twitter:data1\" content=\"2 minutes\" \/>\n<script type=\"application\/ld+json\" class=\"yoast-schema-graph\">{\"@context\":\"https:\/\/schema.org\",\"@graph\":[{\"@type\":\"WebPage\",\"@id\":\"https:\/\/wp.uni-koblenz.de\/icame47\/committee\/\",\"url\":\"https:\/\/wp.uni-koblenz.de\/icame47\/committee\/\",\"name\":\"Committee -\",\"isPartOf\":{\"@id\":\"https:\/\/wp.uni-koblenz.de\/icame47\/#website\"},\"primaryImageOfPage\":{\"@id\":\"https:\/\/wp.uni-koblenz.de\/icame47\/committee\/#primaryimage\"},\"image\":{\"@id\":\"https:\/\/wp.uni-koblenz.de\/icame47\/committee\/#primaryimage\"},\"thumbnailUrl\":\"https:\/\/wp.uni-koblenz.de\/icame47\/wp-content\/uploads\/sites\/211\/elementor\/thumbs\/1000070933-scaled-r5p6u3unfpr1yscvro5216sdhjinahpajtcdkkycg8.jpg\",\"datePublished\":\"2025-06-12T14:41:17+00:00\",\"dateModified\":\"2026-02-05T17:01:48+00:00\",\"breadcrumb\":{\"@id\":\"https:\/\/wp.uni-koblenz.de\/icame47\/committee\/#breadcrumb\"},\"inLanguage\":\"en-US\",\"potentialAction\":[{\"@type\":\"ReadAction\",\"target\":[\"https:\/\/wp.uni-koblenz.de\/icame47\/committee\/\"]}]},{\"@type\":\"ImageObject\",\"inLanguage\":\"en-US\",\"@id\":\"https:\/\/wp.uni-koblenz.de\/icame47\/committee\/#primaryimage\",\"url\":\"https:\/\/wp.uni-koblenz.de\/icame47\/wp-content\/uploads\/sites\/211\/elementor\/thumbs\/1000070933-scaled-r5p6u3unfpr1yscvro5216sdhjinahpajtcdkkycg8.jpg\",\"contentUrl\":\"https:\/\/wp.uni-koblenz.de\/icame47\/wp-content\/uploads\/sites\/211\/elementor\/thumbs\/1000070933-scaled-r5p6u3unfpr1yscvro5216sdhjinahpajtcdkkycg8.jpg\"},{\"@type\":\"BreadcrumbList\",\"@id\":\"https:\/\/wp.uni-koblenz.de\/icame47\/committee\/#breadcrumb\",\"itemListElement\":[{\"@type\":\"ListItem\",\"position\":1,\"name\":\"Startseite\",\"item\":\"https:\/\/wp.uni-koblenz.de\/icame47\/\"},{\"@type\":\"ListItem\",\"position\":2,\"name\":\"Committee\"}]},{\"@type\":\"WebSite\",\"@id\":\"https:\/\/wp.uni-koblenz.de\/icame47\/#website\",\"url\":\"https:\/\/wp.uni-koblenz.de\/icame47\/\",\"name\":\"\",\"description\":\"\",\"potentialAction\":[{\"@type\":\"SearchAction\",\"target\":{\"@type\":\"EntryPoint\",\"urlTemplate\":\"https:\/\/wp.uni-koblenz.de\/icame47\/?s={search_term_string}\"},\"query-input\":{\"@type\":\"PropertyValueSpecification\",\"valueRequired\":true,\"valueName\":\"search_term_string\"}}],\"inLanguage\":\"en-US\"}]}<\/script>\n<!-- \/ Yoast SEO plugin. -->","yoast_head_json":{"title":"Committee -","robots":{"index":"index","follow":"follow","max-snippet":"max-snippet:-1","max-image-preview":"max-image-preview:large","max-video-preview":"max-video-preview:-1"},"canonical":"https:\/\/wp.uni-koblenz.de\/icame47\/committee\/","og_locale":"en_US","og_type":"article","og_title":"Committee -","og_description":"26-30 May 2026, Koblenz (Germany) Organising committee: ICAME47 is organised by the following members of the Department of English and American Studies at the University of Koblenz: Andreas Weilinghoff (chair) Sarah Wunderlich Nico Boller Dina Necke Ann-Katrin Biehl Jana Semrau &hellip; Committee Read More &raquo;","og_url":"https:\/\/wp.uni-koblenz.de\/icame47\/committee\/","article_modified_time":"2026-02-05T17:01:48+00:00","og_image":[{"url":"https:\/\/wp.uni-koblenz.de\/icame47\/wp-content\/uploads\/sites\/211\/elementor\/thumbs\/1000070933-scaled-r5p6u3unfpr1yscvro5216sdhjinahpajtcdkkycg8.jpg","type":"","width":"","height":""}],"twitter_card":"summary_large_image","twitter_misc":{"Est. reading time":"2 minutes"},"schema":{"@context":"https:\/\/schema.org","@graph":[{"@type":"WebPage","@id":"https:\/\/wp.uni-koblenz.de\/icame47\/committee\/","url":"https:\/\/wp.uni-koblenz.de\/icame47\/committee\/","name":"Committee -","isPartOf":{"@id":"https:\/\/wp.uni-koblenz.de\/icame47\/#website"},"primaryImageOfPage":{"@id":"https:\/\/wp.uni-koblenz.de\/icame47\/committee\/#primaryimage"},"image":{"@id":"https:\/\/wp.uni-koblenz.de\/icame47\/committee\/#primaryimage"},"thumbnailUrl":"https:\/\/wp.uni-koblenz.de\/icame47\/wp-content\/uploads\/sites\/211\/elementor\/thumbs\/1000070933-scaled-r5p6u3unfpr1yscvro5216sdhjinahpajtcdkkycg8.jpg","datePublished":"2025-06-12T14:41:17+00:00","dateModified":"2026-02-05T17:01:48+00:00","breadcrumb":{"@id":"https:\/\/wp.uni-koblenz.de\/icame47\/committee\/#breadcrumb"},"inLanguage":"en-US","potentialAction":[{"@type":"ReadAction","target":["https:\/\/wp.uni-koblenz.de\/icame47\/committee\/"]}]},{"@type":"ImageObject","inLanguage":"en-US","@id":"https:\/\/wp.uni-koblenz.de\/icame47\/committee\/#primaryimage","url":"https:\/\/wp.uni-koblenz.de\/icame47\/wp-content\/uploads\/sites\/211\/elementor\/thumbs\/1000070933-scaled-r5p6u3unfpr1yscvro5216sdhjinahpajtcdkkycg8.jpg","contentUrl":"https:\/\/wp.uni-koblenz.de\/icame47\/wp-content\/uploads\/sites\/211\/elementor\/thumbs\/1000070933-scaled-r5p6u3unfpr1yscvro5216sdhjinahpajtcdkkycg8.jpg"},{"@type":"BreadcrumbList","@id":"https:\/\/wp.uni-koblenz.de\/icame47\/committee\/#breadcrumb","itemListElement":[{"@type":"ListItem","position":1,"name":"Startseite","item":"https:\/\/wp.uni-koblenz.de\/icame47\/"},{"@type":"ListItem","position":2,"name":"Committee"}]},{"@type":"WebSite","@id":"https:\/\/wp.uni-koblenz.de\/icame47\/#website","url":"https:\/\/wp.uni-koblenz.de\/icame47\/","name":"","description":"","potentialAction":[{"@type":"SearchAction","target":{"@type":"EntryPoint","urlTemplate":"https:\/\/wp.uni-koblenz.de\/icame47\/?s={search_term_string}"},"query-input":{"@type":"PropertyValueSpecification","valueRequired":true,"valueName":"search_term_string"}}],"inLanguage":"en-US"}]}},"_links":{"self":[{"href":"https:\/\/wp.uni-koblenz.de\/icame47\/wp-json\/wp\/v2\/pages\/229","targetHints":{"allow":["GET"]}}],"collection":[{"href":"https:\/\/wp.uni-koblenz.de\/icame47\/wp-json\/wp\/v2\/pages"}],"about":[{"href":"https:\/\/wp.uni-koblenz.de\/icame47\/wp-json\/wp\/v2\/types\/page"}],"author":[{"embeddable":true,"href":"https:\/\/wp.uni-koblenz.de\/icame47\/wp-json\/wp\/v2\/users\/825"}],"replies":[{"embeddable":true,"href":"https:\/\/wp.uni-koblenz.de\/icame47\/wp-json\/wp\/v2\/comments?post=229"}],"version-history":[{"count":51,"href":"https:\/\/wp.uni-koblenz.de\/icame47\/wp-json\/wp\/v2\/pages\/229\/revisions"}],"predecessor-version":[{"id":1082,"href":"https:\/\/wp.uni-koblenz.de\/icame47\/wp-json\/wp\/v2\/pages\/229\/revisions\/1082"}],"wp:attachment":[{"href":"https:\/\/wp.uni-koblenz.de\/icame47\/wp-json\/wp\/v2\/media?parent=229"}],"curies":[{"name":"wp","href":"https:\/\/api.w.org\/{rel}","templated":true}]}}