{"id":53,"date":"2019-03-03T22:20:23","date_gmt":"2019-03-03T21:20:23","guid":{"rendered":"https:\/\/wp.uni-koblenz.de\/ksbloglandau\/?page_id=53"},"modified":"2019-03-06T14:20:08","modified_gmt":"2019-03-06T13:20:08","slug":"impressum","status":"publish","type":"page","link":"https:\/\/wp.uni-koblenz.de\/ksbloglandau\/impressum\/","title":{"rendered":"Impressum"},"content":{"rendered":"<h2>Verantwortlich f\u00fcr den Inhalt und das Angebot dieses Blogs<\/h2>\n<p>Dr. Irene Lamberz (Gesch\u00e4ftsf\u00fchrung)<br \/>\nKompetenzzentrum f\u00fcr Studium und Beruf (KSB)<br \/>\nUniversit\u00e4t Koblenz-Landau<br \/>\nGeorg-Friedrich-Denzel-Stra\u00dfe 24 (2.OG)<br \/>\n76829 Landau<\/p>\n<p>Telefon: 06341\/ 280-33234<\/p>\n<h2><strong>Redaktion <\/strong><\/h2>\n<p>Lisa Gaffney<br \/>\nWissenschaftliche Hilfskraft<\/p>\n<h2><strong>Bildmaterial \/ Fotos <\/strong><\/h2>\n<p>Colourbox.de<br \/>\nPixabay.de<\/p>\n<h2><strong>Urheberrecht <\/strong><\/h2>\n<p><em>Copyright \u00a9 2019, Kompetenzzentrum f\u00fcr Studium und Beruf, Universit\u00e4t Koblenz-Landau, Campus Landau. Alle Rechte vorbehalten.\u00a0<\/em>Alle Inhalte der Internetpr\u00e4senz des Kompetenzzentrums f\u00fcr Studium und Beruf der Universit\u00e4t Koblenz-Landau, Campus Landau sind urheberrechtlich gesch\u00fctzt. F\u00fcr die Vervielf\u00e4ltigung, Bearbeitung, \u00dcbersetzung, Einspeicherung, Verarbeitung und\/oder Wiedergabe von Inhalten in Datenbanken oder anderen elektronischen Medien und Systemen muss die Zustimmung des Urhebers eingeholt werden. Wir erlauben das Fotokopieren und Herunterladen unserer Internetseiten f\u00fcr private, wissenschaftliche und nicht kommerzielle Zwecke. Das\u00a0Kompetenzzentrum f\u00fcr Studium und Beruf der Universit\u00e4t Koblenz Landau, Campus Landau ahndet Verletzungen seiner Urheberrechte.<\/p>\n<p>Wir gestatten ausdr\u00fccklich Zitate unserer Dokumente und Internetseiten und freuen uns, wenn Sie auf unsere Seiten verlinken.<\/p>\n<h2><strong>Haftung \/ Disclaimer <\/strong><\/h2>\n<p>Das\u00a0Kompetenzzentrum f\u00fcr Studium und Beruf der Universit\u00e4t Koblenz Landau, Campus Landau versucht, die Richtigkeit und Aktualit\u00e4t der auf dieser Internetpr\u00e4senz bereitgestellten Informationen zu gew\u00e4hrleisten. Trotzdem k\u00f6nnen Fehler und Unklarheiten nicht vollst\u00e4ndig ausgeschlossen werden. Das\u00a0Kompetenzzentrum f\u00fcr Studium und Beruf der Universit\u00e4t Koblenz Landau, Campus Landau \u00fcbernimmt daher keine Gew\u00e4hr f\u00fcr die Aktualit\u00e4t, Richtigkeit, Vollst\u00e4ndigkeit oder Qualit\u00e4t der ver\u00f6ffentlichten Informationen. F\u00fcr Sch\u00e4den materieller oder immaterieller Art, die durch die Nutzung oder Nichtnutzung der dargebotenen Informationen unmittelbar oder mittelbar verursacht werden, haftet Das\u00a0Kompetenzzentrums f\u00fcr Studium und Beruf der Universit\u00e4t Koblenz Landau, Campus Landau nicht, sofern ihm nicht vors\u00e4tzliches oder grob fahrl\u00e4ssiges Verschulden angelastet werden kann.<\/p>\n<p>Das\u00a0Kompetenzzentrum f\u00fcr Studium und Beruf der Universit\u00e4t Koblenz Landau, Campus Landau beh\u00e4lt es sich vor, Teile des Internet-Angebots oder das gesamte Angebot ohne Vorank\u00fcndigung zu ver\u00e4ndern, zu erg\u00e4nzen, zu l\u00f6schen oder die Ver\u00f6ffentlichung zeitweise oder endg\u00fcltig aus dem Internet zu entfernen.<\/p>\n<p>Das Angebot des\u00a0Kompetenzzentrums f\u00fcr Studium und Beruf der Universit\u00e4t Koblenz Landau, Campus Landau enth\u00e4lt direkte oder indirekte Verkn\u00fcpfungen bzw. Verlinkungen zu externen Webseiten Dritter, auf deren Inhalte das\u00a0Kompetenzzentrum f\u00fcr Studium und Beruf der Universit\u00e4t Koblenz Landau, Campus Landau keinen Einfluss hat. Die Verantwortlichkeit f\u00fcr diese fremden Inhalte liegt bei der\/dem jeweiligen Anbieter*in oder Betreiber*in der Webseiten. Das\u00a0Kompetenzzentrum f\u00fcr Studium und Beruf der Universit\u00e4t Koblenz Landau, Campus Landau hat keine Kenntnis \u00fcber rechtswidrige oder anst\u00f6\u00dfige Inhalte auf den mit ihrer Internetpr\u00e4senz verbundenen Webseiten fremder Anbieter. Zum Zeitpunkt der jeweiligen Verlinkung dieser Webseiten wurde eine \u00dcberpr\u00fcfung auf m\u00f6gliche Rechtsverst\u00f6\u00dfe vorgenommen, wobei in diesem Zusammenhang keine rechtswidrigen oder anst\u00f6\u00dfigen Inhalte erkennbar waren. Sollten auf den verlinkten Seiten fremder Anbieter rechtswidrige oder anst\u00f6\u00dfige Inhalte enthalten sein, distanziert sich das\u00a0Kompetenzzentrum der Universit\u00e4t Koblenz Landau, Campus Landau ausdr\u00fccklich von diesen Inhalten und wird die jeweilige Verlinkung bei Bekanntwerden unverz\u00fcglich entfernen.<\/p>\n","protected":false},"excerpt":{"rendered":"<p>Verantwortlich f\u00fcr den Inhalt und das Angebot dieses Blogs Dr. Irene Lamberz (Gesch\u00e4ftsf\u00fchrung) Kompetenzzentrum f\u00fcr Studium und Beruf (KSB) Universit\u00e4t Koblenz-Landau Georg-Friedrich-Denzel-Stra\u00dfe 24 (2.OG) 76829 Landau Telefon: 06341\/ 280-33234 Redaktion Lisa Gaffney Wissenschaftliche Hilfskraft Bildmaterial \/ Fotos Colourbox.de Pixabay.de Urheberrecht<\/p>\n","protected":false},"author":243,"featured_media":0,"parent":0,"menu_order":0,"comment_status":"closed","ping_status":"closed","template":"","meta":{"footnotes":""},"class_list":["post-53","page","type-page","status-publish","hentry"],"_links":{"self":[{"href":"https:\/\/wp.uni-koblenz.de\/ksbloglandau\/wp-json\/wp\/v2\/pages\/53","targetHints":{"allow":["GET"]}}],"collection":[{"href":"https:\/\/wp.uni-koblenz.de\/ksbloglandau\/wp-json\/wp\/v2\/pages"}],"about":[{"href":"https:\/\/wp.uni-koblenz.de\/ksbloglandau\/wp-json\/wp\/v2\/types\/page"}],"author":[{"embeddable":true,"href":"https:\/\/wp.uni-koblenz.de\/ksbloglandau\/wp-json\/wp\/v2\/users\/243"}],"replies":[{"embeddable":true,"href":"https:\/\/wp.uni-koblenz.de\/ksbloglandau\/wp-json\/wp\/v2\/comments?post=53"}],"version-history":[{"count":3,"href":"https:\/\/wp.uni-koblenz.de\/ksbloglandau\/wp-json\/wp\/v2\/pages\/53\/revisions"}],"predecessor-version":[{"id":112,"href":"https:\/\/wp.uni-koblenz.de\/ksbloglandau\/wp-json\/wp\/v2\/pages\/53\/revisions\/112"}],"wp:attachment":[{"href":"https:\/\/wp.uni-koblenz.de\/ksbloglandau\/wp-json\/wp\/v2\/media?parent=53"}],"curies":[{"name":"wp","href":"https:\/\/api.w.org\/{rel}","templated":true}]}}