{"id":100,"date":"2021-06-15T12:16:37","date_gmt":"2021-06-15T10:16:37","guid":{"rendered":"https:\/\/wp.uni-koblenz.de\/mittelbau\/?page_id=100"},"modified":"2021-12-22T09:47:29","modified_gmt":"2021-12-22T08:47:29","slug":"aktuelle-themen","status":"publish","type":"page","link":"https:\/\/wp.uni-koblenz.de\/mittelbau\/","title":{"rendered":"Aktuelle Themen"},"content":{"rendered":"\n<blockquote>\n<p>Die Mittelbauvertreter*innen der Fachbereiche 1-4 des Campus Koblenz informieren \u00fcber aktuelle Aktionen, Themen und Interessen rund um die Zukunft der eigenst\u00e4ndigen Universit\u00e4t Koblenz und Anliegen des Mittelbaus.<\/p>\n<\/blockquote>\n\n\n\n<h2 class=\"has-text-align-center wp-block-heading\">24.11.2021: Protokoll der Mittelbauversammlung<\/h2>\n\n\n\n<div class=\"wp-block-file\"><a href=\"https:\/\/wp.uni-koblenz.de\/mittelbau\/wp-content\/uploads\/sites\/150\/2021\/12\/2021-11-24-Protokoll_Mittelbauversammlung-1.pdf\">2021-11-24-Protokoll_Mittelbauversammlung-1<\/a><a href=\"https:\/\/wp.uni-koblenz.de\/mittelbau\/wp-content\/uploads\/sites\/150\/2021\/12\/2021-11-24-Protokoll_Mittelbauversammlung-1.pdf\" class=\"wp-block-file__button\" download>Herunterladen<\/a><\/div>\n\n\n\n<div class=\"wp-block-group\"><div class=\"wp-block-group__inner-container is-layout-flow wp-block-group-is-layout-flow\">\n<p class=\"wp-block-pdfemb-pdf-embedder-viewer\"><\/p>\n<\/div><\/div>\n\n\n\n<hr>\n<h2 style=\"text-align: center\">Wir sind der Mittelbau<\/h2>\n\n\n\n<p>Der Mittelbau der Uni Koblenz k\u00e4mpft f\u00fcr den Erhalt guter Bildung und Wissenschaft. In einem Video erg\u00e4nzend zum offenen Brief wird die Ausgangslage und fehlende Zukunftsperspektive durch Mitarbeiter*innen der vier Fachbereiche dargestellt.<\/p>\n<div style=\"width: 640px;\" class=\"wp-video\"><video class=\"wp-video-shortcode\" id=\"video-100-1\" width=\"640\" height=\"360\" preload=\"metadata\" controls=\"controls\"><source type=\"video\/mp4\" src=\"https:\/\/cloud.uni-koblenz.de\/s\/MmbxwqoLdrqopRb\/download\/Final%20OFF%20TEXT%20und%20Statements%20Typo%20und%20Mittelbau%20TYPO.mp4?_=1\" \/><a href=\"https:\/\/cloud.uni-koblenz.de\/s\/MmbxwqoLdrqopRb\/download\/Final%20OFF%20TEXT%20und%20Statements%20Typo%20und%20Mittelbau%20TYPO.mp4\">https:\/\/cloud.uni-koblenz.de\/s\/MmbxwqoLdrqopRb\/download\/Final%20OFF%20TEXT%20und%20Statements%20Typo%20und%20Mittelbau%20TYPO.mp4<\/a><\/video><\/div>\n\n\n\n<hr>\n<h2 style=\"text-align: center\">Offener Brief des Mittelbaus &#8211; Campus Koblenz<\/h2>\n\n\n\n<p><em>07.06.2021:<\/em> In einem offenen Brief an Staatsminister Hoch verdeutlichen die Mittelbauvertreter*innen die prek\u00e4re Situation der wissenschaftlichen Mitarbeiter*innen\u00a0 des Campus Koblenz.<\/p>\n\n\n\n<div class=\"wp-block-file\"><a href=\"https:\/\/wp.uni-koblenz.de\/mittelbau\/wp-content\/uploads\/sites\/150\/2021\/06\/Offener-Brief.pdf\">Offener-Brief<\/a><a href=\"https:\/\/wp.uni-koblenz.de\/mittelbau\/wp-content\/uploads\/sites\/150\/2021\/06\/Offener-Brief.pdf\" class=\"wp-block-file__button\" download>Herunterladen<\/a><\/div>\n\n\n\n<p class=\"wp-block-pdfemb-pdf-embedder-viewer\"><\/p>\n","protected":false},"excerpt":{"rendered":"<p>24.11.2021: Protokoll der Mittelbauversammlung<\/p>\n","protected":false},"author":551,"featured_media":0,"parent":0,"menu_order":0,"comment_status":"closed","ping_status":"closed","template":"","meta":{"footnotes":""},"class_list":["post-100","page","type-page","status-publish","hentry"],"_links":{"self":[{"href":"https:\/\/wp.uni-koblenz.de\/mittelbau\/wp-json\/wp\/v2\/pages\/100","targetHints":{"allow":["GET"]}}],"collection":[{"href":"https:\/\/wp.uni-koblenz.de\/mittelbau\/wp-json\/wp\/v2\/pages"}],"about":[{"href":"https:\/\/wp.uni-koblenz.de\/mittelbau\/wp-json\/wp\/v2\/types\/page"}],"author":[{"embeddable":true,"href":"https:\/\/wp.uni-koblenz.de\/mittelbau\/wp-json\/wp\/v2\/users\/551"}],"replies":[{"embeddable":true,"href":"https:\/\/wp.uni-koblenz.de\/mittelbau\/wp-json\/wp\/v2\/comments?post=100"}],"version-history":[{"count":18,"href":"https:\/\/wp.uni-koblenz.de\/mittelbau\/wp-json\/wp\/v2\/pages\/100\/revisions"}],"predecessor-version":[{"id":255,"href":"https:\/\/wp.uni-koblenz.de\/mittelbau\/wp-json\/wp\/v2\/pages\/100\/revisions\/255"}],"wp:attachment":[{"href":"https:\/\/wp.uni-koblenz.de\/mittelbau\/wp-json\/wp\/v2\/media?parent=100"}],"curies":[{"name":"wp","href":"https:\/\/api.w.org\/{rel}","templated":true}]}}