{"id":231,"date":"2025-12-08T14:25:32","date_gmt":"2025-12-08T13:25:32","guid":{"rendered":"https:\/\/wp.uni-koblenz.de\/philovernetzung\/?page_id=231"},"modified":"2026-02-23T19:35:25","modified_gmt":"2026-02-23T18:35:25","slug":"startseite-2","status":"publish","type":"page","link":"https:\/\/wp.uni-koblenz.de\/philovernetzung\/startseite-2\/","title":{"rendered":"Leitbild"},"content":{"rendered":"\n<p>Unsere Vernetzungsarbeit ist von der \u00dcberzeugung getragen, dass die Philosophie ihre orientierende und kritische Kraft vor allem dann entfaltet, wenn sie als soziale Praxis wirksam wird. Aus diesem Grund zielen wir darauf ab, philosophisches Denken wieder st\u00e4rker in konkrete soziale Kontexte einzubetten und \u00f6ffentlich zug\u00e4nglich zu machen. <\/p>\n\n\n\n<p>Auf dieser Seite m\u00f6chten wir auf Formate aufmerksam machen, die einen Dialog erm\u00f6glichen und Raum schaffen, sich methodisch mit den eigenen Gedanken und Emotionen auseinanderzusetzen. Philosophieren bedeutet dabei unter anderem, seinen \u201eInneren Kompass\u201c aus Wert- und Normvorstellungen, Erwartungshaltungen und Moralit\u00e4t zu reflektieren \u2013 dabei m\u00f6chten wir unterst\u00fctzen.<\/p>\n\n\n\n<p>F\u00fcr konkrete Anfragen wenden Sie sich bitte an: <\/p>\n\n\n\n<p>philovernetzung@uni-koblenz.de<\/p>\n","protected":false},"excerpt":{"rendered":"<p>Unsere Vernetzungsarbeit ist von der \u00dcberzeugung getragen, dass die Philosophie ihre orientierende und kritische Kraft vor allem dann entfaltet, wenn sie als soziale Praxis wirksam wird. Aus diesem Grund zielen wir darauf ab, philosophisches Denken wieder st\u00e4rker in konkrete soziale Kontexte einzubetten und \u00f6ffentlich zug\u00e4nglich zu machen. Auf dieser Seite m\u00f6chten wir auf Formate aufmerksam &hellip; <a href=\"https:\/\/wp.uni-koblenz.de\/philovernetzung\/startseite-2\/\" class=\"more-link\"><span class=\"screen-reader-text\">Leitbild<\/span> weiterlesen<\/a><\/p>\n","protected":false},"author":841,"featured_media":0,"parent":0,"menu_order":0,"comment_status":"closed","ping_status":"closed","template":"","meta":{"footnotes":""},"class_list":["post-231","page","type-page","status-publish","hentry"],"_links":{"self":[{"href":"https:\/\/wp.uni-koblenz.de\/philovernetzung\/wp-json\/wp\/v2\/pages\/231","targetHints":{"allow":["GET"]}}],"collection":[{"href":"https:\/\/wp.uni-koblenz.de\/philovernetzung\/wp-json\/wp\/v2\/pages"}],"about":[{"href":"https:\/\/wp.uni-koblenz.de\/philovernetzung\/wp-json\/wp\/v2\/types\/page"}],"author":[{"embeddable":true,"href":"https:\/\/wp.uni-koblenz.de\/philovernetzung\/wp-json\/wp\/v2\/users\/841"}],"replies":[{"embeddable":true,"href":"https:\/\/wp.uni-koblenz.de\/philovernetzung\/wp-json\/wp\/v2\/comments?post=231"}],"version-history":[{"count":3,"href":"https:\/\/wp.uni-koblenz.de\/philovernetzung\/wp-json\/wp\/v2\/pages\/231\/revisions"}],"predecessor-version":[{"id":252,"href":"https:\/\/wp.uni-koblenz.de\/philovernetzung\/wp-json\/wp\/v2\/pages\/231\/revisions\/252"}],"wp:attachment":[{"href":"https:\/\/wp.uni-koblenz.de\/philovernetzung\/wp-json\/wp\/v2\/media?parent=231"}],"curies":[{"name":"wp","href":"https:\/\/api.w.org\/{rel}","templated":true}]}}