{"id":52,"date":"2025-08-18T19:55:56","date_gmt":"2025-08-18T17:55:56","guid":{"rendered":"https:\/\/wp.uni-koblenz.de\/philovernetzung\/?page_id=52"},"modified":"2025-08-18T20:02:44","modified_gmt":"2025-08-18T18:02:44","slug":"impressum","status":"publish","type":"page","link":"https:\/\/wp.uni-koblenz.de\/philovernetzung\/impressum\/","title":{"rendered":"Impressum"},"content":{"rendered":"\n<p>Institut f\u00fcr Philosophie der Universit\u00e4t Koblenz<br>Universit\u00e4tsstra\u00dfe 1<br>56070 Koblenz<\/p>\n\n\n\n<p><a href=\"mailto:philovernetzung@uni-koblenz.de\">philovernetzung@uni-koblenz.de<\/a><\/p>\n\n\n\n<p>01578 092 7757<\/p>\n\n\n\n<p>Redaktion: Konstanze Palm<\/p>\n","protected":false},"excerpt":{"rendered":"<p>Institut f\u00fcr Philosophie der Universit\u00e4t KoblenzUniversit\u00e4tsstra\u00dfe 156070 Koblenz philovernetzung@uni-koblenz.de 01578 092 7757 Redaktion: Konstanze Palm<\/p>\n","protected":false},"author":835,"featured_media":0,"parent":0,"menu_order":0,"comment_status":"closed","ping_status":"closed","template":"","meta":{"footnotes":""},"class_list":["post-52","page","type-page","status-publish","hentry"],"_links":{"self":[{"href":"https:\/\/wp.uni-koblenz.de\/philovernetzung\/wp-json\/wp\/v2\/pages\/52","targetHints":{"allow":["GET"]}}],"collection":[{"href":"https:\/\/wp.uni-koblenz.de\/philovernetzung\/wp-json\/wp\/v2\/pages"}],"about":[{"href":"https:\/\/wp.uni-koblenz.de\/philovernetzung\/wp-json\/wp\/v2\/types\/page"}],"author":[{"embeddable":true,"href":"https:\/\/wp.uni-koblenz.de\/philovernetzung\/wp-json\/wp\/v2\/users\/835"}],"replies":[{"embeddable":true,"href":"https:\/\/wp.uni-koblenz.de\/philovernetzung\/wp-json\/wp\/v2\/comments?post=52"}],"version-history":[{"count":2,"href":"https:\/\/wp.uni-koblenz.de\/philovernetzung\/wp-json\/wp\/v2\/pages\/52\/revisions"}],"predecessor-version":[{"id":55,"href":"https:\/\/wp.uni-koblenz.de\/philovernetzung\/wp-json\/wp\/v2\/pages\/52\/revisions\/55"}],"wp:attachment":[{"href":"https:\/\/wp.uni-koblenz.de\/philovernetzung\/wp-json\/wp\/v2\/media?parent=52"}],"curies":[{"name":"wp","href":"https:\/\/api.w.org\/{rel}","templated":true}]}}