{"id":29,"date":"2014-03-17T20:05:04","date_gmt":"2014-03-17T20:05:04","guid":{"rendered":"http:\/\/demo.themegrill.com\/spacious\/?page_id=29"},"modified":"2026-03-10T08:20:11","modified_gmt":"2026-03-10T07:20:11","slug":"just-arrived","status":"publish","type":"page","link":"https:\/\/wp.uni-koblenz.de\/ressourcenundkonflikte\/just-arrived\/","title":{"rendered":"Homeschooling"},"content":{"rendered":"<p>Hier finden Sie Anregungen und Methoden um die Themen in den digitalen Unterricht \u00fcbertragen zu k\u00f6nnen.<\/p>\n\n\n<h2 class=\"wp-block-heading\">Lerntagebuch<\/h2>\n\n\n\n<p>Die Methode Lerntagebuch unterst\u00fctzt Sch\u00fcler*innen bei der Reflexion des Gelernten und beim Lerntransfer. Durch regelm\u00e4\u00dfige Dokumentation des Lernprozesses wird dieser nachhaltig gesichert. <\/p>\n\n\n\n<p>Sie finden durch Klick auf die Buttons eine Anleitung der Methode f\u00fcr Sie und zum Versenden an Ihre Sch\u00fcler*innen den Arbeitsauftrag.<\/p>\n\n\n\n<div class=\"wp-block-buttons is-layout-flex wp-block-buttons-is-layout-flex\">\n<div class=\"wp-block-button\"><a class=\"wp-block-button__link has-background has-midnight-gradient-background\" href=\"https:\/\/wp.uni-koblenz.de\/ressourcenundkonflikte\/wp-content\/uploads\/sites\/117\/2020\/05\/Lerntagebuch-Anleitung-der-Methode.pdf\" target=\"_blank\" rel=\"noreferrer noopener\">Lerntagebuch &#8211; Anleitung der Methode<\/a><\/div>\n<\/div>\n\n\n\n<div class=\"wp-block-buttons is-layout-flex wp-block-buttons-is-layout-flex\">\n<div class=\"wp-block-button\"><a class=\"wp-block-button__link has-background has-midnight-gradient-background\" href=\"https:\/\/wp.uni-koblenz.de\/ressourcenundkonflikte\/wp-content\/uploads\/sites\/117\/2020\/06\/Lerntagebuch-Arbeitsauftrag.pdf\" target=\"_blank\" rel=\"noreferrer noopener\">Lerntagebuch &#8211; Arbeitsauftrag f\u00fcr Sch\u00fcler*innen<\/a><\/div>\n<\/div>\n\n\n\n<h2 class=\"wp-block-heading\">Sechs Denkh\u00fcte nach de Bono<\/h2>\n\n\n\n<p>Durch die sechs Denkh\u00fcte nach de Bono betrachten die Sch\u00fcler*innen ein Thema unter sechs verschiedenen Blickwinkel. Diese Methode f\u00f6rdert das Verst\u00e4ndnis komplexer Zusammenh\u00e4nge und die Erarbeitung neuer L\u00f6sungsans\u00e4tze.<\/p>\n\n\n\n<p>Durch Klick auf die Buttons gelangen Sie zu den PDF-Formaten der Anleitung der Methode f\u00fcr Sie und zum Arbeitsblatt zum Versenden an Ihre Sch\u00fcler*innen.<\/p>\n\n\n\n<div class=\"wp-block-buttons is-layout-flex wp-block-buttons-is-layout-flex\">\n<div class=\"wp-block-button\"><a class=\"wp-block-button__link has-text-color has-very-light-gray-color has-background has-blush-bordeaux-gradient-background\" href=\"https:\/\/wp.uni-koblenz.de\/ressourcenundkonflikte\/wp-content\/uploads\/sites\/117\/2020\/05\/Sechs-Denkh\u00fcte-nach-de-Bono-Anleitung-der-Methode.pdf\" target=\"_blank\" rel=\"noreferrer noopener\">Sechs Denkh\u00fcte nach de Bono &#8211; Anleitung der Methode<\/a><\/div>\n<\/div>\n\n\n\n<div class=\"wp-block-buttons is-layout-flex wp-block-buttons-is-layout-flex\">\n<div class=\"wp-block-button\"><a class=\"wp-block-button__link has-background has-blush-bordeaux-gradient-background\" href=\"https:\/\/wp.uni-koblenz.de\/ressourcenundkonflikte\/wp-content\/uploads\/sites\/117\/2020\/06\/Sechs-Denkh\u00fcte-nach-de-Bono-Arbeitsblatt.pdf\" target=\"_blank\" rel=\"noreferrer noopener\">Sechs Denkh\u00fcte nach de Bono &#8211; Arbeitsauftrag f\u00fcr Sch\u00fcler*innen<\/a><\/div>\n<\/div>\n\n\n\n<h2 class=\"wp-block-heading\">S.E.E. the links<\/h2>\n\n\n\n<p>S.E.E. steht f\u00fcr Society, Environment und Economy. Die Sch\u00fcler*innen entdecken in dieser Methode Zusammenh\u00e4nge zwischen den Bereichen Gesellschaft, Umwelt und Wirtschaft und stellen diese anschlie\u00dfend in einem Text dar.<\/p>\n\n\n\n<p>Hier finden Sie eine generalisierte Anleitung der Methode f\u00fcr Sie, ein ausgearbeitetes Arbeitsblatt f\u00fcr Ihre Sch\u00fcler*innen zum Thema &#8222;Goldabbau in Peru&#8220; sowie eine beispielhafte Musterl\u00f6sung f\u00fcr das Arbeitsblatt.<\/p>\n\n\n\n<div class=\"wp-block-buttons is-layout-flex wp-block-buttons-is-layout-flex\">\n<div class=\"wp-block-button\"><a class=\"wp-block-button__link has-text-color has-very-dark-gray-color has-background has-pale-ocean-gradient-background\" href=\"https:\/\/wp.uni-koblenz.de\/ressourcenundkonflikte\/wp-content\/uploads\/sites\/117\/2020\/05\/S.E.E.-the-links-Anleitung-der-Methode.pdf\" target=\"_blank\" rel=\"noreferrer noopener\">S.E.E. the links &#8211; Anleitung der Methode<\/a><\/div>\n\n\n\n<div class=\"wp-block-button\"><a class=\"wp-block-button__link has-text-color has-very-dark-gray-color has-background has-pale-ocean-gradient-background\" href=\"https:\/\/wp.uni-koblenz.de\/ressourcenundkonflikte\/wp-content\/uploads\/sites\/117\/2020\/06\/Arbeitsblatt-S.E.E.-the-links-Goldabbau-in-Peru.pdf\" target=\"_blank\" rel=\"noreferrer noopener\">S.E.E. the links &#8211; Arbeitsblatt Goldabbau in Peru<\/a><\/div>\n\n\n\n<div class=\"wp-block-button\"><a class=\"wp-block-button__link has-text-color has-very-dark-gray-color has-background has-pale-ocean-gradient-background\" href=\"https:\/\/wp.uni-koblenz.de\/ressourcenundkonflikte\/wp-content\/uploads\/sites\/117\/2020\/06\/Arbeitsblatt-S.E.E.-the-links-Musterl\u00f6sung-Beispiel.pdf\" target=\"_blank\" rel=\"noreferrer noopener\">S.E.E. the links &#8211; Musterl\u00f6sung Beispiel Arbeitsblatt<\/a><\/div>\n<\/div>\n\n\n\n<h2 class=\"wp-block-heading\">WhatsApp-Chatverlauf schreiben<\/h2>\n\n\n\n<p>Durch das Ausdenken von Figuren und dem Schreiben eines Dialogs \u00fcber ein den Sch\u00fcler*innen bekanntes Medium, erhalten diese einen aktuellen und zugleich emotionalen Zugang zur Thematik. Durch den Dialog wird die Argumentationsf\u00e4higkeit und Kreativit\u00e4t der Sch\u00fcler*innen gef\u00f6rdert.<\/p>\n\n\n\n<p>\u00dcber die Buttons gelangen Sie zur generalisierten Anleitung der Methode f\u00fcr Sie und den konkreten Arbeitsauftrag um das Thema Wasserkonflikt um den Nil f\u00fcr Ihre Sch\u00fcler*innen.<\/p>\n\n\n\n<div class=\"wp-block-buttons is-layout-flex wp-block-buttons-is-layout-flex\">\n<div class=\"wp-block-button\"><a class=\"wp-block-button__link\" href=\"https:\/\/wp.uni-koblenz.de\/ressourcenundkonflikte\/wp-content\/uploads\/sites\/117\/2020\/05\/WhatsApp-Chatverlauf-schreiben-Anleitung-der-Methode.pdf\" target=\"_blank\" rel=\"noreferrer noopener\">WhatsApp-Chatverlauf schreiben &#8211; Anleitung der Methode<\/a><\/div>\n\n\n\n<div class=\"wp-block-button\"><a class=\"wp-block-button__link\" href=\"https:\/\/wp.uni-koblenz.de\/ressourcenundkonflikte\/wp-content\/uploads\/sites\/117\/2020\/06\/WhatsApp-Chatverlauf-schreiben-Arbeitsauftrag-Wasserkonflikt-um-den-Nil.pdf\" target=\"_blank\" rel=\"noreferrer noopener\">WhatsApp-Chatverlauf schreiben &#8211; Arbeitsauftrag &#8211; Wasserkonflikt um den Nil<\/a><\/div>\n<\/div>\n\n\n\n<h2 class=\"wp-block-heading\">CO<sub>2<\/sub> &#8211; Fu\u00dfabdruckrechner<\/h2>\n\n\n\n<p>Die Berechnung des eigenen CO<sub>2<\/sub> &#8211; Fu\u00dfabdrucks legt den Sch\u00fcler*innen den eigenen Lebensstil und Konsum und dessen Auswirkungen auf die Umwelt dar. Somit kann der Fu\u00dfabdruckrechner einen Selbstreflexionsprozess bei den Sch\u00fcler*innen ansto\u00dfen.<\/p>\n\n\n\n<p>Dieser Link leitet Sie zur externen Webseite des WWF Deutschland zum CO<sub>2<\/sub> &#8211; Fu\u00dfabdruckrechner. Hier k\u00f6nnen die Sch\u00fcler*innen altersgerecht ihren Fu\u00dfabdruck berechnen und bekommen Verbesserungsvorschl\u00e4ge f\u00fcr ihren CO<sub>2<\/sub> &#8211; Aussto\u00df.<\/p>\n\n\n\n<div class=\"wp-block-buttons is-layout-flex wp-block-buttons-is-layout-flex\">\n<div class=\"wp-block-button\"><a class=\"wp-block-button__link has-text-color has-very-dark-gray-color has-background has-electric-grass-gradient-background\" href=\"https:\/\/www.wwf.de\/themen-projekte\/klima-energie\/wwf-klimarechner\/\" target=\"_blank\" rel=\"noreferrer noopener\">CO<sub>2 <\/sub>&#8211; Fu\u00dfabdruckrechner des WWF Deutschland<\/a><\/div>\n<\/div>\n\n\n\n<h2 class=\"wp-block-heading\">Slavery-Footprint-Rechner<\/h2>\n\n\n\n<p>\u00c4hnlich der Berechnung des eignen CO<sub>2<\/sub> &#8211; Fu\u00dfabdrucks anhand von Angaben zu Lebensstil und Konsumverhalten, wird durch den Slavery-Footprint-Rechner ermittelt, wie viele Menschen in sehr prek\u00e4ren Arbeitsbedingungen den eigenen Lebensstil erm\u00f6glichen. Dies soll bei den Sch\u00fcler*innen einen Selbstreflexionsprozess anregen hinsichtlich des eigenen Konsumverhaltens. Da die Webseite lediglich auf Englisch gestaltet wurde, ist eine gewisse Sprachkenntnis der Sch\u00fcler*innen notwendig, um den Rechner verwenden zu k\u00f6nnen.<\/p>\n\n\n\n<p>Der Button leitet Sie weiter zur externen Webseite von Slavery Footprint, auf welcher der eigene Fu\u00dfabdruck berechnet werden kann und  Hintergrundinformationen zum Thema zu erhalten sind. Am besten l\u00e4sst sich der Rechner auf dem Smartphone und Tabletger\u00e4ten bedienen.<\/p>\n\n\n\n<div class=\"wp-block-buttons is-layout-flex wp-block-buttons-is-layout-flex\">\n<div class=\"wp-block-button\"><a class=\"wp-block-button__link has-text-color has-very-dark-gray-color has-background has-very-light-gray-to-cyan-bluish-gray-gradient-background\" href=\"https:\/\/slaveryfootprint.org\/\" target=\"_blank\" rel=\"noreferrer noopener\">Slavery-Footprint-Rechner<\/a><\/div>\n<\/div>\n\n\n\n<h2 class=\"wp-block-heading\">Ein Bild sagt mehr als tausend Worte<\/h2>\n\n\n\n<p>Durch Bildassoziationen wird durch diese Methode der Einstieg in ein Thema erleichtert. Der Lernerfolg ist durch die Verkn\u00fcpfung mit dem Bild und die Reflexion gew\u00e4hrleistet.<\/p>\n\n\n\n<p>An dieser Stelle finden Sie die Anleitung der Methode f\u00fcr den Homeschooling-Unterricht f\u00fcr Sie und einen konkreten Arbeitsauftrag zum Einstieg in das Thema Wasserkonflikt um den Nil f\u00fcr Ihre Sch\u00fcler*innen.<\/p>\n\n\n\n<div class=\"wp-block-buttons is-layout-flex wp-block-buttons-is-layout-flex\">\n<div class=\"wp-block-button\"><a class=\"wp-block-button__link has-text-color has-very-light-gray-color has-background has-vivid-red-background-color\" href=\"https:\/\/wp.uni-koblenz.de\/ressourcenundkonflikte\/wp-content\/uploads\/sites\/117\/2020\/06\/Ein-Bild-sagt-mehr-als-tausend-Worte-Anleitung-der-Methode-Homeschooling-.pdf\" target=\"_blank\" rel=\"noreferrer noopener\">Ein Bild sagt mehr als tausend Worte &#8211; Anleitung der Methode &#8211; Homeschooling<\/a><\/div>\n\n\n\n<div class=\"wp-block-button\"><a class=\"wp-block-button__link has-text-color has-very-light-gray-color has-background has-vivid-red-background-color\" href=\"https:\/\/wp.uni-koblenz.de\/ressourcenundkonflikte\/wp-content\/uploads\/sites\/117\/2020\/06\/Ein-Bild-sagt-mehr-als-tausend-Worte-Wasserkonflikt-um-den-Nil-Arbeitsblatt-Homeschooling.pdf\" target=\"_blank\" rel=\"noreferrer noopener\">Ein Bild sagt mehr als tausend Worte &#8211; Arbeitsauftrag &#8211; Wasserkonflikt um den Nil<\/a><\/div>\n<\/div>\n\n\n\n<h2 class=\"wp-block-heading\">Filmanalyse<\/h2>\n\n\n\n<p>Die Filmanalyse ist keine neue Methode und wird oft in ihren Chancen untersch\u00e4tzt. Durch die passende Vorbereitung und die richtigen Fragen k\u00f6nnen Sie dennoch einen Lernerfolg bei Ihren Sch\u00fcler*innen insbesondere im Homeschooling erzielen.<\/p>\n\n\n\n<p>\u00dcber die Buttons gelangen Sie zur Anleitung der Methode und zum Arbeitsauftrag f\u00fcr Ihre Sch\u00fcler*innen.<\/p>\n\n\n\n<div class=\"wp-block-buttons is-layout-flex wp-block-buttons-is-layout-flex\">\n<div class=\"wp-block-button\"><a class=\"wp-block-button__link has-text-color has-very-dark-gray-color has-background\" href=\"https:\/\/wp.uni-koblenz.de\/ressourcenundkonflikte\/wp-content\/uploads\/sites\/117\/2020\/06\/Filmanalyse-Anleitung-der-Methode.pdf\" style=\"background:linear-gradient(0deg,rgba(252,185,0,1) 0%,rgba(255,105,0,1) 100%)\" target=\"_blank\" rel=\"noreferrer noopener\">Filmanalyse &#8211; Anleitung der Methode<\/a><\/div>\n\n\n\n<div class=\"wp-block-button\"><a class=\"wp-block-button__link has-text-color has-very-dark-gray-color has-background\" href=\"https:\/\/wp.uni-koblenz.de\/ressourcenundkonflikte\/wp-content\/uploads\/sites\/117\/2020\/06\/Filmanalyse-Arbeitsauftrag.pdf\" style=\"background:linear-gradient(0deg,rgba(252,185,0,1) 0%,rgba(255,105,0,1) 100%)\" target=\"_blank\" rel=\"noreferrer noopener\">Filmanalyse &#8211; Arbeitsauftrag<\/a><\/div>\n<\/div>\n\n\n\n<h2 class=\"wp-block-heading\">Interview f\u00fchren<\/h2>\n\n\n\n<p>Ein Interview vorzubereiten, durchzuf\u00fchren und auszuwerten stellt Ihre Sch\u00fcler*innen vor eine schwierige aber auch gleichzeitig spannende Aufgabe. Neben planerischen und orthographischen F\u00e4higkeiten sind es vor allem auch die sozialen Kompetenzen, die mit dieser Methode angesprochen werden.<\/p>\n\n\n\n<p>\u00dcber die Buttons gelangen Sie zur Anleitung der Methode und zum Arbeitsauftrag f\u00fcr Ihre Sch\u00fcler*innen.<\/p>\n\n\n\n<div class=\"wp-block-buttons is-layout-flex wp-block-buttons-is-layout-flex\">\n<div class=\"wp-block-button\"><a class=\"wp-block-button__link has-text-color has-very-light-gray-color has-background has-vivid-cyan-blue-background-color\" href=\"https:\/\/wp.uni-koblenz.de\/ressourcenundkonflikte\/wp-content\/uploads\/sites\/117\/2020\/06\/Interview-Anleitung-der-Methode.pdf\" target=\"_blank\" rel=\"noreferrer noopener\">Interview &#8211; Anleitung der Methode<\/a><\/div>\n\n\n\n<div class=\"wp-block-button\"><a class=\"wp-block-button__link has-text-color has-very-light-gray-color has-background has-vivid-cyan-blue-background-color\" href=\"https:\/\/wp.uni-koblenz.de\/ressourcenundkonflikte\/wp-content\/uploads\/sites\/117\/2020\/06\/Interview-Arbeitsauftrag.pdf\" target=\"_blank\" rel=\"noreferrer noopener\">Interview &#8211; Arbeitsauftrag<\/a><\/div>\n<\/div>\n\n\n\n<h2 class=\"wp-block-heading\">Podcast<\/h2>\n\n\n\n<p>Die Erstellung eines Podcasts bietet den Sch\u00fcler*innen eine kreative M\u00f6glichkeit, gelerntes zu festigen und zu vertiefen.<\/p>\n\n\n\n<p>Im Folgenden finden Sie die Anleitung zur Methode, sowie den Arbeitsauftrag f\u00fcr die Sch\u00fcler*innen.<\/p>\n\n\n\n<div class=\"wp-block-button\"><a class=\"wp-block-button__link\" href=\"https:\/\/wp.uni-koblenz.de\/ressourcenundkonflikte\/wp-content\/uploads\/sites\/117\/2020\/06\/Podcast-Anleitung-der-Methode.pdf\" target=\"_blank\" rel=\"noreferrer noopener\">Podcast &#8211; Anleitung der Methode <\/a><\/div>\n\n\n\n<div class=\"wp-block-button\"><a class=\"wp-block-button__link\" href=\"https:\/\/wp.uni-koblenz.de\/ressourcenundkonflikte\/wp-content\/uploads\/sites\/117\/2020\/06\/Podcast-Arbeitsauftrag-f\u00fcr-Sch\u00fclerinnen.pdf\" target=\"_blank\" rel=\"noreferrer noopener\">Podcast &#8211; Arbeitsauftrag f\u00fcr Sch\u00fcler*innen<\/a><\/div>\n\n\n\n<h2 class=\"wp-block-heading\">Mindmap<\/h2>\n\n\n\n<p>Die bekannte Mindmaps bietet den Sch\u00fcler*innen einen aussagekr\u00e4ftigen \u00dcberblick \u00fcber komplexe Thematiken.<br>Hier gelangen Sie zur Anleitung der Methode.<\/p>\n\n\n\n<div class=\"wp-block-button\"><a class=\"wp-block-button__link has-background has-cool-to-warm-spectrum-gradient-background\" href=\"https:\/\/wp.uni-koblenz.de\/ressourcenundkonflikte\/wp-content\/uploads\/sites\/117\/2020\/06\/Mindmap-Anleitung-der-Methode.pdf\" target=\"_blank\" rel=\"noreferrer noopener\">Mindmap &#8211; Anleitung der Methode<\/a><\/div>\n\n\n\n<h2 class=\"wp-block-heading\">Sendung mit der Maus<\/h2>\n\n\n\n<p>Die Erstellung eines Beitrages im Format &#8222;Sendung mit der Maus&#8220; bietet die Basis f\u00fcr selbstst\u00e4ndige Recherchen und dient der Zusammenfassung komplexer Sachverhalte in einfacher Sprache.<\/p>\n\n\n\n<div class=\"wp-block-button\"><a class=\"wp-block-button__link has-background\" href=\"https:\/\/wp.uni-koblenz.de\/ressourcenundkonflikte\/wp-content\/uploads\/sites\/117\/2020\/06\/Sendung-mit-der-Maus-Anleitung-der-Methode-.pdf\" style=\"background:linear-gradient(135deg,rgb(202,248,128) 0%,rgb(92,163,0) 49%,rgb(113,206,126) 100%)\" target=\"_blank\" rel=\"noreferrer noopener\">Sendung mit der Maus &#8211; Anleitung der Methode <\/a><\/div>\n\n\n\n<h2 class=\"wp-block-heading\">Karikatur <\/h2>\n\n\n\n<p>Die Analyse von Karikaturen erweitert den Blick f\u00fcr vielschichtige Probleme, sowie auch f\u00fcr L\u00f6sungen.<\/p>\n\n\n\n<div class=\"wp-block-button\"><a class=\"wp-block-button__link has-background has-blush-light-purple-gradient-background\" href=\"https:\/\/wp.uni-koblenz.de\/ressourcenundkonflikte\/wp-content\/uploads\/sites\/117\/2020\/06\/Karikatur-Anleitung-.pdf\" target=\"_blank\" rel=\"noreferrer noopener\">Karikatur &#8211; Anleitung der Methode <\/a><\/div>\n","protected":false},"excerpt":{"rendered":"<p>Hier finden Sie Anregungen und Methoden um die Themen in den digitalen Unterricht \u00fcbertragen zu k\u00f6nnen.<\/p>\n","protected":false},"author":11,"featured_media":60,"parent":0,"menu_order":0,"comment_status":"closed","ping_status":"open","template":"","meta":{"footnotes":""},"class_list":["post-29","page","type-page","status-publish","has-post-thumbnail","hentry"],"_links":{"self":[{"href":"https:\/\/wp.uni-koblenz.de\/ressourcenundkonflikte\/wp-json\/wp\/v2\/pages\/29","targetHints":{"allow":["GET"]}}],"collection":[{"href":"https:\/\/wp.uni-koblenz.de\/ressourcenundkonflikte\/wp-json\/wp\/v2\/pages"}],"about":[{"href":"https:\/\/wp.uni-koblenz.de\/ressourcenundkonflikte\/wp-json\/wp\/v2\/types\/page"}],"author":[{"embeddable":true,"href":"https:\/\/wp.uni-koblenz.de\/ressourcenundkonflikte\/wp-json\/wp\/v2\/users\/11"}],"replies":[{"embeddable":true,"href":"https:\/\/wp.uni-koblenz.de\/ressourcenundkonflikte\/wp-json\/wp\/v2\/comments?post=29"}],"version-history":[{"count":33,"href":"https:\/\/wp.uni-koblenz.de\/ressourcenundkonflikte\/wp-json\/wp\/v2\/pages\/29\/revisions"}],"predecessor-version":[{"id":1107,"href":"https:\/\/wp.uni-koblenz.de\/ressourcenundkonflikte\/wp-json\/wp\/v2\/pages\/29\/revisions\/1107"}],"wp:featuredmedia":[{"embeddable":true,"href":"https:\/\/wp.uni-koblenz.de\/ressourcenundkonflikte\/wp-json\/wp\/v2\/media\/60"}],"wp:attachment":[{"href":"https:\/\/wp.uni-koblenz.de\/ressourcenundkonflikte\/wp-json\/wp\/v2\/media?parent=29"}],"curies":[{"name":"wp","href":"https:\/\/api.w.org\/{rel}","templated":true}]}}