{"id":472,"date":"2020-04-27T09:22:29","date_gmt":"2020-04-27T07:22:29","guid":{"rendered":"https:\/\/wp.uni-koblenz.de\/ressourcenundkonflikte\/?page_id=472"},"modified":"2026-03-10T08:20:10","modified_gmt":"2026-03-10T07:20:10","slug":"coltanabbau-in-der-demokratischen-republik-kongo","status":"publish","type":"page","link":"https:\/\/wp.uni-koblenz.de\/ressourcenundkonflikte\/coltanabbau-in-der-demokratischen-republik-kongo\/","title":{"rendered":"Coltan in Kongo"},"content":{"rendered":"\n<div class=\"wp-block-cover has-background-dim\" style=\"background-image:url(https:\/\/wp.uni-koblenz.de\/ressourcenundkonflikte\/wp-content\/uploads\/sites\/117\/2020\/04\/drc-4357647_1920-1024x683.jpg)\"><div class=\"wp-block-cover__inner-container is-layout-flow wp-block-cover-is-layout-flow\">\n<p class=\"has-text-align-center has-large-font-size\">Coltanabbau in der Demokratischen Republik Kongo<\/p>\n<\/div><\/div>\n\n\n\n<p><\/p>\n\n\n\n<p><\/p>\n\n\n\n<p>In der Demokratischen Republik Kongo stellen Bodensch\u00e4tze einen bedeutenden Wirtschaftszweig dar, unter anderem durch den Abbau von Coltan. Steigende F\u00f6rdermengen und ein damit verbundenes Wirtschaftswachstum erreichen jedoch den Gro\u00dfteil der Bev\u00f6lkerung nicht. Diese bleibt weiterhin arm. Daher wird das Land h\u00e4ufig als Beispiel des Ressourcenfluchs angef\u00fchrt. Aufgrund dessen, dass die Regierung vornehmlich auf Export des Rohstoffs setzt, werden andere Industriezweige verdr\u00e4ngt und lediglich einige wenige Eliten profitieren vom Ressourcenreichtum des Landes. Der Ressourcenfluch beschreibt genau dieses Problem, das dazu f\u00fchrt, dass sich rohstoffreiche L\u00e4nder weniger schnell entwickeln. In der Demokratischen Republik Kongo ist diese Problematik bereits seit Jahrzehnten Konfliktursache, die auch gewaltsam ausgetragen wird. Die Sch\u00fcler*innen sollen beispielshaft erfahren, wie sich Ressourcenreichtum negativ auf die Bev\u00f6lkerung auswirken kann und werden zugleich angeregt ihr eigenes Konsumverhalten zu reflektieren, da Coltan ein wichtiger Bestandteil elektronischer Ger\u00e4te ist. Gr\u00fcnde f\u00fcr einen Entwicklungsr\u00fcckstand sollen von den Sch\u00fcler*innen als Ursachenkomplex verstanden und reflektiert werden k\u00f6nnen. Auch werden die Folgen des Entwicklungsr\u00fcckstand und der Rohstoffkonflikte in der Demokratischen Republik Kongo thematisiert. Besonders in den Blick genommen werden die Situation der ans\u00e4ssigen Bev\u00f6lkerung und die Auswirkungen auf die Umwelt. Ziel ist es, die Sch\u00fcler*innen zu bef\u00e4higen, den lokalen Coltanabbau auf seine Auswirkungen auf Mensch, Umwelt und Wirtschaft zu beurteilen. Methodisch steht eine Bewertungsmatrix im Vordergrund, die die Argumentationsf\u00e4higkeit der Sch\u00fcler*innen f\u00f6rdern soll.<\/p>\n\n\n\n<p><em>S. 60-70<\/em><\/p>\n\n\n\n<p><em>Autor*innen:<\/em> Ines Engelmann und Volker Wilhelmi<\/p>\n\n\n\n<p><em>Stundenumfang:<\/em> Geplant f\u00fcr eine Doppelstunde<\/p>\n\n\n\n<p><em>Relevanter Lehrplanbezug:<\/em><\/p>\n\n\n\n<ul class=\"wp-block-list\"><li>Leistungskurs Erdkunde Kurs 12\/1 und 12\/2: IV. &#8222;Die Raumwirksamkeit politischer Strukturen und Prozesse&#8220; 1.1.6. &#8222;L\u00e4nder &#8211; Entwicklungs- und Schwellenl\u00e4nder &#8211; Ein Beispiel aus Afrika&#8220;<\/li><li><span class=\"tadv-color\" style=\"color:#313131\">Leistungskurs Erdkunde Kurs 13: V. &#8222;Globale Herausforderungen&#8220; 1. &#8222;Globalisierung als Vernetzung der Welt&#8220; und 2. &#8222;Weltbev\u00f6lkerung, Verst\u00e4dterung, Migration&#8220;<\/span> und 4. &#8222;Politik im Zeitalter der Globalisierung&#8220;<\/li><li>Leistungskurs Geschichte Kurs 13: III. &#8222;Globale Krisen und Herausforderungen des 21. Jahrhunderts&#8220;<\/li><li>Grundkurs Geschichte Kurs 13: III. &#8222;Globale Krisen und Herausforderungen des 21. Jahrhunderts&#8220;<\/li><li>Leistungskurs Sozialkunde Kurs 11\/2 oder 13: VI. &#8222;Verflochtene Wirtschaft&#8220;<\/li><li>Leistungskurs Sozialkunde Kurs 11\/2: VII. &#8222;\u00d6konomie und \u00d6kologie&#8220;<\/li><li>Leistungskurs Sozialkunde Kurs 13: I. &#8222;Internationale Beziehungen&#8220;<\/li><li>Leistungskurs Sozialkunde Kurs 13: II. &#8222;Frieden und Sicherheit im 21. Jahrhundert&#8220;<\/li><li>Leistungskurs Sozialkunde Kurs 13: IV. &#8222;Weltprobleme&#8220;<\/li><li>Grundkurs Sozialkunde Kurs 11\/2: IV. &#8222;\u00d6konomie und \u00d6kologie&#8220;<\/li><li>Grundkurs Sozialkunde Kurs 13: I. &#8222;Globalisierung als Vernetzung der Welt&#8220;<\/li><li>Grundkurs Sozialkunde Kurs 13: II. &#8222;Weltbev\u00f6lkerung, Verst\u00e4dterung, Migration&#8220;<\/li><li>Grundkurs Sozialkunde Kurs 13: IV. &#8222;Politik im Zeitalter der Globalisierung&#8220;<\/li><\/ul>\n\n\n\n<h2 class=\"wp-block-heading\">Methoden f\u00fcr den Pr\u00e4senzunterricht<\/h2>\n\n\n\n<p>Wenn Sie diese Methode im Unterricht verwenden, spielen Sie mit Ihren Sch\u00fcler*innen Bingo im Stil von Buzzword Bingo. Durch den Wettkampfcharakter des Spiels steigert die Methode die Aufmerksamkeit der Sch\u00fcler*innen im Unterricht.<\/p>\n\n\n\n<p>Hier finden Sie eine allgemeine Anleitung zur Methode sowie ein bereits ausgearbeitetes Beispiel zum Coltanabbau in der Demokratischen Republik Kongo, das Sie im Unterricht verwenden k\u00f6nnen.<\/p>\n\n\n\n<div class=\"wp-block-buttons is-layout-flex wp-block-buttons-is-layout-flex\">\n<div class=\"wp-block-button\"><a class=\"wp-block-button__link has-text-color has-very-dark-gray-color has-background has-luminous-vivid-amber-to-luminous-vivid-orange-gradient-background\" href=\"https:\/\/wp.uni-koblenz.de\/ressourcenundkonflikte\/wp-content\/uploads\/sites\/117\/2020\/05\/Themenbezogenes-Bingo-Anleitung-Methode-1.pdf\" target=\"_blank\" rel=\"noreferrer noopener\">Themenbezogenes Bingo &#8211; Anleitung der Methode<\/a><\/div>\n<\/div>\n\n\n\n<div class=\"wp-block-group\"><div class=\"wp-block-group__inner-container is-layout-flow wp-block-group-is-layout-flow\">\n<div class=\"wp-block-buttons is-layout-flex wp-block-buttons-is-layout-flex\">\n<div class=\"wp-block-button\"><a class=\"wp-block-button__link has-text-color has-very-dark-gray-color has-background has-luminous-vivid-amber-to-luminous-vivid-orange-gradient-background\" href=\"https:\/\/wp.uni-koblenz.de\/ressourcenundkonflikte\/wp-content\/uploads\/sites\/117\/2020\/05\/Themenbezogenes-Bingo-Coltanabbau-Kongo.pdf\" target=\"_blank\" rel=\"noreferrer noopener\">Themenbezogenes Bingo &#8211; Coltanabbau in der DRK<\/a><\/div>\n<\/div>\n<\/div><\/div>\n\n\n\n<p>Weitere Pr\u00e4senzmethoden finden Sie <a href=\"https:\/\/wp.uni-koblenz.de\/ressourcenundkonflikte\/praesenzmethoden\/\">hier.<\/a><\/p>\n\n\n\n<h2 class=\"wp-block-heading\">Methoden f\u00fcr Homeschooling<\/h2>\n\n\n\n<p>Weitere Homeschoolingmethoden finden Sie <a href=\"https:\/\/wp.uni-koblenz.de\/ressourcenundkonflikte\/just-arrived\/\">hier.<\/a><\/p>\n\n\n\n<h2 class=\"wp-block-heading\">Text zum Coltanabbau in der DR Kongo<\/h2>\n\n\n\n<div class=\"wp-block-buttons is-layout-flex wp-block-buttons-is-layout-flex\">\n<div class=\"wp-block-button\"><a class=\"wp-block-button__link has-text-color has-very-dark-gray-color has-background\" href=\"https:\/\/sicherheitspolitik.bpb.de\/m4\/articles\/case-study-democratic-republic-of-the-congo\" style=\"background:radial-gradient(rgb(255,245,203) 0%,rgb(182,227,212) 50%,rgb(51,167,181) 100%)\" target=\"_blank\" rel=\"noreferrer noopener\">Text: DR Kongo &#8211; Rohstoffreichtum, Armut, Konflikte<\/a><\/div>\n<\/div>\n\n\n\n<p>Weitere Texte finden Sie <a href=\"https:\/\/wp.uni-koblenz.de\/ressourcenundkonflikte\/weiterfuehrende-texte\/\">hier.<\/a><\/p>\n\n\n\n<div class=\"wp-block-button\"><a class=\"wp-block-button__link has-text-color has-very-light-gray-color has-background has-vivid-cyan-blue-to-vivid-purple-gradient-background\" href=\"https:\/\/politische-bildung.rlp.de\/fileadmin\/files\/downloads\/Barth-Schimbold\/2020\/Aktuell_Sammelband-Ressourcen-Doppelseiten-27022020.pdf\" target=\"_blank\" rel=\"noreferrer noopener\">Hier geht&#8217;s zum kostenfreien Sammelband<\/a><\/div>\n","protected":false},"excerpt":{"rendered":"<p>In der Demokratischen Republik Kongo stellen Bodensch\u00e4tze einen bedeutenden Wirtschaftszweig dar, unter anderem durch den Abbau von Coltan. Steigende F\u00f6rdermengen und ein damit verbundenes Wirtschaftswachstum erreichen jedoch den Gro\u00dfteil der Bev\u00f6lkerung nicht. Diese bleibt weiterhin arm. Daher wird das Land<\/p>\n","protected":false},"author":11,"featured_media":0,"parent":0,"menu_order":0,"comment_status":"closed","ping_status":"closed","template":"","meta":{"footnotes":""},"class_list":["post-472","page","type-page","status-publish","hentry"],"_links":{"self":[{"href":"https:\/\/wp.uni-koblenz.de\/ressourcenundkonflikte\/wp-json\/wp\/v2\/pages\/472","targetHints":{"allow":["GET"]}}],"collection":[{"href":"https:\/\/wp.uni-koblenz.de\/ressourcenundkonflikte\/wp-json\/wp\/v2\/pages"}],"about":[{"href":"https:\/\/wp.uni-koblenz.de\/ressourcenundkonflikte\/wp-json\/wp\/v2\/types\/page"}],"author":[{"embeddable":true,"href":"https:\/\/wp.uni-koblenz.de\/ressourcenundkonflikte\/wp-json\/wp\/v2\/users\/11"}],"replies":[{"embeddable":true,"href":"https:\/\/wp.uni-koblenz.de\/ressourcenundkonflikte\/wp-json\/wp\/v2\/comments?post=472"}],"version-history":[{"count":28,"href":"https:\/\/wp.uni-koblenz.de\/ressourcenundkonflikte\/wp-json\/wp\/v2\/pages\/472\/revisions"}],"predecessor-version":[{"id":1090,"href":"https:\/\/wp.uni-koblenz.de\/ressourcenundkonflikte\/wp-json\/wp\/v2\/pages\/472\/revisions\/1090"}],"wp:attachment":[{"href":"https:\/\/wp.uni-koblenz.de\/ressourcenundkonflikte\/wp-json\/wp\/v2\/media?parent=472"}],"curies":[{"name":"wp","href":"https:\/\/api.w.org\/{rel}","templated":true}]}}