{"id":478,"date":"2020-04-27T09:23:21","date_gmt":"2020-04-27T07:23:21","guid":{"rendered":"https:\/\/wp.uni-koblenz.de\/ressourcenundkonflikte\/?page_id=478"},"modified":"2026-03-10T08:20:09","modified_gmt":"2026-03-10T07:20:09","slug":"seltene-erden-in-china","status":"publish","type":"page","link":"https:\/\/wp.uni-koblenz.de\/ressourcenundkonflikte\/seltene-erden-in-china\/","title":{"rendered":"Chinas seltene Erden"},"content":{"rendered":"\n<div class=\"wp-block-cover has-background-dim\" style=\"background-image:url(https:\/\/wp.uni-koblenz.de\/ressourcenundkonflikte\/wp-content\/uploads\/sites\/117\/2020\/04\/great-wall-3022907_1920-1024x682.jpg)\"><div class=\"wp-block-cover__inner-container is-layout-flow wp-block-cover-is-layout-flow\">\n<p class=\"has-text-align-center has-large-font-size\">Seltene Erden in China<\/p>\n<\/div><\/div>\n\n\n\n<p><\/p>\n\n\n\n<p><\/p>\n\n\n\n<p>Thematisch liegt der Schwerpunkt bei diesen Unterrichtsmaterialien auf Chinas Monopolstellung hinsichtlich Seltener Erden und den daraus entstehenden Konfliktpotenzialen. China ist aktuell Marktf\u00fchrer im Abbau Seltener Erden, die unabdingbar zur Herstellung vieler Schl\u00fcsseltechnologien sind. Der Bedarf an diesem kostbaren Rohstoff ist steigend, bei gleichzeitig limitierten Ressourcen und ungleicher Verteilung des Rohstoffes. Durch ein starkes Wirtschaftswachstum ist China heute der gr\u00f6\u00dfte Verbraucher seiner Rohstoffe, wodurch die Exporte des Rohstoffs sanken. Aufgrund dessen stiegen die Preise f\u00fcr technische Ger\u00e4tschaften, was ebenfalls ein gewisses Konfliktpotenzial birgt. Sch\u00fcler*innen werden dazu angeregt sich mit den Themenkomplexen \u201eRessourcen als Konfliktpotenzial\u201c, \u201eStrategische Ressourcen\u201c und \u201eVerbrauch und Vorkommen von Ressourcen\u201c rund um die Seltenen Erden in China auseinanderzusetzen. Dabei steht die Fragestellung im Vordergrund welchen globalen Einfluss China auf den Markt der Seltenen Erden hat. \u00d6kologische und soziale Aspekte des Abbaus der Seltenen Erden werden ebenfalls betrachtet. Hier wird auch der Lebensweltbezug der Sch\u00fcler*innen hinsichtlich ihres Konsums technischer Ger\u00e4te hergestellt. Ziel ist es, das Interesse der Sch\u00fcler*innen f\u00fcr globale Machtverteilung durch Ressourcen zu wecken und komplexe und kritische Bearbeitung globaler Prozesse und Verantwortungs\u00fcbernahme. Dies erfolgt hier zun\u00e4chst \u00fcber Einzelarbeit der Sch\u00fcler*innen mit Arbeitsmaterialien und anschlie\u00dfender Diskussion in der Gro\u00dfgruppe mit Sicherung der Ergebnisse in einer Mindmap.<\/p>\n\n\n\n<p><em>S. 132-144<\/em><\/p>\n\n\n\n<p><em>Autor*innen<\/em>: Lisa Glaser und Volker Wilhelmi<\/p>\n\n\n\n<p><em>Stundenumfang:<\/em> Geplant f\u00fcr eine Unterrichtsstunde<\/p>\n\n\n\n<p><em>Relevanter Lehrplanbezug:<\/em><\/p>\n\n\n\n<ul class=\"wp-block-list\"><li>Leistungskurs Erdkunde Kurs 11\/1 und 11\/2: II. \u201eDie Raumbezogenheit wirtschaftlicher Strukturen und Prozesse\u201c 2. \u201eThemen aus der Industriegeographie\u201c 1. \u201eRaumbedingtheit und Raumwirksamkeit von Industrie\u201c<\/li><li>Leistungskurs Erdkunde Kurs 12\/1 und 12\/2: IV. \u201eDie Raumwirksamkeit politischer Strukturen und Prozesse\u201c 1.1.5. \u201eL\u00e4nder \u2013 Entwicklungs- und Schwellenl\u00e4nder \u2013 Ein Beispiel aus Asien\u201c<\/li><li>Leistungskurs Erdkunde Kurs 13: V. \u201eGlobale Herausforderungen\u201c 1. \u201eGlobalisierung als Vernetzung der Welt\u201c<\/li><li>Leistungskurs Erdkunde Kurs 13: V. \u201eGlobale Herausforderungen\u201c 2. \u201eWeltbev\u00f6lkerung, Verst\u00e4dterung, Migration\u201c<\/li><li>Leistungskurs Erdkunde Kurs 13: V. \u201eGlobale Herausforderungen\u201c 4. \u201ePolitik im Zeitalter der Globalisierung\u201c<\/li><li>Grundkurs Erdkunde Kurs 12\/2: II. \u201eWirtschaftsr\u00e4ume\u201c 2. \u201eWirtschaftliche Strukturen ausgew\u00e4hlter Staaten\u201c<\/li><li>Leistungskurs Geschichte Kurs 13: \u00dcbergreifendes Thema \u201eChina: Macht der Zukunft?\u201c<\/li><li>Grundkurs Geschichte Kurs 13: III. \u201eGlobale Krisen und Herausforderungen des 21. Jahrhunderts\u201c Inhaltsaspekt \u201eChina: Macht der Zukunft?\u201c<\/li><li>Leistungskurs Sozialkunde Kurs 13: I. \u201eInternationale Beziehungen im Umbruch\u201c<\/li><li>Leistungskurs Sozialkunde Kurs 13: IV. \u201eWeltprobleme\u201c<\/li><li>Grundkurs Sozialkunde Kurs 13: II. \u201eWeltbev\u00f6lkerung, Verst\u00e4dterung, Migration\u201c<\/li><\/ul>\n\n\n\n<h2 class=\"wp-block-heading\">Methoden f\u00fcr den Pr\u00e4senzunterricht<\/h2>\n\n\n\n<p>Weitere Pr\u00e4senzmethoden finden Sie <a href=\"https:\/\/wp.uni-koblenz.de\/ressourcenundkonflikte\/praesenzmethoden\/\">hier.<\/a><\/p>\n\n\n\n<h2 class=\"wp-block-heading\">Methoden f\u00fcr Homeschooling<\/h2>\n\n\n\n<p>Weitere Homeschoolingmethoden finden Sie <a href=\"https:\/\/wp.uni-koblenz.de\/ressourcenundkonflikte\/just-arrived\/\">hier.<\/a><\/p>\n\n\n\n<div class=\"wp-block-button\"><a class=\"wp-block-button__link has-text-color has-very-light-gray-color has-background has-vivid-cyan-blue-to-vivid-purple-gradient-background\" href=\"https:\/\/politische-bildung.rlp.de\/fileadmin\/files\/downloads\/Barth-Schimbold\/2020\/Aktuell_Sammelband-Ressourcen-Doppelseiten-27022020.pdf\" target=\"_blank\" rel=\"noreferrer noopener\">Hier geht&#8217;s zum kostenfreien Sammelband<\/a><\/div>\n","protected":false},"excerpt":{"rendered":"<p>Thematisch liegt der Schwerpunkt bei diesen Unterrichtsmaterialien auf Chinas Monopolstellung hinsichtlich Seltener Erden und den daraus entstehenden Konfliktpotenzialen. China ist aktuell Marktf\u00fchrer im Abbau Seltener Erden, die unabdingbar zur Herstellung vieler Schl\u00fcsseltechnologien sind. Der Bedarf an diesem kostbaren Rohstoff ist<\/p>\n","protected":false},"author":11,"featured_media":514,"parent":0,"menu_order":0,"comment_status":"closed","ping_status":"closed","template":"","meta":{"footnotes":""},"class_list":["post-478","page","type-page","status-publish","has-post-thumbnail","hentry"],"_links":{"self":[{"href":"https:\/\/wp.uni-koblenz.de\/ressourcenundkonflikte\/wp-json\/wp\/v2\/pages\/478","targetHints":{"allow":["GET"]}}],"collection":[{"href":"https:\/\/wp.uni-koblenz.de\/ressourcenundkonflikte\/wp-json\/wp\/v2\/pages"}],"about":[{"href":"https:\/\/wp.uni-koblenz.de\/ressourcenundkonflikte\/wp-json\/wp\/v2\/types\/page"}],"author":[{"embeddable":true,"href":"https:\/\/wp.uni-koblenz.de\/ressourcenundkonflikte\/wp-json\/wp\/v2\/users\/11"}],"replies":[{"embeddable":true,"href":"https:\/\/wp.uni-koblenz.de\/ressourcenundkonflikte\/wp-json\/wp\/v2\/comments?post=478"}],"version-history":[{"count":8,"href":"https:\/\/wp.uni-koblenz.de\/ressourcenundkonflikte\/wp-json\/wp\/v2\/pages\/478\/revisions"}],"predecessor-version":[{"id":1033,"href":"https:\/\/wp.uni-koblenz.de\/ressourcenundkonflikte\/wp-json\/wp\/v2\/pages\/478\/revisions\/1033"}],"wp:featuredmedia":[{"embeddable":true,"href":"https:\/\/wp.uni-koblenz.de\/ressourcenundkonflikte\/wp-json\/wp\/v2\/media\/514"}],"wp:attachment":[{"href":"https:\/\/wp.uni-koblenz.de\/ressourcenundkonflikte\/wp-json\/wp\/v2\/media?parent=478"}],"curies":[{"name":"wp","href":"https:\/\/api.w.org\/{rel}","templated":true}]}}