{"id":480,"date":"2020-04-27T09:23:39","date_gmt":"2020-04-27T07:23:39","guid":{"rendered":"https:\/\/wp.uni-koblenz.de\/ressourcenundkonflikte\/?page_id=480"},"modified":"2026-03-10T08:20:11","modified_gmt":"2026-03-10T07:20:11","slug":"illegaler-goldabbau-in-peru-und-dessen-folgen-fuer-mensch-und-umwelt","status":"publish","type":"page","link":"https:\/\/wp.uni-koblenz.de\/ressourcenundkonflikte\/illegaler-goldabbau-in-peru-und-dessen-folgen-fuer-mensch-und-umwelt\/","title":{"rendered":"Goldabbau in Peru"},"content":{"rendered":"\n<div class=\"wp-block-group\"><div class=\"wp-block-group__inner-container is-layout-flow wp-block-group-is-layout-flow\">\n<div class=\"wp-block-cover has-background-dim\" style=\"background-image:url(https:\/\/wp.uni-koblenz.de\/ressourcenundkonflikte\/wp-content\/uploads\/sites\/117\/2020\/04\/vault-4320554_1920-1.jpg)\"><div class=\"wp-block-cover__inner-container is-layout-flow wp-block-cover-is-layout-flow\">\n<p class=\"has-text-align-center has-large-font-size\">Illegaler Goldabbau in Peru und dessen Folgen f\u00fcr Mensch und Umwelt<\/p>\n<\/div><\/div>\n\n\n\n<p><\/p>\n\n\n\n<p><\/p>\n\n\n\n<p>Der Fokus dieser Unterrichtseinheit liegt auf dem Goldabbau und den Folgen f\u00fcr Mensch und Umwelt in Peru. Das Land stellt einen der gr\u00f6\u00dften Goldproduzenten dar. Der Rohstoff Gold wird als W\u00e4hrung, in der Medizin, f\u00fcr die Herstellung von Schmuck und Elektronik ben\u00f6tigt. In einigen Teilen Perus stieg die Lebensqualit\u00e4t der Bev\u00f6lkerung aufgrund des wirtschaftlichen Aufschwungs durch die Gewinne aus dem Goldabbau. In l\u00e4ndlichen Regionen ist jedoch Armut weiterhin verbreitet. Der Goldabbau geschieht zum gro\u00dfen Teil \u00fcber illegalen Abbau, der f\u00fcr die Umwelt und die Bev\u00f6lkerung besonders sch\u00e4dlich ist. Entwaldung und Rodung des Regenwalds, Wasser- und Luftverschmutzung haben besonders schlimme \u00f6kologische Folgen auf die Tier- und Pflanzenwelt. Die Bev\u00f6lkerung leidet unter der erh\u00f6hten Quecksilberbelastung durch den Goldabbau, die gesundheitlich bedrohliche Folgen haben kann. Ziel der Unterrichtseinheit ist, dass Sch\u00fcler*innen die Auswirkungen des illegalen Goldabbaus auf Mensch und Umwelt darstellen und begr\u00fcndet Stellung beziehen k\u00f6nnen. Die Erarbeitung erfolgt \u00fcber Gruppenarbeit mit anschlie\u00dfender Sicherung durch ein Tafelbild.<\/p>\n<\/div><\/div>\n\n\n\n<p><em>S. 146-168<\/em><\/p>\n\n\n\n<p><em>Autor*innen: <\/em>Christina Emmel und Volker Wilhelmi<\/p>\n\n\n\n<p><em>Stundenumfang:<\/em> Geplant f\u00fcr eine Unterrichtsstunde<\/p>\n\n\n\n<div class=\"wp-block-group\"><div class=\"wp-block-group__inner-container is-layout-flow wp-block-group-is-layout-flow\">\n<div class=\"wp-block-group alignwide\"><div class=\"wp-block-group__inner-container is-layout-flow wp-block-group-is-layout-flow\">\n<div class=\"wp-block-group\"><div class=\"wp-block-group__inner-container is-layout-flow wp-block-group-is-layout-flow\">\n<p><\/p>\n<\/div><\/div>\n<\/div><\/div>\n<\/div><\/div>\n\n\n\n<div class=\"wp-block-group\"><div class=\"wp-block-group__inner-container is-layout-flow wp-block-group-is-layout-flow\">\n<p><em>Relevanter Lehrplanbezug:<\/em><\/p>\n\n\n\n<p>Erdkunde:&nbsp;<\/p>\n<\/div><\/div>\n\n\n\n<div class=\"wp-block-group\"><div class=\"wp-block-group__inner-container is-layout-flow wp-block-group-is-layout-flow\">\n<ul class=\"wp-block-list\"><li>Leistungsfach Erdkunde Kurs 11\/ 1 und 11\/2 II. \u201eThemen aus der Agrargeographie\u201c und \u201eThemen aus der Industriegeographie\u201c<\/li><li>Leistungskurs Erdkunde Kurs 12\/1 und 12\/2: IV. \u201eDie Raumwirksamkeit politischer Strukturen und Prozesse\u201c 1.1.4. \u201eL\u00e4nder \u2013 Entwicklungs- und Schwellenl\u00e4nder \u2013 Ein Beispiel aus Lateinamerika\u201c<\/li><li>Leistungsfach Erdkunde Kurs 13: \u201eGlobale Herausforderungen\u201c&nbsp;<\/li><\/ul>\n<\/div><\/div>\n\n\n\n<p>Geschichte:&nbsp;<\/p>\n\n\n\n<ul class=\"wp-block-list\"><li>Leistungsfach Geschichte: \u201eTechnik und Umwelt\u201c&nbsp;<\/li><li>Grundkurs Geschichte Kurs 13: III. \u201eGlobale Krisen und Herausforderungen des 21. Jahrhunderts\u201c<\/li><\/ul>\n\n\n\n<p>Sozialkunde:&nbsp;<\/p>\n\n\n\n<ul class=\"wp-block-list\"><li>Leistungsfach Sozialkunde Kurs 11\/2: VII. \u00d6konomie und \u00d6kologie \u201eUmweltpolitik\u201c<\/li><li>Leistungsfach Sozialkunde Kurs 13: I. \u201eGlobale Risiken und Herausforderungen \u2013 Wandel in der internationalen Politik\u201c&nbsp;<\/li><li>Leistungsfach Sozialkunde Kurs 13: IV. \u201eWeltprobleme\u201c<\/li><\/ul>\n\n\n\n<p>Erdkunde\/ Sozialkunde:&nbsp;<\/p>\n\n\n\n<ul class=\"wp-block-list\"><li>Grundkurs Erdkunde\/ Sozialkunde Kurs 11\/1 und 11\/2: IV. \u201e\u00d6konomie und \u00d6kologie\u201c<\/li><li>Grundkurs Erdkunde\/ Sozialkunde Kurs 12\/1 und 12\/2: II. \u201eWirtschaftsr\u00e4ume \u2013 \u00dcberblick und R\u00e4ume mit Entwicklungsr\u00fcckstand\u201c<\/li><li>Grundkurs Erdkunde\/ Sozialkunde Kurs 13: II. \u201eWeltbev\u00f6lkerung, Verst\u00e4dterung, Migration\u201c<\/li><\/ul>\n\n\n\n<h2 class=\"wp-block-heading\">Methoden f\u00fcr den Pr\u00e4senzunterricht<\/h2>\n\n\n\n<p>Weiter Pr\u00e4senzmethoden finden Sie <a href=\"https:\/\/wp.uni-koblenz.de\/ressourcenundkonflikte\/praesenzmethoden\/\">hier.<\/a><\/p>\n\n\n\n<h2 class=\"wp-block-heading\">Methoden f\u00fcr Homeschooling<\/h2>\n\n\n\n<p>Die Methode S.E.E. the links bef\u00f6rdert das Erkennen von Zusammenh\u00e4ngen der Bereiche Gesellschaft, Umwelt und Wirtschaft der Sch\u00fcler*innen. Die Sch\u00fcler*innen erw\u00fcrfeln sich Werte der drei Bereiche und \u00fcberlegen dann, was diese miteinander hinsichtlich der gew\u00e4hlten Thematik verbindet.<\/p>\n\n\n\n<p>Hier finden Sie eine allgemeine Anleitung der Methode f\u00fcr Sie, ein ausgearbeitetes Arbeitsblatt zum Thema Goldabbau in Peru zum Versenden an Ihre Sch\u00fcler und eine beispielhafte Musterl\u00f6sung des Arbeitsblatts.<\/p>\n\n\n\n<div class=\"wp-block-buttons is-layout-flex wp-block-buttons-is-layout-flex\">\n<div class=\"wp-block-button\"><a class=\"wp-block-button__link has-text-color has-very-dark-gray-color has-background has-pale-ocean-gradient-background\" href=\"https:\/\/wp.uni-koblenz.de\/ressourcenundkonflikte\/wp-content\/uploads\/sites\/117\/2020\/05\/S.E.E.-the-links-Anleitung-der-Methode.pdf\" target=\"_blank\" rel=\"noreferrer noopener\">S.E.E. the links &#8211; Anleitung der Methode<\/a><\/div>\n\n\n\n<div class=\"wp-block-button\"><a class=\"wp-block-button__link has-text-color has-very-dark-gray-color has-background has-pale-ocean-gradient-background\" href=\"https:\/\/wp.uni-koblenz.de\/ressourcenundkonflikte\/wp-content\/uploads\/sites\/117\/2020\/06\/Arbeitsblatt-S.E.E.-the-links-Goldabbau-in-Peru.pdf\" target=\"_blank\" rel=\"noreferrer noopener\">S.E.E. the links &#8211; Arbeitsblatt Goldabbau in Peru<\/a><\/div>\n\n\n\n<div class=\"wp-block-button\"><a class=\"wp-block-button__link has-text-color has-very-dark-gray-color has-background has-pale-ocean-gradient-background\" href=\"https:\/\/wp.uni-koblenz.de\/ressourcenundkonflikte\/wp-content\/uploads\/sites\/117\/2020\/06\/Arbeitsblatt-S.E.E.-the-links-Musterl\u00f6sung-Beispiel.pdf\" target=\"_blank\" rel=\"noreferrer noopener\">S.E.E. the links &#8211; Musterl\u00f6sung Beispiel<\/a><\/div>\n<\/div>\n\n\n\n<p>Weitere Homeschoolingmethoden finden Sie <a href=\"https:\/\/wp.uni-koblenz.de\/ressourcenundkonflikte\/just-arrived\/\">hier<\/a>.<\/p>\n\n\n\n<div class=\"wp-block-button\"><a class=\"wp-block-button__link has-text-color has-very-light-gray-color has-background has-vivid-cyan-blue-to-vivid-purple-gradient-background\" href=\"https:\/\/politische-bildung.rlp.de\/fileadmin\/files\/downloads\/Barth-Schimbold\/2020\/Aktuell_Sammelband-Ressourcen-Doppelseiten-27022020.pdf\" target=\"_blank\" rel=\"noreferrer noopener\">Hier geht&#8217;s zum kostenfreien Sammelband<\/a><\/div>\n","protected":false},"excerpt":{"rendered":"<p>Der Fokus dieser Unterrichtseinheit liegt auf dem Goldabbau und den Folgen f\u00fcr Mensch und Umwelt in Peru. Das Land stellt einen der gr\u00f6\u00dften Goldproduzenten dar. Der Rohstoff Gold wird als W\u00e4hrung, in der Medizin, f\u00fcr die Herstellung von Schmuck und<\/p>\n","protected":false},"author":11,"featured_media":510,"parent":0,"menu_order":0,"comment_status":"closed","ping_status":"closed","template":"","meta":{"footnotes":""},"class_list":["post-480","page","type-page","status-publish","has-post-thumbnail","hentry"],"_links":{"self":[{"href":"https:\/\/wp.uni-koblenz.de\/ressourcenundkonflikte\/wp-json\/wp\/v2\/pages\/480","targetHints":{"allow":["GET"]}}],"collection":[{"href":"https:\/\/wp.uni-koblenz.de\/ressourcenundkonflikte\/wp-json\/wp\/v2\/pages"}],"about":[{"href":"https:\/\/wp.uni-koblenz.de\/ressourcenundkonflikte\/wp-json\/wp\/v2\/types\/page"}],"author":[{"embeddable":true,"href":"https:\/\/wp.uni-koblenz.de\/ressourcenundkonflikte\/wp-json\/wp\/v2\/users\/11"}],"replies":[{"embeddable":true,"href":"https:\/\/wp.uni-koblenz.de\/ressourcenundkonflikte\/wp-json\/wp\/v2\/comments?post=480"}],"version-history":[{"count":23,"href":"https:\/\/wp.uni-koblenz.de\/ressourcenundkonflikte\/wp-json\/wp\/v2\/pages\/480\/revisions"}],"predecessor-version":[{"id":1034,"href":"https:\/\/wp.uni-koblenz.de\/ressourcenundkonflikte\/wp-json\/wp\/v2\/pages\/480\/revisions\/1034"}],"wp:featuredmedia":[{"embeddable":true,"href":"https:\/\/wp.uni-koblenz.de\/ressourcenundkonflikte\/wp-json\/wp\/v2\/media\/510"}],"wp:attachment":[{"href":"https:\/\/wp.uni-koblenz.de\/ressourcenundkonflikte\/wp-json\/wp\/v2\/media?parent=480"}],"curies":[{"name":"wp","href":"https:\/\/api.w.org\/{rel}","templated":true}]}}