{"id":725,"date":"2020-05-12T23:18:32","date_gmt":"2020-05-12T21:18:32","guid":{"rendered":"https:\/\/wp.uni-koblenz.de\/ressourcenundkonflikte\/?page_id=725"},"modified":"2026-03-10T08:22:04","modified_gmt":"2026-03-10T07:22:04","slug":"methoden","status":"publish","type":"page","link":"https:\/\/wp.uni-koblenz.de\/ressourcenundkonflikte\/methoden\/","title":{"rendered":"Unterrichtsmaterialien"},"content":{"rendered":"\n<div class=\"wp-block-cover has-background-dim\" style=\"background-image:url(https:\/\/wp.uni-koblenz.de\/ressourcenundkonflikte\/wp-content\/uploads\/sites\/117\/2020\/05\/school-book-1560339_1920-1024x683.jpg)\"><div class=\"wp-block-cover__inner-container is-layout-flow wp-block-cover-is-layout-flow\">\n<p class=\"has-text-align-center has-large-font-size\">Unterrichtsmaterialien<\/p>\n<\/div><\/div>\n\n\n\n<p><\/p>\n\n\n\n<p><\/p>\n\n\n\n<p><\/p>\n\n\n\n<p>Auf den folgenden Seiten finden Sie weitere Materialien und Methoden f\u00fcr Ihren Pr\u00e4senzunterricht oder das Homeschooling. Ebenfalls bieten Ihnen weiterf\u00fchrende Inhalte die M\u00f6glichkeit, tiefer in die verschiedenen Thematiken einzutauchen. <\/p>\n\n\n\n<p>Untenstehend m\u00f6gliche Ankn\u00fcpfungspunkte zum Lehrplan:<\/p>\n\n\n\n<p><\/p>\n\n\n\n<ul class=\"wp-block-list\"><li>Grundkurs Geschichte: Kurs 13: TT1 \u201cInternationale Beziehungen im Umbruch\u201d und TT3 \u201cGlobale Krisen und Herausforderungen des 21. Jahrhunderts\u201d<\/li><\/ul>\n\n\n\n<p><\/p>\n\n\n\n<ul class=\"wp-block-list\"><li>Grundkurs Sozialkunde\/Erdkunde: Kurs 11\/2: TT4 \u201c\u00d6konomie und \u00d6kologie\u201d, Kurs 12\/1 und 12\/2: TT2 \u201cWirtschaftsr\u00e4ume\u201d, Kurs 13: TT1 \u201cGlobalisierung als Vernetzung der Welt\u201d und TT3 \u201cWeltprobleme Nahrung, Energie, Klima\u201d<\/li><\/ul>\n\n\n\n<p><\/p>\n\n\n\n<ul class=\"wp-block-list\"><li>Leistungskurs Geschichte: Kurs 13: Pflichtbereich: TT1 \u201cInternationale Beziehungen im Umbruch\u201d und TT3 \u201cGlobale Krisen und Herausforderungen des 21. Jahrhunderts\u201d und Wahlpflichtbereich: \u201cKrisen und Konflikte\u201d; \u201cTechnik und Umwelt\u201d und \u201cChina: Macht der Zukunft?\u201d<\/li><\/ul>\n\n\n\n<p><\/p>\n\n\n\n<ul class=\"wp-block-list\"><li>Leistungskurs Sozialkunde: Kurs 11\/2 bzw 13: TT6 \u201cVerflochtene Wirtschaft\u201d &#8211; \u201cWirtschaftspolitik in Zeiten der Globalisierung\u201d und TT7 \u201c\u00d6konomie und \u00d6kologie\u201d, Kurs 13: TT1 \u201cInternationale Beziehungen\u201d und TT4 \u201cWeltprobleme\u201d<\/li><\/ul>\n\n\n\n<p><\/p>\n\n\n\n<ul class=\"wp-block-list\"><li>Leistungskurs Erdkunde: Kurs 12\/2 TT4.1 \u201cDie Raumwirksamkeit politischer Strukturen und Prozesse\u201d &#8211; \u201cL\u00e4nder &#8211; Entwicklungs- und Schwellenl\u00e4nder\u201d, Kurs 13: TT5 \u201cGlobale Herausforderungen&#8220;<\/li><\/ul>\n\n\n\n<div class=\"wp-block-button\"><a class=\"wp-block-button__link has-text-color has-very-light-gray-color has-background has-vivid-cyan-blue-to-vivid-purple-gradient-background\" href=\"http:\/\/gymnasium.bildung-rp.de\/fileadmin\/user_upload\/gymnasium.bildung-rp.de\/downloads\/Lehrplananpassung_gesellschaftswissenschaftliches_Aufgabenfeld_S_II_Druck.pdf\" target=\"_blank\" rel=\"noreferrer noopener\">Hier finden Sie den Lehrplan Sekundarstufe II &#8211; Gesellschaftswissenschaftliches Aufgabenfeld<\/a><\/div>\n","protected":false},"excerpt":{"rendered":"<p>Auf den folgenden Seiten finden Sie weitere Materialien und Methoden f\u00fcr Ihren Pr\u00e4senzunterricht oder das Homeschooling. Ebenfalls bieten Ihnen weiterf\u00fchrende Inhalte die M\u00f6glichkeit, tiefer in die verschiedenen Thematiken einzutauchen. Untenstehend m\u00f6gliche Ankn\u00fcpfungspunkte zum Lehrplan: Grundkurs Geschichte: Kurs 13: TT1 \u201cInternationale<\/p>\n","protected":false},"author":11,"featured_media":0,"parent":0,"menu_order":0,"comment_status":"closed","ping_status":"closed","template":"","meta":{"footnotes":""},"class_list":["post-725","page","type-page","status-publish","hentry"],"_links":{"self":[{"href":"https:\/\/wp.uni-koblenz.de\/ressourcenundkonflikte\/wp-json\/wp\/v2\/pages\/725","targetHints":{"allow":["GET"]}}],"collection":[{"href":"https:\/\/wp.uni-koblenz.de\/ressourcenundkonflikte\/wp-json\/wp\/v2\/pages"}],"about":[{"href":"https:\/\/wp.uni-koblenz.de\/ressourcenundkonflikte\/wp-json\/wp\/v2\/types\/page"}],"author":[{"embeddable":true,"href":"https:\/\/wp.uni-koblenz.de\/ressourcenundkonflikte\/wp-json\/wp\/v2\/users\/11"}],"replies":[{"embeddable":true,"href":"https:\/\/wp.uni-koblenz.de\/ressourcenundkonflikte\/wp-json\/wp\/v2\/comments?post=725"}],"version-history":[{"count":13,"href":"https:\/\/wp.uni-koblenz.de\/ressourcenundkonflikte\/wp-json\/wp\/v2\/pages\/725\/revisions"}],"predecessor-version":[{"id":930,"href":"https:\/\/wp.uni-koblenz.de\/ressourcenundkonflikte\/wp-json\/wp\/v2\/pages\/725\/revisions\/930"}],"wp:attachment":[{"href":"https:\/\/wp.uni-koblenz.de\/ressourcenundkonflikte\/wp-json\/wp\/v2\/media?parent=725"}],"curies":[{"name":"wp","href":"https:\/\/api.w.org\/{rel}","templated":true}]}}