{"id":727,"date":"2020-05-12T23:18:53","date_gmt":"2020-05-12T21:18:53","guid":{"rendered":"https:\/\/wp.uni-koblenz.de\/ressourcenundkonflikte\/?page_id=727"},"modified":"2026-03-10T08:21:58","modified_gmt":"2026-03-10T07:21:58","slug":"praesenzmethoden","status":"publish","type":"page","link":"https:\/\/wp.uni-koblenz.de\/ressourcenundkonflikte\/praesenzmethoden\/","title":{"rendered":"Pr\u00e4senzmethoden"},"content":{"rendered":"\n<h2 class=\"wp-block-heading\">Themenbezogenes Bingo<\/h2>\n\n\n\n<p>Wenn Sie diese Methode im Unterricht verwenden, spielen Sie mit Ihren Sch\u00fcler*innen Bingo im Stil von Buzzword Bingo. Durch den Wettkampfcharakter des Spiels steigert die Methode die Aufmerksamkeit der Sch\u00fcler*innen im Unterricht.<\/p>\n\n\n\n<p>Hier finden Sie eine allgemeine Anleitung zur Methode sowie ein bereits ausgearbeitetes Beispiel zum Coltanabbau in der Demokratischen Republik Kongo, das Sie im Unterricht verwenden k\u00f6nnen.<\/p>\n\n\n\n<div class=\"wp-block-buttons is-layout-flex wp-block-buttons-is-layout-flex\">\n<div class=\"wp-block-button\"><a class=\"wp-block-button__link has-text-color has-very-dark-gray-color has-background has-luminous-vivid-amber-to-luminous-vivid-orange-gradient-background\" href=\"https:\/\/wp.uni-koblenz.de\/ressourcenundkonflikte\/wp-content\/uploads\/sites\/117\/2020\/05\/Themenbezogenes-Bingo-Anleitung-Methode-1.pdf\" target=\"_blank\" rel=\"noreferrer noopener\">Themenbezogenes Bingo &#8211; Anleitung der Methode<\/a><\/div>\n\n\n\n<div class=\"wp-block-button\"><a class=\"wp-block-button__link has-text-color has-very-dark-gray-color has-background has-luminous-vivid-amber-to-luminous-vivid-orange-gradient-background\" href=\"https:\/\/wp.uni-koblenz.de\/ressourcenundkonflikte\/wp-content\/uploads\/sites\/117\/2020\/05\/Themenbezogenes-Bingo-Coltanabbau-Kongo.pdf\" target=\"_blank\" rel=\"noreferrer noopener\">Themenbezogenes Bingo &#8211; Coltanabbau in der DRK<\/a><\/div>\n<\/div>\n\n\n\n<h2 class=\"wp-block-heading\">Zwei L\u00fcgen, eine Wahrheit<\/h2>\n\n\n\n<p>Die Methode Zwei L\u00fcgen, eine Wahrheit l\u00e4sst Ihre Sch\u00fcler*innen durch das Erfinden von zwei L\u00fcgen und das Benennen eines im Text stehenden Fakts kreativ werden. Die Sch\u00fcler*innen sind motiviert den Text zu verstehen, um Mitsch\u00fcler*innen raten zu lassen.<\/p>\n\n\n\n<p>Hier finden Sie eine generalisierte Anleitung der Methode f\u00fcr Ihren Unterricht.<\/p>\n\n\n\n<div class=\"wp-block-buttons is-layout-flex wp-block-buttons-is-layout-flex\">\n<div class=\"wp-block-button\"><a class=\"wp-block-button__link has-text-color has-very-dark-gray-color has-background has-very-light-gray-background-color\" href=\"https:\/\/wp.uni-koblenz.de\/ressourcenundkonflikte\/wp-content\/uploads\/sites\/117\/2020\/06\/Zwei-L\u00fcgen-eine-Wahrheit-Anleitung-der-Methode-.pdf\" target=\"_blank\" rel=\"noreferrer noopener\">Zwei L\u00fcgen, eine Wahrheit &#8211; Anleitung der Methode<\/a><\/div>\n<\/div>\n\n\n\n<h2 class=\"wp-block-heading\">Methode Glasgow \/ Storyline<\/h2>\n\n\n\n<p>Die Methode Glasgow oder auch Storyline genannt, schafft durch ihren Projektcharakter und besonders gro\u00dfe Eigenverantwortung und Teamarbeit der Sch\u00fcler*innen ein au\u00dfergew\u00f6hnliches Lernerlebnis.<\/p>\n\n\n\n<p>Sie finden an dieser Stelle die generalisierte Anleitung f\u00fcr diese Methode f\u00fcr Ihren Pr\u00e4senzunterricht.<\/p>\n\n\n\n<div class=\"wp-block-buttons is-layout-flex wp-block-buttons-is-layout-flex\">\n<div class=\"wp-block-button\"><a class=\"wp-block-button__link has-text-color has-very-dark-gray-color has-background has-light-green-cyan-to-vivid-green-cyan-gradient-background\" href=\"https:\/\/wp.uni-koblenz.de\/ressourcenundkonflikte\/wp-content\/uploads\/sites\/117\/2020\/06\/Storyline-auch-Methode-Glasgow-Anleitung-der-Methode-.pdf\" target=\"_blank\" rel=\"noreferrer noopener\">Methode Glasgow \/ Storyline &#8211; Anleitung der Methode<\/a><\/div>\n<\/div>\n\n\n\n<h2 class=\"wp-block-heading\">Sechs Denkh\u00fcte nach de Bono<\/h2>\n\n\n\n<p>Durch die sechs Denkh\u00fcte nach de Bono betrachten die Sch\u00fcler*innen ein Thema unter sechs verschiedenen Blickwinkel. Diese Methode f\u00f6rdert das Verst\u00e4ndnis komplexer Zusammenh\u00e4nge und die Erarbeitung neuer L\u00f6sungsans\u00e4tze.<\/p>\n\n\n\n<p>Durch Klick auf den Button gelangen Sie zum PDF-Format der generalisierten Anleitung der Methode.<\/p>\n\n\n\n<div class=\"wp-block-buttons is-layout-flex wp-block-buttons-is-layout-flex\">\n<div class=\"wp-block-button\"><a class=\"wp-block-button__link has-text-color has-very-light-gray-color has-background has-blush-bordeaux-gradient-background\" href=\"https:\/\/wp.uni-koblenz.de\/ressourcenundkonflikte\/wp-content\/uploads\/sites\/117\/2020\/05\/Sechs-Denkh\u00fcte-nach-de-Bono-Anleitung-der-Methode.pdf\" target=\"_blank\" rel=\"noreferrer noopener\">Sechs Denkh\u00fcte nach de Bono &#8211; Anleitung der Methode<\/a><\/div>\n<\/div>\n\n\n\n<h2 class=\"wp-block-heading\">Schritte nach vorne <\/h2>\n\n\n\n<p>Schritte nach vorne soll Sch\u00fcler*innen durch die Verteilung unterschiedlicher Rollen im Kurs ungleiche Chancenverteilung und Diskriminierungserfahrungen aufgrund von Herkunft, Sexualit\u00e4t, Gesundheitszustand, Geschlecht und weiteren Merkmalen deutlich machen.<\/p>\n\n\n\n<p>Die Anleitung zur Methode finden Sie hier im PDF-Format.<\/p>\n\n\n\n<div class=\"wp-block-buttons is-layout-flex wp-block-buttons-is-layout-flex\">\n<div class=\"wp-block-button\"><a class=\"wp-block-button__link has-background\" href=\"https:\/\/wp.uni-koblenz.de\/ressourcenundkonflikte\/wp-content\/uploads\/sites\/117\/2020\/06\/Schritte-nach-vorne-Anleitung-der-Methode.pdf\" style=\"background-color:#eb6505\" target=\"_blank\" rel=\"noreferrer noopener\">Schritte nach vorne &#8211; Anleitung der Methode<\/a><\/div>\n<\/div>\n\n\n\n<h2 class=\"wp-block-heading\">Gruppenpuzzle \/ Expertengruppen<\/h2>\n\n\n\n<p>Gruppenpuzzle, auch Expertengruppen genannt, ist eine soziale Lernmethode, in der Gruppen gebildet und umstrukturiert werden. Alle Sch\u00fcler*innen erlernen von einander alle Themen, jedoch werden sie zu Expert*innen eines bestimmten Teilthemas und erleben sich so als selbstwirksam.<\/p>\n\n\n\n<p>Die generalisierte Anleitung zum Gruppenpuzzle finden Sie unter dem folgenden Button.<\/p>\n\n\n\n<div class=\"wp-block-buttons is-layout-flex wp-block-buttons-is-layout-flex\">\n<div class=\"wp-block-button\"><a class=\"wp-block-button__link has-text-color has-very-dark-gray-color has-background has-pale-cyan-blue-background-color\" href=\"https:\/\/wp.uni-koblenz.de\/ressourcenundkonflikte\/wp-content\/uploads\/sites\/117\/2020\/06\/Gruppenpuzzle-Expertengruppen-Anleitung-der-Methode-.pdf\" target=\"_blank\" rel=\"noreferrer noopener\">Gruppenpuzzle \/ Expertengruppen &#8211; Anleitung der Methode<\/a><\/div>\n<\/div>\n\n\n\n<h2 class=\"wp-block-heading\">Ein Bild sagt mehr als tausend Worte<\/h2>\n\n\n\n<p>Durch Bildassoziationen wird durch diese Methode der Einstieg in ein Thema erleichtert. Der Lernerfolg ist durch die Verkn\u00fcpfung mit dem Bild und die Reflexion gew\u00e4hrleistet.<\/p>\n\n\n\n<p>Hier finden Sie die generalisierte Anleitung der Methode und 100 ausgew\u00e4hlte Bildkarten, die f\u00fcr verschiedenste Themen und Anl\u00e4sse verwendet werden k\u00f6nnen.<\/p>\n\n\n\n<div class=\"wp-block-buttons is-layout-flex wp-block-buttons-is-layout-flex\">\n<div class=\"wp-block-button\"><a class=\"wp-block-button__link has-background has-vivid-red-background-color\" href=\"https:\/\/wp.uni-koblenz.de\/ressourcenundkonflikte\/wp-content\/uploads\/sites\/117\/2020\/06\/Ein-Bild-sagt-mehr-als-tausend-Worte-Anleitung-der-Methode-Pr\u00e4senzmethode.pdf\" target=\"_blank\" rel=\"noreferrer noopener\">Ein Bild sagt mehr als tausend Worte &#8211; Anleitung der Methode &#8211; Pr\u00e4senzmethode<\/a><\/div>\n\n\n\n<div class=\"wp-block-button\"><a class=\"wp-block-button__link has-background has-vivid-red-background-color\" href=\"https:\/\/wp.uni-koblenz.de\/ressourcenundkonflikte\/wp-content\/uploads\/sites\/117\/2020\/06\/Ein-Bild-sagt-mehr-als-tausend-Worte-Bildkarten.pdf\" target=\"_blank\" rel=\"noreferrer noopener\">Ein Bild sagt mehr als tausend Worte &#8211; 100 Bildkarten<\/a><\/div>\n<\/div>\n\n\n\n<h2 class=\"wp-block-heading\">World Caf\u00e9<\/h2>\n\n\n\n<p>Das World-Caf\u00e9 bietet eine spannende und interaktionsfreudige M\u00f6glichkeit verschiedene Meinungsbilder zusammenzubringen und zu diskutieren. Sowohl in Kleingruppen als auch im Plenum wird Ihr Unterrichtsthema von allen Sch\u00fcler*innen mitgetragen.<\/p>\n\n\n\n<p>\u00dcber die Buttons gelangen Sie zur Anleitung der Methode und zum Arbeitsauftrag f\u00fcr Ihre Sch\u00fcler*innen.<\/p>\n\n\n\n<div class=\"wp-block-buttons is-layout-flex wp-block-buttons-is-layout-flex\">\n<div class=\"wp-block-button\"><a class=\"wp-block-button__link has-text-color has-very-dark-gray-color has-background has-electric-grass-gradient-background\" href=\"https:\/\/wp.uni-koblenz.de\/ressourcenundkonflikte\/wp-content\/uploads\/sites\/117\/2020\/06\/World-Caf\u00e9-Anleitung-der-Methode.pdf\" target=\"_blank\" rel=\"noreferrer noopener\">World Caf\u00e9 &#8211; Anleitung der Methode<\/a><\/div>\n\n\n\n<div class=\"wp-block-button\"><a class=\"wp-block-button__link has-text-color has-very-dark-gray-color has-background has-electric-grass-gradient-background\" href=\"https:\/\/wp.uni-koblenz.de\/ressourcenundkonflikte\/wp-content\/uploads\/sites\/117\/2020\/06\/World-Caf\u00e9-Arbeitsauftrag.pdf\" target=\"_blank\" rel=\"noreferrer noopener\">World Caf\u00e9 &#8211; Arbeitsauftrag<\/a><\/div>\n<\/div>\n\n\n\n<h2 class=\"wp-block-heading\">Kugellager<\/h2>\n\n\n\n<p>In der Kugellager-Methode werden relevante Themen mit unterschiedlichen Gespr\u00e4chspartnern diskutiert und aufgefrischt. <\/p>\n\n\n\n<p>Unter folgendem Button finden Sie die Anleitung zur Methode. <\/p>\n\n\n\n<div class=\"wp-block-group\"><div class=\"wp-block-group__inner-container is-layout-flow wp-block-group-is-layout-flow\">\n<div class=\"wp-block-buttons is-layout-flex wp-block-buttons-is-layout-flex\">\n<div class=\"wp-block-button is-style-fill\"><a class=\"wp-block-button__link has-text-color has-very-dark-gray-color has-background has-blush-light-purple-gradient-background\" href=\"https:\/\/wp.uni-koblenz.de\/ressourcenundkonflikte\/wp-content\/uploads\/sites\/117\/2020\/06\/Kugellager-Anleitung-der-Methode.pdf\" target=\"_blank\" rel=\"noreferrer noopener\">Kugellager Methode &#8211; Anleitung der Methode <\/a><\/div>\n<\/div>\n<\/div><\/div>\n\n\n\n<h2 class=\"wp-block-heading\">Podcast<\/h2>\n\n\n\n<p>Die Erstellung eines Podcasts bietet den Sch\u00fcler*innen eine kreative M\u00f6glichkeit, gelerntes zu festigen und zu vertiefen. <\/p>\n\n\n\n<p>Im Folgenden finden Sie die Anleitung zur Methode, sowie den Arbeitsauftrag f\u00fcr die Sch\u00fcler*innen. <\/p>\n\n\n\n<div class=\"wp-block-buttons is-layout-flex wp-block-buttons-is-layout-flex\">\n<div class=\"wp-block-button\"><a class=\"wp-block-button__link\" href=\"https:\/\/wp.uni-koblenz.de\/ressourcenundkonflikte\/wp-content\/uploads\/sites\/117\/2020\/06\/Podcast-Anleitung-der-Methode.pdf\" target=\"_blank\" rel=\"noreferrer noopener\">Podcast &#8211; Anleitung der Methode <\/a><\/div>\n\n\n\n<div class=\"wp-block-button\"><a class=\"wp-block-button__link\" href=\"https:\/\/wp.uni-koblenz.de\/ressourcenundkonflikte\/wp-content\/uploads\/sites\/117\/2020\/06\/Podcast-Arbeitsauftrag-f\u00fcr-Sch\u00fclerinnen.pdf\" target=\"_blank\" rel=\"noreferrer noopener\">Podcast &#8211; Arbeitsauftrag f\u00fcr Sch\u00fcler*innen<\/a><\/div>\n<\/div>\n\n\n\n<h2 class=\"wp-block-heading\">Ideenwerkstatt<\/h2>\n\n\n\n<p>In der Ideenwerkstatt werden Ideen gesammelt, geordnet und bewertet. Sie bietet eine schnelle M\u00f6glichkeit, eine \u00dcbersicht zu schaffen. <\/p>\n\n\n\n<p>Hier finden Sie die Anleitung der Methode. <\/p>\n\n\n\n<div class=\"wp-block-buttons is-layout-flex wp-block-buttons-is-layout-flex\">\n<div class=\"wp-block-button\"><a class=\"wp-block-button__link has-background has-midnight-gradient-background\" href=\"https:\/\/wp.uni-koblenz.de\/ressourcenundkonflikte\/wp-content\/uploads\/sites\/117\/2020\/06\/Ideenwerkstatt-Anleitung-der-Methode.pdf\" target=\"_blank\" rel=\"noreferrer noopener\">Ideenwerkstatt &#8211; Anleitung der Methode<\/a><\/div>\n<\/div>\n\n\n\n<h2 class=\"wp-block-heading\">Walt Disney Methode <\/h2>\n\n\n\n<p>Hier finden Sie Anleitung und zugeh\u00f6riges Arbeitsblatt zur Durchf\u00fchrung der Methode. <\/p>\n\n\n\n<div class=\"wp-block-buttons is-layout-flex wp-block-buttons-is-layout-flex\">\n<div class=\"wp-block-button\"><a class=\"wp-block-button__link has-background has-luminous-vivid-orange-to-vivid-red-gradient-background\" href=\"https:\/\/wp.uni-koblenz.de\/ressourcenundkonflikte\/wp-content\/uploads\/sites\/117\/2020\/06\/Walt-Disney-Methode-Anleitung-der-Methode.pdf\" target=\"_blank\" rel=\"noreferrer noopener\">Walt Disney Methode &#8211; Anleitung der Methode<\/a><\/div>\n\n\n\n<div class=\"wp-block-button\"><a class=\"wp-block-button__link has-background has-luminous-vivid-orange-to-vivid-red-gradient-background\" href=\"https:\/\/wp.uni-koblenz.de\/ressourcenundkonflikte\/wp-content\/uploads\/sites\/117\/2020\/06\/Walt-Disney-Methode-Arbeitsauftrag-f\u00fcr-Sch\u00fclerinnen.pdf\" target=\"_blank\" rel=\"noreferrer noopener\">Walt Disney Methode &#8211; Arbeitsauftrag f\u00fcr Sch\u00fcler*innen<\/a><\/div>\n<\/div>\n\n\n\n<h2 class=\"wp-block-heading\">Mindmap<\/h2>\n\n\n\n<p>Die bekannte Mindmaps bietet den Sch\u00fcler*innen einen aussagekr\u00e4ftigen \u00dcberblick \u00fcber komplexe Thematiken. <br>Hier gelangen Sie zur Anleitung der Methode. <\/p>\n\n\n\n<div class=\"wp-block-buttons is-layout-flex wp-block-buttons-is-layout-flex\">\n<div class=\"wp-block-button\"><a class=\"wp-block-button__link has-background has-cool-to-warm-spectrum-gradient-background\" href=\"https:\/\/wp.uni-koblenz.de\/ressourcenundkonflikte\/wp-content\/uploads\/sites\/117\/2020\/06\/Mindmap-Anleitung-der-Methode.pdf\" target=\"_blank\" rel=\"noreferrer noopener\">Mindmap &#8211; Anleitung der Methode<\/a><\/div>\n\n\n\n<div class=\"wp-block-button\"><a class=\"wp-block-button__link has-background has-cool-to-warm-spectrum-gradient-background\" href=\"https:\/\/wp.uni-koblenz.de\/ressourcenundkonflikte\/wp-content\/uploads\/sites\/117\/2020\/06\/Mindmap-Kuba.pdf\" target=\"_blank\" rel=\"noreferrer noopener\">Mindmap &#8211; Arbeitsblatt f\u00fcr Kuba<\/a><\/div>\n<\/div>\n\n\n\n<h2 class=\"wp-block-heading\">Sendung mit der Maus<\/h2>\n\n\n\n<p>Die Erstellung eines Beitrages im Format &#8222;Sendung mit der Maus&#8220; bietet die Basis f\u00fcr selbstst\u00e4ndige Recherchen und dient der Zusammenfassung komplexer Sachverhalte in einfacher Sprache.  <\/p>\n\n\n\n<div class=\"wp-block-buttons is-layout-flex wp-block-buttons-is-layout-flex\">\n<div class=\"wp-block-button\"><a class=\"wp-block-button__link has-background\" href=\"https:\/\/wp.uni-koblenz.de\/ressourcenundkonflikte\/wp-content\/uploads\/sites\/117\/2020\/06\/Sendung-mit-der-Maus-Anleitung-der-Methode-.pdf\" style=\"background:linear-gradient(135deg,rgb(202,248,128) 0%,rgb(92,163,0) 49%,rgb(113,206,126) 100%)\" target=\"_blank\" rel=\"noreferrer noopener\">Sendung mit der Maus &#8211; Anleitung der Methode <\/a><\/div>\n<\/div>\n\n\n\n<h2 class=\"wp-block-heading\">Karikatur<\/h2>\n\n\n\n<p>Die Analyse von Karikaturen erweitert den Blick f\u00fcr vielschichtige Probleme, sowie auch f\u00fcr L\u00f6sungen. <\/p>\n\n\n\n<div class=\"wp-block-buttons is-layout-flex wp-block-buttons-is-layout-flex\">\n<div class=\"wp-block-button\"><a class=\"wp-block-button__link has-background has-blush-light-purple-gradient-background\" href=\"https:\/\/wp.uni-koblenz.de\/ressourcenundkonflikte\/wp-content\/uploads\/sites\/117\/2020\/06\/Karikatur-Anleitung-.pdf\" target=\"_blank\" rel=\"noreferrer noopener\">Karikatur &#8211; Anleitung der Methode <\/a><\/div>\n<\/div>\n\n\n\n<h2 class=\"wp-block-heading\">Stummes Schreibgespr\u00e4ch <\/h2>\n\n\n\n<p>Im Stummen Schreibgespr\u00e4ch werden bereits erlernte Informationen systematisiert und regul\u00e4re Kommunikationsformen aufgebrochen. <\/p>\n\n\n\n<div class=\"wp-block-buttons is-layout-flex wp-block-buttons-is-layout-flex\">\n<div class=\"wp-block-button\"><a class=\"wp-block-button__link has-background has-blush-bordeaux-gradient-background\" href=\"https:\/\/wp.uni-koblenz.de\/ressourcenundkonflikte\/wp-content\/uploads\/sites\/117\/2020\/06\/Stummes-Schreibgespr\u00e4ch-Anleitung-.pdf\" target=\"_blank\" rel=\"noreferrer noopener\">Stummes Schreibgespr\u00e4ch &#8211; Anleitung der Methode <\/a><\/div>\n\n\n\n<div class=\"wp-block-button\"><a class=\"wp-block-button__link has-background has-blush-bordeaux-gradient-background\" href=\"https:\/\/wp.uni-koblenz.de\/ressourcenundkonflikte\/wp-content\/uploads\/sites\/117\/2020\/06\/Stummes-Schreibgespr\u00e4ch-Arbeitsblatt-f\u00fcr-China.pdf\" target=\"_blank\" rel=\"noreferrer noopener\">Stummes Schreibgespr\u00e4ch &#8211; Arbeitsbl\u00e4tter f\u00fcr China<\/a><\/div>\n\n\n<\/div>\n\n\n\n<h2 class=\"wp-block-heading\">Fishbowl<\/h2>\n\n\n\n<p>Fishbowl oder auch Innen\/Au\u00dfenkreis-Methode genannt f\u00f6rdert die Sch\u00fcler*innen in ihrer Aufmerksamkeit und Diskussionsf\u00fchrung. Durch den Innen- und Au\u00dfenkreis ist es jederzeit m\u00f6glich an der Diskussion teilzunehmen oder aber wieder f\u00fcr andere Meinungen Platz zu machen. &nbsp;<\/p>\n\n\n\n<p>\u00dcber die Buttons gelangen Sie zur Anleitung der Methode und zum Arbeitsauftrag f\u00fcr Ihre Sch\u00fcler*innen.<\/p>\n\n\n\n<div class=\"wp-block-buttons is-layout-flex wp-block-buttons-is-layout-flex\">\n<div class=\"wp-block-button\"><a class=\"wp-block-button__link has-text-color has-very-dark-gray-color has-background has-light-green-cyan-background-color\" href=\"https:\/\/wp.uni-koblenz.de\/ressourcenundkonflikte\/wp-content\/uploads\/sites\/117\/2020\/06\/Fishbowl-Anleitung-der-Methode.pdf\" target=\"_blank\" rel=\"noreferrer noopener\">Fishbowl &#8211; Anleitung der Methode<\/a><\/div>\n\n\n\n<div class=\"wp-block-button\"><a class=\"wp-block-button__link has-text-color has-very-dark-gray-color has-background has-light-green-cyan-background-color\" href=\"https:\/\/wp.uni-koblenz.de\/ressourcenundkonflikte\/wp-content\/uploads\/sites\/117\/2020\/06\/Fishbowl-Arbeitsauftrag.pdf\" target=\"_blank\" rel=\"noreferrer noopener\">Fishbowl &#8211; Arbeitsauftrag<\/a><\/div>\n<\/div>\n\n\n\n<p><\/p>\n","protected":false},"excerpt":{"rendered":"<p>Themenbezogenes Bingo Wenn Sie diese Methode im Unterricht verwenden, spielen Sie mit Ihren Sch\u00fcler*innen Bingo im Stil von Buzzword Bingo. Durch den Wettkampfcharakter des Spiels steigert die Methode die Aufmerksamkeit der Sch\u00fcler*innen im Unterricht. Hier finden Sie eine allgemeine Anleitung<\/p>\n","protected":false},"author":11,"featured_media":0,"parent":0,"menu_order":0,"comment_status":"closed","ping_status":"closed","template":"","meta":{"footnotes":""},"class_list":["post-727","page","type-page","status-publish","hentry"],"_links":{"self":[{"href":"https:\/\/wp.uni-koblenz.de\/ressourcenundkonflikte\/wp-json\/wp\/v2\/pages\/727","targetHints":{"allow":["GET"]}}],"collection":[{"href":"https:\/\/wp.uni-koblenz.de\/ressourcenundkonflikte\/wp-json\/wp\/v2\/pages"}],"about":[{"href":"https:\/\/wp.uni-koblenz.de\/ressourcenundkonflikte\/wp-json\/wp\/v2\/types\/page"}],"author":[{"embeddable":true,"href":"https:\/\/wp.uni-koblenz.de\/ressourcenundkonflikte\/wp-json\/wp\/v2\/users\/11"}],"replies":[{"embeddable":true,"href":"https:\/\/wp.uni-koblenz.de\/ressourcenundkonflikte\/wp-json\/wp\/v2\/comments?post=727"}],"version-history":[{"count":34,"href":"https:\/\/wp.uni-koblenz.de\/ressourcenundkonflikte\/wp-json\/wp\/v2\/pages\/727\/revisions"}],"predecessor-version":[{"id":1085,"href":"https:\/\/wp.uni-koblenz.de\/ressourcenundkonflikte\/wp-json\/wp\/v2\/pages\/727\/revisions\/1085"}],"wp:attachment":[{"href":"https:\/\/wp.uni-koblenz.de\/ressourcenundkonflikte\/wp-json\/wp\/v2\/media?parent=727"}],"curies":[{"name":"wp","href":"https:\/\/api.w.org\/{rel}","templated":true}]}}