{"id":862,"date":"2020-05-23T11:12:20","date_gmt":"2020-05-23T09:12:20","guid":{"rendered":"https:\/\/wp.uni-koblenz.de\/ressourcenundkonflikte\/?page_id=862"},"modified":"2026-03-10T08:22:24","modified_gmt":"2026-03-10T07:22:24","slug":"weiterfuehrende-texte","status":"publish","type":"page","link":"https:\/\/wp.uni-koblenz.de\/ressourcenundkonflikte\/weiterfuehrende-texte\/","title":{"rendered":"Weiterf\u00fchrende Inhalte"},"content":{"rendered":"\n<p>Hier finden Sie Texte und Infografiken passend zu den Themenbereichen des Sammelbands f\u00fcr Ihren Unterricht. Die Texte und Grafiken stammen von der Webseite der Bundeszentrale f\u00fcr politische Bildung bpb und wurden f\u00fcr die Verwendung im Unterricht und Homeschooling f\u00fcr die Sch\u00fcler*innen aufbereitet. So bieten die Texte am Rand ausreichend Platz f\u00fcr Notizen der Sch\u00fcler*innen.<\/p>\n\n\n\n<p>Die Texte befassen sich mit einer allgemeinen Definition von Ressourcenkonflikten und relevanten Aspekten dieser, Erd\u00f6l als Konflikttreiber in Nigeria und Ressourcenkonflikten in der Demokratischen Republik Kongo mit Schwerpunkt auf Coltan.<\/p>\n\n\n\n<div class=\"wp-block-buttons is-layout-flex wp-block-buttons-is-layout-flex\">\n<div class=\"wp-block-button\"><a class=\"wp-block-button__link has-text-color has-very-dark-gray-color has-background\" href=\"https:\/\/www.bpb.de\/internationales\/weltweit\/innerstaatliche-konflikte\/76755\/ressourcenkonflikte\" style=\"background:radial-gradient(rgb(255,245,203) 0%,rgb(182,227,212) 50%,rgb(51,167,181) 100%)\" target=\"_blank\" rel=\"noreferrer noopener\">Text: Ressourcenkonflikte Definition<\/a><\/div>\n\n\n\n<div class=\"wp-block-button\"><a class=\"wp-block-button__link has-text-color has-very-dark-gray-color has-background\" href=\"https:\/\/sicherheitspolitik.bpb.de\/m4\/articles\/oil-fuel-for-conflicts\" style=\"background:radial-gradient(rgb(255,245,203) 0%,rgb(182,227,212) 50%,rgb(51,167,181) 100%)\" target=\"_blank\" rel=\"noreferrer noopener\">Text: Erd\u00f6l als Konflikttreiber in Nigeria<\/a><\/div>\n\n\n\n<div class=\"wp-block-button\"><a class=\"wp-block-button__link has-text-color has-very-dark-gray-color has-background\" href=\"https:\/\/sicherheitspolitik.bpb.de\/m4\/articles\/case-study-democratic-republic-of-the-congo\" style=\"background:radial-gradient(rgb(255,245,203) 0%,rgb(182,227,212) 50%,rgb(51,167,181) 100%)\" target=\"_blank\" rel=\"noreferrer noopener\">Text: DR Kongo &#8211; Rohstoffreichtum, Armut, Konflikte<\/a><\/div>\n<\/div>\n\n\n\n<p>\u00dcber diese Buttons gelangen Sie zur Seite der Bundeszentrale f\u00fcr politische Bildung. Die Infografiken veranschaulichen wichtige Aspekte von Rohstoffkonflikten und verkn\u00fcpfen den Blickwinkel auf Konflikte mit deren \u00f6konomischer Bedeutung.<\/p>\n\n\n\n<p> <\/p>\n\n\n\n<div class=\"wp-block-buttons is-layout-flex wp-block-buttons-is-layout-flex\">\n<div class=\"wp-block-button\"><a class=\"wp-block-button__link has-text-color has-very-dark-gray-color has-background\" href=\"https:\/\/sicherheitspolitik.bpb.de\/user\/pages\/05.m4\/03.infographics\/03.economic-importance-of-conflict-resources-for-export\/M04-G03-de.pdf\" style=\"background:radial-gradient(rgb(255,206,236) 0%,rgb(152,150,240) 100%)\" target=\"_blank\" rel=\"noreferrer noopener\">Infografik: \u00d6konomische Bedeutung von Konfliktrohstoffen f\u00fcr den Export 2016<\/a><\/div>\n\n\n\n<div class=\"wp-block-button\"><a class=\"wp-block-button__link has-text-color has-very-dark-gray-color has-background\" href=\"https:\/\/sicherheitspolitik.bpb.de\/user\/pages\/05.m4\/03.infographics\/04.economic-importance-of-conflict-resources-for-import\/M04-G04-de.pdf\" style=\"background:radial-gradient(rgb(255,206,236) 0%,rgb(152,150,240) 100%)\" target=\"_blank\" rel=\"noreferrer noopener\">Infografik: \u00d6konomische Bedeutung von Konfliktrohstoffen f\u00fcr den Import 2016<\/a><\/div>\n<\/div>\n\n\n\n<div class=\"wp-block-buttons is-layout-flex wp-block-buttons-is-layout-flex\">\n<div class=\"wp-block-button\"><a class=\"wp-block-button__link has-text-color has-very-dark-gray-color has-background\" href=\"https:\/\/sicherheitspolitik.bpb.de\/user\/pages\/05.m4\/03.infographics\/02.resource-conflicts-and-conflict-resources-2016\/M04-G02-de.pdf\" style=\"background:radial-gradient(rgb(255,206,236) 0%,rgb(152,150,240) 100%)\" target=\"_blank\" rel=\"noreferrer noopener\">Infografik: Rohstoffkonflikte und Konfliktrohstoffe 2016<\/a><\/div>\n<\/div>\n","protected":false},"excerpt":{"rendered":"<p>Hier finden Sie Texte und Infografiken passend zu den Themenbereichen des Sammelbands f\u00fcr Ihren Unterricht. Die Texte und Grafiken stammen von der Webseite der Bundeszentrale f\u00fcr politische Bildung bpb und wurden f\u00fcr die Verwendung im Unterricht und Homeschooling f\u00fcr die<\/p>\n","protected":false},"author":11,"featured_media":0,"parent":0,"menu_order":0,"comment_status":"closed","ping_status":"closed","template":"","meta":{"footnotes":""},"class_list":["post-862","page","type-page","status-publish","hentry"],"_links":{"self":[{"href":"https:\/\/wp.uni-koblenz.de\/ressourcenundkonflikte\/wp-json\/wp\/v2\/pages\/862","targetHints":{"allow":["GET"]}}],"collection":[{"href":"https:\/\/wp.uni-koblenz.de\/ressourcenundkonflikte\/wp-json\/wp\/v2\/pages"}],"about":[{"href":"https:\/\/wp.uni-koblenz.de\/ressourcenundkonflikte\/wp-json\/wp\/v2\/types\/page"}],"author":[{"embeddable":true,"href":"https:\/\/wp.uni-koblenz.de\/ressourcenundkonflikte\/wp-json\/wp\/v2\/users\/11"}],"replies":[{"embeddable":true,"href":"https:\/\/wp.uni-koblenz.de\/ressourcenundkonflikte\/wp-json\/wp\/v2\/comments?post=862"}],"version-history":[{"count":11,"href":"https:\/\/wp.uni-koblenz.de\/ressourcenundkonflikte\/wp-json\/wp\/v2\/pages\/862\/revisions"}],"predecessor-version":[{"id":1088,"href":"https:\/\/wp.uni-koblenz.de\/ressourcenundkonflikte\/wp-json\/wp\/v2\/pages\/862\/revisions\/1088"}],"wp:attachment":[{"href":"https:\/\/wp.uni-koblenz.de\/ressourcenundkonflikte\/wp-json\/wp\/v2\/media?parent=862"}],"curies":[{"name":"wp","href":"https:\/\/api.w.org\/{rel}","templated":true}]}}