{"id":71,"date":"2022-09-28T21:58:19","date_gmt":"2022-09-28T19:58:19","guid":{"rendered":"https:\/\/wp.uni-koblenz.de\/rotrautwalden\/?page_id=71"},"modified":"2022-09-29T20:57:52","modified_gmt":"2022-09-29T18:57:52","slug":"vita","status":"publish","type":"page","link":"https:\/\/wp.uni-koblenz.de\/rotrautwalden\/vita\/","title":{"rendered":"Vita"},"content":{"rendered":"\n<figure class=\"wp-block-image size-full\"><img loading=\"lazy\" decoding=\"async\" width=\"507\" height=\"442\" src=\"https:\/\/wp.uni-koblenz.de\/rotrautwalden\/wp-content\/uploads\/sites\/183\/2022\/09\/Walden-Profilbild.jpg\" alt=\"\" class=\"wp-image-158\" srcset=\"https:\/\/wp.uni-koblenz.de\/rotrautwalden\/wp-content\/uploads\/sites\/183\/2022\/09\/Walden-Profilbild.jpg 507w, https:\/\/wp.uni-koblenz.de\/rotrautwalden\/wp-content\/uploads\/sites\/183\/2022\/09\/Walden-Profilbild-300x262.jpg 300w\" sizes=\"auto, (max-width: 507px) 100vw, 507px\" \/><figcaption>Rotraut Walden genie\u00dft einen alkoholfreien Campari.                                            <\/figcaption><\/figure>\n\n\n<table style=\"width: 100%;height: 705px\">\n<tbody>\n<tr class=\"text\" style=\"height: 41px\">\n<td style=\"height: 41px\">1983<\/td>\n<td style=\"height: 41px\">Diplom-Hauptpr\u00fcfung f\u00fcr Psychologen an der Justus Liebig-Universit\u00e4t Giessen &#8211; Diplom-Arbeit zu Gl\u00fcck = Situation X Reaktion X Beruf ?<\/td>\n<\/tr>\n<tr class=\"text\" style=\"height: 41px\">\n<td style=\"height: 41px\">1983 &#8211; 1986<\/td>\n<td style=\"height: 41px\">Promotionsstudium in Psychologie an der Justus Liebig-Universit\u00e4t &#8211; Fortbildung an den Universit\u00e4ten Kassel, T\u00fcbingen, Heidelberg und Berlin.<\/td>\n<\/tr>\n<tr class=\"text\" style=\"height: 41px\">\n<td style=\"height: 41px\">1987<\/td>\n<td style=\"height: 41px\">Wissenschaftliche Mitarbeiterin im Fachgebiet Psychologie an der Universit\u00e4t Paderborn.<\/td>\n<\/tr>\n<tr class=\"text\" style=\"height: 62px\">\n<td style=\"height: 62px\">1987 &#8211; 1993<\/td>\n<td style=\"height: 62px\">Seminare und \u00dcbungen an der Universit\u00e4t Paderborn (u.a. f\u00fcr Studenten der Betriebswirtschaftslehre, Volkswirtschaft, Informatik, Lehramtsstudieng\u00e4nge, Diplom-P\u00e4dagogik)<\/td>\n<\/tr>\n<tr class=\"text\" style=\"height: 41px\">\n<td style=\"height: 41px\">seit 1987<\/td>\n<td style=\"height: 41px\">Seminar-Projekte mit Studierenden mit Auftr\u00e4gen aus der Wirtschaft und Exkursionen im In- und Ausland.<\/td>\n<\/tr>\n<tr class=\"text\" style=\"height: 104px\">\n<td style=\"height: 104px\">1992<\/td>\n<td style=\"height: 104px\">Promotion an der Universit\u00e4t Paderborn. Mit Unterst\u00fctzung durch den Gesamtverband der Wohnungswirtschaft\/ GdW\/ K\u00f6ln und den Bund Deutscher Architekten\/ Bonn. Im Rahmen der Dissertation Untersuchungen zu Wohnungsbauprojekten in Berlin, Hannover, Kassel, L\u00fcnen, Mainz, M\u00fcnchen, M\u00fcnster, Neuss, Recklinghausen, Stuttgart.<\/td>\n<\/tr>\n<tr class=\"text\" style=\"height: 41px\">\n<td style=\"height: 41px\">seit 1993<\/td>\n<td style=\"height: 41px\">Wissenschaftliche Mitarbeiterin an der Universit\u00e4t Koblenz-Landau, Campus Koblenz, am Institut f\u00fcr Psychologie im Fachbereich 1 (unbefristet)<\/td>\n<\/tr>\n<tr class=\"text\" style=\"height: 83px\">\n<td style=\"height: 83px\">23.-28.01.94<\/td>\n<td style=\"height: 83px\">1. Management- und Innovationsseminar des Landes Rheinland-Pfalz im Universit\u00e4tsseminar der Wirtschaft auf Schloss Gracht &#8211; Erftstadt\/Liblar (Stipendium der Stiftung Rheinland-Pfalz f\u00fcr Innovation &#8211; Ministerium f\u00fcr Wissenschaft und Weiterbildung\/Mainz)<\/td>\n<\/tr>\n<tr class=\"text\" style=\"height: 83px\">\n<td style=\"height: 83px\">Seit August 2006<\/td>\n<td style=\"height: 83px\">T\u00e4tigkeit als &#8222;Corresponding Editor&#8220; von Reviews zu Environment-Behavior-Publikationen deutschsprachiger Autoren und ihrer Verlage in den Design Research News, dem Newsletter der Environmental Design Research Association (EDRA).<\/td>\n<\/tr>\n<tr class=\"text\" style=\"height: 168px\">\n<td style=\"height: 168px\">17.07.07<\/td>\n<td style=\"height: 168px\">\n<p>Habilitiert durch den Fachbereich Bildungswissenschaften mit dem Dekan, Prof. Dr. Winfried Gebhardt, f\u00fcr die Habilitationsschrift zum Thema: &#8222;Zu den Auswirkungen von Architektur auf Leistung, Wohlbefinden und Umweltkontrolle. Drei Studien zur Schule, Hochschule und zum B\u00fcrogeb\u00e4ude der Zukunft&#8220;.&nbsp;<a href=\"http:\/\/userpages.uni-koblenz.de\/~walden\/page_de\/person\/Einleger_30-08-06.pdf\" target=\"_blank\" rel=\"noopener\">[Link]&nbsp;<\/a>Venia legendi f\u00fcr Psychologie. 07.12.2007 Antrittsvorlesung in der Universit\u00e4t Koblenz<\/p>\n<\/td>\n<\/tr>\n<\/tbody>\n<\/table>\n<p><strong><span class=\"sub_head\">Mitgliedschaften<\/span><\/strong><br>Mitglied der Environmental Design Research Association&nbsp;<span class=\"sub_head\">(EDRA\/U.S.A.)<\/span>:<br><a href=\"http:\/\/www.edra.org\/\" target=\"_blank\" rel=\"noopener\">http:\/\/www.edra.org<\/a><\/p>\n<p>Mitglied der Fachgruppe f\u00fcr Arbeits- und Organisationspsychologie in der Deutschen Gesellschaft f\u00fcr Psychologie (DGPs)<\/p>\n<p>Mitglied der Fachgruppe Umweltpsychologie in der Deutschen Gesellschaft f\u00fcr Psychologie (DGPs):<br><a href=\"http:\/\/www.dgps.de\/fachgruppen\/umwelt\/\" target=\"_blank\" rel=\"noopener\">http:\/\/www.dgps.de\/fachgruppen\/umwelt\/<\/a><\/p>\n<p><strong><span class=\"sub_head\">Kongresse<\/span><\/strong><br>8. Kongre\u00df der International Association for the Study of People and their Physical Surroundings (I.A.P.S.) &#8222;Umwelt und Handlung&#8220;, Berlin, 1984<\/p>\n<p>9. Kongre\u00df der International Association for the Study of People and their Physical Surroundings (I.A.P.S.) &#8222;Environments in Transition&#8220;, Haifa, Israel, 1986<\/p>\n<p>EDRA, 32nd Annual Conference of the Environmental Design Research Association, Old World ~ New Ideas, environmental and cultural change and tradition in a shrinking world. Edinburgh, Scotland, July 3-6, 2001, reviewer.<\/p>\n<p>18th iaps conference Evaluation in Progress, Vienna, Austria, July 7 &#8211; 10, 2004, Member of the Scientific Committee, Reviewer.<\/p>\n<p>EDRA 36, 36th Annual Conference of the Environmental Design Research Association. Design for Diversity. Vancouver, Canada. April 27 &#8211; May 1, 2005. Reviewer.<\/p>\n<p><span class=\"sub_head\">Vortr\u00e4ge auf Kongressen, mehrfach Beitr\u00e4ge zu Symposien<\/span><br>Deutsche Gesellschaft f\u00fcr Psychologie in:<br>Mainz<br>Trier<br>Salzburg (Fachgruppe)<br>Jena<br>Berlin<br>G\u00f6ttingen (Leitung einer Postergruppe);<br>Bremen<br>Magdeburg (Fachgruppe)<br>Bochum<\/p>\n<p>International Association of People Environment Studies:<br>Delft<br>Paris;<br>Leipzig (Chair zus. mit Prof. Dr. Ulrich Schramm \/International Building Performance Evaluation Symposion)&nbsp;<a class=\"internal-link\" href=\"https:\/\/www.uni-koblenz-landau.de\/de\/koblenz\/fb1\/institut-psychologie\/mitarbeiter\/walden\/iaps21-symposiumhandout-100618.pdf\">Handout<\/a><\/p>\n<p>Environmental Design Research Association\/U.S.A.:<br>EDRA 20 &#8211; 1989 in Black Mountain, North Carolina<br>EDRA 26 &#8211; 1995 in Boston, Massachussetts<br>EDRA 30 &#8211; 1999 in Orlando, Florida<br>EDRA 34 &#8211; 2003 in Minneapolis, Minnesota<br><a class=\"internal-link\" href=\"https:\/\/www.uni-koblenz-landau.de\/de\/koblenz\/fb1\/institut-psychologie\/mitarbeiter\/walden\/report-from-the-ibpe-meeting-may-2003.pdf\">Report from the IBPE Meeting &#8211; EDRA Minneapolis<\/a><br>EDRA 35 &#8211; 2004 in Albuquerque, New Mexico<br>EDRA 37 &#8211; 2006 in Atlanta, Georgia Report on IBPE symposium&nbsp;<a class=\"internal-link\" href=\"https:\/\/www.uni-koblenz-landau.de\/de\/koblenz\/fb1\/institut-psychologie\/mitarbeiter\/walden\/ibpe-report060510.pdf\">IBPE_Report 060510 &#8211; EDRA Atlanta<\/a><br><a class=\"internal-link\" href=\"https:\/\/www.uni-koblenz-landau.de\/de\/koblenz\/fb1\/institut-psychologie\/mitarbeiter\/walden\/edra37program.pdf\">Programm<\/a>&nbsp;(englisch)<\/p>\n<p>EDRA 43 &#8211; 2012 Seattle\/Washington<\/p>\n<p>Institute for Social Research and College of Architecture and Urban Planning, University of Michigan, Ann Arbor\/ Michigan\/ U.S.A;<\/p>\n<p>International Facet Theory Conference (Prag) und International Congress of Applied Psychology (Singapur);<\/p>\n<p>Schulkongress in Koblenz.<\/p>\n<p>Design and Health. World Congress and Exhibition, Frankfurt, Germany<br><a href=\"http:\/\/www.designandhealth.com\/eve\/8395%20WCDH%20LO.pdf\" target=\"_blank\" rel=\"noopener\">http:\/\/www.designandhealth.com\/<\/a><br><a class=\"internal-link\" href=\"https:\/\/www.uni-koblenz-landau.de\/de\/koblenz\/fb1\/institut-psychologie\/mitarbeiter\/walden\/final-programm-2005.pdf\">Final Program<\/a><br><a class=\"internal-link\" href=\"https:\/\/www.uni-koblenz-landau.de\/de\/koblenz\/fb1\/institut-psychologie\/mitarbeiter\/walden\/programm.pdf\">Programm<\/a><\/p>\n<p>Ringvorlesung von Kristin Westphal, Orte des Lernens. Beitr\u00e4ge zu einer P\u00e4dagogik des Raumes. Universit\u00e4t in Koblenz.<\/p>\n<p>Design and Health. World Congress and Exhibition, Glasgow, Scotland<br><a href=\"http:\/\/userpages.uni-koblenz.de\/~walden\/page_de\/person\/programWCDH2007.pdf\" target=\"_blank\" rel=\"noopener\">Program<\/a><\/p>\n<p>Nomination for Researcher Award (Conference in Glasgow 2007) &#8211; International Academy for Design &amp; Health, Stockholm, Sweden<br><a class=\"internal-link\" href=\"https:\/\/www.uni-koblenz-landau.de\/de\/koblenz\/fb1\/institut-psychologie\/mitarbeiter\/walden\/researcher-award.pdf\">Information<\/a><\/p>\n<p>XXIX International Congress of Psychology, Berlin &#8211; July 20th &#8211; 25th 2008<\/p>\n<p>Walden, R. (2011). Die Verwirklichung des Zieles \u201eKrankenh\u00e4user der Zukunft\u201c zu sein im Rahmen der Arbeitsgruppe Health &amp; Home Care Group.<strong>&nbsp;<\/strong>&#8222;Der Geldwert zu kinderfreundlichen Gestaltungen von &#8222;Kinderkrankenh\u00e4usern der Zukunft&#8220; in Neuwied\/Oldenburg in Deutschland &#8211; am Beispiel der Arbeit des gemeinn\u00fctzigen Vereins &#8222;Die kleinen Patienten&#8220; Bonn e.V.&nbsp;<b>&nbsp;<\/b>19.09.2011. Berlin.<\/p>\n<p><strong><span class=\"sub_head\">Reviewer-T\u00e4tigkeiten:<\/span><\/strong><br>Walden, R. (2001). EDRA, 32nd Annual Conference of the Environmental Design Research Association, Old World ~ New Ideas, environmental and cultural change and tradition in a shrinking world. Edinburgh, Scotland, July 3-6, 2001, reviewer.<\/p>\n<p>Walden, R. (2004) 18th iaps conference EVALUATION IN PROGRESS, Vienna, Austria, July 7 &#8211; 10, 2004, Member of the Scientific Committee, Reviewer.<\/p>\n<p>Walden, R. (2005). EDRA 36, 36th Annual Conference of the Environmental Design Research Association. Design for Diversity. Vancouver, Canada. April 27 &#8211; May 1, 2005. Reviewer.<\/p>\n<p>Walden, R. (2006): Bob Martens &amp; Alexander G. Keul (Eds.) (2005). Designing Social Innovation. Planning, Building, Evaluating. Proceedings of the 18th International Association for People-Environment Studies (IAPS) Conference, held in Vienna, Austria, July 7-10, 2004. G\u00f6ttingen\/Germany: Hogrefe &amp; Huber Publishers. ISBN 0-88937-291-8. In: Informationen zur Umweltpsychologie (IzU) 2006. Newsletter der Fachgruppe Umweltpsychologie der Deutschen Gesellschaft f\u00fcr Psychologie.<\/p>\n<p>Walden, R. (2006). Charakteristik einer Metropole aus psychologischer Perspektive \u2013 das Beispiel Berlin. Beauftragung eines Gutachtens f\u00fcr die Zeitschrift \u201eUmweltpsychologie\u201c durch Harald A. Mieg, Humboldt-Universit\u00e4t zu Berlin.<br>Seit August 2006 T\u00e4tigkeit als &#8222;Corresponding Editor&#8220; von Informationen\/Reviews zu Environment-Behavior-Publikationen deutschsprachiger Autoren und ihrer Verlage in den Design Research News, dem Newsletter der Environmental Design Research Association (EDRA).<\/p>\n<p>Walden, R. as &#8222;Corresponding Editor&#8220; (2006). Antje Flade (author) (2006). Wohnen psychologisch betrachtet (Dwelling as seen from a psychological point of view). Bern: Hans Huber (Verlagsgruppe Hogrefe) ISBN 3-456-84304-6.<br>Rotraut Walden<\/p>\n<p>Walden, R. Review recommended by Jeremy T. Lundholm. Special Issue: Green Roofs; Guntenspergen\/Lundh &#8211; Hyukjae LEE, The effect of urban green stratification to psychological and physiological stress relief. Urban Ecosystems. Journal Springer.<\/p>\n<p>Nominierung f\u00fcr Researcher Award f\u00fcr Forschungsprojekt: Walden, R. (accepted; 2007). A \u201cChildren\u2019s Hospital of the Future\u201d from the perspective of Architectural Psychology. An User-needs Analysis. Design &amp; Health, 5th World Congress and Exhibition, Glasgow \u2013 June 27th-July 1st<\/p>\n<p>2008 Gutachtert\u00e4tigkeit f\u00fcr den \u00d6sterreichischen Wissenschaftsfonds (FWF) (vergleichbar mit der DFG f\u00fcr \u00d6sterreich)<\/p>\n\n\n<figure class=\"wp-block-gallery has-nested-images columns-default is-cropped wp-block-gallery-1 is-layout-flex wp-block-gallery-is-layout-flex\">\n<figure class=\"wp-block-image size-large\"><img loading=\"lazy\" decoding=\"async\" width=\"768\" height=\"1024\" data-id=\"187\" src=\"https:\/\/wp.uni-koblenz.de\/rotrautwalden\/wp-content\/uploads\/sites\/183\/2022\/09\/buero-768x1024.jpg\" alt=\"\" class=\"wp-image-187\" srcset=\"https:\/\/wp.uni-koblenz.de\/rotrautwalden\/wp-content\/uploads\/sites\/183\/2022\/09\/buero-768x1024.jpg 768w, https:\/\/wp.uni-koblenz.de\/rotrautwalden\/wp-content\/uploads\/sites\/183\/2022\/09\/buero-225x300.jpg 225w, https:\/\/wp.uni-koblenz.de\/rotrautwalden\/wp-content\/uploads\/sites\/183\/2022\/09\/buero-1152x1536.jpg 1152w, https:\/\/wp.uni-koblenz.de\/rotrautwalden\/wp-content\/uploads\/sites\/183\/2022\/09\/buero-800x1067.jpg 800w, https:\/\/wp.uni-koblenz.de\/rotrautwalden\/wp-content\/uploads\/sites\/183\/2022\/09\/buero.jpg 1512w\" sizes=\"auto, (max-width: 767px) 89vw, (max-width: 1000px) 54vw, (max-width: 1071px) 543px, 580px\" \/><figcaption>Mittwoch 28.09.2022<br>Vizepr\u00e4sident Prof. Dr. Stefan Wehner und Rotraut Walden<\/figcaption><\/figure>\n\n\n\n<figure class=\"wp-block-image size-large\"><img loading=\"lazy\" decoding=\"async\" width=\"768\" height=\"1024\" data-id=\"186\" src=\"https:\/\/wp.uni-koblenz.de\/rotrautwalden\/wp-content\/uploads\/sites\/183\/2022\/09\/Buero2-768x1024.jpg\" alt=\"\" class=\"wp-image-186\" srcset=\"https:\/\/wp.uni-koblenz.de\/rotrautwalden\/wp-content\/uploads\/sites\/183\/2022\/09\/Buero2-768x1024.jpg 768w, https:\/\/wp.uni-koblenz.de\/rotrautwalden\/wp-content\/uploads\/sites\/183\/2022\/09\/Buero2-225x300.jpg 225w, https:\/\/wp.uni-koblenz.de\/rotrautwalden\/wp-content\/uploads\/sites\/183\/2022\/09\/Buero2-1152x1536.jpg 1152w, https:\/\/wp.uni-koblenz.de\/rotrautwalden\/wp-content\/uploads\/sites\/183\/2022\/09\/Buero2-800x1067.jpg 800w, https:\/\/wp.uni-koblenz.de\/rotrautwalden\/wp-content\/uploads\/sites\/183\/2022\/09\/Buero2.jpg 1512w\" sizes=\"auto, (max-width: 767px) 89vw, (max-width: 1000px) 54vw, (max-width: 1071px) 543px, 580px\" \/><figcaption>Mittwoch 28.09.2022<br>Prof. Dr. Eva Neidhardt und Rotraut Walden<\/figcaption><\/figure>\n<\/figure>\n","protected":false},"excerpt":{"rendered":"<p>1983 Diplom-Hauptpr\u00fcfung f\u00fcr Psychologen an der Justus Liebig-Universit\u00e4t Giessen &#8211; Diplom-Arbeit zu Gl\u00fcck = Situation X Reaktion X Beruf ? 1983 &#8211; 1986 Promotionsstudium in Psychologie an der Justus Liebig-Universit\u00e4t &#8211; Fortbildung an den Universit\u00e4ten Kassel, T\u00fcbingen, Heidelberg und Berlin. 1987 Wissenschaftliche Mitarbeiterin im Fachgebiet Psychologie an der Universit\u00e4t Paderborn. 1987 &#8211; 1993 Seminare und &hellip; <\/p>\n<p class=\"link-more\"><a href=\"https:\/\/wp.uni-koblenz.de\/rotrautwalden\/vita\/\" class=\"more-link\"><span class=\"screen-reader-text\">\u201eVita\u201c <\/span>weiterlesen<\/a><\/p>\n","protected":false},"author":492,"featured_media":0,"parent":0,"menu_order":0,"comment_status":"closed","ping_status":"closed","template":"","meta":{"footnotes":""},"class_list":["post-71","page","type-page","status-publish","hentry"],"_links":{"self":[{"href":"https:\/\/wp.uni-koblenz.de\/rotrautwalden\/wp-json\/wp\/v2\/pages\/71","targetHints":{"allow":["GET"]}}],"collection":[{"href":"https:\/\/wp.uni-koblenz.de\/rotrautwalden\/wp-json\/wp\/v2\/pages"}],"about":[{"href":"https:\/\/wp.uni-koblenz.de\/rotrautwalden\/wp-json\/wp\/v2\/types\/page"}],"author":[{"embeddable":true,"href":"https:\/\/wp.uni-koblenz.de\/rotrautwalden\/wp-json\/wp\/v2\/users\/492"}],"replies":[{"embeddable":true,"href":"https:\/\/wp.uni-koblenz.de\/rotrautwalden\/wp-json\/wp\/v2\/comments?post=71"}],"version-history":[{"count":7,"href":"https:\/\/wp.uni-koblenz.de\/rotrautwalden\/wp-json\/wp\/v2\/pages\/71\/revisions"}],"predecessor-version":[{"id":188,"href":"https:\/\/wp.uni-koblenz.de\/rotrautwalden\/wp-json\/wp\/v2\/pages\/71\/revisions\/188"}],"wp:attachment":[{"href":"https:\/\/wp.uni-koblenz.de\/rotrautwalden\/wp-json\/wp\/v2\/media?parent=71"}],"curies":[{"name":"wp","href":"https:\/\/api.w.org\/{rel}","templated":true}]}}