{"id":74,"date":"2022-09-28T21:58:19","date_gmt":"2022-09-28T19:58:19","guid":{"rendered":"https:\/\/wp.uni-koblenz.de\/rotrautwalden\/?page_id=74"},"modified":"2022-10-16T19:13:08","modified_gmt":"2022-10-16T17:13:08","slug":"projekte","status":"publish","type":"page","link":"https:\/\/wp.uni-koblenz.de\/rotrautwalden\/projekte\/","title":{"rendered":"Projekte"},"content":{"rendered":"<h1><strong>Verzeichnis der Projekte \u2013 insgesamt \u00fcber 70 Projekte \u2013 allein in der Zeit an der Universit\u00e4t Koblenz mehr als 56 Projekte<\/strong><\/h1>\n<h1>Priv.-Doz. Dr. phil. Rotraut Walden<\/h1>\n<p><strong>\u00a0<\/strong><strong>Beauftragte Projekte (Drittmittel)\/ Universit\u00e4t Koblenz<\/strong><\/p>\n<p><strong>\u00a0<\/strong><strong>Vorher:<\/strong><\/p>\n<p>\u2013 Universit\u00e4t Kassel: Voruntersuchung mit strukturiertem Interviewleitfaden zur Documenta Urbana im Rahmen der Dissertation<\/p>\n<p>\u2013 Universit\u00e4t Paderborn: 12 Evaluationen im Rahmen der Dissertation zu Eigenheimprojekten innerhalb Deutschlands, u.a. in Berlin, M\u00fcnchen, Stuttgart, Kassel, L\u00fcnen, M\u00fcnster, Neuss, Recklinghausen im Auftrag des Gesamtverbandes f\u00fcr Gemeinn\u00fctzige Wohnungsunternehmen in K\u00f6ln\/Berlin.<\/p>\n<p><strong>\u00a0<\/strong><\/p>\n<ul>\n<li>Kognitive Dissonanz nach Vertragsabschlu\u00df beim Kauf von Fertigh\u00e4usern. Drittmittel: STREIF-Fertigh\u00e4user AG, Weinsheim\/Eifel SS 95<\/li>\n<li>Meinungsbild zum Umzug der Universit\u00e4t WS 95 (mit Unterst\u00fctzung des Controllers der Universit\u00e4t in Koblenz)<\/li>\n<li>Die Auswirkung einer Ermutigung zur Selbstverantwortung bei Mietern auf die Wohnqualit\u00e4t und die Stabilisierung der Lebensverh\u00e4ltnisse in Wohnungen der Koblenzer WohnBau (gef\u00f6rdert durch die Wohnungsbaugesellschaft) WS 96 Voruntersuchung: Wohnungsbau\u00adgesell\u00adschaft Neuwied SS 95<\/li>\n<li>\u201cB\u00fcroumwelten der Zukunft\u201d \u2013 der Deutsche Herold in Bonn, eine Studie in Zusammenarbeit mit der Deutschen Bahn SS 98\/WS 98 \u2013 Architekt: Prof. Krentz.<\/li>\n<li>Voruntersuchungen mit innovativen Architekten der Deutschen Bahn, den Architekten Dieter Wendling &amp; S\u00f6hne, dem leitenden Architekten der Commerzbank in Frankfurt, Uwe Nienstedt, ausf\u00fchrender Architekt von Sir Norman Foster &amp; Partners<\/li>\n<li>\u201cHochschule der Zukunft\u201d \u2013 Die neue Universit\u00e4t in Koblenz SS 2002\/ WS 2002 (finanziert durch den Pr\u00e4sidenten, Vizepr\u00e4sidenten und den Personalrat). Architektenb\u00fcro Ackermann, D\u00fcck und Schneider aus Speyer<\/li>\n<li>Kundenzufriedenheit mit den Universit\u00e4tsbibliotheken in Koblenz-Landau im Auftrag der Bibliotheksleitung und in Zusammenarbeit mit PD. Dr. Ottmar Braun\/Landau WS 2003\/04<\/li>\n<li>Kinderkrankenhaus in Oldenburg \u2013 Gesund-F\u00fchlen der Patienten, Leistungsmotivation der Mitarbeiter, Wohlbefinden aller Nutzer \u2013 Befragung von Studierenden, Personal und Patienten \u2013 F\u00f6rderung durch den Verein \u201eDie kleinen Patienten\u201c e.V. Bonn \u2013 2005\/2006<\/li>\n<li>Begleitung der Planung mit Empfehlungen f\u00fcr den Architektenwettbewerb: Erweiterung der Regionalen Schule Plaidt zur Ganztagsschule \u2013 anschlie\u00dfende Akzeptanzbefragung \u2013 Pr\u00fcfung des Erfolgs der Empfehlungen von der Verbandsgemeinde, Schulleitung, Eltern, Lehrer, Sch\u00fcler und unserer eigenen Arbeitsgruppe. F\u00f6rderung durch die Verbandsge\u00admeinde Pellenz. 2006<\/li>\n<li>Die wirtschaftliche Effizienz kinderfreundlicher Gestaltungen von \u201eKinderkrankenh\u00e4usern der Zukunft\u201c in Deutschland \u2013 am Beispiel der Arbeit des gemeinn\u00fctzigen Vereins \u201eDie kleinen Patienten\u201c Bonn e.V. zu 6 Kinderkrankenh\u00e4usern.\u00a0 Projekt-Anschubphase. Drittmittel durch Draeger Medizintechnik, Verein \u201eDie kleinen Patienten\u201c, Forschungsfonds der Universit\u00e4t Koblenz-Landau. (5.500,-Euro)<\/li>\n<li>Bedarfsanalyse zum Neubau der Kinderkrippe f\u00fcr die Kindertagesst\u00e4tte Regenbogen \u2013 Marienrachdorf \u2013 Westerwald im Auftrag von Holzbau-Cluster\/Hannsj\u00f6rg Pohlmeyer. (2009\/2010). Vergleich mit der KiTa Technologiepark \u2013 Bremen, erbaut von Prof. Peter H\u00fcbner, plus+ Bauplanung Neckartenzlingen<\/li>\n<li>Rotraut Walden &amp; Nicola Konrad: &#8222;Kinderklinik der Zukunft\u201c \u2013 Kinderklinik im St. Elisabeth-Krankenhaus Neuwied \u2013. Eine Studie vor dem Neu- und Umbau und nachher. Chefarzt Dr. Urban Himbert \u2013 in Zusammenarbeit mit dem Verein \u201eDie kleinen Patienten e.V.\u201c Bonn (500,- Euro)<\/li>\n<li>Studie mit 757 Probanden zur Universit\u00e4tsbibliothek in Koblenz eine Bibliothek der Zukunft? (Forschungspraktikum Adrian Alke, Jan Stockhausen, Hendrik Thoma) (Finanziert durch die Bibliothek). Dr. Ralf Grunder (Leiter der Bibliothek). Dr. Karl-Josef Ziegler (Vertreter des Leiters der Bibliothek) (500,- Euro).<\/li>\n<li>DeBeKa-Zentrale in Koblenz. Ein B\u00fcrogeb\u00e4ude der Zukunft. Rotraut Walden, Leonard Puderbach, Daphne Kaupe, Samira Lotz, Florian Unkel. WS 2018\/2019.<\/li>\n<\/ul>\n<h2><strong>Seminarprojekte (ab 1993) an der Universit\u00e4t Koblenz<\/strong><\/h2>\n<p><strong>\u00a0<\/strong><\/p>\n<p><strong>Vorher: <\/strong><\/p>\n<p>\u2013 Universit\u00e4t Giessen: Entkerntes Fachwerkhaus in Wetzlar bei Sanierung beraten<\/p>\n<p>\u2013 Universit\u00e4t Paderborn: Exkursion in die Niederlande: mit Besichtigung von Bauhaus-Eigenheim, Spielhaus, organisches Eigenheim\/Utrecht (Ton Alberts &amp; Max van Huut), Kugelhaus, Baumhaus.<\/p>\n<ul>\n<li>Universit\u00e4tsbibliothek und Mensa der Universit\u00e4t in Koblenz WS 94\/ SS 95<\/li>\n<li>Wohnqualit\u00e4t in Studentenwohnheimen in K\u00f6ln WS 95<\/li>\n<li>Firma Limbach: Auswirkungen von Handlungsspielraum f\u00fcr Selbstkontrolle auf das Wohlbefinden und die Arbeitsleistung WS 95<\/li>\n<li>Gesundung, Arbeitsleistung und Wohlbefinden. Krankenhaus Kemperhof in Koblenz. Die Entwicklung eines Beurteilungsbogens zur Architektur eines Krankenhauses. Anwendungen zur Chirurgie, Kinderklinik und Frauenklinik. WS 97 Auswertungen mit Regressions- und Faktorenanalysen SS 99<\/li>\n<li>Grundschule Wallersheim, eine Grundschule mit zahlreichen Selbstgestaltungen von Sch\u00fclern und Lehrern WS 97<\/li>\n<li>Innovative Grundschule in Simmern im Hunsr\u00fcck, der Kurt-Sch\u00f6llhammer Schule, gebaut von dem Architekturb\u00fcro \u201eDieter Wendling und S\u00f6hne\u201c aus Kastellaun (Andr\u00e9 Kusick) WS 97<\/li>\n<li>Waldorfschule K\u00f6ln, eine \u201cSchule der Zukunft\u201d \u2013 Lern- und Arbeitsleistung, soziales Miteinander und Wohlbefinden WS 99\/SS 2000\/WS 2000. Architekturb\u00fcro: Peter H\u00fcbner \u2013 plus+ bauplanung<\/li>\n<li>\u201eB\u00fcroumwelten der Zukunft\u201c \u2013 Befragungen an 15 Architekten im Raum Koblenz SS 2001<\/li>\n<li>Museum Ludwig in Koblenz \u2013 Besucherakzeptanz und Lernklima WS 2001<\/li>\n<li>Anthroposophisches Gemeinschaftskrankenhaus Witten\/Herdecke WS 2002 (Studierendenbefragung)<\/li>\n<li>Wie kundenfreundlich ist das Mercedes-Autohaus in Koblenz? WS 2002 (ver\u00f6ffentlicht in Koblenzer Stern-Echo \u2013 Mitarbeiterzeitung der Daimler Chrysler Niederlassung Koblenz \u2013 August 2003).<\/li>\n<li>Der Post-Tower in Bonn \u2013 Ein Weg zur \u201ePost der Zukunft\u201c, Evaluation eines B\u00fcrogeb\u00e4udes (mit 254 Items) &#8211; WS 2003\/04. Architekturb\u00fcro Murphy &amp; Helmut Jahn<\/li>\n<li>Das Energiesparhaus Merwald: Wohlbefinden, Gesundheit und soziales Miteinander in einem \u201eWohnhaus der Zukunft\u201c. Architekturb\u00fcro Jahner &amp; Merwald<\/li>\n<li>Die Auswirkungen von Schulgeb\u00e4uden (\u201eder Zukunft\u201c) auf Leistung, Wohlbefinden und Sozialverhalten: Die regionale Schule in Kobern-Gondorf. Architektengruppe Naujack &amp; Rumpenhorst GmbH\/Koblenz<\/li>\n<li>Laurentius Schule in Daun \u2013 F\u00f6rderzentrum. Architekten: Lenartz &amp; Lenartz, Hillesheim\/ Eifel.<\/li>\n<li>Die Gesamtschule Br\u00fchl-S\u00fcd, Ganztagsschule: Architekt: Prof. Peter Busmann\/ K\u00f6ln.<\/li>\n<li>Drei Kinderg\u00e4rten \u201eder Zukunft\u201c. Kindergarten, Kindertagesst\u00e4tte und Kinderhort in Rhein\u00adland-Pfalz. Architekten der drei verschiedenen Einrichtungen: Ermel\/ Horinek\/ Weber AS-Plan Architekten BDA (Kaiserslautern); Udo Holzmann (Wolfstein); Georg Sch\u00fctz (Bad Neuenahr-Ahrweiler). In Zusammenarbeit mit dem Landesamt f\u00fcr Soziales, Jugend und Versorgung &#8211; Referat Kindertagesst\u00e4tten \u2013 Mainz.<\/li>\n<li>Wohnen im Kinderheim Neuwied (Martin Riker, Architekt aus Mainz).<\/li>\n<li>Der Zusammenhang von Kaufmotivation und Orientierung in einem mittelgro\u00dfen Einkaufs\u00adzentrum in Koblenz (L\u00f6hrcenter &#8211; Pilotstudie).<\/li>\n<li>Das Hans-Arp Museum in Bonn Rolandseck \u2013 ein Museum der Zukunft? (Architekt: Richard Meier)<\/li>\n<li>Das Wallraf-Richartz Museum in K\u00f6ln \u2013 ein Museum der Zukunft? (Architekt: Oswald Mathias Ungers)<\/li>\n<li>W\u00fcnsche f\u00fcr die Nutzung als Event-Place des neuen Zentralplatzes in Koblenz \u2013 in Zusammenarbeit mit Z\u00fcblin Development GmbH \u2013 STRABAG und der Stadt Koblenz.<\/li>\n<li>Exkursion zu 4 Experten zum Goetheanum\/Schweiz \u2013 VITRA-Design-Museum unter F\u00fchrung eines Architekten und J\u00fcrgen D\u00fcrrbaum \u2013 Director Projects and Central Support \u2013 Novartis Campus\/Basel, organisiert durch Felix R\u00e4ber\/Kommunikation<\/li>\n<li>Meeting \u201eSchule im Dialog\u201c Stefan Sauer \u2013 Schulen der Zukunft in Hamburg. Alte Bibliothek der Universit\u00e4t Hamburg.<\/li>\n<li>Das Evangelische Stift \u2013 ein Krankenhaus der Zukunft \u2013 mit besonderer Ber\u00fccksichtigung der Analyse der Paliativstation \u2013 im Anschluss daran: Kunsttherapie auf der Palliativstation mit 3 Studentinnen<\/li>\n<li>49 Schulh\u00f6fe in Koblenz \u2013 Ursachen von Vandalismus und Aneignungen \u2013 mit Genehmigung der ADD Trier und des Schulverwaltungsamtes Koblenz<\/li>\n<li>120 Spielpl\u00e4tze der Stadt Koblenz, u.a. Forst-Spielpl\u00e4tze und 4 Spielpl\u00e4tze auf der BUGA 2011 \u2013 mit Genehmigung der Stadt Koblenz, B\u00fcrgermeisterin Hammes-Rosenstein<\/li>\n<li>Die \u201esch\u00f6ne\u201c Schule am Beispiel der Astrid-Lindgren-Schule f\u00fcr Praktisch Bildbare in der Wiesbadener Str. 11, Limburg<\/li>\n<li>\u201eKinderklinik der Zukunft\u201c \u2013 Kinderklinik im St. Elisabeth-Krankenhaus Neuwied \u2013 Chefarzt Dr. Urban Himbert \u2013 in Zusammenarbeit mit dem Verein \u201eDie kleinen Patienten e.V.\u201c Bonn, Bodo Gensch<\/li>\n<li>Justus-von-Liebig- Hauptschule in Moers \u2013 Schulleiterin Claudia Corell, Fachdienstleiterin Helga Giesen (Stadt Moers), Cornelia Suhan (Fotografin)<\/li>\n<li>\u201eSeniorenhaus der Zukunft\u201c Belgrano &#8211; Boppard im Verbund Stiftungsklinikum Mittelrhein \u2013 Leiter von drei Seniorenheimen Volker Goedert<\/li>\n<li>Studie zur \u201eInternationalen Friedensschule in K\u00f6ln\u201c Gesch\u00e4ftsf\u00fchrerin Sonja Guentner, GF Stefan Becker (Forschungspraktikum Gino W\u00fcst)<\/li>\n<li>Studie zur Station \u201ePalliativmedizin\u201c (Dr. Claudia Lichau) im Evangelischen Stift\/ Koblenz sowie zum St. Martin Seniorenheim im Stiftungsklinikum Mittelrhein (SL Thomas Peters) (Forschungspraktikum Simone Dietz, Christopher Mollbach)<\/li>\n<li>K\u00e4the-Kollwitz-Oberschule, gebaut von Petzi &amp; Petzi sowie Fromme &amp; Linsenhoff, im M\u00fchlenbecker Land bei Berlin. Schule der Zukunft \u2013 Sch\u00fclerInnen und LehrerInnen \u2013 der Geldwert von Geb\u00e4udeelementen. Forschungspraktikum: Rotraut Walden, Leonard Puderbach, Adrian Alke, Yasemin Baz, Tanita Behr, Jana Hachenberg, Sara Sabatini, Danny Hochhalter, Johannes K\u00fchner SS 2017.<\/li>\n<li>Die neurologische Klinik in Weilm\u00fcnster. Ein Pflegezentrum der Zukunft? Forschungspraktikum: Rotraut Walden, Leonard Puderbach, Isabelle Patricia Mierau, Annika Werger. WS 2017\/18<\/li>\n<li>Bundesarchiv in Koblenz. Ein Geb\u00e4ude der Zukunft? Arbeitsgruppe: Rotraut Walden, Vanessa Grebe, Leonard Puderbach, Jonas Bilo, Malaika Graw, Christian Peter von der Heydt, Nathalie Rulf SS 2018.<\/li>\n<li>Das Vitra-Design-Museum in Weil-am-Rhein. 24.05.2019. Rotraut Walden, Leonard Puderbach, Celine Korn, Katharina Noll, Janina Titze, Olivia Spring, Kai Simons, Patrick Schlauer. SS 2019.<\/li>\n<li>DICE \u2013 DeBeKa Innovation Center, ein Geb\u00e4ude der Zukunft. Rotraut Walden, Martina Rahe, Leonard Puderbach, Ceren Altun, Neele Kremer, Kyra Parr, Paulina Tegethoff, Leonore Oestreich. WS 2019\/2020.<\/li>\n<li>Corona und Homeoffice. Rotraut Walden, Yoke Balmert, Vanessa Grebe. SS 2020<\/li>\n<li>Corona und Homeoffice. Erfahrungen nach 1 Jahr Corona. Rotraut Walden, Jana Gail, Yoke Balmert, Vanessa Grebe. SS 2021<\/li>\n<li>Drohnengesteuertes Rundganginterview durch das Forstamt Hachenburg im Westerwald. Leitung Dirk Henning und Rotraut Walden. (Gemeinsam mit Studierenden Online wegen Corona). SS 2021<\/li>\n<li>Organische Bauweise. Die Isala Kliniken in Zwolle\/ Niederlanden ein Krankenhaus der Zukunft! Mit Max van Huut, Patricia Sterke, Vivian Beckmann (Vanessa Grebe) SS 2022<\/li>\n<\/ul>\n","protected":false},"excerpt":{"rendered":"<p>Verzeichnis der Projekte \u2013 insgesamt \u00fcber 70 Projekte \u2013 allein in der Zeit an der Universit\u00e4t Koblenz mehr als 56 Projekte Priv.-Doz. Dr. phil. Rotraut Walden \u00a0Beauftragte Projekte (Drittmittel)\/ Universit\u00e4t Koblenz \u00a0Vorher: \u2013 Universit\u00e4t Kassel: Voruntersuchung mit strukturiertem Interviewleitfaden zur Documenta Urbana im Rahmen der Dissertation \u2013 Universit\u00e4t Paderborn: 12 Evaluationen im Rahmen der Dissertation &hellip; <\/p>\n<p class=\"link-more\"><a href=\"https:\/\/wp.uni-koblenz.de\/rotrautwalden\/projekte\/\" class=\"more-link\"><span class=\"screen-reader-text\">\u201eProjekte\u201c <\/span>weiterlesen<\/a><\/p>\n","protected":false},"author":492,"featured_media":0,"parent":0,"menu_order":0,"comment_status":"closed","ping_status":"closed","template":"","meta":{"footnotes":""},"class_list":["post-74","page","type-page","status-publish","hentry"],"_links":{"self":[{"href":"https:\/\/wp.uni-koblenz.de\/rotrautwalden\/wp-json\/wp\/v2\/pages\/74","targetHints":{"allow":["GET"]}}],"collection":[{"href":"https:\/\/wp.uni-koblenz.de\/rotrautwalden\/wp-json\/wp\/v2\/pages"}],"about":[{"href":"https:\/\/wp.uni-koblenz.de\/rotrautwalden\/wp-json\/wp\/v2\/types\/page"}],"author":[{"embeddable":true,"href":"https:\/\/wp.uni-koblenz.de\/rotrautwalden\/wp-json\/wp\/v2\/users\/492"}],"replies":[{"embeddable":true,"href":"https:\/\/wp.uni-koblenz.de\/rotrautwalden\/wp-json\/wp\/v2\/comments?post=74"}],"version-history":[{"count":7,"href":"https:\/\/wp.uni-koblenz.de\/rotrautwalden\/wp-json\/wp\/v2\/pages\/74\/revisions"}],"predecessor-version":[{"id":295,"href":"https:\/\/wp.uni-koblenz.de\/rotrautwalden\/wp-json\/wp\/v2\/pages\/74\/revisions\/295"}],"wp:attachment":[{"href":"https:\/\/wp.uni-koblenz.de\/rotrautwalden\/wp-json\/wp\/v2\/media?parent=74"}],"curies":[{"name":"wp","href":"https:\/\/api.w.org\/{rel}","templated":true}]}}