{"id":57,"date":"2021-02-24T15:19:04","date_gmt":"2021-02-24T14:19:04","guid":{"rendered":"https:\/\/wp.uni-koblenz.de\/tutorium\/?page_id=57"},"modified":"2021-02-24T15:19:10","modified_gmt":"2021-02-24T14:19:10","slug":"herzlich-willkommen-im-digitalen-tutorium","status":"publish","type":"page","link":"https:\/\/wp.uni-koblenz.de\/tutorium\/","title":{"rendered":"Herzlich Willkommen im digitalen Tutorium"},"content":{"rendered":"<h2 id=\"block-e1d0b5e5-0a54-4267-be57-5c1c68932702\" class=\"block-editor-rich-text__editable block-editor-block-list__block wp-block is-selected is-hovered rich-text\" role=\"group\" aria-label=\"Block: \u00dcberschrift\" data-block=\"e1d0b5e5-0a54-4267-be57-5c1c68932702\" data-type=\"core\/heading\" data-title=\"\u00dcberschrift\">Herzlich Willkommen im digitalen Tutorium der Elementarmathematik vom h\u00f6heren Standpunkt. Auf den folgenden Seiten k\u00f6nnen Sie sich zu einzelnen Beweismethoden informieren. Anhand eines interaktiven Videos erhalten Sie eine Einf\u00fchrung und k\u00f6nnen anschlie\u00dfend ihr Wissen in \u00dcbungsaufgaben unter Beweis stellen. Zudem finden Sie eine Seite mit vermischten Aufgaben.<\/h2>\n","protected":false},"excerpt":{"rendered":"<p>Herzlich Willkommen im digitalen Tutorium der Elementarmathematik vom h\u00f6heren Standpunkt. Auf den folgenden Seiten k\u00f6nnen Sie sich zu einzelnen Beweismethoden informieren. Anhand eines interaktiven Videos erhalten Sie eine Einf\u00fchrung und k\u00f6nnen anschlie\u00dfend ihr Wissen in \u00dcbungsaufgaben unter Beweis stellen. Zudem finden Sie eine Seite mit vermischten Aufgaben.<\/p>\n","protected":false},"author":253,"featured_media":0,"parent":0,"menu_order":0,"comment_status":"closed","ping_status":"closed","template":"","meta":{"footnotes":""},"class_list":["post-57","page","type-page","status-publish","hentry"],"_links":{"self":[{"href":"https:\/\/wp.uni-koblenz.de\/tutorium\/wp-json\/wp\/v2\/pages\/57","targetHints":{"allow":["GET"]}}],"collection":[{"href":"https:\/\/wp.uni-koblenz.de\/tutorium\/wp-json\/wp\/v2\/pages"}],"about":[{"href":"https:\/\/wp.uni-koblenz.de\/tutorium\/wp-json\/wp\/v2\/types\/page"}],"author":[{"embeddable":true,"href":"https:\/\/wp.uni-koblenz.de\/tutorium\/wp-json\/wp\/v2\/users\/253"}],"replies":[{"embeddable":true,"href":"https:\/\/wp.uni-koblenz.de\/tutorium\/wp-json\/wp\/v2\/comments?post=57"}],"version-history":[{"count":1,"href":"https:\/\/wp.uni-koblenz.de\/tutorium\/wp-json\/wp\/v2\/pages\/57\/revisions"}],"predecessor-version":[{"id":58,"href":"https:\/\/wp.uni-koblenz.de\/tutorium\/wp-json\/wp\/v2\/pages\/57\/revisions\/58"}],"wp:attachment":[{"href":"https:\/\/wp.uni-koblenz.de\/tutorium\/wp-json\/wp\/v2\/media?parent=57"}],"curies":[{"name":"wp","href":"https:\/\/api.w.org\/{rel}","templated":true}]}}