{"id":1123,"date":"2020-01-05T12:49:33","date_gmt":"2020-01-05T11:49:33","guid":{"rendered":"https:\/\/wp.uni-koblenz.de\/unimus\/?page_id=1123"},"modified":"2020-01-05T12:49:33","modified_gmt":"2020-01-05T11:49:33","slug":"yvonne-prentki","status":"publish","type":"page","link":"https:\/\/wp.uni-koblenz.de\/unimus\/kuenstler\/yvonne-prentki\/","title":{"rendered":"Yvonne Prentki"},"content":{"rendered":"\n<ul class=\"wp-block-list\"><li><span class=\"\">Studium an der Hochschule f\u00fcr Musik, Theater und Medien Hannover bei Prof. Gudrun Pelker<\/span><\/li><li><span class=\"\">Engagements u.a.: Op\u00e9ra de Dijon, Theater Osnabr\u00fcck, Stadttheater Hildesheim, Opernloft Hamburg<\/span><\/li><li><span class=\"\">2017\/18 als Gast am Theater Hof in &#8222;Ein Traumspiel&#8220; und &#8222;Alcina&#8220;<\/span><\/li><li><span class=\"\">In der Spielzeit 2019\/20 fest am Theater Hof<\/span><\/li><\/ul>\n","protected":false},"excerpt":{"rendered":"<p>Studium an der Hochschule f\u00fcr Musik, Theater und Medien Hannover bei Prof. Gudrun Pelker Engagements u.a.: Op\u00e9ra de Dijon, Theater Osnabr\u00fcck, Stadttheater Hildesheim, Opernloft Hamburg 2017\/18 als Gast am Theater Hof in &#8222;Ein Traumspiel&#8220; und &#8222;Alcina&#8220; In der Spielzeit 2019\/20 fest am Theater Hof<\/p>\n","protected":false},"author":11,"featured_media":1124,"parent":48,"menu_order":0,"comment_status":"closed","ping_status":"closed","template":"artist.php","meta":{"footnotes":""},"class_list":["post-1123","page","type-page","status-publish","has-post-thumbnail","hentry"],"_links":{"self":[{"href":"https:\/\/wp.uni-koblenz.de\/unimus\/wp-json\/wp\/v2\/pages\/1123","targetHints":{"allow":["GET"]}}],"collection":[{"href":"https:\/\/wp.uni-koblenz.de\/unimus\/wp-json\/wp\/v2\/pages"}],"about":[{"href":"https:\/\/wp.uni-koblenz.de\/unimus\/wp-json\/wp\/v2\/types\/page"}],"author":[{"embeddable":true,"href":"https:\/\/wp.uni-koblenz.de\/unimus\/wp-json\/wp\/v2\/users\/11"}],"replies":[{"embeddable":true,"href":"https:\/\/wp.uni-koblenz.de\/unimus\/wp-json\/wp\/v2\/comments?post=1123"}],"version-history":[{"count":3,"href":"https:\/\/wp.uni-koblenz.de\/unimus\/wp-json\/wp\/v2\/pages\/1123\/revisions"}],"predecessor-version":[{"id":1149,"href":"https:\/\/wp.uni-koblenz.de\/unimus\/wp-json\/wp\/v2\/pages\/1123\/revisions\/1149"}],"up":[{"embeddable":true,"href":"https:\/\/wp.uni-koblenz.de\/unimus\/wp-json\/wp\/v2\/pages\/48"}],"wp:featuredmedia":[{"embeddable":true,"href":"https:\/\/wp.uni-koblenz.de\/unimus\/wp-json\/wp\/v2\/media\/1124"}],"wp:attachment":[{"href":"https:\/\/wp.uni-koblenz.de\/unimus\/wp-json\/wp\/v2\/media?parent=1123"}],"curies":[{"name":"wp","href":"https:\/\/api.w.org\/{rel}","templated":true}]}}