{"id":1130,"date":"2019-12-23T11:52:55","date_gmt":"2019-12-23T10:52:55","guid":{"rendered":"https:\/\/wp.uni-koblenz.de\/unimus\/?page_id=1130"},"modified":"2019-12-23T11:53:41","modified_gmt":"2019-12-23T10:53:41","slug":"thomas-cooley","status":"publish","type":"page","link":"https:\/\/wp.uni-koblenz.de\/unimus\/kuenstler\/thomas-cooley\/","title":{"rendered":"Thomas Cooley"},"content":{"rendered":"<p>Aus Minnesota \u00a0stammend etablierte der Tenor Thomas Cooley sich auf beiden Seiten des Atlantiks\u00a0 durch seine Ausdrucksf\u00e4higkeit, Vielseitigkeit und Virtuosit\u00e4t.<br \/>\nNeben einem Festengagement am Staatstheater am G\u00e4rtnerplatz M\u00fcnchen umfassen seine aktuellen und zur\u00fcckliegenden Produktionen: Beethovens 9. Symphonie beim Baltimore Symphony Orchestra und Milwaukee Symphony, Brittens War Requiem in Indianapolis, Atlanta und der Oregon Symphony, \u00a0H\u00e4ndels Messiah in Oregon, Houston und Charlotte Symphony.<br \/>\nEr gab Bob Boles in Brittens Peter Grimes mit der St. Louis Symphony in der Carnegie Hall.<br \/>\nDie Titelrolle verk\u00f6rperte er in H\u00e4ndels Samson mit dem American Classical Orchestra unter Leitung von Nicholas McGegan und Tristan in Frank Martins Le vin herb\u00e9 an der Bergen Nationaloper in Norwegen. Er gestaltete die Urauff\u00fchrung von Christopher Theofanidis\u00b4 Creation Oratorio mit der Atlanta Symphony.<br \/>\nBachs Passionen f\u00fchrte er wiederholt in Oregon und beim Bach Carmel Festival auf, wie ebenso mit der Seattle Symphony,\u00a0 den Pacific Musicworks und der Pittsburgh Symphony.<br \/>\nIn Elgars Dream of Gerontius musizierten Thomas Cooley und Christian Jeub \u00a02016 bereits gemeinsam.<\/p>\n<p>Als K\u00fcnstler in Residence gestaltet er in dieser Spielzeit mit \u00a0Music of the Baroque Chicago Monteverdi\u2019s Vespers H\u00e4ndels Judas Maccabaeus und ein Bach Kantaten-Programm.<\/p>\n","protected":false},"excerpt":{"rendered":"<p>Aus Minnesota \u00a0stammend etablierte der Tenor Thomas Cooley sich auf beiden Seiten des Atlantiks\u00a0 durch seine Ausdrucksf\u00e4higkeit, Vielseitigkeit und Virtuosit\u00e4t. Neben einem Festengagement am Staatstheater am G\u00e4rtnerplatz M\u00fcnchen umfassen seine aktuellen und zur\u00fcckliegenden Produktionen: Beethovens 9. Symphonie beim Baltimore Symphony Orchestra und Milwaukee Symphony, Brittens War Requiem in Indianapolis, Atlanta und der Oregon Symphony, \u00a0H\u00e4ndels &hellip; <\/p>\n<p class=\"link-more\"><a href=\"https:\/\/wp.uni-koblenz.de\/unimus\/kuenstler\/thomas-cooley\/\" class=\"more-link\"><span class=\"screen-reader-text\">\u201eThomas Cooley\u201c <\/span>weiterlesen<\/a><\/p>\n","protected":false},"author":11,"featured_media":1128,"parent":48,"menu_order":0,"comment_status":"closed","ping_status":"closed","template":"artist.php","meta":{"footnotes":""},"class_list":["post-1130","page","type-page","status-publish","has-post-thumbnail","hentry"],"_links":{"self":[{"href":"https:\/\/wp.uni-koblenz.de\/unimus\/wp-json\/wp\/v2\/pages\/1130","targetHints":{"allow":["GET"]}}],"collection":[{"href":"https:\/\/wp.uni-koblenz.de\/unimus\/wp-json\/wp\/v2\/pages"}],"about":[{"href":"https:\/\/wp.uni-koblenz.de\/unimus\/wp-json\/wp\/v2\/types\/page"}],"author":[{"embeddable":true,"href":"https:\/\/wp.uni-koblenz.de\/unimus\/wp-json\/wp\/v2\/users\/11"}],"replies":[{"embeddable":true,"href":"https:\/\/wp.uni-koblenz.de\/unimus\/wp-json\/wp\/v2\/comments?post=1130"}],"version-history":[{"count":1,"href":"https:\/\/wp.uni-koblenz.de\/unimus\/wp-json\/wp\/v2\/pages\/1130\/revisions"}],"predecessor-version":[{"id":1131,"href":"https:\/\/wp.uni-koblenz.de\/unimus\/wp-json\/wp\/v2\/pages\/1130\/revisions\/1131"}],"up":[{"embeddable":true,"href":"https:\/\/wp.uni-koblenz.de\/unimus\/wp-json\/wp\/v2\/pages\/48"}],"wp:featuredmedia":[{"embeddable":true,"href":"https:\/\/wp.uni-koblenz.de\/unimus\/wp-json\/wp\/v2\/media\/1128"}],"wp:attachment":[{"href":"https:\/\/wp.uni-koblenz.de\/unimus\/wp-json\/wp\/v2\/media?parent=1130"}],"curies":[{"name":"wp","href":"https:\/\/api.w.org\/{rel}","templated":true}]}}