{"id":1180,"date":"2020-03-10T16:42:33","date_gmt":"2020-03-10T15:42:33","guid":{"rendered":"https:\/\/wp.uni-koblenz.de\/unimus\/?page_id=1180"},"modified":"2020-03-10T16:42:33","modified_gmt":"2020-03-10T15:42:33","slug":"frederik-jaeckel","status":"publish","type":"page","link":"https:\/\/wp.uni-koblenz.de\/unimus\/kuenstler\/frederik-jaeckel\/","title":{"rendered":"Frederik J\u00e4ckel"},"content":{"rendered":"<p>Frederik J\u00e4ckel (Violoncello), geboren in Osnabr\u00fcck, begann zun\u00e4chst mit 6 Jahren das Klavierspiel, bevor er einige Jahre darauf seine Faszination f\u00fcr das Cello entdeckte.\u00a0 Schon in seiner Jugend konnte er bei Kammermusik-Wettbewerben \u00fcberzeugen und konzertierte als Solist mit Orchestern der Region Osnabr\u00fcck. Er studierte Violoncello in Hannover bei Klaus Heitz sowie in Genf bei Francois Guye (Cello) und Gabor Takacs (Kammermusik) und erhielt sein Diplom mit Bestnote. Nach einigen Jahren als\u00a0 professioneller Orchestermusiker mit Engagements bei der NDR Radiophilharmonie Hannover, dem Staatstheater Karlsruhe, der Rheinischen Philharmonie Koblenz u.a., arbeitet er mittlerweile haupts\u00e4chlich im Raum Koblenz als freier Cellist, Orchestermusiker, Kammermusiker in verschiedenen Ensembles sowie als Dozent und Cellolehrer.<\/p>\n","protected":false},"excerpt":{"rendered":"<p>Frederik J\u00e4ckel (Violoncello), geboren in Osnabr\u00fcck, begann zun\u00e4chst mit 6 Jahren das Klavierspiel, bevor er einige Jahre darauf seine Faszination f\u00fcr das Cello entdeckte.\u00a0 Schon in seiner Jugend konnte er bei Kammermusik-Wettbewerben \u00fcberzeugen und konzertierte als Solist mit Orchestern der Region Osnabr\u00fcck. Er studierte Violoncello in Hannover bei Klaus Heitz sowie in Genf bei Francois &hellip; <\/p>\n<p class=\"link-more\"><a href=\"https:\/\/wp.uni-koblenz.de\/unimus\/kuenstler\/frederik-jaeckel\/\" class=\"more-link\"><span class=\"screen-reader-text\">\u201eFrederik J\u00e4ckel\u201c <\/span>weiterlesen<\/a><\/p>\n","protected":false},"author":11,"featured_media":1181,"parent":48,"menu_order":0,"comment_status":"closed","ping_status":"closed","template":"artist.php","meta":{"footnotes":""},"class_list":["post-1180","page","type-page","status-publish","has-post-thumbnail","hentry"],"_links":{"self":[{"href":"https:\/\/wp.uni-koblenz.de\/unimus\/wp-json\/wp\/v2\/pages\/1180","targetHints":{"allow":["GET"]}}],"collection":[{"href":"https:\/\/wp.uni-koblenz.de\/unimus\/wp-json\/wp\/v2\/pages"}],"about":[{"href":"https:\/\/wp.uni-koblenz.de\/unimus\/wp-json\/wp\/v2\/types\/page"}],"author":[{"embeddable":true,"href":"https:\/\/wp.uni-koblenz.de\/unimus\/wp-json\/wp\/v2\/users\/11"}],"replies":[{"embeddable":true,"href":"https:\/\/wp.uni-koblenz.de\/unimus\/wp-json\/wp\/v2\/comments?post=1180"}],"version-history":[{"count":2,"href":"https:\/\/wp.uni-koblenz.de\/unimus\/wp-json\/wp\/v2\/pages\/1180\/revisions"}],"predecessor-version":[{"id":1183,"href":"https:\/\/wp.uni-koblenz.de\/unimus\/wp-json\/wp\/v2\/pages\/1180\/revisions\/1183"}],"up":[{"embeddable":true,"href":"https:\/\/wp.uni-koblenz.de\/unimus\/wp-json\/wp\/v2\/pages\/48"}],"wp:featuredmedia":[{"embeddable":true,"href":"https:\/\/wp.uni-koblenz.de\/unimus\/wp-json\/wp\/v2\/media\/1181"}],"wp:attachment":[{"href":"https:\/\/wp.uni-koblenz.de\/unimus\/wp-json\/wp\/v2\/media?parent=1180"}],"curies":[{"name":"wp","href":"https:\/\/api.w.org\/{rel}","templated":true}]}}