{"id":1208,"date":"2020-03-31T16:18:23","date_gmt":"2020-03-31T14:18:23","guid":{"rendered":"https:\/\/wp.uni-koblenz.de\/unimus\/?page_id=1208"},"modified":"2020-03-31T16:18:23","modified_gmt":"2020-03-31T14:18:23","slug":"katrin-sedlbauer","status":"publish","type":"page","link":"https:\/\/wp.uni-koblenz.de\/unimus\/kuenstler\/katrin-sedlbauer\/","title":{"rendered":"Katrin Sedlbauer"},"content":{"rendered":"<p>Eine selbst entwickelte szenische Collage zu den Carmina Burana war die Initialz\u00fcndung f\u00fcr das Regieschaffen von Katrin Sedlbauer. Sie studierte Angewandte Kulturwissenschaften in L\u00fcneburg und Mailand. In dieser Zeit hospitierte sie an der Staatsoper Hamburg bei Harry Kupfer, arbeitete als Produktions- und Regieassistentin beim International Cross Cultural Theatre Workshop in Perugia und entwickelte f\u00fcr das Festival Neue Musik L\u00fcneburg eine multimediale Inszenierung zu Jean Cocteaus Die menschliche Stimme.<\/p>\n<p>Im Anschluss daran war Katrin Sedlbauer am Musiktheater im Revier Gelsenkirchen engagiert. Dort realisierte sie Jugendprojekte im Rahmen der Musiktheaterwerkstatt, entwickelte und inszenierte das Musiktheater Mission Possible \u2013 Der Wilde Westen und f\u00fchrte bei der Kinderoper Schaf Regie. F\u00fcr diese Inszenierung erhielt sie 2016 den Gelsenkirchener Theaterpreis.<\/p>\n<p>Bei den Festspielen Immling inszenierte Katrin Sedlbauer den Orff-Doppelabend Carmina Burana &amp; Der Mond und gestaltete dar\u00fcber hinaus das B\u00fchnenbild.<br \/>\nF\u00fcr das Staatstheater Mainz entstand der Abend Der kleine Unterschied mit Liedern von Hugo Wolf sowie die Inszenierung von Mozarts La clemenza di Tito.<\/p>\n<p>Katrin Sedlbauer begleitete als Assistentin bedeutende RegisseurInnen bei Ihren Arbeiten darunter David Hermann, Elisabeth St\u00f6ppler, Michael Schulz, Dietrich Hilsdorf, Lydia Steier, Mirella Weingarten, Peter Konwitschny und Nicola Raab.<br \/>\nDie Produktion Ariodante f\u00fchrte sie an das Barocktheater Drottingholm, Schweden, und im Februar 2020 assistierte sie Nicola H\u00fcmpe im Jugendprojekt Puccini \u201eSuor Angelica\u201c der Berliner Philharmoniker.<br \/>\nSeit dieser Spielzeit arbeitet Katrin Sedlbauer als freie Regisseurin und ist als Spielleiterin im internationalen Raum unterwegs.<\/p>\n","protected":false},"excerpt":{"rendered":"<p>Eine selbst entwickelte szenische Collage zu den Carmina Burana war die Initialz\u00fcndung f\u00fcr das Regieschaffen von Katrin Sedlbauer. Sie studierte Angewandte Kulturwissenschaften in L\u00fcneburg und Mailand. In dieser Zeit hospitierte sie an der Staatsoper Hamburg bei Harry Kupfer, arbeitete als Produktions- und Regieassistentin beim International Cross Cultural Theatre Workshop in Perugia und entwickelte f\u00fcr das &hellip; <\/p>\n<p class=\"link-more\"><a href=\"https:\/\/wp.uni-koblenz.de\/unimus\/kuenstler\/katrin-sedlbauer\/\" class=\"more-link\"><span class=\"screen-reader-text\">\u201eKatrin Sedlbauer\u201c <\/span>weiterlesen<\/a><\/p>\n","protected":false},"author":11,"featured_media":1210,"parent":48,"menu_order":0,"comment_status":"closed","ping_status":"closed","template":"artist.php","meta":{"footnotes":""},"class_list":["post-1208","page","type-page","status-publish","has-post-thumbnail","hentry"],"_links":{"self":[{"href":"https:\/\/wp.uni-koblenz.de\/unimus\/wp-json\/wp\/v2\/pages\/1208","targetHints":{"allow":["GET"]}}],"collection":[{"href":"https:\/\/wp.uni-koblenz.de\/unimus\/wp-json\/wp\/v2\/pages"}],"about":[{"href":"https:\/\/wp.uni-koblenz.de\/unimus\/wp-json\/wp\/v2\/types\/page"}],"author":[{"embeddable":true,"href":"https:\/\/wp.uni-koblenz.de\/unimus\/wp-json\/wp\/v2\/users\/11"}],"replies":[{"embeddable":true,"href":"https:\/\/wp.uni-koblenz.de\/unimus\/wp-json\/wp\/v2\/comments?post=1208"}],"version-history":[{"count":1,"href":"https:\/\/wp.uni-koblenz.de\/unimus\/wp-json\/wp\/v2\/pages\/1208\/revisions"}],"predecessor-version":[{"id":1211,"href":"https:\/\/wp.uni-koblenz.de\/unimus\/wp-json\/wp\/v2\/pages\/1208\/revisions\/1211"}],"up":[{"embeddable":true,"href":"https:\/\/wp.uni-koblenz.de\/unimus\/wp-json\/wp\/v2\/pages\/48"}],"wp:featuredmedia":[{"embeddable":true,"href":"https:\/\/wp.uni-koblenz.de\/unimus\/wp-json\/wp\/v2\/media\/1210"}],"wp:attachment":[{"href":"https:\/\/wp.uni-koblenz.de\/unimus\/wp-json\/wp\/v2\/media?parent=1208"}],"curies":[{"name":"wp","href":"https:\/\/api.w.org\/{rel}","templated":true}]}}