{"id":1310,"date":"2021-07-15T15:28:43","date_gmt":"2021-07-15T13:28:43","guid":{"rendered":"https:\/\/wp.uni-koblenz.de\/unimus\/?page_id=1310"},"modified":"2021-07-15T15:55:14","modified_gmt":"2021-07-15T13:55:14","slug":"moritz-eggert-die-tiefe-des-raumes","status":"publish","type":"page","link":"https:\/\/wp.uni-koblenz.de\/unimus\/moritz-eggert-die-tiefe-des-raumes\/","title":{"rendered":"Moritz Eggert, &#8222;Die Tiefe des Raumes&#8220;"},"content":{"rendered":"\n\n\tMoritz Eggert bekam ende 2004 die Anfrage ob er ein Fu\u00dfballoratorium f\u00fcr die Ruhrtiennale 2005 komponieren wolle.<br \/>\nUnd obwohl er bis dahin nicht viel mit Fu\u00dfball zu tun hatte komponierte er &#8222;Die Tiefe des Raumes&#8220;, welches sein Lieblings-Fu\u00dfballst\u00fcck blieb auch als er noch weitere Komponierte, wie &#8222;Ballack, du geile Schnitte&#8220; (2007) und<br \/>\n&#8222;Am Ball &#8211; Ein Fu\u00dfballballett&#8220; (2008 f\u00fcr den Wiener Opernball).\n&#8222;Die Tiefe des Raumes&#8220; ist aufgebaut wie ein klassisches Oratorium, nur dass im Mittelpunkt nicht Jesus, sondern ein Fu\u00dfballer steht, dessen Weg zum Entscheidenden WM-Treffer der Zuh\u00f6rer begleitet.<br \/>\nWie im barocken Passionsspiel wird der Spieler von Figuren wie Tugend und Laster begleitet und anstelle eines Evangelisten gibt es einen Journalisten, der die Geschichte erz\u00e4hlt. Au\u00dferdem erg\u00e4nzt wird das St\u00fcck durch drei Sprechrollen.<br \/>\nEin \u00e4lterer Spieler, welcher bereits mehrere Weltmeisterschaften gespielt hat, ein Trainer und nat\u00fcrlich ein Sportreporter.\nDas Fu\u00dfballoratorium besteht aus zwei 45-Minuten-Halbzeiten, komplett mit Vorbericht und Nachspielzeit, die Musik und Stadionatmosph\u00e4re miteinander verkn\u00fcpfen.<br \/>\nEs ist ein St\u00fcck, dass nicht nur Musikkenner, sondern auch Fu\u00dfballfans erreichen soll, die vorher vielleicht genau so wenig Kontakt mit Musik hatten wie der Komponist zuerst mit dem Sport.\n\tDie CD finden sie unter der Bestellnummer:<br \/>\nNEOS 12009-10\n\t\t\t<a href=\"https:\/\/neos-music.com\" target=\"_self\" role=\"button\" rel=\"noopener\">\n\t\t\t\t\t\t\tCD kaufen\n\t\t\t\t\t<\/a>\n\n","protected":false},"excerpt":{"rendered":"","protected":false},"author":544,"featured_media":0,"parent":0,"menu_order":0,"comment_status":"closed","ping_status":"closed","template":"","meta":{"footnotes":""},"class_list":["post-1310","page","type-page","status-publish","hentry"],"_links":{"self":[{"href":"https:\/\/wp.uni-koblenz.de\/unimus\/wp-json\/wp\/v2\/pages\/1310","targetHints":{"allow":["GET"]}}],"collection":[{"href":"https:\/\/wp.uni-koblenz.de\/unimus\/wp-json\/wp\/v2\/pages"}],"about":[{"href":"https:\/\/wp.uni-koblenz.de\/unimus\/wp-json\/wp\/v2\/types\/page"}],"author":[{"embeddable":true,"href":"https:\/\/wp.uni-koblenz.de\/unimus\/wp-json\/wp\/v2\/users\/544"}],"replies":[{"embeddable":true,"href":"https:\/\/wp.uni-koblenz.de\/unimus\/wp-json\/wp\/v2\/comments?post=1310"}],"version-history":[{"count":6,"href":"https:\/\/wp.uni-koblenz.de\/unimus\/wp-json\/wp\/v2\/pages\/1310\/revisions"}],"predecessor-version":[{"id":1323,"href":"https:\/\/wp.uni-koblenz.de\/unimus\/wp-json\/wp\/v2\/pages\/1310\/revisions\/1323"}],"wp:attachment":[{"href":"https:\/\/wp.uni-koblenz.de\/unimus\/wp-json\/wp\/v2\/media?parent=1310"}],"curies":[{"name":"wp","href":"https:\/\/api.w.org\/{rel}","templated":true}]}}