{"id":1380,"date":"2021-08-05T11:49:55","date_gmt":"2021-08-05T09:49:55","guid":{"rendered":"https:\/\/wp.uni-koblenz.de\/unimus\/?page_id=1380"},"modified":"2021-08-05T11:49:55","modified_gmt":"2021-08-05T09:49:55","slug":"genesis-beatriz-lopez-da-silva","status":"publish","type":"page","link":"https:\/\/wp.uni-koblenz.de\/unimus\/kuenstler\/genesis-beatriz-lopez-da-silva\/","title":{"rendered":"G\u00e9nesis Beatriz L\u00f3pez Da Silva"},"content":{"rendered":"<p>Die Mezzo-Sopranistin G\u00e9nesis Beatriz L\u00f3pez Da Silva ist in Caracas, Venezuela geboren. Bereits fr\u00fch erhielt Sie Gesang und Mandolinenunterricht. Mit 15 Jahren begann sie am \u201eConservatorio de M\u00fasica Sim\u00f3n Bol\u00edvar\u201c bereits ihr Operngesangstudium bei Prof. Betzabeth Talavera, wie auch Mandoline bei Sa\u00fal Vera. Nach einj\u00e4hriger Mitwirkung im Jugendchor \u201eCoro Juvenil del N\u00facleo San Agust\u00edn\u201c wurde sie Assistentin des Chorleiters, Alt-Solistin und leitete einen Kinderchor in der bekannten Musikausbildung \u201eEl Sistema\u201c. Dort sang sie unter anderem die 9. Sinfonie von Beethoven, die 2. Sinfonie von Gustav Mahler, Il Pagliacci von Leoncavallo und die Zarzuela Luisa Fernanda von Torroba.<\/p>\n<p>2016 kam sie als Au Pair nach Deutschland und studiert seit dem Wintersemester 2018 Operngesang bei Prof. Mechthild Georg. In j\u00fcngster Vergangenheit war sie auf Liederabenden, dem Konzert \u201eClara goes Jazz\u201c und der Produktion von \u201eCos\u00ec fan tutte\u201c in der Hochschule f\u00fcr Musik und Tanz K\u00f6ln, hfmt Koeln, zu h\u00f6ren.<\/p>\n","protected":false},"excerpt":{"rendered":"<p>Die Mezzo-Sopranistin G\u00e9nesis Beatriz L\u00f3pez Da Silva ist in Caracas, Venezuela geboren. Bereits fr\u00fch erhielt Sie Gesang und Mandolinenunterricht. Mit 15 Jahren begann sie am \u201eConservatorio de M\u00fasica Sim\u00f3n Bol\u00edvar\u201c bereits ihr Operngesangstudium bei Prof. Betzabeth Talavera, wie auch Mandoline bei Sa\u00fal Vera. Nach einj\u00e4hriger Mitwirkung im Jugendchor \u201eCoro Juvenil del N\u00facleo San Agust\u00edn\u201c wurde &hellip; <\/p>\n<p class=\"link-more\"><a href=\"https:\/\/wp.uni-koblenz.de\/unimus\/kuenstler\/genesis-beatriz-lopez-da-silva\/\" class=\"more-link\"><span class=\"screen-reader-text\">\u201eG\u00e9nesis Beatriz L\u00f3pez Da Silva\u201c <\/span>weiterlesen<\/a><\/p>\n","protected":false},"author":544,"featured_media":1376,"parent":48,"menu_order":0,"comment_status":"closed","ping_status":"closed","template":"artist.php","meta":{"footnotes":""},"class_list":["post-1380","page","type-page","status-publish","has-post-thumbnail","hentry"],"_links":{"self":[{"href":"https:\/\/wp.uni-koblenz.de\/unimus\/wp-json\/wp\/v2\/pages\/1380","targetHints":{"allow":["GET"]}}],"collection":[{"href":"https:\/\/wp.uni-koblenz.de\/unimus\/wp-json\/wp\/v2\/pages"}],"about":[{"href":"https:\/\/wp.uni-koblenz.de\/unimus\/wp-json\/wp\/v2\/types\/page"}],"author":[{"embeddable":true,"href":"https:\/\/wp.uni-koblenz.de\/unimus\/wp-json\/wp\/v2\/users\/544"}],"replies":[{"embeddable":true,"href":"https:\/\/wp.uni-koblenz.de\/unimus\/wp-json\/wp\/v2\/comments?post=1380"}],"version-history":[{"count":1,"href":"https:\/\/wp.uni-koblenz.de\/unimus\/wp-json\/wp\/v2\/pages\/1380\/revisions"}],"predecessor-version":[{"id":1381,"href":"https:\/\/wp.uni-koblenz.de\/unimus\/wp-json\/wp\/v2\/pages\/1380\/revisions\/1381"}],"up":[{"embeddable":true,"href":"https:\/\/wp.uni-koblenz.de\/unimus\/wp-json\/wp\/v2\/pages\/48"}],"wp:featuredmedia":[{"embeddable":true,"href":"https:\/\/wp.uni-koblenz.de\/unimus\/wp-json\/wp\/v2\/media\/1376"}],"wp:attachment":[{"href":"https:\/\/wp.uni-koblenz.de\/unimus\/wp-json\/wp\/v2\/media?parent=1380"}],"curies":[{"name":"wp","href":"https:\/\/api.w.org\/{rel}","templated":true}]}}