{"id":1407,"date":"2021-08-05T13:43:53","date_gmt":"2021-08-05T11:43:53","guid":{"rendered":"https:\/\/wp.uni-koblenz.de\/unimus\/?page_id=1407"},"modified":"2021-08-25T13:18:57","modified_gmt":"2021-08-25T11:18:57","slug":"veronique-van-der-meijden","status":"publish","type":"page","link":"https:\/\/wp.uni-koblenz.de\/unimus\/kuenstler\/veronique-van-der-meijden\/","title":{"rendered":"V\u00e9ronique van der Meijden"},"content":{"rendered":"\n<p style=\"font-weight: 400\">Ve\u0301ronique van der Meijden ist eine vielf\u00e4ltige und wandlungsf\u00e4hige S\u00e4ngerin mit gro\u00dfer Liebe zur Musik und Lyrik.<br \/>Sie ist seit 2017 Ensemble-Mitglied der Operngruppe THE FAT LADY (Artistic director Tamir Chasson) und hat zahlreiche Projekte mit dieser Gruppe realisiert wie Urlicht!\u00a0(2017), Die Zauberfl\u00f6te (3.\u00a0Dame, 2018), Bal Masqu\u00e9 (2018), La Donna ideale (2019), Follow your Passio (2021) wie auch zahlreiche Liederabende.<br \/>Ve\u0301ronique van der Meijden hat ihr Studium des klassischen Gesang\u00a0\u00a0am Koninklijk Conservatorium Den Haag\u00a0bei\u00a0\u00a0Andrew Schroeder und Frans Fiselier mit dem Master absolviert.<br \/>Workshops erg\u00e4nzten ihre Ausbildung wie die Viewpoint Technique for Opera Singers in\u00a0\u00a0Maastricht, Kurse bei der Dutch Impro Academy (Instant Composer\u2019s Pool orchestra), und beim Barcelona Festival of Song. Sie nahm an Meisterkursen teil bei Larissa Diadkova, Sergei Leiferkus (Summer School Russian Opera &#8211; IVC Den Bosch), Lidija Horvat-Dunjko (International Music School Mirula), Francis van Broekhuizen, Claron McFadden, Marcel Reijans, und Angelika Kirchschlager.\u00a0<\/p>\n<p style=\"font-weight: 400\">Ihr Konzert-Repertoire umfasst Bachs Johannes-Passion, H\u00e4ndels Messiah, Mozarts Kr\u00f6nungs-Messe, Brahms Alt-Rhapsody, Dvoraks D-Dur Messe, Ramirez Misa Criolla und Roger\u00a0Moreno-Rathgebs \u201eRequiem\u00a0f\u00fcr\u00a0Auschwitz\u201c (2009).<br \/>Eine enge Zusammenarbeit und stimmliche Betreuung verbindet Sie mit Tamir Chasson.<\/p>\n\n\n\n\n","protected":false},"excerpt":{"rendered":"","protected":false},"author":544,"featured_media":1379,"parent":48,"menu_order":0,"comment_status":"closed","ping_status":"closed","template":"artist.php","meta":{"footnotes":""},"class_list":["post-1407","page","type-page","status-publish","has-post-thumbnail","hentry"],"_links":{"self":[{"href":"https:\/\/wp.uni-koblenz.de\/unimus\/wp-json\/wp\/v2\/pages\/1407","targetHints":{"allow":["GET"]}}],"collection":[{"href":"https:\/\/wp.uni-koblenz.de\/unimus\/wp-json\/wp\/v2\/pages"}],"about":[{"href":"https:\/\/wp.uni-koblenz.de\/unimus\/wp-json\/wp\/v2\/types\/page"}],"author":[{"embeddable":true,"href":"https:\/\/wp.uni-koblenz.de\/unimus\/wp-json\/wp\/v2\/users\/544"}],"replies":[{"embeddable":true,"href":"https:\/\/wp.uni-koblenz.de\/unimus\/wp-json\/wp\/v2\/comments?post=1407"}],"version-history":[{"count":4,"href":"https:\/\/wp.uni-koblenz.de\/unimus\/wp-json\/wp\/v2\/pages\/1407\/revisions"}],"predecessor-version":[{"id":1478,"href":"https:\/\/wp.uni-koblenz.de\/unimus\/wp-json\/wp\/v2\/pages\/1407\/revisions\/1478"}],"up":[{"embeddable":true,"href":"https:\/\/wp.uni-koblenz.de\/unimus\/wp-json\/wp\/v2\/pages\/48"}],"wp:featuredmedia":[{"embeddable":true,"href":"https:\/\/wp.uni-koblenz.de\/unimus\/wp-json\/wp\/v2\/media\/1379"}],"wp:attachment":[{"href":"https:\/\/wp.uni-koblenz.de\/unimus\/wp-json\/wp\/v2\/media?parent=1407"}],"curies":[{"name":"wp","href":"https:\/\/api.w.org\/{rel}","templated":true}]}}