{"id":1652,"date":"2025-05-13T06:00:00","date_gmt":"2025-05-13T04:00:00","guid":{"rendered":"https:\/\/wp.uni-koblenz.de\/unimus\/?page_id=1652"},"modified":"2025-05-13T00:10:24","modified_gmt":"2025-05-12T22:10:24","slug":"nicolai-karnolsky","status":"publish","type":"page","link":"https:\/\/wp.uni-koblenz.de\/unimus\/kuenstler\/nicolai-karnolsky\/","title":{"rendered":"Nicolai Karnolsky"},"content":{"rendered":"\n<div>Der Bassist Nicolai Karnolsky ist Ensemblemitglied am Staatstheater N\u00fcrnberg. Er stammt aus Sofia, Bulgarien und studierte dort Violine und Gesang. Er deb\u00fctierte an der Staatsoper Varna. Mit der Partie des K\u00f6nig Philipp (\u201eDon Carlos\u201c) war er im Jahr 2000 Preistr\u00e4ger des internationalen Gesangswettbewerbs \u201eBoris Christoff\u201c. Seine ersten Auslandsengagements f\u00fchrte ihn nach Theater Biel\/Solothurn und als Ensemblemitglied an das Musiktheaters im Revier, Gelsenkirchen. Er gastierte u. a. an der Opera Ireland in Dublin, an der Israelischen Nationaloper Tel Aviv, an den Staatstheatern Stuttgart, Mainz, Hannover, Braunschweig, Karlsruhe und an den Theatern Kaiserslautern, W\u00fcrzburg und Bremen. In den letzten Jahren arbeitete er mit f\u00fchrenden Dirigenten und Regisseuren wie Hugo de Anna und Robert Carsen an den Opernh\u00e4usern in Turin, Padua, Pisa, Lucca, Ravenna und Livorno. Nicolai Karnolsky sang Verdi-Partien wie Zaccaria (\u201eNabucco\u201c), die Titelpartie in \u201eAttila\u201c, Fiesco (\u201eSimon Boccanegra\u201c) und Ramfis (\u201eAida\u201c), dar\u00fcber hinaus Kaspar in Webers \u201eDer Freisch\u00fctz\u201c und Orosmane in \u201eZaira\u201c von Bellini.\u00a0Seit der Spielzeit 2008\/2009 ist er am Staatstheater N\u00fcrnberg u.a. zu h\u00f6ren als Banquo in \u201eMacbeth\u201c und Don Prudenzio in \u201eDie Reise nach Reims\u201c, als Gessler in \u201eWilhelm Tell\u201c, als Wassermann in \u201eRusalka\u201c, Fafner in \u201eDas Rheingold\u201c und \u201eSiegfried\u201c, Timur in \u201eTurandot\u201c, Figaro in \u201eDie Hochzeit des Figaro\u201c, Narbal in Berlioz\u2019 \u201eDie Trojaner\u201c, Colline in Puccinis \u201eLa Boh\u00e8me\u201c oder Basilio im \u201eBarbier von Sevilla\u201c. Mit dem Universit\u00e4tschor Koblenz und dem Staatsorchester Rheinische Philharmonie, Leitung Christian Jeub, musizierte er Verdis Requiem 2024 in der Rhein-Mosel-Halle.<\/div>\n\n\n\n\n","protected":false},"excerpt":{"rendered":"","protected":false},"author":817,"featured_media":1646,"parent":48,"menu_order":0,"comment_status":"closed","ping_status":"closed","template":"artist.php","meta":{"footnotes":""},"class_list":["post-1652","page","type-page","status-publish","has-post-thumbnail","hentry"],"_links":{"self":[{"href":"https:\/\/wp.uni-koblenz.de\/unimus\/wp-json\/wp\/v2\/pages\/1652","targetHints":{"allow":["GET"]}}],"collection":[{"href":"https:\/\/wp.uni-koblenz.de\/unimus\/wp-json\/wp\/v2\/pages"}],"about":[{"href":"https:\/\/wp.uni-koblenz.de\/unimus\/wp-json\/wp\/v2\/types\/page"}],"author":[{"embeddable":true,"href":"https:\/\/wp.uni-koblenz.de\/unimus\/wp-json\/wp\/v2\/users\/817"}],"replies":[{"embeddable":true,"href":"https:\/\/wp.uni-koblenz.de\/unimus\/wp-json\/wp\/v2\/comments?post=1652"}],"version-history":[{"count":1,"href":"https:\/\/wp.uni-koblenz.de\/unimus\/wp-json\/wp\/v2\/pages\/1652\/revisions"}],"predecessor-version":[{"id":1653,"href":"https:\/\/wp.uni-koblenz.de\/unimus\/wp-json\/wp\/v2\/pages\/1652\/revisions\/1653"}],"up":[{"embeddable":true,"href":"https:\/\/wp.uni-koblenz.de\/unimus\/wp-json\/wp\/v2\/pages\/48"}],"wp:featuredmedia":[{"embeddable":true,"href":"https:\/\/wp.uni-koblenz.de\/unimus\/wp-json\/wp\/v2\/media\/1646"}],"wp:attachment":[{"href":"https:\/\/wp.uni-koblenz.de\/unimus\/wp-json\/wp\/v2\/media?parent=1652"}],"curies":[{"name":"wp","href":"https:\/\/api.w.org\/{rel}","templated":true}]}}