{"id":185,"date":"2017-11-21T17:22:58","date_gmt":"2017-11-21T16:22:58","guid":{"rendered":"https:\/\/wp.uni-koblenz.de\/unimus\/?page_id=185"},"modified":"2018-04-16T20:04:17","modified_gmt":"2018-04-16T18:04:17","slug":"martin-boeller","status":"publish","type":"page","link":"https:\/\/wp.uni-koblenz.de\/unimus\/kuenstler\/martin-boeller\/","title":{"rendered":"Martin B\u00f6ller"},"content":{"rendered":"<p>Martin B\u00f6ller ist in Bensberg bei K\u00f6ln geboren. Der Familienvater zweier Kinder ist Pastoralreferent und arbeitet er zurzeit als kath. Gef\u00e4ngnisseelsorger in der JVA Remscheid. Nebenberuflich ist er als Supervisor und Leitungscoach t\u00e4tig. Seit 2011 ist er Mitglied des G\u00fcrzenich-Chores K\u00f6ln und hat wiederholt Kinderkonzerte moderiert.<\/p>\n","protected":false},"excerpt":{"rendered":"<p>Martin B\u00f6ller ist in Bensberg bei K\u00f6ln geboren. Der Familienvater zweier Kinder ist Pastoralreferent und arbeitet er zurzeit als kath. Gef\u00e4ngnisseelsorger in der JVA Remscheid. Nebenberuflich ist er als Supervisor und Leitungscoach t\u00e4tig. Seit 2011 ist er Mitglied des G\u00fcrzenich-Chores K\u00f6ln und hat wiederholt Kinderkonzerte moderiert.<\/p>\n","protected":false},"author":11,"featured_media":420,"parent":48,"menu_order":0,"comment_status":"closed","ping_status":"closed","template":"artist.php","meta":{"footnotes":""},"class_list":["post-185","page","type-page","status-publish","has-post-thumbnail","hentry"],"_links":{"self":[{"href":"https:\/\/wp.uni-koblenz.de\/unimus\/wp-json\/wp\/v2\/pages\/185","targetHints":{"allow":["GET"]}}],"collection":[{"href":"https:\/\/wp.uni-koblenz.de\/unimus\/wp-json\/wp\/v2\/pages"}],"about":[{"href":"https:\/\/wp.uni-koblenz.de\/unimus\/wp-json\/wp\/v2\/types\/page"}],"author":[{"embeddable":true,"href":"https:\/\/wp.uni-koblenz.de\/unimus\/wp-json\/wp\/v2\/users\/11"}],"replies":[{"embeddable":true,"href":"https:\/\/wp.uni-koblenz.de\/unimus\/wp-json\/wp\/v2\/comments?post=185"}],"version-history":[{"count":1,"href":"https:\/\/wp.uni-koblenz.de\/unimus\/wp-json\/wp\/v2\/pages\/185\/revisions"}],"predecessor-version":[{"id":186,"href":"https:\/\/wp.uni-koblenz.de\/unimus\/wp-json\/wp\/v2\/pages\/185\/revisions\/186"}],"up":[{"embeddable":true,"href":"https:\/\/wp.uni-koblenz.de\/unimus\/wp-json\/wp\/v2\/pages\/48"}],"wp:featuredmedia":[{"embeddable":true,"href":"https:\/\/wp.uni-koblenz.de\/unimus\/wp-json\/wp\/v2\/media\/420"}],"wp:attachment":[{"href":"https:\/\/wp.uni-koblenz.de\/unimus\/wp-json\/wp\/v2\/media?parent=185"}],"curies":[{"name":"wp","href":"https:\/\/api.w.org\/{rel}","templated":true}]}}