{"id":187,"date":"2017-11-21T17:23:31","date_gmt":"2017-11-21T16:23:31","guid":{"rendered":"https:\/\/wp.uni-koblenz.de\/unimus\/?page_id=187"},"modified":"2018-04-16T19:44:52","modified_gmt":"2018-04-16T17:44:52","slug":"christina-maria-fercher","status":"publish","type":"page","link":"https:\/\/wp.uni-koblenz.de\/unimus\/kuenstler\/christina-maria-fercher\/","title":{"rendered":"Christina Maria Fercher"},"content":{"rendered":"<p>Die junge Sopranistin Christina Maria Fercher erhielt ihre Ausbildung am Di\u00f6zesankonservatorium Wien, der Universit\u00e4t f\u00fcr Musik und darstellende Kunst Wien, Musik und Kunst Privatuniversit\u00e4t Wien, wie auch der Hochschule f\u00fcr Musik und Tanz K\u00f6ln. Hier bereitet sie zurzeit bei Prof. Kai Wessel ihr Konzertexamen vor. Sie war Preistr\u00e4gerin beim Oscar-Strauss-Gesangswettbewerb 2013, dem 27. Dostal \u2013Operettenwettbewerb und erhielt einen Sonderpreis bei den Seefestspielen M\u00f6rbisch. Solistische Auftritte f\u00fchrten Sie an das Theater Bad Reichenhall, Theater Plauen-Zwickau, Luzern, zu Konzertabenden im Wiener Musikverein und der Wiener Staatsoper wie auch dem Eilat Chamber Music Festival in Israel.<\/p>\n<p><a href=\"http:\/\/christinamariafercher.com\">http:\/\/christinamariafercher.com<\/a><\/p>\n","protected":false},"excerpt":{"rendered":"<p>Die junge Sopranistin Christina Maria Fercher erhielt ihre Ausbildung am Di\u00f6zesankonservatorium Wien, der Universit\u00e4t f\u00fcr Musik und darstellende Kunst Wien, Musik und Kunst Privatuniversit\u00e4t Wien, wie auch der Hochschule f\u00fcr Musik und Tanz K\u00f6ln. Hier bereitet sie zurzeit bei Prof. Kai Wessel ihr Konzertexamen vor. Sie war Preistr\u00e4gerin beim Oscar-Strauss-Gesangswettbewerb 2013, dem 27. Dostal \u2013Operettenwettbewerb &hellip; <\/p>\n<p class=\"link-more\"><a href=\"https:\/\/wp.uni-koblenz.de\/unimus\/kuenstler\/christina-maria-fercher\/\" class=\"more-link\"><span class=\"screen-reader-text\">\u201eChristina Maria Fercher\u201c <\/span>weiterlesen<\/a><\/p>\n","protected":false},"author":11,"featured_media":399,"parent":48,"menu_order":0,"comment_status":"closed","ping_status":"closed","template":"artist.php","meta":{"footnotes":""},"class_list":["post-187","page","type-page","status-publish","has-post-thumbnail","hentry"],"_links":{"self":[{"href":"https:\/\/wp.uni-koblenz.de\/unimus\/wp-json\/wp\/v2\/pages\/187","targetHints":{"allow":["GET"]}}],"collection":[{"href":"https:\/\/wp.uni-koblenz.de\/unimus\/wp-json\/wp\/v2\/pages"}],"about":[{"href":"https:\/\/wp.uni-koblenz.de\/unimus\/wp-json\/wp\/v2\/types\/page"}],"author":[{"embeddable":true,"href":"https:\/\/wp.uni-koblenz.de\/unimus\/wp-json\/wp\/v2\/users\/11"}],"replies":[{"embeddable":true,"href":"https:\/\/wp.uni-koblenz.de\/unimus\/wp-json\/wp\/v2\/comments?post=187"}],"version-history":[{"count":3,"href":"https:\/\/wp.uni-koblenz.de\/unimus\/wp-json\/wp\/v2\/pages\/187\/revisions"}],"predecessor-version":[{"id":1049,"href":"https:\/\/wp.uni-koblenz.de\/unimus\/wp-json\/wp\/v2\/pages\/187\/revisions\/1049"}],"up":[{"embeddable":true,"href":"https:\/\/wp.uni-koblenz.de\/unimus\/wp-json\/wp\/v2\/pages\/48"}],"wp:featuredmedia":[{"embeddable":true,"href":"https:\/\/wp.uni-koblenz.de\/unimus\/wp-json\/wp\/v2\/media\/399"}],"wp:attachment":[{"href":"https:\/\/wp.uni-koblenz.de\/unimus\/wp-json\/wp\/v2\/media?parent=187"}],"curies":[{"name":"wp","href":"https:\/\/api.w.org\/{rel}","templated":true}]}}